{"id":29033,"date":"2020-05-01T10:31:30","date_gmt":"2020-05-01T08:31:30","guid":{"rendered":"https:\/\/www.mdipime.org\/?page_id=29033"},"modified":"2020-05-06T15:01:49","modified_gmt":"2020-05-06T13:01:49","slug":"avec-nous","status":"publish","type":"page","link":"https:\/\/mdipime.org\/fr\/avec-nous\/","title":{"rendered":"Avec nous"},"content":{"rendered":"<div class=\"wpb-content-wrapper\"><p>[vc_row type=\u00a0\u00bbcolor\u00a0\u00bb bg_color=\u00a0\u00bb#ffffff\u00a0\u00bb padding_top=\u00a0\u00bb20&Prime; padding_bottom=\u00a0\u00bb20&Prime; padding_left=\u00a0\u00bb20&Prime; padding_right=\u00a0\u00bb20&Prime; margin_bottom=\u00a0\u00bb20px\u00a0\u00bb][vc_column][vc_column_text]Notre pr\u00e9sence missionnaire dans les diff\u00e9rents pays du monde a attir\u00e9, long le chemin, groupes des la\u00efcs \u00e0 partager avec nous temps, capacit\u00e9 et aussi notre style de vie. Ainsi ce sont form\u00e9s deux groupes qui repr\u00e9sentent deux modalit\u00e9s de participer \u00e0 notre vie missionnaire\u00a0: les <strong>La\u00efcs MdI<\/strong> qui partagent notre m\u00eame spiritualit\u00e9 dans leur vie quotidienne et l\u2019<strong>Association Amis des Missionnaires de l\u2019Immacul\u00e9e<\/strong> qui soutient nos activit\u00e9s missionnaires par les donations, et, o\u00f9 c\u2019est possible, par leur travail volontaire. Cette session est d\u00e9di\u00e9e \u00e0 eux et \u00e0 tous ceux qui d\u00e9sirent connaitre leurs activit\u00e9s.[\/vc_column_text][\/vc_column][\/vc_row][vc_row equal_height=\u00a0\u00bbyes\u00a0\u00bb content_placement=\u00a0\u00bbmiddle\u00a0\u00bb type=\u00a0\u00bbcolor\u00a0\u00bb bg_color=\u00a0\u00bb#ffffff\u00a0\u00bb padding_top=\u00a0\u00bb20&Prime; padding_bottom=\u00a0\u00bb20&Prime; padding_left=\u00a0\u00bb20&Prime; padding_right=\u00a0\u00bb20&Prime; margin_bottom=\u00a0\u00bb20px\u00a0\u00bb][vc_column width=\u00a0\u00bb1\/3&Prime;][vc_single_image image=\u00a0\u00bb29029&Prime; img_size=\u00a0\u00bb150&#215;150&Prime; alignment=\u00a0\u00bbcenter\u00a0\u00bb onclick=\u00a0\u00bbcustom_link\u00a0\u00bb link=\u00a0\u00bb\/fr\/avec-nous\/laics-mdi\/\u00a0\u00bb][\/vc_column][vc_column width=\u00a0\u00bb2\/3&Prime;][vc_custom_heading text=\u00a0\u00bbLa\u00efcs MdI\u00a0\u00bb font_container=\u00a0\u00bbtag:h2|font_size:30px|text_align:center|color:%23ed0707|line_height:36px\u00a0\u00bb google_fonts=\u00a0\u00bbfont_family:Shadows%20Into%20Light%20Two%3Aregular|font_style:400%20regular%3A400%3Anormal\u00a0\u00bb link=\u00a0\u00bburl:%2Ffr%2Favec-nous%2Flaics-mdi%2F|||\u00a0\u00bb][vc_column_text]<strong>Le groupe des La\u00efcs Mdi<\/strong>\u00a0est form\u00e9 par hommes et femmes, \u00e9pous\u00e9s et non, qui portent dans le s\u0153ur une grande passion missionnaire et d\u00e9sirent la vivre selon le style et la spiritualit\u00e9 des Missionnaires de l\u2019Immacul\u00e9e.[\/vc_column_text]<div class=\"text-right\"><a class=\"btn sac-btn btn-default\" href=\"\/fr\/avec-nous\/laics-mdi\/\" style=\"border: none !important;\">Continue \u00e0 lire\u2026<\/a><\/div>[\/vc_column][\/vc_row][vc_row equal_height=\u00a0\u00bbyes\u00a0\u00bb content_placement=\u00a0\u00bbmiddle\u00a0\u00bb type=\u00a0\u00bbcolor\u00a0\u00bb bg_color=\u00a0\u00bb#ffffff\u00a0\u00bb padding_top=\u00a0\u00bb20&Prime; padding_bottom=\u00a0\u00bb20&Prime; padding_left=\u00a0\u00bb20&Prime; padding_right=\u00a0\u00bb20&Prime; margin_bottom=\u00a0\u00bb20px\u00a0\u00bb][vc_column width=\u00a0\u00bb1\/3&Prime;][vc_single_image image=\u00a0\u00bb7314&Prime; img_size=\u00a0\u00bb150&#215;150&Prime; alignment=\u00a0\u00bbcenter\u00a0\u00bb onclick=\u00a0\u00bbcustom_link\u00a0\u00bb link=\u00a0\u00bb\/fr\/avec-nous\/amici-mdi\/\u00a0\u00bb][\/vc_column][vc_column width=\u00a0\u00bb2\/3&Prime;][vc_custom_heading text=\u00a0\u00bbAmis MdI\u00a0\u00bb font_container=\u00a0\u00bbtag:h2|font_size:30px|text_align:center|color:%23ed0707|line_height:36px\u00a0\u00bb google_fonts=\u00a0\u00bbfont_family:Shadows%20Into%20Light%20Two%3Aregular|font_style:400%20regular%3A400%3Anormal\u00a0\u00bb link=\u00a0\u00bburl:%2Ffr%2Favec-nous%2Famici-mdi%2F|||\u00a0\u00bb][vc_column_text]Notre histoire commence d\u2019une fa\u00e7on organis\u00e9e le 3 Novembre 1997, \u00e0 Milan en Rue Masaccio, aupr\u00e8s de la Maison M\u00e8re et si\u00e8ge de la Province Italie des Missionnaires de l\u2019Immacul\u00e9e. A la pr\u00e9sence d\u2019un notaire, 41 personnes, participent \u00a0\u00e0 la fondation de cette Association de volontaires qui prend le nom de \u00ab\u00a0<strong>ASSOCIATION DES AMIS DES MISSIONNAIRES DE L\u2019IMMACULEE\u00a0\u00bb. <\/strong>[\/vc_column_text]<div class=\"text-right\"><a class=\"btn sac-btn btn-default\" href=\"\/fr\/avec-nous\/amici-mdi\/\" style=\"border: none !important;\">Continue \u00e0 lire\u2026<\/a><\/div>[\/vc_column][\/vc_row]<\/p>\n<\/div>","protected":false},"excerpt":{"rendered":"<p>[vc_row type=\u00a0\u00bbcolor\u00a0\u00bb bg_color=\u00a0\u00bb#ffffff\u00a0\u00bb padding_top=\u00a0\u00bb20&Prime; padding_bottom=\u00a0\u00bb20&Prime; padding_left=\u00a0\u00bb20&Prime; padding_right=\u00a0\u00bb20&Prime; margin_bottom=\u00a0\u00bb20px\u00a0\u00bb][vc_column][vc_column_text]Notre pr\u00e9sence missionnaire dans les diff\u00e9rents pays du monde a attir\u00e9, long le chemin, groupes des la\u00efcs \u00e0 partager avec nous temps, capacit\u00e9 et aussi notre style de vie. Ainsi ce sont form\u00e9s deux groupes qui repr\u00e9sentent deux modalit\u00e9s de participer \u00e0 notre vie missionnaire\u00a0: les La\u00efcs MdI qui partagent notre m\u00eame spiritualit\u00e9 dans leur vie quotidienne et l\u2019Association Amis des Missionnaires de l\u2019Immacul\u00e9e qui soutient nos activit\u00e9s missionnaires par les donations, et, o\u00f9 c\u2019est possible, par leur travail volontaire. Cette session est d\u00e9di\u00e9e \u00e0 eux et \u00e0 tous ceux qui d\u00e9sirent connaitre leurs activit\u00e9s.[\/vc_column_text][\/vc_column][\/vc_row][vc_row equal_height=\u00a0\u00bbyes\u00a0\u00bb content_placement=\u00a0\u00bbmiddle\u00a0\u00bb type=\u00a0\u00bbcolor\u00a0\u00bb bg_color=\u00a0\u00bb#ffffff\u00a0\u00bb padding_top=\u00a0\u00bb20&Prime; padding_bottom=\u00a0\u00bb20&Prime; padding_left=\u00a0\u00bb20&Prime; padding_right=\u00a0\u00bb20&Prime; margin_bottom=\u00a0\u00bb20px\u00a0\u00bb][vc_column width=\u00a0\u00bb1\/3&Prime;][vc_single_image image=\u00a0\u00bb29029&Prime; img_size=\u00a0\u00bb150&#215;150&Prime; alignment=\u00a0\u00bbcenter\u00a0\u00bb onclick=\u00a0\u00bbcustom_link\u00a0\u00bb link=\u00a0\u00bb\/fr\/avec-nous\/laics-mdi\/\u00a0\u00bb][\/vc_column][vc_column width=\u00a0\u00bb2\/3&Prime;][vc_custom_heading text=\u00a0\u00bbLa\u00efcs MdI\u00a0\u00bb font_container=\u00a0\u00bbtag:h2|font_size:30px|text_align:center|color:%23ed0707|line_height:36px\u00a0\u00bb google_fonts=\u00a0\u00bbfont_family:Shadows%20Into%20Light%20Two%3Aregular|font_style:400%20regular%3A400%3Anormal\u00a0\u00bb link=\u00a0\u00bburl:%2Ffr%2Favec-nous%2Flaics-mdi%2F|||\u00a0\u00bb][vc_column_text]Le groupe des La\u00efcs Mdi\u00a0est form\u00e9 par hommes et femmes, \u00e9pous\u00e9s et non, qui portent dans le s\u0153ur une grande passion missionnaire et d\u00e9sirent la vivre selon le style et la spiritualit\u00e9 des Missionnaires de l\u2019Immacul\u00e9e.[\/vc_column_text][\/vc_column][\/vc_row][vc_row equal_height=\u00a0\u00bbyes\u00a0\u00bb content_placement=\u00a0\u00bbmiddle\u00a0\u00bb type=\u00a0\u00bbcolor\u00a0\u00bb bg_color=\u00a0\u00bb#ffffff\u00a0\u00bb padding_top=\u00a0\u00bb20&Prime; padding_bottom=\u00a0\u00bb20&Prime; padding_left=\u00a0\u00bb20&Prime; padding_right=\u00a0\u00bb20&Prime; margin_bottom=\u00a0\u00bb20px\u00a0\u00bb][vc_column width=\u00a0\u00bb1\/3&Prime;][vc_single_image image=\u00a0\u00bb7314&Prime; img_size=\u00a0\u00bb150&#215;150&Prime; alignment=\u00a0\u00bbcenter\u00a0\u00bb onclick=\u00a0\u00bbcustom_link\u00a0\u00bb link=\u00a0\u00bb\/fr\/avec-nous\/amici-mdi\/\u00a0\u00bb][\/vc_column][vc_column width=\u00a0\u00bb2\/3&Prime;][vc_custom_heading text=\u00a0\u00bbAmis MdI\u00a0\u00bb font_container=\u00a0\u00bbtag:h2|font_size:30px|text_align:center|color:%23ed0707|line_height:36px\u00a0\u00bb google_fonts=\u00a0\u00bbfont_family:Shadows%20Into%20Light%20Two%3Aregular|font_style:400%20regular%3A400%3Anormal\u00a0\u00bb link=\u00a0\u00bburl:%2Ffr%2Favec-nous%2Famici-mdi%2F|||\u00a0\u00bb][vc_column_text]Notre histoire commence d\u2019une fa\u00e7on organis\u00e9e le 3 Novembre 1997, \u00e0 Milan en Rue Masaccio, aupr\u00e8s de la Maison M\u00e8re et si\u00e8ge de la Province Italie des Missionnaires de l\u2019Immacul\u00e9e. A la pr\u00e9sence d\u2019un notaire, 41 personnes, participent \u00a0\u00e0 la fondation de cette Association de volontaires qui prend le nom de \u00ab\u00a0ASSOCIATION DES AMIS DES MISSIONNAIRES DE L\u2019IMMACULEE\u00a0\u00bb. [\/vc_column_text][\/vc_column][\/vc_row]<\/p>\n","protected":false},"author":6,"featured_media":0,"parent":0,"menu_order":0,"comment_status":"closed","ping_status":"closed","template":"","meta":{"_acf_changed":false,"footnotes":""},"class_list":["post-29033","page","type-page","status-publish","hentry"],"acf":[],"aioseo_notices":[],"jetpack_sharing_enabled":true,"_links":{"self":[{"href":"https:\/\/mdipime.org\/fr\/wp-json\/wp\/v2\/pages\/29033","targetHints":{"allow":["GET"]}}],"collection":[{"href":"https:\/\/mdipime.org\/fr\/wp-json\/wp\/v2\/pages"}],"about":[{"href":"https:\/\/mdipime.org\/fr\/wp-json\/wp\/v2\/types\/page"}],"author":[{"embeddable":true,"href":"https:\/\/mdipime.org\/fr\/wp-json\/wp\/v2\/users\/6"}],"replies":[{"embeddable":true,"href":"https:\/\/mdipime.org\/fr\/wp-json\/wp\/v2\/comments?post=29033"}],"version-history":[{"count":0,"href":"https:\/\/mdipime.org\/fr\/wp-json\/wp\/v2\/pages\/29033\/revisions"}],"wp:attachment":[{"href":"https:\/\/mdipime.org\/fr\/wp-json\/wp\/v2\/media?parent=29033"}],"curies":[{"name":"wp","href":"https:\/\/api.w.org\/{rel}","templated":true}]}}