{"id":29120,"date":"2017-07-10T13:12:10","date_gmt":"2017-07-10T11:12:10","guid":{"rendered":"https:\/\/www.mdipime.org\/link\/"},"modified":"2023-04-19T11:18:02","modified_gmt":"2023-04-19T09:18:02","slug":"link","status":"publish","type":"page","link":"https:\/\/mdipime.org\/fr\/link\/","title":{"rendered":"Link"},"content":{"rendered":"<div class=\"wpb-content-wrapper\"><p>[vc_row][vc_column width=\u00a0\u00bb1\/4&Prime;][vc_single_image image=\u00a0\u00bb29123&Prime; img_size=\u00a0\u00bb100X100&Prime; alignment=\u00a0\u00bbright\u00a0\u00bb onclick=\u00a0\u00bbcustom_link\u00a0\u00bb img_link_target=\u00a0\u00bb_blank\u00a0\u00bb link=\u00a0\u00bbhttps:\/\/www.asianews.it\/\u00a0\u00bb][\/vc_column][vc_column width=\u00a0\u00bb3\/4&Prime;][vc_column_text]<a href=\"http:\/\/www.asianews.it\/\" target=\"_blank\" rel=\"noopener noreferrer\"><strong>Asia News<\/strong><\/a><\/p>\n<p>Version online de l\u2019Agence d\u2019informations sur le continent asiatique (soci\u00e9t\u00e9, culture et religions), fond\u00e9e par le PIME en 1986.[\/vc_column_text][\/vc_column][\/vc_row][vc_row][vc_column width=\u00a0\u00bb1\/4&Prime;][vc_single_image image=\u00a0\u00bb29124&Prime; img_size=\u00a0\u00bb100X100&Prime; alignment=\u00a0\u00bbright\u00a0\u00bb onclick=\u00a0\u00bbcustom_link\u00a0\u00bb img_link_target=\u00a0\u00bb_blank\u00a0\u00bb link=\u00a0\u00bbhttps:\/\/www.scuolainfanziavillaboschetto.it\/\u00a0\u00bb][\/vc_column][vc_column width=\u00a0\u00bb3\/4&Prime;][vc_column_text]<strong><a href=\"http:\/\/www.scuolainfanziavillaboschetto.it\" target=\"_blank\" rel=\"noopener noreferrer\">Ecole Maternelle Marie Immacul\u00e9e<\/a><\/strong><\/p>\n<p>Ecole Maternelle g\u00e9r\u00e9e par les S\u0153urs Missionnaires de l\u2019Immacul\u00e9e \u00e0 Monza.[\/vc_column_text][\/vc_column][\/vc_row][vc_row][vc_column width=\u00a0\u00bb1\/4&Prime;][vc_single_image image=\u00a0\u00bb29125&Prime; img_size=\u00a0\u00bb100X100&Prime; alignment=\u00a0\u00bbright\u00a0\u00bb onclick=\u00a0\u00bbcustom_link\u00a0\u00bb img_link_target=\u00a0\u00bb_blank\u00a0\u00bb link=\u00a0\u00bbhttps:\/\/www.ppaulvi.edu.hk\/\u00a0\u00bb][\/vc_column][vc_column width=\u00a0\u00bb3\/4&Prime;][vc_column_text]<strong><a href=\"https:\/\/www.ppaulvi.edu.hk\" target=\"_blank\" rel=\"noopener noreferrer\">Ecole Paul VI de <\/a><a href=\"https:\/\/www.ppaulvi.edu.hk\/\">\u00a0Hong Kong<\/a><\/strong><\/p>\n<p>Ecole sup\u00e9rieure catholique commenc\u00e9e en 1969 et g\u00e9r\u00e9e par les S\u0153urs Missionnaires de l\u2019Immacul\u00e9e[\/vc_column_text][\/vc_column][\/vc_row][vc_row][vc_column width=\u00a0\u00bb1\/4&Prime;][vc_single_image image=\u00a0\u00bb29126&Prime; img_size=\u00a0\u00bb100X100&Prime; alignment=\u00a0\u00bbright\u00a0\u00bb onclick=\u00a0\u00bbcustom_link\u00a0\u00bb img_link_target=\u00a0\u00bb_blank\u00a0\u00bb link=\u00a0\u00bbhttps:\/\/pimegiovani.it\/\u00a0\u00bb][\/vc_column][vc_column width=\u00a0\u00bb3\/4&Prime;][vc_column_text]<strong><a href=\"https:\/\/pimegiovani.it\/\">PIME Jeunes<\/a><\/strong><\/p>\n<p>Site r\u00e9serv\u00e9 aux jeunes qui participent aux diff\u00e9rents groupes ou mouvements propos\u00e9s par \u00a0le PIME, ou bien \u00e0 ceux qui d\u00e9sirent conna\u00eetre mieux les possibilit\u00e9s offertes aux jeunes par le PIME, en collaboration avec les s\u0153urs Missionnaires de l\u2019Immacul\u00e9e.[\/vc_column_text][\/vc_column][\/vc_row][vc_row][vc_column width=\u00a0\u00bb1\/4&Prime;][vc_single_image image=\u00a0\u00bb29128&Prime; img_size=\u00a0\u00bb100X100&Prime; alignment=\u00a0\u00bbright\u00a0\u00bb onclick=\u00a0\u00bbcustom_link\u00a0\u00bb img_link_target=\u00a0\u00bb_blank\u00a0\u00bb link=\u00a0\u00bbhttps:\/\/santamariamaggiore.newgenerationhostel.it\u00a0\u00bb][\/vc_column][vc_column width=\u00a0\u00bb3\/4&Prime;][vc_column_text]<a href=\"https:\/\/santamariamaggiore.newgenerationhostel.it\/\"><strong>Foyer Sainte Marie Majeure<\/strong><\/a><\/p>\n<p>Maison des s\u0153urs Missionnaires de l\u2019Immacul\u00e9e, convertie en foyer par l\u2019entreprise New G\u00e9n\u00e9ration Hostel. Cette maison est situ\u00e9e au centre de Rome, \u00e0 quelques minutes de la Basilique Sainte Marie Majeure.[\/vc_column_text][\/vc_column][\/vc_row][vc_row][vc_column width=\u00a0\u00bb1\/4&Prime;][vc_single_image image=\u00a0\u00bb29121&Prime; img_size=\u00a0\u00bb100X100&Prime; alignment=\u00a0\u00bbright\u00a0\u00bb onclick=\u00a0\u00bbcustom_link\u00a0\u00bb img_link_target=\u00a0\u00bb_blank\u00a0\u00bb link=\u00a0\u00bbhttps:\/\/www.facebook.com\/queenpeace.immaculate.9&Prime;][\/vc_column][vc_column width=\u00a0\u00bb3\/4&Prime;][vc_column_text]<a href=\"https:\/\/www.facebook.com\/queenpeace.immaculate.9\"><strong>Ecole Maternelle Queenpeace Immaculate &#8211; Londres<\/strong><\/a><\/p>\n<p>Ecole Maternelle des S\u0153urs Missionnaires de l\u2019Immacul\u00e9e, situ\u00e9e \u00e0 Londres dans le \u00a0quartier Chiswick.[\/vc_column_text][\/vc_column][\/vc_row]<\/p>\n<\/div>","protected":false},"excerpt":{"rendered":"<p>[vc_row][vc_column width=\u00a0\u00bb1\/4&Prime;][vc_single_image image=\u00a0\u00bb29123&Prime; img_size=\u00a0\u00bb100X100&Prime; alignment=\u00a0\u00bbright\u00a0\u00bb onclick=\u00a0\u00bbcustom_link\u00a0\u00bb img_link_target=\u00a0\u00bb_blank\u00a0\u00bb link=\u00a0\u00bbhttps:\/\/www.asianews.it\/\u00a0\u00bb][\/vc_column][vc_column width=\u00a0\u00bb3\/4&Prime;][vc_column_text]Asia News Version online de l\u2019Agence d\u2019informations sur le continent asiatique (soci\u00e9t\u00e9, culture et religions), fond\u00e9e par le PIME en 1986.[\/vc_column_text][\/vc_column][\/vc_row][vc_row][vc_column width=\u00a0\u00bb1\/4&Prime;][vc_single_image image=\u00a0\u00bb29124&Prime; img_size=\u00a0\u00bb100X100&Prime; alignment=\u00a0\u00bbright\u00a0\u00bb onclick=\u00a0\u00bbcustom_link\u00a0\u00bb img_link_target=\u00a0\u00bb_blank\u00a0\u00bb link=\u00a0\u00bbhttps:\/\/www.scuolainfanziavillaboschetto.it\/\u00a0\u00bb][\/vc_column][vc_column width=\u00a0\u00bb3\/4&Prime;][vc_column_text]Ecole Maternelle Marie Immacul\u00e9e Ecole Maternelle g\u00e9r\u00e9e par les S\u0153urs Missionnaires de l\u2019Immacul\u00e9e \u00e0 Monza.[\/vc_column_text][\/vc_column][\/vc_row][vc_row][vc_column width=\u00a0\u00bb1\/4&Prime;][vc_single_image image=\u00a0\u00bb29125&Prime; img_size=\u00a0\u00bb100X100&Prime; alignment=\u00a0\u00bbright\u00a0\u00bb onclick=\u00a0\u00bbcustom_link\u00a0\u00bb img_link_target=\u00a0\u00bb_blank\u00a0\u00bb link=\u00a0\u00bbhttps:\/\/www.ppaulvi.edu.hk\/\u00a0\u00bb][\/vc_column][vc_column width=\u00a0\u00bb3\/4&Prime;][vc_column_text]Ecole Paul VI de \u00a0Hong Kong Ecole sup\u00e9rieure catholique commenc\u00e9e en 1969 et g\u00e9r\u00e9e par les S\u0153urs Missionnaires de l\u2019Immacul\u00e9e[\/vc_column_text][\/vc_column][\/vc_row][vc_row][vc_column width=\u00a0\u00bb1\/4&Prime;][vc_single_image image=\u00a0\u00bb29126&Prime; img_size=\u00a0\u00bb100X100&Prime; alignment=\u00a0\u00bbright\u00a0\u00bb onclick=\u00a0\u00bbcustom_link\u00a0\u00bb img_link_target=\u00a0\u00bb_blank\u00a0\u00bb link=\u00a0\u00bbhttps:\/\/pimegiovani.it\/\u00a0\u00bb][\/vc_column][vc_column width=\u00a0\u00bb3\/4&Prime;][vc_column_text]PIME Jeunes Site r\u00e9serv\u00e9 aux jeunes qui participent aux diff\u00e9rents groupes ou mouvements propos\u00e9s par \u00a0le PIME, ou bien \u00e0 ceux qui d\u00e9sirent conna\u00eetre mieux les possibilit\u00e9s offertes aux jeunes par le PIME, en collaboration avec les s\u0153urs Missionnaires de l\u2019Immacul\u00e9e.[\/vc_column_text][\/vc_column][\/vc_row][vc_row][vc_column width=\u00a0\u00bb1\/4&Prime;][vc_single_image image=\u00a0\u00bb29128&Prime; img_size=\u00a0\u00bb100X100&Prime; alignment=\u00a0\u00bbright\u00a0\u00bb onclick=\u00a0\u00bbcustom_link\u00a0\u00bb img_link_target=\u00a0\u00bb_blank\u00a0\u00bb link=\u00a0\u00bbhttps:\/\/santamariamaggiore.newgenerationhostel.it\u00a0\u00bb][\/vc_column][vc_column width=\u00a0\u00bb3\/4&Prime;][vc_column_text]Foyer Sainte Marie Majeure Maison des s\u0153urs Missionnaires de l\u2019Immacul\u00e9e, convertie en foyer par l\u2019entreprise New G\u00e9n\u00e9ration Hostel. Cette maison est situ\u00e9e au centre de Rome, \u00e0 quelques minutes de la Basilique Sainte Marie Majeure.[\/vc_column_text][\/vc_column][\/vc_row][vc_row][vc_column width=\u00a0\u00bb1\/4&Prime;][vc_single_image image=\u00a0\u00bb29121&Prime; img_size=\u00a0\u00bb100X100&Prime; alignment=\u00a0\u00bbright\u00a0\u00bb onclick=\u00a0\u00bbcustom_link\u00a0\u00bb img_link_target=\u00a0\u00bb_blank\u00a0\u00bb link=\u00a0\u00bbhttps:\/\/www.facebook.com\/queenpeace.immaculate.9&Prime;][\/vc_column][vc_column width=\u00a0\u00bb3\/4&Prime;][vc_column_text]Ecole Maternelle Queenpeace Immaculate &#8211; Londres Ecole Maternelle des S\u0153urs Missionnaires de l\u2019Immacul\u00e9e, situ\u00e9e \u00e0 Londres dans le \u00a0quartier Chiswick.[\/vc_column_text][\/vc_column][\/vc_row]<\/p>\n","protected":false},"author":14,"featured_media":0,"parent":0,"menu_order":0,"comment_status":"closed","ping_status":"closed","template":"","meta":{"_acf_changed":false,"footnotes":""},"class_list":["post-29120","page","type-page","status-publish","hentry"],"acf":[],"aioseo_notices":[],"jetpack_sharing_enabled":true,"_links":{"self":[{"href":"https:\/\/mdipime.org\/fr\/wp-json\/wp\/v2\/pages\/29120","targetHints":{"allow":["GET"]}}],"collection":[{"href":"https:\/\/mdipime.org\/fr\/wp-json\/wp\/v2\/pages"}],"about":[{"href":"https:\/\/mdipime.org\/fr\/wp-json\/wp\/v2\/types\/page"}],"author":[{"embeddable":true,"href":"https:\/\/mdipime.org\/fr\/wp-json\/wp\/v2\/users\/14"}],"replies":[{"embeddable":true,"href":"https:\/\/mdipime.org\/fr\/wp-json\/wp\/v2\/comments?post=29120"}],"version-history":[{"count":0,"href":"https:\/\/mdipime.org\/fr\/wp-json\/wp\/v2\/pages\/29120\/revisions"}],"wp:attachment":[{"href":"https:\/\/mdipime.org\/fr\/wp-json\/wp\/v2\/media?parent=29120"}],"curies":[{"name":"wp","href":"https:\/\/api.w.org\/{rel}","templated":true}]}}