{"id":29142,"date":"2020-05-04T09:58:00","date_gmt":"2020-05-04T07:58:00","guid":{"rendered":"https:\/\/www.mdipime.org\/?page_id=29142"},"modified":"2024-03-22T14:21:51","modified_gmt":"2024-03-22T13:21:51","slug":"mere-josephine-dones","status":"publish","type":"page","link":"https:\/\/mdipime.org\/fr\/mdi-missionnaires-de-immaculee\/histoire\/mere-josephine-dones\/","title":{"rendered":"M\u00e8re Jos\u00e9phine Dones"},"content":{"rendered":"<blockquote><p>\u00ab\u00a0Saintes missions en Paroisse\u2026R\u00e9solution ferme de me faire religieuse et religieuse missionnaire\u00a0\u00bb<\/p><\/blockquote>\n<div id=\"attachment_9089\" style=\"width: 360px\" class=\"wp-caption alignleft\"><img decoding=\"async\" aria-describedby=\"caption-attachment-9089\" class=\"wp-image-9089\" src=\"https:\/\/www.mdipime.org\/wp-content\/uploads\/2017\/07\/a-Gudivada1951-300x203.jpg\" alt=\"madre Dones a Gudivada, 1951\" width=\"350\" height=\"237\" srcset=\"https:\/\/mdipime.org\/wp-content\/uploads\/2017\/07\/a-Gudivada1951-300x203.jpg 300w, https:\/\/mdipime.org\/wp-content\/uploads\/2017\/07\/a-Gudivada1951-768x519.jpg 768w, https:\/\/mdipime.org\/wp-content\/uploads\/2017\/07\/a-Gudivada1951-1024x692.jpg 1024w, https:\/\/mdipime.org\/wp-content\/uploads\/2017\/07\/a-Gudivada1951-672x454.jpg 672w, https:\/\/mdipime.org\/wp-content\/uploads\/2017\/07\/a-Gudivada1951-1038x702.jpg 1038w, https:\/\/mdipime.org\/wp-content\/uploads\/2017\/07\/a-Gudivada1951.jpg 1540w\" sizes=\"(max-width: 350px) 100vw, 350px\" \/><p id=\"caption-attachment-9089\" class=\"wp-caption-text\">M\u00e8re Dones \u00e0 Gudivada, en Inde, en 1951<\/p><\/div>\n<p>Jos\u00e9phine Dones \u00a0naquit \u00a0\u00e0 Seguro de Settimo Milanese le 8 Janvier 1880\u00a0; elle est la septi\u00e8me de dix enfants de Dionigi et Gerolama Vall\u00e8. A 18 ans, elle d\u00e9cida de devenir s\u0153ur missionnaire et entra le 16 juillet 1899 dans l\u2019Institut des S\u0153urs de la R\u00e9paration (fond\u00e9 par p. Salerio, PIME), dans lequel elle fit la Profession religieuse le 28 octobre 1902. Jusqu\u2019\u00e0 1916, elle travailla dans le diverses communaut\u00e9s de l\u2019Institut au service des enfants et des filles en difficult\u00e9, jusqu\u2019en 1917 lorsqu\u2019elle fut affect\u00e9e au Bureau exp\u00e9dition de la presse missionnaire de l\u2019Institut Missions \u00c9trang\u00e8res de Milan. C\u2019est dans ce lieu que surgit en elle, la premi\u00e8re intuition par rapport \u00e0 la n\u00e9cessit\u00e9 d\u2019avoir du personnel propre pour l\u2019animation missionnaire. Pendant deux ans elle garda dans son c\u0153ur le r\u00eave d\u2019une nouvelle famille religieuse f\u00e9minine anim\u00e9e par la m\u00eame passion missionnaire du PIME, jusqu\u2019\u00e0 partager son d\u00e9sir d\u2019abord avec\u00a0 p. Paolo Manna, PIME, en 1919 et apr\u00e8s avec la jeune Jos\u00e9phine Rodolfi en 1927. Elle accompagna pendant plusieurs ann\u00e9es avec sagesse et discr\u00e9tion les diff\u00e9rentes \u00e9tapes de la r\u00e9alisation du projet, en cherchant d\u2019accomplir en tout, seulement la volont\u00e9 de Dieu.<\/p>\n<blockquote><p>\u00ab\u00a0Seigneur, ce que vous voulez, je le veux moi aussi. Donnez-moi seulement \u00a0la gr\u00e2ce de vous aimer et de ne rien vous nier, mais de vous donner avec g\u00e9n\u00e9rosit\u00e9 et amour ce que vous me demandez\u00a0\u00bb<\/p><\/blockquote>\n<div id=\"attachment_9085\" style=\"width: 360px\" class=\"wp-caption alignright\"><img decoding=\"async\" aria-describedby=\"caption-attachment-9085\" class=\"wp-image-9085\" src=\"https:\/\/www.mdipime.org\/wp-content\/uploads\/2017\/07\/scolari-web-300x195.jpg\" alt=\"madre dones\" width=\"350\" height=\"228\" srcset=\"https:\/\/mdipime.org\/wp-content\/uploads\/2017\/07\/scolari-web-300x195.jpg 300w, https:\/\/mdipime.org\/wp-content\/uploads\/2017\/07\/scolari-web-768x500.jpg 768w, https:\/\/mdipime.org\/wp-content\/uploads\/2017\/07\/scolari-web-1024x666.jpg 1024w, https:\/\/mdipime.org\/wp-content\/uploads\/2017\/07\/scolari-web-672x437.jpg 672w, https:\/\/mdipime.org\/wp-content\/uploads\/2017\/07\/scolari-web-1038x675.jpg 1038w, https:\/\/mdipime.org\/wp-content\/uploads\/2017\/07\/scolari-web.jpg 1085w\" sizes=\"(max-width: 350px) 100vw, 350px\" \/><p id=\"caption-attachment-9085\" class=\"wp-caption-text\">M\u00e8re Dones en visite au Br\u00e9sil en 1958<\/p><\/div>\n<p>Quand, en 1934, le Chapitre g\u00e9n\u00e9ral du PIME approuva la fondation, Mgr. Laurent Maria Balconi, nouveau Sup\u00e9rieur g\u00e9n\u00e9rale, demanda officiellement M\u00e8re Dones aux S\u0153urs de la R\u00e9paration pour aider les pas de la nouvelle Congr\u00e9gation missionnaire. Le 8 d\u00e9cembre 1936, M\u00e8re Dones donna officiellement vie aux Missionnaires de l\u2019Immacul\u00e9e avec Jos\u00e9phine Rodolfi, et aussit\u00f4t accueillit et se d\u00e9dia \u00e0 la formation d\u2019autres jeunes qui partageaient la m\u00eame passion et se pr\u00e9paraient \u00e0 partir pour les missions.<\/p>\n<p>Le 10 janvier 1948 M\u00e8re Dones laissa d\u00e9finitivement l\u2019Institut des S\u0153urs de la R\u00e9paration et entra \u00e0 faire partie de la nouvelle Congr\u00e9gation missionnaire, qu\u2019elle a guid\u00e9 comme Sup\u00e9rieure g\u00e9n\u00e9rale, de 1948 \u00e0 1963. En 1951, elle visita les premi\u00e8res missions ouvertes en Inde et en 1958 celles du Br\u00e9sil.<\/p>\n<p>Elle mourut \u00e0 Milan le 8 mais 1967.<\/p>\n<p>Le 14\/10\/2006, lors du IX Chapitre g\u00e9n\u00e9rale, elle est proclam\u00e9e fondatrice de notre Congr\u00e9gation en m\u00eame temps que sr Igilda Rodolfi.<\/p>\n<blockquote><p>\u00ab\u00a0Faisons-nous saintes, tr\u00e8s ch\u00e8res S\u0153urs, il n\u2019y a rien sur terre qui puisse se confronter avec la joie que ressent une \u00e2me qui s\u2019est totalement confi\u00e9e \u00e0 Dieu, qui prie, travaille et se sacrifie pour l\u2019av\u00e8nement du R\u00e8gne de Dieu\u00a0\u00bb<\/p><\/blockquote>\n","protected":false},"excerpt":{"rendered":"<p>\u00ab\u00a0Saintes missions en Paroisse\u2026R\u00e9solution ferme de me faire religieuse et religieuse missionnaire\u00a0\u00bb Jos\u00e9phine Dones \u00a0naquit \u00a0\u00e0 Seguro de Settimo Milanese le 8 Janvier 1880\u00a0; elle est la septi\u00e8me de dix enfants de Dionigi et Gerolama Vall\u00e8. A 18 ans, elle d\u00e9cida de devenir s\u0153ur missionnaire et entra le 16 juillet 1899 dans l\u2019Institut des S\u0153urs de la R\u00e9paration (fond\u00e9 par p. Salerio, PIME), dans lequel elle fit la Profession religieuse le 28 octobre 1902. Jusqu\u2019\u00e0 1916, elle travailla dans le diverses communaut\u00e9s de l\u2019Institut au service des enfants et des filles en difficult\u00e9, jusqu\u2019en 1917 lorsqu\u2019elle fut affect\u00e9e au Bureau exp\u00e9dition de la presse missionnaire de l\u2019Institut Missions \u00c9trang\u00e8res de Milan. C\u2019est dans ce lieu que surgit en elle, la premi\u00e8re intuition par rapport \u00e0 la n\u00e9cessit\u00e9 d\u2019avoir du personnel propre pour l\u2019animation missionnaire. Pendant deux ans elle garda dans son c\u0153ur le r\u00eave d\u2019une nouvelle famille religieuse f\u00e9minine anim\u00e9e par la m\u00eame passion missionnaire du PIME, jusqu\u2019\u00e0 partager son d\u00e9sir d\u2019abord avec\u00a0 p. Paolo Manna, PIME, en 1919 et apr\u00e8s avec la jeune Jos\u00e9phine Rodolfi en 1927. Elle accompagna pendant plusieurs ann\u00e9es avec sagesse et discr\u00e9tion les diff\u00e9rentes \u00e9tapes de la r\u00e9alisation du projet, en cherchant d\u2019accomplir en tout, seulement la volont\u00e9 de Dieu. \u00ab\u00a0Seigneur, ce que vous voulez, je le veux moi aussi. Donnez-moi seulement \u00a0la gr\u00e2ce de vous aimer et de ne rien vous nier, mais de vous donner avec g\u00e9n\u00e9rosit\u00e9 et amour ce que vous me demandez\u00a0\u00bb Quand, en 1934, le Chapitre g\u00e9n\u00e9ral du PIME approuva la fondation, Mgr. Laurent Maria Balconi, nouveau Sup\u00e9rieur g\u00e9n\u00e9rale, demanda officiellement M\u00e8re Dones aux S\u0153urs de la R\u00e9paration pour aider les pas de la nouvelle Congr\u00e9gation missionnaire. Le 8 d\u00e9cembre 1936, M\u00e8re Dones donna officiellement vie aux Missionnaires de l\u2019Immacul\u00e9e avec Jos\u00e9phine Rodolfi, et aussit\u00f4t accueillit et se d\u00e9dia \u00e0 la formation d\u2019autres jeunes qui partageaient la m\u00eame passion et se pr\u00e9paraient \u00e0 partir pour les missions. Le 10 janvier 1948 M\u00e8re Dones laissa d\u00e9finitivement l\u2019Institut des S\u0153urs de la R\u00e9paration et entra \u00e0 faire partie de la nouvelle Congr\u00e9gation missionnaire, qu\u2019elle a guid\u00e9 comme Sup\u00e9rieure g\u00e9n\u00e9rale, de 1948 \u00e0 1963. En 1951, elle visita les premi\u00e8res missions ouvertes en Inde et en 1958 celles du Br\u00e9sil. Elle mourut \u00e0 Milan le 8 mais 1967. Le 14\/10\/2006, lors du IX Chapitre g\u00e9n\u00e9rale, elle est proclam\u00e9e fondatrice de notre Congr\u00e9gation en m\u00eame temps que sr Igilda Rodolfi. \u00ab\u00a0Faisons-nous saintes, tr\u00e8s ch\u00e8res S\u0153urs, il n\u2019y a rien sur terre qui puisse se confronter avec la joie que ressent une \u00e2me qui s\u2019est totalement confi\u00e9e \u00e0 Dieu, qui prie, travaille et se sacrifie pour l\u2019av\u00e8nement du R\u00e8gne de Dieu\u00a0\u00bb<\/p>\n","protected":false},"author":6,"featured_media":0,"parent":29293,"menu_order":0,"comment_status":"closed","ping_status":"closed","template":"","meta":{"_acf_changed":false,"footnotes":""},"class_list":["post-29142","page","type-page","status-publish","hentry"],"acf":[],"aioseo_notices":[],"jetpack_sharing_enabled":true,"_links":{"self":[{"href":"https:\/\/mdipime.org\/fr\/wp-json\/wp\/v2\/pages\/29142","targetHints":{"allow":["GET"]}}],"collection":[{"href":"https:\/\/mdipime.org\/fr\/wp-json\/wp\/v2\/pages"}],"about":[{"href":"https:\/\/mdipime.org\/fr\/wp-json\/wp\/v2\/types\/page"}],"author":[{"embeddable":true,"href":"https:\/\/mdipime.org\/fr\/wp-json\/wp\/v2\/users\/6"}],"replies":[{"embeddable":true,"href":"https:\/\/mdipime.org\/fr\/wp-json\/wp\/v2\/comments?post=29142"}],"version-history":[{"count":0,"href":"https:\/\/mdipime.org\/fr\/wp-json\/wp\/v2\/pages\/29142\/revisions"}],"up":[{"embeddable":true,"href":"https:\/\/mdipime.org\/fr\/wp-json\/wp\/v2\/pages\/29293"}],"wp:attachment":[{"href":"https:\/\/mdipime.org\/fr\/wp-json\/wp\/v2\/media?parent=29142"}],"curies":[{"name":"wp","href":"https:\/\/api.w.org\/{rel}","templated":true}]}}