{"id":29149,"date":"2020-05-04T10:04:47","date_gmt":"2020-05-04T08:04:47","guid":{"rendered":"https:\/\/www.mdipime.org\/?page_id=29149"},"modified":"2024-03-22T14:20:27","modified_gmt":"2024-03-22T13:20:27","slug":"josephine-rodolfi","status":"publish","type":"page","link":"https:\/\/mdipime.org\/fr\/mdi-missionnaires-de-immaculee\/histoire\/josephine-rodolfi\/","title":{"rendered":"Jos\u00e9phine Rodolfi"},"content":{"rendered":"<p><img decoding=\"async\" class=\"aligncenter wp-image-29148\" src=\"https:\/\/mdipime.org\/wp-content\/uploads\/2017\/06\/voglio-essere-missionaria.jpg\" alt=\"voglio essere missionaria\" width=\"469\" height=\"646\" srcset=\"https:\/\/mdipime.org\/wp-content\/uploads\/2017\/06\/voglio-essere-missionaria.jpg 614w, https:\/\/mdipime.org\/wp-content\/uploads\/2017\/06\/voglio-essere-missionaria-218x300.jpg 218w\" sizes=\"(max-width: 469px) 100vw, 469px\" \/><\/p>\n<p style=\"text-align: center; font-family: 'Shadows Into Light Two', cursive; font-size: 30px;\">\u201cJ\u2019ai trouv\u00e9 ! Je veux \u00eatre missionnaire\u201d<\/p>\n<p>Jos\u00e9phine Rodolfi naquit \u00e0 Milan le 22 d\u00e9cembre 1899, \u00a0dans le foyer de Federico Rodolfi et Rosa Fontana. Ce sont d\u2019abord les parents, les premiers \u00e0 transmettre aux enfants les valeurs \u00e9vang\u00e9liques et la passion missionnaire. Jos\u00e9phine a d\u00e9couvert sa propre vocation depuis la jeunesse, elle l\u2019a nourrie gr\u00e2ce au contact avec les missionnaires du PIME qui entretenaient activement les initiatives d\u2019animation missionnaire. Pendant quelques ann\u00e9es, elle esp\u00e9ra et travailla intens\u00e9ment pour la r\u00e9alisation du projet de la fondation d\u2019une Congr\u00e9gation missionnaire f\u00e9minine avec le m\u00eame esprit missionnaire du PIME, en se pr\u00e9parant pour le d\u00e9part r\u00eav\u00e9 vers la lointaine Chine.<\/p>\n<blockquote><p>\u201cLa vie apostolique\u00a0! Que qu\u2019est-ce qu\u2019il y a de plus beau sur terre\u00a0? Qu\u2019est-ce qu\u2019il y a de plus grand, de plus sublime\u00a0?\u201d<\/p><\/blockquote>\n<div id=\"attachment_9100\" style=\"width: 202px\" class=\"wp-caption alignleft\"><img decoding=\"async\" aria-describedby=\"caption-attachment-9100\" class=\"wp-image-29145 size-medium\" src=\"https:\/\/mdipime.org\/wp-content\/uploads\/2017\/06\/con-madre-teresa-192x300.jpg\" alt=\"Madre Igilda con Madre Teresa\" width=\"192\" height=\"300\" srcset=\"https:\/\/mdipime.org\/wp-content\/uploads\/2017\/06\/con-madre-teresa-192x300.jpg 192w, https:\/\/mdipime.org\/wp-content\/uploads\/2017\/06\/con-madre-teresa.jpg 642w\" sizes=\"(max-width: 192px) 100vw, 192px\" \/><p id=\"caption-attachment-9100\" class=\"wp-caption-text\"><em>Madre Igilda avec M\u00e8re Teresa<\/em><\/p><\/div>\n<p>Apr\u00e8s avoir \u00a0surmont\u00e9 les obstacles, le 8 d\u00e9cembre 1936, avec M\u00e8re Jos\u00e9phine Dones, elle commen\u00e7a \u00e0 Milan la Congr\u00e9gation des Missionnaires de l\u2019Immacul\u00e9e.<\/p>\n<p>Elle fit la premi\u00e8re Profession religieuse le 3 octobre 1940, lorsqu\u2019elle prend le nom de sr. Igilda, et celle d\u00e9finitive le 12 septembre 1946. \u00a0Avec une grande g\u00e9n\u00e9rosit\u00e9 et un profond d\u00e9vouement, elle a soutenu M. Dones dans la responsabilit\u00e9 du gouvernement et de la formation de l\u2019Institut pour donner de bases solides \u00e0 la jeune Congr\u00e9gation. Pendant plusieurs d\u2019ann\u00e9es, elle a v\u00e9cu \u00a0humblement et discr\u00e8tement son importante r\u00f4le dans la fondation des Missionnaires de l\u2019Immacul\u00e9e, en contribuant, par sa profonde spiritualit\u00e9 et sa grande passion, \u00a0\u00e0 la croissance du R\u00e8gne de Dieu. En 1971, elle a eu la joie de visiter les missions de l\u2019Inde.<\/p>\n<p>Elle est morte \u00e0 Milan le 21 septembre 1989.<\/p>\n<p>Le 14\/10\/2006, \u00a0lors du IX Chapitre g\u00e9n\u00e9rale, Jos\u00e9phine Rodolfi est proclam\u00e9e fondatrice de notre Congr\u00e9gation, en m\u00eame temps que M\u00e8re Jos\u00e9phine Dones,<\/p>\n<blockquote><p>\u201cQue \u201cle merci\u201d soit la douce expression de l\u2019\u00e2me, r\u00e9p\u00e9t\u00e9e plusieurs fois pendant le jour\u00a0\u201d.<\/p>\n<p>\u201cSeigneur, tu nous conduis par le monde o\u00f9 tu veux, o\u00f9 le cri des \u00e2mes \u00e0 ta recherche est pressant et \u00e9mouvant\u201d.<\/p><\/blockquote>\n<p>&nbsp;<\/p>\n","protected":false},"excerpt":{"rendered":"<p>\u201cJ\u2019ai trouv\u00e9 ! Je veux \u00eatre missionnaire\u201d Jos\u00e9phine Rodolfi naquit \u00e0 Milan le 22 d\u00e9cembre 1899, \u00a0dans le foyer de Federico Rodolfi et Rosa Fontana. Ce sont d\u2019abord les parents, les premiers \u00e0 transmettre aux enfants les valeurs \u00e9vang\u00e9liques et la passion missionnaire. Jos\u00e9phine a d\u00e9couvert sa propre vocation depuis la jeunesse, elle l\u2019a nourrie gr\u00e2ce au contact avec les missionnaires du PIME qui entretenaient activement les initiatives d\u2019animation missionnaire. Pendant quelques ann\u00e9es, elle esp\u00e9ra et travailla intens\u00e9ment pour la r\u00e9alisation du projet de la fondation d\u2019une Congr\u00e9gation missionnaire f\u00e9minine avec le m\u00eame esprit missionnaire du PIME, en se pr\u00e9parant pour le d\u00e9part r\u00eav\u00e9 vers la lointaine Chine. \u201cLa vie apostolique\u00a0! Que qu\u2019est-ce qu\u2019il y a de plus beau sur terre\u00a0? Qu\u2019est-ce qu\u2019il y a de plus grand, de plus sublime\u00a0?\u201d Apr\u00e8s avoir \u00a0surmont\u00e9 les obstacles, le 8 d\u00e9cembre 1936, avec M\u00e8re Jos\u00e9phine Dones, elle commen\u00e7a \u00e0 Milan la Congr\u00e9gation des Missionnaires de l\u2019Immacul\u00e9e. Elle fit la premi\u00e8re Profession religieuse le 3 octobre 1940, lorsqu\u2019elle prend le nom de sr. Igilda, et celle d\u00e9finitive le 12 septembre 1946. \u00a0Avec une grande g\u00e9n\u00e9rosit\u00e9 et un profond d\u00e9vouement, elle a soutenu M. Dones dans la responsabilit\u00e9 du gouvernement et de la formation de l\u2019Institut pour donner de bases solides \u00e0 la jeune Congr\u00e9gation. Pendant plusieurs d\u2019ann\u00e9es, elle a v\u00e9cu \u00a0humblement et discr\u00e8tement son importante r\u00f4le dans la fondation des Missionnaires de l\u2019Immacul\u00e9e, en contribuant, par sa profonde spiritualit\u00e9 et sa grande passion, \u00a0\u00e0 la croissance du R\u00e8gne de Dieu. En 1971, elle a eu la joie de visiter les missions de l\u2019Inde. Elle est morte \u00e0 Milan le 21 septembre 1989. Le 14\/10\/2006, \u00a0lors du IX Chapitre g\u00e9n\u00e9rale, Jos\u00e9phine Rodolfi est proclam\u00e9e fondatrice de notre Congr\u00e9gation, en m\u00eame temps que M\u00e8re Jos\u00e9phine Dones, \u201cQue \u201cle merci\u201d soit la douce expression de l\u2019\u00e2me, r\u00e9p\u00e9t\u00e9e plusieurs fois pendant le jour\u00a0\u201d. \u201cSeigneur, tu nous conduis par le monde o\u00f9 tu veux, o\u00f9 le cri des \u00e2mes \u00e0 ta recherche est pressant et \u00e9mouvant\u201d. &nbsp;<\/p>\n","protected":false},"author":6,"featured_media":0,"parent":29293,"menu_order":0,"comment_status":"closed","ping_status":"closed","template":"","meta":{"_acf_changed":false,"footnotes":""},"class_list":["post-29149","page","type-page","status-publish","hentry"],"acf":[],"aioseo_notices":[],"jetpack_sharing_enabled":true,"_links":{"self":[{"href":"https:\/\/mdipime.org\/fr\/wp-json\/wp\/v2\/pages\/29149","targetHints":{"allow":["GET"]}}],"collection":[{"href":"https:\/\/mdipime.org\/fr\/wp-json\/wp\/v2\/pages"}],"about":[{"href":"https:\/\/mdipime.org\/fr\/wp-json\/wp\/v2\/types\/page"}],"author":[{"embeddable":true,"href":"https:\/\/mdipime.org\/fr\/wp-json\/wp\/v2\/users\/6"}],"replies":[{"embeddable":true,"href":"https:\/\/mdipime.org\/fr\/wp-json\/wp\/v2\/comments?post=29149"}],"version-history":[{"count":0,"href":"https:\/\/mdipime.org\/fr\/wp-json\/wp\/v2\/pages\/29149\/revisions"}],"up":[{"embeddable":true,"href":"https:\/\/mdipime.org\/fr\/wp-json\/wp\/v2\/pages\/29293"}],"wp:attachment":[{"href":"https:\/\/mdipime.org\/fr\/wp-json\/wp\/v2\/media?parent=29149"}],"curies":[{"name":"wp","href":"https:\/\/api.w.org\/{rel}","templated":true}]}}