{"id":29154,"date":"2020-05-04T10:15:33","date_gmt":"2020-05-04T08:15:33","guid":{"rendered":"https:\/\/www.mdipime.org\/?page_id=29154"},"modified":"2024-03-22T14:20:07","modified_gmt":"2024-03-22T13:20:07","slug":"bienheureux-paul-manna","status":"publish","type":"page","link":"https:\/\/mdipime.org\/fr\/mdi-missionnaires-de-immaculee\/histoire\/bienheureux-paul-manna\/","title":{"rendered":"Bienheureux Paul Manna"},"content":{"rendered":"<blockquote><p>\u201cAllez pour un appel divin, allez o\u00f9 l\u2019ob\u00e9issance vous a affect\u00e9es. Allez par amour de J\u00e9sus, pour les int\u00e9r\u00eats de J\u00e9sus et J\u00e9sus sera toujours \u00e0 votre c\u00f4t\u00e9, toujours dans votre c\u0153ur\u201d<\/p>\n<p>\u201cNous sommes Ap\u00f4tres! Nous sommes Ap\u00f4tres et nous allons loin vers des horizons divins, travaillons g\u00e9n\u00e9reusement, sans int\u00e9r\u00eat, seulement pour les \u00e2mes, seulement pour l\u2019\u00c9glise, seulement pour le Ciel!\u201d<\/p><\/blockquote>\n<p>Paul Manna n\u00e9 \u00e0 Avellino en 1872, entra dans l\u2019Institut des Missions \u00c9trang\u00e8res en 1891. Il fut ordonn\u00e9 pr\u00eatre \u00e0 Milan le 19 mai 1894.<\/p>\n<div id=\"attachment_9054\" style=\"width: 310px\" class=\"wp-caption alignleft\"><img decoding=\"async\" aria-describedby=\"caption-attachment-9054\" class=\"wp-image-9054 size-medium\" src=\"https:\/\/www.mdipime.org\/wp-content\/uploads\/2017\/06\/partente-birmania-300x191.jpg\" alt=\"Padre Paolo Manna partente per la Birmania\" width=\"300\" height=\"191\" srcset=\"https:\/\/mdipime.org\/wp-content\/uploads\/2017\/06\/partente-birmania-300x191.jpg 300w, https:\/\/mdipime.org\/wp-content\/uploads\/2017\/06\/partente-birmania-768x489.jpg 768w, https:\/\/mdipime.org\/wp-content\/uploads\/2017\/06\/partente-birmania-672x428.jpg 672w, https:\/\/mdipime.org\/wp-content\/uploads\/2017\/06\/partente-birmania.jpg 1017w\" sizes=\"(max-width: 300px) 100vw, 300px\" \/><p id=\"caption-attachment-9054\" class=\"wp-caption-text\"><em>P\u00e8re Paolo Manna partant pour la Birmanie<\/em><\/p><\/div>\n<p>En 1895, il partit pour la Birmanie, o\u00f9 il travailla \u00e0 trois reprises pendant une d\u00e9cennie \u00a0jusqu\u2019en 1907 quand, \u00a0\u00e0 cause d\u2019une grave maladie, il fut oblig\u00e9 de rentrer en patrie d\u00e9finitivement.<\/p>\n<p>Depuis 1909, et pendant plus de quarante ans, il se d\u00e9dia avec toutes ses forces, \u00e0 travers les \u00e9crits et les \u0153uvres, \u00e0 r\u00e9pandre l\u2019id\u00e9e missionnaire parmi le peuple et le clerg\u00e9. \u00a0En 1916, il fonda l\u2019Union Missionnaire du Clerg\u00e9, \u00e9lev\u00e9e par Pio XII \u00e0 \u201cPontificia\u201d en 1956. En1909 \u00a0il fut le Directeur de la revue missionnaire du PIME \u201cLes Missions Catholiques\u201d, apr\u00e8s il fonda \u201cPropaganda Missionaria\u201d et aussi \u201cItalia Missionaria\u201d pour la jeunesse. Il a \u00e9galement \u00e9crit des \u0153uvres de grande passion \u00e9vang\u00e9lique et missionnaire, comme \u201cOperarii autempauci\u201d, Esci dalla tua terra\u201d (Sors de ta terre), \u201cI Fratelli separati e noi\u201d (Les fr\u00e8res s\u00e9par\u00e9s et nous), \u201cOsservazioni sul metodo moderno di evangelizzazione\u201d (Observations sur la moderne m\u00e9thode de l\u2019\u00e9vangelisation), et \u201cVirt\u00f9 Apostoliche \u00a0\u00bb (Vertus apostoliques). \u00c2me ardente et passionn\u00e9e pour l\u2019annonce du R\u00e8gne, il allumait partout o\u00f9 il passait, la flamme de l\u2019engagement missionnaire.<\/p>\n<blockquote><p>\u00a0\u201cUne Congr\u00e9gation missionnaire dans le sens plus vaste et le plus haut de la parole\u201d<\/p><\/blockquote>\n<p>La rencontre, d\u2019abord avec M\u00e8re Dones \u00a0sa collaboratrice dans la diffusion de la presse missionnaire, et apr\u00e8s avec Jos\u00e9phine Rodolfi, le poussa \u00e0 soutenir, en particulier avec la r\u00e9flexion, les conseils \u00a0et la pri\u00e8re, la r\u00e9alisation du projet de la nouvelle fondation des Missionnaires de l\u2019Immacul\u00e9e, qu\u2019il \u00a0proposa \u00e0 l\u2019Assembl\u00e9e g\u00e9n\u00e9rale du PIME en 1934.<\/p>\n<p>De 1924 \u00e0 1934, il fut le Sup\u00e9rieur g\u00e9n\u00e9ral du PIME et en 1934 il devint le premier Sup\u00e9rieur r\u00e9gional de l\u2019Italie m\u00e9ridionale \u00e0 Ducenta. Il mourut \u00e0 Napoli le 5 septembre 1952.<\/p>\n<p>Il fut d\u00e9clar\u00e9 Bienheureux par le Pape Jean-Paul II en 2001.<\/p>\n<p>Le 14\/10\/2006, il fut proclam\u00e9 inspirateur du Charisme de la Congr\u00e9gation des Missionnaires de l\u2019Immacul\u00e9e, lors du IX Chapitre g\u00e9n\u00e9ral.<\/p>\n<blockquote><p>\u201cToute l\u2019Eglise pour tout le monde!\u201d<\/p><\/blockquote>\n<p>&nbsp;<\/p>\n","protected":false},"excerpt":{"rendered":"<p>\u201cAllez pour un appel divin, allez o\u00f9 l\u2019ob\u00e9issance vous a affect\u00e9es. Allez par amour de J\u00e9sus, pour les int\u00e9r\u00eats de J\u00e9sus et J\u00e9sus sera toujours \u00e0 votre c\u00f4t\u00e9, toujours dans votre c\u0153ur\u201d \u201cNous sommes Ap\u00f4tres! Nous sommes Ap\u00f4tres et nous allons loin vers des horizons divins, travaillons g\u00e9n\u00e9reusement, sans int\u00e9r\u00eat, seulement pour les \u00e2mes, seulement pour l\u2019\u00c9glise, seulement pour le Ciel!\u201d Paul Manna n\u00e9 \u00e0 Avellino en 1872, entra dans l\u2019Institut des Missions \u00c9trang\u00e8res en 1891. Il fut ordonn\u00e9 pr\u00eatre \u00e0 Milan le 19 mai 1894. En 1895, il partit pour la Birmanie, o\u00f9 il travailla \u00e0 trois reprises pendant une d\u00e9cennie \u00a0jusqu\u2019en 1907 quand, \u00a0\u00e0 cause d\u2019une grave maladie, il fut oblig\u00e9 de rentrer en patrie d\u00e9finitivement. Depuis 1909, et pendant plus de quarante ans, il se d\u00e9dia avec toutes ses forces, \u00e0 travers les \u00e9crits et les \u0153uvres, \u00e0 r\u00e9pandre l\u2019id\u00e9e missionnaire parmi le peuple et le clerg\u00e9. \u00a0En 1916, il fonda l\u2019Union Missionnaire du Clerg\u00e9, \u00e9lev\u00e9e par Pio XII \u00e0 \u201cPontificia\u201d en 1956. En1909 \u00a0il fut le Directeur de la revue missionnaire du PIME \u201cLes Missions Catholiques\u201d, apr\u00e8s il fonda \u201cPropaganda Missionaria\u201d et aussi \u201cItalia Missionaria\u201d pour la jeunesse. Il a \u00e9galement \u00e9crit des \u0153uvres de grande passion \u00e9vang\u00e9lique et missionnaire, comme \u201cOperarii autempauci\u201d, Esci dalla tua terra\u201d (Sors de ta terre), \u201cI Fratelli separati e noi\u201d (Les fr\u00e8res s\u00e9par\u00e9s et nous), \u201cOsservazioni sul metodo moderno di evangelizzazione\u201d (Observations sur la moderne m\u00e9thode de l\u2019\u00e9vangelisation), et \u201cVirt\u00f9 Apostoliche \u00a0\u00bb (Vertus apostoliques). \u00c2me ardente et passionn\u00e9e pour l\u2019annonce du R\u00e8gne, il allumait partout o\u00f9 il passait, la flamme de l\u2019engagement missionnaire. \u00a0\u201cUne Congr\u00e9gation missionnaire dans le sens plus vaste et le plus haut de la parole\u201d La rencontre, d\u2019abord avec M\u00e8re Dones \u00a0sa collaboratrice dans la diffusion de la presse missionnaire, et apr\u00e8s avec Jos\u00e9phine Rodolfi, le poussa \u00e0 soutenir, en particulier avec la r\u00e9flexion, les conseils \u00a0et la pri\u00e8re, la r\u00e9alisation du projet de la nouvelle fondation des Missionnaires de l\u2019Immacul\u00e9e, qu\u2019il \u00a0proposa \u00e0 l\u2019Assembl\u00e9e g\u00e9n\u00e9rale du PIME en 1934. De 1924 \u00e0 1934, il fut le Sup\u00e9rieur g\u00e9n\u00e9ral du PIME et en 1934 il devint le premier Sup\u00e9rieur r\u00e9gional de l\u2019Italie m\u00e9ridionale \u00e0 Ducenta. Il mourut \u00e0 Napoli le 5 septembre 1952. Il fut d\u00e9clar\u00e9 Bienheureux par le Pape Jean-Paul II en 2001. Le 14\/10\/2006, il fut proclam\u00e9 inspirateur du Charisme de la Congr\u00e9gation des Missionnaires de l\u2019Immacul\u00e9e, lors du IX Chapitre g\u00e9n\u00e9ral. \u201cToute l\u2019Eglise pour tout le monde!\u201d &nbsp;<\/p>\n","protected":false},"author":6,"featured_media":0,"parent":29293,"menu_order":0,"comment_status":"closed","ping_status":"closed","template":"","meta":{"_acf_changed":false,"footnotes":""},"class_list":["post-29154","page","type-page","status-publish","hentry"],"acf":[],"aioseo_notices":[],"jetpack_sharing_enabled":true,"_links":{"self":[{"href":"https:\/\/mdipime.org\/fr\/wp-json\/wp\/v2\/pages\/29154","targetHints":{"allow":["GET"]}}],"collection":[{"href":"https:\/\/mdipime.org\/fr\/wp-json\/wp\/v2\/pages"}],"about":[{"href":"https:\/\/mdipime.org\/fr\/wp-json\/wp\/v2\/types\/page"}],"author":[{"embeddable":true,"href":"https:\/\/mdipime.org\/fr\/wp-json\/wp\/v2\/users\/6"}],"replies":[{"embeddable":true,"href":"https:\/\/mdipime.org\/fr\/wp-json\/wp\/v2\/comments?post=29154"}],"version-history":[{"count":0,"href":"https:\/\/mdipime.org\/fr\/wp-json\/wp\/v2\/pages\/29154\/revisions"}],"up":[{"embeddable":true,"href":"https:\/\/mdipime.org\/fr\/wp-json\/wp\/v2\/pages\/29293"}],"wp:attachment":[{"href":"https:\/\/mdipime.org\/fr\/wp-json\/wp\/v2\/media?parent=29154"}],"curies":[{"name":"wp","href":"https:\/\/api.w.org\/{rel}","templated":true}]}}