{"id":29166,"date":"2020-05-04T10:22:20","date_gmt":"2020-05-04T08:22:20","guid":{"rendered":"https:\/\/www.mdipime.org\/?page_id=29166"},"modified":"2024-03-22T14:25:19","modified_gmt":"2024-03-22T13:25:19","slug":"mgr-laurent-maria-balconi","status":"publish","type":"page","link":"https:\/\/mdipime.org\/fr\/mdi-missionnaires-de-immaculee\/histoire\/mgr-laurent-maria-balconi\/","title":{"rendered":"Mgr. Laurent Maria Balconi"},"content":{"rendered":"<div class=\"wpb-content-wrapper\"><p>[vc_row][vc_column][vc_column_text]<\/p>\n<blockquote><p>\u201cUn programme vaste comme le monde, grand comme Dieu\u201d<\/p><\/blockquote>\n<div id=\"attachment_9126\" style=\"width: 310px\" class=\"wp-caption alignleft\"><img decoding=\"async\" aria-describedby=\"caption-attachment-9126\" class=\"wp-image-9126 size-medium\" src=\"https:\/\/www.mdipime.org\/wp-content\/uploads\/2017\/06\/balconi-shulster1953-300x218.jpg\" alt=\"balconi con shulster nel 1953\" width=\"300\" height=\"218\" srcset=\"https:\/\/mdipime.org\/wp-content\/uploads\/2017\/06\/balconi-shulster1953-300x218.jpg 300w, https:\/\/mdipime.org\/wp-content\/uploads\/2017\/06\/balconi-shulster1953-768x558.jpg 768w, https:\/\/mdipime.org\/wp-content\/uploads\/2017\/06\/balconi-shulster1953-1024x744.jpg 1024w, https:\/\/mdipime.org\/wp-content\/uploads\/2017\/06\/balconi-shulster1953-672x489.jpg 672w, https:\/\/mdipime.org\/wp-content\/uploads\/2017\/06\/balconi-shulster1953-1038x755.jpg 1038w, https:\/\/mdipime.org\/wp-content\/uploads\/2017\/06\/balconi-shulster1953.jpg 1044w\" sizes=\"(max-width: 300px) 100vw, 300px\" \/><p id=\"caption-attachment-9126\" class=\"wp-caption-text\"><em>Mons. Balconi avec le Card. Schuster en 1953<\/em><\/p><\/div>\n<p>Laurent Maria Balconi naquit \u00e0 Milan en 1878. Il entra dans l\u2019Institut des Missions Etrang\u00e8res de Milan en 1898 et fut ordonn\u00e9 pr\u00eatre le 22 d\u00e9cembre 1890. En 1901, il partit pour la mission de Nanyang (Honan m\u00e9ridionale, Chine). En 1905, dans son habitation, \u00a0il fut assailli par des gens arm\u00e9es qui l\u2019ont \u00a0laiss\u00e9 dans un bain de sang. Les blessures graves \u00e0 la t\u00eate et au bras gauche, lui caus\u00e8rent une paralysie permanente dans toute la partie gauche de son corps. Apr\u00e8s le traitement en Italie, il rentra en Chine en 1907, o\u00f9 il s\u2019occupa du S\u00e9minaire de Honan et en 1928 il fut nomm\u00e9 \u00e9v\u00eaque du vicariat apostolique de Hanchung.<\/p>\n<blockquote><p>\u201cBeaucoup de vie, \u00e9nergies, forces \u00e0 disposition de l\u2019Eglise\u201d<\/p><\/blockquote>\n<p>Au Chapitre, c\u00e9l\u00e9br\u00e9 \u00e0 Hong Kong en 1934, il fut \u00e9lu Sup\u00e9rieur g\u00e9n\u00e9ral du PIME et donc, en qualit\u00e9 de Sup\u00e9rieur, il re\u00e7ut la responsabilit\u00e9 de la r\u00e9alisation du projet de la fondation des Missionnaires de l\u2019Immacul\u00e9e. Mgr. Balconi avec une paternelle sollicitude \u00e9tait \u00e0 c\u00f4t\u00e9 des deux fondatrices et ensuite des nouvelles vocations, en les soutenants dans les diff\u00e9rentes n\u00e9cessit\u00e9s spirituelles et mat\u00e9rielles. Et aussi, \u00a0apr\u00e8s le terme de son mandat en 1947, il continua \u00e0 suivre la Congr\u00e9gation avec int\u00e9r\u00eat et affection et \u00e0 visiter les missions du Br\u00e9sil, de l\u2019Inde et du Pakistan Oriental.<\/p>\n<p>Apr\u00e8s avoir particip\u00e9 aux deux premi\u00e8res sessions du Concile Vatican II, il mourut \u00a0\u00e0 Milan en 1969.<\/p>\n<p>Le 14\/10\/2006, il fut proclam\u00e9 co-fondateur de notre Congr\u00e9gation, lors de l\u2019IX\u00e8me Chapitre g\u00e9n\u00e9ral.<\/p>\n<blockquote><p>\u201cVous \u00eates missionnaires et ce mot embrasse toute votre vocation et dit ce que doit \u00eatre votre vie\u201d<\/p><\/blockquote>\n<p>[\/vc_column_text][\/vc_column][\/vc_row][vc_row][vc_column][vc_video link=\u00a0\u00bbhttps:\/\/youtu.be\/05GOxpE4Rq8&Prime;][\/vc_column][\/vc_row]<\/p>\n<\/div>","protected":false},"excerpt":{"rendered":"<p>[vc_row][vc_column][vc_column_text] \u201cUn programme vaste comme le monde, grand comme Dieu\u201d Laurent Maria Balconi naquit \u00e0 Milan en 1878. Il entra dans l\u2019Institut des Missions Etrang\u00e8res de Milan en 1898 et fut ordonn\u00e9 pr\u00eatre le 22 d\u00e9cembre 1890. En 1901, il partit pour la mission de Nanyang (Honan m\u00e9ridionale, Chine). En 1905, dans son habitation, \u00a0il fut assailli par des gens arm\u00e9es qui l\u2019ont \u00a0laiss\u00e9 dans un bain de sang. Les blessures graves \u00e0 la t\u00eate et au bras gauche, lui caus\u00e8rent une paralysie permanente dans toute la partie gauche de son corps. Apr\u00e8s le traitement en Italie, il rentra en Chine en 1907, o\u00f9 il s\u2019occupa du S\u00e9minaire de Honan et en 1928 il fut nomm\u00e9 \u00e9v\u00eaque du vicariat apostolique de Hanchung. \u201cBeaucoup de vie, \u00e9nergies, forces \u00e0 disposition de l\u2019Eglise\u201d Au Chapitre, c\u00e9l\u00e9br\u00e9 \u00e0 Hong Kong en 1934, il fut \u00e9lu Sup\u00e9rieur g\u00e9n\u00e9ral du PIME et donc, en qualit\u00e9 de Sup\u00e9rieur, il re\u00e7ut la responsabilit\u00e9 de la r\u00e9alisation du projet de la fondation des Missionnaires de l\u2019Immacul\u00e9e. Mgr. Balconi avec une paternelle sollicitude \u00e9tait \u00e0 c\u00f4t\u00e9 des deux fondatrices et ensuite des nouvelles vocations, en les soutenants dans les diff\u00e9rentes n\u00e9cessit\u00e9s spirituelles et mat\u00e9rielles. Et aussi, \u00a0apr\u00e8s le terme de son mandat en 1947, il continua \u00e0 suivre la Congr\u00e9gation avec int\u00e9r\u00eat et affection et \u00e0 visiter les missions du Br\u00e9sil, de l\u2019Inde et du Pakistan Oriental. Apr\u00e8s avoir particip\u00e9 aux deux premi\u00e8res sessions du Concile Vatican II, il mourut \u00a0\u00e0 Milan en 1969. Le 14\/10\/2006, il fut proclam\u00e9 co-fondateur de notre Congr\u00e9gation, lors de l\u2019IX\u00e8me Chapitre g\u00e9n\u00e9ral. \u201cVous \u00eates missionnaires et ce mot embrasse toute votre vocation et dit ce que doit \u00eatre votre vie\u201d [\/vc_column_text][\/vc_column][\/vc_row][vc_row][vc_column][vc_video link=\u00a0\u00bbhttps:\/\/youtu.be\/05GOxpE4Rq8&Prime;][\/vc_column][\/vc_row]<\/p>\n","protected":false},"author":6,"featured_media":0,"parent":29293,"menu_order":0,"comment_status":"closed","ping_status":"closed","template":"","meta":{"_acf_changed":false,"footnotes":""},"class_list":["post-29166","page","type-page","status-publish","hentry"],"acf":[],"aioseo_notices":[],"jetpack_sharing_enabled":true,"_links":{"self":[{"href":"https:\/\/mdipime.org\/fr\/wp-json\/wp\/v2\/pages\/29166","targetHints":{"allow":["GET"]}}],"collection":[{"href":"https:\/\/mdipime.org\/fr\/wp-json\/wp\/v2\/pages"}],"about":[{"href":"https:\/\/mdipime.org\/fr\/wp-json\/wp\/v2\/types\/page"}],"author":[{"embeddable":true,"href":"https:\/\/mdipime.org\/fr\/wp-json\/wp\/v2\/users\/6"}],"replies":[{"embeddable":true,"href":"https:\/\/mdipime.org\/fr\/wp-json\/wp\/v2\/comments?post=29166"}],"version-history":[{"count":0,"href":"https:\/\/mdipime.org\/fr\/wp-json\/wp\/v2\/pages\/29166\/revisions"}],"up":[{"embeddable":true,"href":"https:\/\/mdipime.org\/fr\/wp-json\/wp\/v2\/pages\/29293"}],"wp:attachment":[{"href":"https:\/\/mdipime.org\/fr\/wp-json\/wp\/v2\/media?parent=29166"}],"curies":[{"name":"wp","href":"https:\/\/api.w.org\/{rel}","templated":true}]}}