{"id":29172,"date":"2020-05-04T10:35:23","date_gmt":"2020-05-04T08:35:23","guid":{"rendered":"https:\/\/www.mdipime.org\/?page_id=29172"},"modified":"2023-04-19T11:30:08","modified_gmt":"2023-04-19T09:30:08","slug":"laics-mdi","status":"publish","type":"page","link":"https:\/\/mdipime.org\/fr\/avec-nous\/laics-mdi\/","title":{"rendered":"La\u00efcs MdI"},"content":{"rendered":"<div class=\"wpb-content-wrapper\"><p>[vc_row padding_top=\u00a0\u00bb20&Prime; padding_bottom=\u00a0\u00bb20&Prime;][vc_column][vc_column_text]<strong><a href=\"https:\/\/mdipime.org\/wp-content\/uploads\/2017\/03\/Logo-laicimdi-150x150.jpg\"><img decoding=\"async\" class=\"alignleft wp-image-29029 size-thumbnail\" src=\"https:\/\/mdipime.org\/wp-content\/uploads\/2017\/03\/Logo-laicimdi-150x150.jpg\" alt=\"Laici Missionarie dell'Immacolata - Logo\" width=\"150\" height=\"150\" srcset=\"https:\/\/mdipime.org\/wp-content\/uploads\/2017\/03\/Logo-laicimdi-150x150.jpg 150w, https:\/\/mdipime.org\/wp-content\/uploads\/2017\/03\/Logo-laicimdi-300x300.jpg 300w, https:\/\/mdipime.org\/wp-content\/uploads\/2017\/03\/Logo-laicimdi-768x767.jpg 768w, https:\/\/mdipime.org\/wp-content\/uploads\/2017\/03\/Logo-laicimdi-672x671.jpg 672w, https:\/\/mdipime.org\/wp-content\/uploads\/2017\/03\/Logo-laicimdi.jpg 800w\" sizes=\"(max-width: 150px) 100vw, 150px\" \/><\/a><\/strong><\/p>\n<p><strong>Le groupe des la\u00efcs Mdi <\/strong>est form\u00e9s par des hommes et des femmes, \u00e9pous\u00e9s et non, qui portent dans le c\u0153ur une grande passion missionnaire et d\u00e9sirent la vivre selon le style et la spiritualit\u00e9 des Missionnaires de l\u2019Immacul\u00e9e.<strong><br \/>\n<\/strong><\/p>\n<p>Pendant leur quotidiennet\u00e9, dans leur \u00e9tat de vie et dans les diverses activit\u00e9s d\u2019\u00e9vang\u00e9lisation qui d\u00e9roulent dedans et dehors de la paroisse, d\u00e9sirent annoncer le Seigneur \u00e0 ceux qui ne le connaissent ou de ceux qui se sont \u00e9loign\u00e9s par le plus diff\u00e9rents raisons.<\/p>\n<p>La passion missionnaire n\u2019a pas de limites! Les La\u00efcs MdI sont disponibles \u00e0 partir pour annoncer l\u2019Evangile dans des autres terres de mission pour une p\u00e9riode de temps, si ils peuvent en avoir la possibilit\u00e9s et les conditions.<\/p>\n<p><strong>\u00a0<\/strong><\/p>\n<p><strong>COLONNES SPIRITUELLES<\/strong><\/p>\n<p>Sont des personnes la\u00efcs, hommes et femmes, anim\u00e9s par la passion missionnaire, qui s\u2019engagent \u00e0 soutenir spirituellement, avec la pri\u00e8re et l\u2019offrande des sacrifices quotidiens, les missionnaires et toutes les activit\u00e9s d\u2019\u00e9vang\u00e9lisation qui nous menons.[\/vc_column_text][vc_row_inner equal_height=\u00a0\u00bbyes\u00a0\u00bb content_placement=\u00a0\u00bbmiddle\u00a0\u00bb][vc_column_inner width=\u00a0\u00bb1\/2&Prime;]<div class=\"text-center\"><a class=\"btn sac-btn no-border-radius btn-default btn-xl\" href=\"\/fr\/avec-nous\/laics-mdi\/i-nostri-impegni\/\" style=\"border: none !important;\">NOS ENGAGEMENTS<\/a><\/div>[\/vc_column_inner][vc_column_inner width=\u00a0\u00bb1\/2&Prime;][vc_custom_heading text=\u00a0\u00bbLes groupes la\u00efcs MdI dans le monde\u00a0\u00bb font_container=\u00a0\u00bbtag:h2|font_size:20px|text_align:center|line_height:24px\u00a0\u00bb use_theme_fonts=\u00a0\u00bbyes\u00a0\u00bb link=\u00a0\u00bburl:%2Ffr%2Favec-nous%2Flaics-mdi%2Fgruppi-laici-mdi%2F|title:gruppi%20laici%20mdi||\u00a0\u00bb][vc_single_image image=\u00a0\u00bb29169&Prime; img_size=\u00a0\u00bbfull\u00a0\u00bb alignment=\u00a0\u00bbcenter\u00a0\u00bb onclick=\u00a0\u00bbcustom_link\u00a0\u00bb link=\u00a0\u00bb\/fr\/avec-nous\/laics-mdi\/gruppi-laici-mdi\/\u00a0\u00bb][\/vc_column_inner][\/vc_row_inner][\/vc_column][\/vc_row]<\/p>\n<\/div>","protected":false},"excerpt":{"rendered":"<p>[vc_row padding_top=\u00a0\u00bb20&Prime; padding_bottom=\u00a0\u00bb20&Prime;][vc_column][vc_column_text] Le groupe des la\u00efcs Mdi est form\u00e9s par des hommes et des femmes, \u00e9pous\u00e9s et non, qui portent dans le c\u0153ur une grande passion missionnaire et d\u00e9sirent la vivre selon le style et la spiritualit\u00e9 des Missionnaires de l\u2019Immacul\u00e9e. Pendant leur quotidiennet\u00e9, dans leur \u00e9tat de vie et dans les diverses activit\u00e9s d\u2019\u00e9vang\u00e9lisation qui d\u00e9roulent dedans et dehors de la paroisse, d\u00e9sirent annoncer le Seigneur \u00e0 ceux qui ne le connaissent ou de ceux qui se sont \u00e9loign\u00e9s par le plus diff\u00e9rents raisons. La passion missionnaire n\u2019a pas de limites! Les La\u00efcs MdI sont disponibles \u00e0 partir pour annoncer l\u2019Evangile dans des autres terres de mission pour une p\u00e9riode de temps, si ils peuvent en avoir la possibilit\u00e9s et les conditions. \u00a0 COLONNES SPIRITUELLES Sont des personnes la\u00efcs, hommes et femmes, anim\u00e9s par la passion missionnaire, qui s\u2019engagent \u00e0 soutenir spirituellement, avec la pri\u00e8re et l\u2019offrande des sacrifices quotidiens, les missionnaires et toutes les activit\u00e9s d\u2019\u00e9vang\u00e9lisation qui nous menons.[\/vc_column_text][vc_row_inner equal_height=\u00a0\u00bbyes\u00a0\u00bb content_placement=\u00a0\u00bbmiddle\u00a0\u00bb][vc_column_inner width=\u00a0\u00bb1\/2&Prime;][\/vc_column_inner][vc_column_inner width=\u00a0\u00bb1\/2&Prime;][vc_custom_heading text=\u00a0\u00bbLes groupes la\u00efcs MdI dans le monde\u00a0\u00bb font_container=\u00a0\u00bbtag:h2|font_size:20px|text_align:center|line_height:24px\u00a0\u00bb use_theme_fonts=\u00a0\u00bbyes\u00a0\u00bb link=\u00a0\u00bburl:%2Ffr%2Favec-nous%2Flaics-mdi%2Fgruppi-laici-mdi%2F|title:gruppi%20laici%20mdi||\u00a0\u00bb][vc_single_image image=\u00a0\u00bb29169&Prime; img_size=\u00a0\u00bbfull\u00a0\u00bb alignment=\u00a0\u00bbcenter\u00a0\u00bb onclick=\u00a0\u00bbcustom_link\u00a0\u00bb link=\u00a0\u00bb\/fr\/avec-nous\/laics-mdi\/gruppi-laici-mdi\/\u00a0\u00bb][\/vc_column_inner][\/vc_row_inner][\/vc_column][\/vc_row]<\/p>\n","protected":false},"author":6,"featured_media":0,"parent":29033,"menu_order":0,"comment_status":"closed","ping_status":"closed","template":"","meta":{"_acf_changed":false,"footnotes":""},"class_list":["post-29172","page","type-page","status-publish","hentry"],"acf":[],"aioseo_notices":[],"jetpack_sharing_enabled":true,"_links":{"self":[{"href":"https:\/\/mdipime.org\/fr\/wp-json\/wp\/v2\/pages\/29172","targetHints":{"allow":["GET"]}}],"collection":[{"href":"https:\/\/mdipime.org\/fr\/wp-json\/wp\/v2\/pages"}],"about":[{"href":"https:\/\/mdipime.org\/fr\/wp-json\/wp\/v2\/types\/page"}],"author":[{"embeddable":true,"href":"https:\/\/mdipime.org\/fr\/wp-json\/wp\/v2\/users\/6"}],"replies":[{"embeddable":true,"href":"https:\/\/mdipime.org\/fr\/wp-json\/wp\/v2\/comments?post=29172"}],"version-history":[{"count":0,"href":"https:\/\/mdipime.org\/fr\/wp-json\/wp\/v2\/pages\/29172\/revisions"}],"up":[{"embeddable":true,"href":"https:\/\/mdipime.org\/fr\/wp-json\/wp\/v2\/pages\/29033"}],"wp:attachment":[{"href":"https:\/\/mdipime.org\/fr\/wp-json\/wp\/v2\/media?parent=29172"}],"curies":[{"name":"wp","href":"https:\/\/api.w.org\/{rel}","templated":true}]}}