{"id":29174,"date":"2017-03-31T12:34:11","date_gmt":"2017-03-31T10:34:11","guid":{"rendered":"https:\/\/www.mdipime.org\/amici-mdi\/"},"modified":"2023-04-19T11:16:57","modified_gmt":"2023-04-19T09:16:57","slug":"amici-mdi","status":"publish","type":"page","link":"https:\/\/mdipime.org\/fr\/avec-nous\/amici-mdi\/","title":{"rendered":"Amis MdI"},"content":{"rendered":"<div class=\"wpb-content-wrapper\"><p>[vc_row padding_top=\u00a0\u00bb20&Prime; padding_bottom=\u00a0\u00bb20&Prime;][vc_column][vc_custom_heading text=\u00a0\u00bbAmis des Missionnaires de l&rsquo;Immacul\u00e9e\u00a0\u00bb font_container=\u00a0\u00bbtag:h2|font_size:30px|text_align:left|color:%23eb0707|line_height:36px\u00a0\u00bb google_fonts=\u00a0\u00bbfont_family:Shadows%20Into%20Light%20Two%3Aregular|font_style:400%20regular%3A400%3Anormal\u00a0\u00bb][vc_column_text]Notre histoire commence officiellement et d\u2019une mani\u00e8re bien organis\u00e9e \u00a0le 3 Novembre 1997, \u00e0 Milan, Rue Masaccio 20, dans la Maison M\u00e8re des Missionnaires de l\u2019Immacul\u00e9e, \u00a0qui est aussi le si\u00e8ge de la Province Italie. Ce jour-l\u00e0, devant un Notaire et en pr\u00e9sence de 41 personnes, nous participons \u00e0 la fondation de notre association de volontaires qui prendra dor\u00e9navant le nom de\u00a0: \u201c<strong>ASSOCIATION DES AMIS DES MISSIONNAIRES DE L\u2019IMMACULEE<\/strong>\u201d.[\/vc_column_text][vc_images_carousel images=\u00a0\u00bb29175,29177&Prime; img_size=\u00a0\u00bb360&#215;180&Prime; hide_pagination_control=\u00a0\u00bbyes\u00a0\u00bb hide_prev_next_buttons=\u00a0\u00bbyes\u00a0\u00bb min_items=\u00a0\u00bb2&Prime; max_items=\u00a0\u00bb2&Prime;][vc_column_text]L\u2019ASSOCIATION soutient sp\u00e9cialement les projets et les activit\u00e9s dans tous les continents o\u00f9 sont pr\u00e9sentes les Missionnaires de l\u2019Immacul\u00e9e \u00e0 savoir\u00a0: en Italie, en Guin\u00e9e Bissau, au Cameroun et en Alg\u00e9rie, en Inde, au Bangladesh et en Chine, au Br\u00e9sil et enfin en Papua Nouvelle Guin\u00e9e.<\/p>\n<p>La finalit\u00e9 de l\u2019Association est exclusivement bas\u00e9e \u00a0sur la solidarit\u00e9 sociale envers les personnes d\u00e9favoris\u00e9es \u00a0\u00e0 cause de leurs conditions physiques, psychiques, \u00e9conomiques, sociales ou familiales.<\/p>\n<p>Les membres de l\u2019association \u00a0r\u00e9alisent et soutiennent les \u0153uvres entreprises par les Missionnaires de l\u2019Immacul\u00e9e, en participant activement dans les secteurs de l\u2019assistance sociale et sanitaire, l\u2019aide, la formation, l\u2019\u00e9ducation, la promotion culturelle et les arts\u201d.<\/p>\n<p><strong>Si\u00e8ge Social:<\/strong><\/p>\n<p>Via Masaccio, 20<br \/>\n20149 \u2013 MILANO<\/p>\n<p><strong>Tel:<\/strong>\u00a0<a href=\"tel:0248005105\">(+39) 02 48005105<\/a><\/p>\n<p><strong>Mail:<\/strong>\u00a0<a href=\"mailto:amici.missionarie@mdiprov.it\">amici.missionarie@mdiprov.it<\/a><\/p>\n<p>Si vous d\u00e9sirez mieux connaitre les projets et activit\u00e9s de l\u2019association, mais aussi participer aux \u00e9v\u00e9nements qu\u2019elle organise, vous \u00eates conviez \u00e0 visiter notre site web\u00a0![\/vc_column_text]<div class=\"text-center\"><a class=\"btn sac-btn no-border-radius btn-default btn-xl\" href=\"http:\/\/www.amicidellemissionarie.org\/\" target=\"_blank\" style=\"border: none !important;\">Veuillez-vous rendre au site !<\/a><\/div>[\/vc_column][\/vc_row][vc_row][vc_column][vc_video link=\u00a0\u00bbhttps:\/\/www.youtube.com\/watch?v=mDSMNaIMntY\u00a0\u00bb el_aspect=\u00a0\u00bb235&Prime; title=\u00a0\u00bbVous pouvez regarder la vid\u00e9o pr\u00e9sent\u00e9e \u00e0 la derni\u00e8re assembl\u00e9e de l&rsquo;Association\u00a0\u00bb][\/vc_column][\/vc_row]<\/p>\n<\/div>","protected":false},"excerpt":{"rendered":"<p>[vc_row padding_top=\u00a0\u00bb20&Prime; padding_bottom=\u00a0\u00bb20&Prime;][vc_column][vc_custom_heading text=\u00a0\u00bbAmis des Missionnaires de l&rsquo;Immacul\u00e9e\u00a0\u00bb font_container=\u00a0\u00bbtag:h2|font_size:30px|text_align:left|color:%23eb0707|line_height:36px\u00a0\u00bb google_fonts=\u00a0\u00bbfont_family:Shadows%20Into%20Light%20Two%3Aregular|font_style:400%20regular%3A400%3Anormal\u00a0\u00bb][vc_column_text]Notre histoire commence officiellement et d\u2019une mani\u00e8re bien organis\u00e9e \u00a0le 3 Novembre 1997, \u00e0 Milan, Rue Masaccio 20, dans la Maison M\u00e8re des Missionnaires de l\u2019Immacul\u00e9e, \u00a0qui est aussi le si\u00e8ge de la Province Italie. Ce jour-l\u00e0, devant un Notaire et en pr\u00e9sence de 41 personnes, nous participons \u00e0 la fondation de notre association de volontaires qui prendra dor\u00e9navant le nom de\u00a0: \u201cASSOCIATION DES AMIS DES MISSIONNAIRES DE L\u2019IMMACULEE\u201d.[\/vc_column_text][vc_images_carousel images=\u00a0\u00bb29175,29177&Prime; img_size=\u00a0\u00bb360&#215;180&Prime; hide_pagination_control=\u00a0\u00bbyes\u00a0\u00bb hide_prev_next_buttons=\u00a0\u00bbyes\u00a0\u00bb min_items=\u00a0\u00bb2&Prime; max_items=\u00a0\u00bb2&Prime;][vc_column_text]L\u2019ASSOCIATION soutient sp\u00e9cialement les projets et les activit\u00e9s dans tous les continents o\u00f9 sont pr\u00e9sentes les Missionnaires de l\u2019Immacul\u00e9e \u00e0 savoir\u00a0: en Italie, en Guin\u00e9e Bissau, au Cameroun et en Alg\u00e9rie, en Inde, au Bangladesh et en Chine, au Br\u00e9sil et enfin en Papua Nouvelle Guin\u00e9e. La finalit\u00e9 de l\u2019Association est exclusivement bas\u00e9e \u00a0sur la solidarit\u00e9 sociale envers les personnes d\u00e9favoris\u00e9es \u00a0\u00e0 cause de leurs conditions physiques, psychiques, \u00e9conomiques, sociales ou familiales. Les membres de l\u2019association \u00a0r\u00e9alisent et soutiennent les \u0153uvres entreprises par les Missionnaires de l\u2019Immacul\u00e9e, en participant activement dans les secteurs de l\u2019assistance sociale et sanitaire, l\u2019aide, la formation, l\u2019\u00e9ducation, la promotion culturelle et les arts\u201d. Si\u00e8ge Social: Via Masaccio, 20 20149 \u2013 MILANO Tel:\u00a0(+39) 02 48005105 Mail:\u00a0amici.missionarie@mdiprov.it Si vous d\u00e9sirez mieux connaitre les projets et activit\u00e9s de l\u2019association, mais aussi participer aux \u00e9v\u00e9nements qu\u2019elle organise, vous \u00eates conviez \u00e0 visiter notre site web\u00a0![\/vc_column_text][\/vc_column][\/vc_row][vc_row][vc_column][vc_video link=\u00a0\u00bbhttps:\/\/www.youtube.com\/watch?v=mDSMNaIMntY\u00a0\u00bb el_aspect=\u00a0\u00bb235&Prime; title=\u00a0\u00bbVous pouvez regarder la vid\u00e9o pr\u00e9sent\u00e9e \u00e0 la derni\u00e8re assembl\u00e9e de l&rsquo;Association\u00a0\u00bb][\/vc_column][\/vc_row]<\/p>\n","protected":false},"author":6,"featured_media":0,"parent":29033,"menu_order":0,"comment_status":"closed","ping_status":"closed","template":"","meta":{"_acf_changed":false,"googlesitekit_rrm_CAow8ovLDA:productID":"","footnotes":""},"class_list":["post-29174","page","type-page","status-publish","hentry"],"acf":[],"aioseo_notices":[],"jetpack_sharing_enabled":true,"_links":{"self":[{"href":"https:\/\/mdipime.org\/fr\/wp-json\/wp\/v2\/pages\/29174","targetHints":{"allow":["GET"]}}],"collection":[{"href":"https:\/\/mdipime.org\/fr\/wp-json\/wp\/v2\/pages"}],"about":[{"href":"https:\/\/mdipime.org\/fr\/wp-json\/wp\/v2\/types\/page"}],"author":[{"embeddable":true,"href":"https:\/\/mdipime.org\/fr\/wp-json\/wp\/v2\/users\/6"}],"replies":[{"embeddable":true,"href":"https:\/\/mdipime.org\/fr\/wp-json\/wp\/v2\/comments?post=29174"}],"version-history":[{"count":0,"href":"https:\/\/mdipime.org\/fr\/wp-json\/wp\/v2\/pages\/29174\/revisions"}],"up":[{"embeddable":true,"href":"https:\/\/mdipime.org\/fr\/wp-json\/wp\/v2\/pages\/29033"}],"wp:attachment":[{"href":"https:\/\/mdipime.org\/fr\/wp-json\/wp\/v2\/media?parent=29174"}],"curies":[{"name":"wp","href":"https:\/\/api.w.org\/{rel}","templated":true}]}}