{"id":29284,"date":"2017-07-05T12:05:49","date_gmt":"2017-07-05T10:05:49","guid":{"rendered":"https:\/\/www.mdipime.org\/avec-nous\/laics-mdi\/i-nostri-impegni\/"},"modified":"2023-04-19T11:27:09","modified_gmt":"2023-04-19T09:27:09","slug":"i-nostri-impegni","status":"publish","type":"page","link":"https:\/\/mdipime.org\/fr\/avec-nous\/laics-mdi\/i-nostri-impegni\/","title":{"rendered":"Nos engagements"},"content":{"rendered":"<div class=\"wpb-content-wrapper\"><p>[vc_row padding_top=\u00a0\u00bb20&Prime; padding_bottom=\u00a0\u00bb20&Prime;][vc_column][vc_custom_heading text=\u00a0\u00bbQuels sont nos engagements pour vivre la<br \/>\nspiritualit\u00e9 des MdI?\u00a0\u00bb font_container=\u00a0\u00bbtag:h2|font_size:30px|text_align:left|color:%23eb0707|line_height:36px\u00a0\u00bb google_fonts=\u00a0\u00bbfont_family:Shadows%20Into%20Light%20Two%3Aregular|font_style:400%20regular%3A400%3Anormal\u00a0\u00bb][\/vc_column][\/vc_row][vc_row][vc_column width=\u00a0\u00bb1\/2&Prime;]<div class=\"text-center\" ><i class=\"icon-sun icon-4x\"style=\"color: #b8884e\"><\/i> <\/div>[vc_column_text]<strong>Nous offrons la pri\u00e8re et les sacrifices quotidiens<\/strong> pour les missionnaires et les missions \u00e9parpill\u00e9s dans le monde. Nourrissons une particuli\u00e8re d\u00e9votion pour Marie Immacul\u00e9e, Reine des Ap\u00f4tres. Participons \u00e0 la neuvaine en pr\u00e9paration \u00e0 l\u2019Immacul\u00e9e et en c\u00e9l\u00e9brons la Solennit\u00e9 avec un particulier affection car in fait m\u00e9moire de la fondation de la Congr\u00e9gation des Missionnaires de l\u2019Immacul\u00e9e.[\/vc_column_text][\/vc_column][vc_column width=\u00a0\u00bb1\/2&Prime;]<div class=\"text-center\" ><i class=\"icon-group icon-4x\"style=\"color: #b8884e\"><\/i> <\/div>[vc_column_text]En tant que communaut\u00e9 de La\u00efcs MdI nous <strong>nous rencontrons mensuellement<\/strong>\u00a0 pour les formations. Nous avons des moments de fraternit\u00e9 et de partage entre nous et avec les Missionnaires de l\u2019Immacul\u00e9e qui nous accompagnent de plus proche. Nous participons aux joies et douleurs de cette famille missionnaire avec la pr\u00e9sence discr\u00e8te et la pri\u00e8re.<\/p>\n<p style=\"text-align: center;\">Nous sommes invit\u00e9s \u00e0 partager avec les s\u0153urs certains moments importants de rencontre et de formation de l\u2019Institut.<\/p>\n<p>[\/vc_column_text][\/vc_column][\/vc_row][vc_row][vc_column width=\u00a0\u00bb1\/2&Prime;]<div class=\"text-center\" ><i class=\"icon-streamline-group-chat icon-4x\"style=\"color: #b8884e\"><\/i> <\/div>[vc_column_text]<\/p>\n<p style=\"text-align: justify;\">Menons des <strong>activit\u00e9s apostoliques<\/strong> dans les partisse, en privil\u00e9giant les contextes o\u00f9 c\u2019est plus urgent l\u2019annonce de l\u2019Evangile ou la nouvelle \u00e9vang\u00e9lisation, Nous collaborons dans les activit\u00e9s d\u2019animation missionnaire. Promouvons la vie et nous avons une particuli\u00e8re attention pour les plus pauvres et marginalis\u00e9s de la soci\u00e9t\u00e9.<\/p>\n<p>[\/vc_column_text][\/vc_column][vc_column width=\u00a0\u00bb1\/2&Prime;]<div class=\"text-center\" ><i class=\"icon-globe icon-4x\"style=\"color: #b8884e\"><\/i> <\/div>[vc_column_text]<\/p>\n<p style=\"text-align: center;\">Pour qui le d\u00e9sire et en a la possibilit\u00e9, peut<strong> partir<\/strong> et s\u00e9journer dans les pays de mission, en entrant en dialogue et selon un projet concord\u00e9 avec les Responsables de l\u2019Institut.<\/p>\n<p>[\/vc_column_text][\/vc_column][\/vc_row]<\/p>\n<\/div>","protected":false},"excerpt":{"rendered":"<p>[vc_row padding_top=\u00a0\u00bb20&Prime; padding_bottom=\u00a0\u00bb20&Prime;][vc_column][vc_custom_heading text=\u00a0\u00bbQuels sont nos engagements pour vivre la spiritualit\u00e9 des MdI?\u00a0\u00bb font_container=\u00a0\u00bbtag:h2|font_size:30px|text_align:left|color:%23eb0707|line_height:36px\u00a0\u00bb google_fonts=\u00a0\u00bbfont_family:Shadows%20Into%20Light%20Two%3Aregular|font_style:400%20regular%3A400%3Anormal\u00a0\u00bb][\/vc_column][\/vc_row][vc_row][vc_column width=\u00a0\u00bb1\/2&Prime;][vc_column_text]Nous offrons la pri\u00e8re et les sacrifices quotidiens pour les missionnaires et les missions \u00e9parpill\u00e9s dans le monde. Nourrissons une particuli\u00e8re d\u00e9votion pour Marie Immacul\u00e9e, Reine des Ap\u00f4tres. Participons \u00e0 la neuvaine en pr\u00e9paration \u00e0 l\u2019Immacul\u00e9e et en c\u00e9l\u00e9brons la Solennit\u00e9 avec un particulier affection car in fait m\u00e9moire de la fondation de la Congr\u00e9gation des Missionnaires de l\u2019Immacul\u00e9e.[\/vc_column_text][\/vc_column][vc_column width=\u00a0\u00bb1\/2&Prime;][vc_column_text]En tant que communaut\u00e9 de La\u00efcs MdI nous nous rencontrons mensuellement\u00a0 pour les formations. Nous avons des moments de fraternit\u00e9 et de partage entre nous et avec les Missionnaires de l\u2019Immacul\u00e9e qui nous accompagnent de plus proche. Nous participons aux joies et douleurs de cette famille missionnaire avec la pr\u00e9sence discr\u00e8te et la pri\u00e8re. Nous sommes invit\u00e9s \u00e0 partager avec les s\u0153urs certains moments importants de rencontre et de formation de l\u2019Institut. [\/vc_column_text][\/vc_column][\/vc_row][vc_row][vc_column width=\u00a0\u00bb1\/2&Prime;][vc_column_text] Menons des activit\u00e9s apostoliques dans les partisse, en privil\u00e9giant les contextes o\u00f9 c\u2019est plus urgent l\u2019annonce de l\u2019Evangile ou la nouvelle \u00e9vang\u00e9lisation, Nous collaborons dans les activit\u00e9s d\u2019animation missionnaire. Promouvons la vie et nous avons une particuli\u00e8re attention pour les plus pauvres et marginalis\u00e9s de la soci\u00e9t\u00e9. [\/vc_column_text][\/vc_column][vc_column width=\u00a0\u00bb1\/2&Prime;][vc_column_text] Pour qui le d\u00e9sire et en a la possibilit\u00e9, peut partir et s\u00e9journer dans les pays de mission, en entrant en dialogue et selon un projet concord\u00e9 avec les Responsables de l\u2019Institut. [\/vc_column_text][\/vc_column][\/vc_row]<\/p>\n","protected":false},"author":14,"featured_media":0,"parent":29172,"menu_order":0,"comment_status":"closed","ping_status":"closed","template":"","meta":{"_acf_changed":false,"footnotes":""},"class_list":["post-29284","page","type-page","status-publish","hentry"],"acf":[],"aioseo_notices":[],"jetpack_sharing_enabled":true,"_links":{"self":[{"href":"https:\/\/mdipime.org\/fr\/wp-json\/wp\/v2\/pages\/29284","targetHints":{"allow":["GET"]}}],"collection":[{"href":"https:\/\/mdipime.org\/fr\/wp-json\/wp\/v2\/pages"}],"about":[{"href":"https:\/\/mdipime.org\/fr\/wp-json\/wp\/v2\/types\/page"}],"author":[{"embeddable":true,"href":"https:\/\/mdipime.org\/fr\/wp-json\/wp\/v2\/users\/14"}],"replies":[{"embeddable":true,"href":"https:\/\/mdipime.org\/fr\/wp-json\/wp\/v2\/comments?post=29284"}],"version-history":[{"count":0,"href":"https:\/\/mdipime.org\/fr\/wp-json\/wp\/v2\/pages\/29284\/revisions"}],"up":[{"embeddable":true,"href":"https:\/\/mdipime.org\/fr\/wp-json\/wp\/v2\/pages\/29172"}],"wp:attachment":[{"href":"https:\/\/mdipime.org\/fr\/wp-json\/wp\/v2\/media?parent=29284"}],"curies":[{"name":"wp","href":"https:\/\/api.w.org\/{rel}","templated":true}]}}