{"id":29309,"date":"2017-06-30T11:36:21","date_gmt":"2017-06-30T09:36:21","guid":{"rendered":"https:\/\/www.mdipime.org\/storia\/la-storia-continua-date-importanti\/"},"modified":"2025-02-20T17:38:10","modified_gmt":"2025-02-20T16:38:10","slug":"lhistoire-continue-dates-importantes","status":"publish","type":"page","link":"https:\/\/mdipime.org\/fr\/mdi-missionnaires-de-immaculee\/histoire\/lhistoire-continue-dates-importantes\/","title":{"rendered":"L\u2019histoire continue: dates importantes"},"content":{"rendered":"<div class=\"wpb-content-wrapper\"><p>[vc_row][vc_column][vc_column_text css=\u00a0\u00bb\u00a0\u00bb][\/vc_column_text]<div class=\"text-center\"><a class=\"btn sac-btn with-icon no-border-radius btn-custom btn-lg hover-tip\" href=\"\/wp-content\/uploads\/2020\/05\/75-ans-de-grace-completo.pdf\" target=\"_blank\" data-toggle=\"tooltip\" data-original-title=\"En cliquant sur le bouton vous pouvez t\u00e9l\u00e9charger le pdf ``75 ans de gr\u00e2ce`` o\u00f9 se trouvent ces dates importantes et d'autres de notre congr\u00e9gation\" data-placement=\"top\" style=\"font-size: 22px;font-weight: 700;border: none !important;\"><i class=\"icon-download\" ><\/i> 75 ans de grace<\/a><\/div>[\/vc_column][\/vc_row]<\/p>\n<\/div>","protected":false},"excerpt":{"rendered":"<p>[vc_row][vc_column][vc_column_text css=\u00a0\u00bb\u00a0\u00bb][\/vc_column_text][\/vc_column][\/vc_row]<\/p>\n","protected":false},"author":14,"featured_media":0,"parent":29293,"menu_order":0,"comment_status":"closed","ping_status":"closed","template":"","meta":{"_acf_changed":false,"footnotes":""},"class_list":["post-29309","page","type-page","status-publish","hentry"],"acf":[],"aioseo_notices":[],"jetpack_sharing_enabled":true,"_links":{"self":[{"href":"https:\/\/mdipime.org\/fr\/wp-json\/wp\/v2\/pages\/29309","targetHints":{"allow":["GET"]}}],"collection":[{"href":"https:\/\/mdipime.org\/fr\/wp-json\/wp\/v2\/pages"}],"about":[{"href":"https:\/\/mdipime.org\/fr\/wp-json\/wp\/v2\/types\/page"}],"author":[{"embeddable":true,"href":"https:\/\/mdipime.org\/fr\/wp-json\/wp\/v2\/users\/14"}],"replies":[{"embeddable":true,"href":"https:\/\/mdipime.org\/fr\/wp-json\/wp\/v2\/comments?post=29309"}],"version-history":[{"count":0,"href":"https:\/\/mdipime.org\/fr\/wp-json\/wp\/v2\/pages\/29309\/revisions"}],"up":[{"embeddable":true,"href":"https:\/\/mdipime.org\/fr\/wp-json\/wp\/v2\/pages\/29293"}],"wp:attachment":[{"href":"https:\/\/mdipime.org\/fr\/wp-json\/wp\/v2\/media?parent=29309"}],"curies":[{"name":"wp","href":"https:\/\/api.w.org\/{rel}","templated":true}]}}