{"id":29345,"date":"2020-05-06T10:00:39","date_gmt":"2020-05-06T08:00:39","guid":{"rendered":"https:\/\/www.mdipime.org\/?page_id=29345"},"modified":"2024-03-22T14:25:30","modified_gmt":"2024-03-22T13:25:30","slug":"charisme-et-spiritualite","status":"publish","type":"page","link":"https:\/\/mdipime.org\/fr\/mdi-missionnaires-de-immaculee\/charisme-et-spiritualite\/","title":{"rendered":"Spiritualit\u00e9"},"content":{"rendered":"<div class=\"wpb-content-wrapper\"><p>[vc_row][vc_column][vc_custom_heading text=\u00a0\u00bbCharisme et Spiritualit\u00e9\u00a0\u00bb font_container=\u00a0\u00bbtag:h2|font_size:40px|text_align:left|color:%23ed0707|line_height:44px\u00a0\u00bb google_fonts=\u00a0\u00bbfont_family:Shadows%20Into%20Light%20Two%3Aregular|font_style:400%20regular%3A400%3Anormal\u00a0\u00bb][vc_column_text]La gr\u00e2ce que nous avons re\u00e7ue de Dieu, et qui est notre charisme dans l\u2019Eglise, est la vive passion d\u2019annoncer le R\u00e8gne de Dieu \u00e0 tous. Nous croyons l\u2019avoir re\u00e7ue comme un don et en m\u00eame temps le devoir de nous mettre enti\u00e8rement au service de la mission. \u00a0Dieu est notre P\u00e8re \u00e0 tous\u00a0: c\u2019est\u00a0\u00a0\u00a0 Bonne Nouvelle du Seigneur J\u00e9sus que nous transmettons, \u00e0 travers les paroles et les \u0153uvres \u00e0 tout le monde, surtout \u00e0 ceux qui ne la connaissent pas encore et qui ont le plus besoin de quelqu\u2019un qui se \u00ab\u00a0fasse proche d\u2019eux\u00a0\u00bb.<\/p>\n<p>Nous appartenons \u00e0 une famille qui depuis toujours s\u2019est identifi\u00e9e comme une congr\u00e9gation missionnaire dans le sens plus vaste et plus haut du mot. Car, c\u2019est ainsi qu\u2019elle a \u00e9t\u00e9 \u00a0voulue par les fondatrices qui se sont laiss\u00e9es toucher par les paroles inspir\u00e9es du <strong><a href=\"\/?page_id=8295\">p\u00e8re Paolo Manna<\/a>.<\/strong><\/p>\n<p>Notre icone \u00e9vang\u00e9lique est<strong> J\u00e9sus l\u2019envoy\u00e9, le missionnaire, l\u2019Ap\u00f4tre du P\u00e8re<\/strong>. Il se pr\u00e9sente \u00e0 nous avec les apparences du bon Semeur et nous interpelle comme Semences pour que nous puissions nous laisser d\u00e9poser dans la \u00a0terre.<\/p>\n<p><img decoding=\"async\" class=\"size-medium wp-image-9185 alignleft\" src=\"https:\/\/www.mdipime.org\/wp-content\/uploads\/2017\/03\/semeador-mdipime-208x300.png\" alt=\"semeador-catedrale di Registro - Claudio Pastro\" width=\"208\" height=\"300\" srcset=\"https:\/\/mdipime.org\/wp-content\/uploads\/2017\/03\/semeador-mdipime-208x300.png 208w, https:\/\/mdipime.org\/wp-content\/uploads\/2017\/03\/semeador-mdipime.png 515w\" sizes=\"(max-width: 208px) 100vw, 208px\" \/><\/p>\n<p>Dans le geste du Semeur nous voyons les traits de l\u2019esprit missionnaire que nous sommes appel\u00e9es \u00e0 vivre.<\/p>\n<p>S\u00e8me sans voir o\u00f9 la semence va tomber. S\u00e8me avec foi.<\/p>\n<p>S\u00e8me et la semence ira partout\u00a0: s\u00e8me avec amour et sans limites.<\/p>\n<p>S\u00e8me sans te soucier de la fatigue et de la solitude\u00a0: s\u00e8me dans le sacrifice.<\/p>\n<p>S\u00e8me sans te pr\u00e9occuper de voir tout de suite les r\u00e9sultats\u00a0: s\u00e8me avec force et espoir.<\/p>\n<p>S\u00e8me seul, mais avec un \u00a0geste qui appelle et attend les ouvriers\u00a0: communion qui nait, \u00c9glise missionnaire.<\/p>\n<p><strong>Foi vive,\u00a0amour universelle, esprit de sacrifice\u00a0sans r\u00e9serves,\u00a0force\u00a0et\u00a0esp\u00e9rance,\u00a0communion eccl\u00e9siale<\/strong>\u00a0: voici les traits spirituels de notre mani\u00e8re d\u2019\u00eatre missionnaires ad gentes.<\/p>\n<p>&nbsp;<\/p>\n<p>Pour r\u00e9aliser ce projet de vie, nous tirons notre force de l\u2019Eucharistie et du soutien de Marie, l\u2019Immacul\u00e9e, la femme du oui, la Reine des ap\u00f4tres, celle qui nous enseigne \u00e0 accomplir le dessein du P\u00e8re.<\/p>\n<p>Chacune de nous a ressenti en soi, comme premier germe charismatique un ardent et passionn\u00e9 d\u00e9sir d\u2019\u00eatre missionnaire, envoy\u00e9e comme J\u00e9sus Ap\u00f4tre- Semeur et Semence \u2013 envoy\u00e9e par J\u00e9sus, pour continuer dans le monde sa mission.[\/vc_column_text][\/vc_column][\/vc_row]<\/p>\n<\/div>","protected":false},"excerpt":{"rendered":"<p>[vc_row][vc_column][vc_custom_heading text=\u00a0\u00bbCharisme et Spiritualit\u00e9\u00a0\u00bb font_container=\u00a0\u00bbtag:h2|font_size:40px|text_align:left|color:%23ed0707|line_height:44px\u00a0\u00bb google_fonts=\u00a0\u00bbfont_family:Shadows%20Into%20Light%20Two%3Aregular|font_style:400%20regular%3A400%3Anormal\u00a0\u00bb][vc_column_text]La gr\u00e2ce que nous avons re\u00e7ue de Dieu, et qui est notre charisme dans l\u2019Eglise, est la vive passion d\u2019annoncer le R\u00e8gne de Dieu \u00e0 tous. Nous croyons l\u2019avoir re\u00e7ue comme un don et en m\u00eame temps le devoir de nous mettre enti\u00e8rement au service de la mission. \u00a0Dieu est notre P\u00e8re \u00e0 tous\u00a0: c\u2019est\u00a0\u00a0\u00a0 Bonne Nouvelle du Seigneur J\u00e9sus que nous transmettons, \u00e0 travers les paroles et les \u0153uvres \u00e0 tout le monde, surtout \u00e0 ceux qui ne la connaissent pas encore et qui ont le plus besoin de quelqu\u2019un qui se \u00ab\u00a0fasse proche d\u2019eux\u00a0\u00bb. Nous appartenons \u00e0 une famille qui depuis toujours s\u2019est identifi\u00e9e comme une congr\u00e9gation missionnaire dans le sens plus vaste et plus haut du mot. Car, c\u2019est ainsi qu\u2019elle a \u00e9t\u00e9 \u00a0voulue par les fondatrices qui se sont laiss\u00e9es toucher par les paroles inspir\u00e9es du p\u00e8re Paolo Manna. Notre icone \u00e9vang\u00e9lique est J\u00e9sus l\u2019envoy\u00e9, le missionnaire, l\u2019Ap\u00f4tre du P\u00e8re. Il se pr\u00e9sente \u00e0 nous avec les apparences du bon Semeur et nous interpelle comme Semences pour que nous puissions nous laisser d\u00e9poser dans la \u00a0terre. Dans le geste du Semeur nous voyons les traits de l\u2019esprit missionnaire que nous sommes appel\u00e9es \u00e0 vivre. S\u00e8me sans voir o\u00f9 la semence va tomber. S\u00e8me avec foi. S\u00e8me et la semence ira partout\u00a0: s\u00e8me avec amour et sans limites. S\u00e8me sans te soucier de la fatigue et de la solitude\u00a0: s\u00e8me dans le sacrifice. S\u00e8me sans te pr\u00e9occuper de voir tout de suite les r\u00e9sultats\u00a0: s\u00e8me avec force et espoir. S\u00e8me seul, mais avec un \u00a0geste qui appelle et attend les ouvriers\u00a0: communion qui nait, \u00c9glise missionnaire. Foi vive,\u00a0amour universelle, esprit de sacrifice\u00a0sans r\u00e9serves,\u00a0force\u00a0et\u00a0esp\u00e9rance,\u00a0communion eccl\u00e9siale\u00a0: voici les traits spirituels de notre mani\u00e8re d\u2019\u00eatre missionnaires ad gentes. &nbsp; Pour r\u00e9aliser ce projet de vie, nous tirons notre force de l\u2019Eucharistie et du soutien de Marie, l\u2019Immacul\u00e9e, la femme du oui, la Reine des ap\u00f4tres, celle qui nous enseigne \u00e0 accomplir le dessein du P\u00e8re. Chacune de nous a ressenti en soi, comme premier germe charismatique un ardent et passionn\u00e9 d\u00e9sir d\u2019\u00eatre missionnaire, envoy\u00e9e comme J\u00e9sus Ap\u00f4tre- Semeur et Semence \u2013 envoy\u00e9e par J\u00e9sus, pour continuer dans le monde sa mission.[\/vc_column_text][\/vc_column][\/vc_row]<\/p>\n","protected":false},"author":6,"featured_media":0,"parent":29435,"menu_order":0,"comment_status":"closed","ping_status":"closed","template":"","meta":{"_acf_changed":false,"footnotes":""},"class_list":["post-29345","page","type-page","status-publish","hentry"],"acf":[],"aioseo_notices":[],"jetpack_sharing_enabled":true,"_links":{"self":[{"href":"https:\/\/mdipime.org\/fr\/wp-json\/wp\/v2\/pages\/29345","targetHints":{"allow":["GET"]}}],"collection":[{"href":"https:\/\/mdipime.org\/fr\/wp-json\/wp\/v2\/pages"}],"about":[{"href":"https:\/\/mdipime.org\/fr\/wp-json\/wp\/v2\/types\/page"}],"author":[{"embeddable":true,"href":"https:\/\/mdipime.org\/fr\/wp-json\/wp\/v2\/users\/6"}],"replies":[{"embeddable":true,"href":"https:\/\/mdipime.org\/fr\/wp-json\/wp\/v2\/comments?post=29345"}],"version-history":[{"count":0,"href":"https:\/\/mdipime.org\/fr\/wp-json\/wp\/v2\/pages\/29345\/revisions"}],"up":[{"embeddable":true,"href":"https:\/\/mdipime.org\/fr\/wp-json\/wp\/v2\/pages\/29435"}],"wp:attachment":[{"href":"https:\/\/mdipime.org\/fr\/wp-json\/wp\/v2\/media?parent=29345"}],"curies":[{"name":"wp","href":"https:\/\/api.w.org\/{rel}","templated":true}]}}