{"id":29349,"date":"2017-03-30T10:08:07","date_gmt":"2017-03-30T08:08:07","guid":{"rendered":"https:\/\/www.mdipime.org\/cosa-facciamo\/"},"modified":"2024-03-22T14:03:32","modified_gmt":"2024-03-22T13:03:32","slug":"ce-que-nous-faisons","status":"publish","type":"page","link":"https:\/\/mdipime.org\/fr\/mdi-missionnaires-de-immaculee\/ce-que-nous-faisons\/","title":{"rendered":"Ce que nous faisons"},"content":{"rendered":"<div class=\"wpb-content-wrapper\"><p>[vc_row padding_top=\u00a0\u00bb0&Prime;][vc_column][vc_custom_heading text=\u00a0\u00bbNos activit\u00e9s\u00a0\u00bb font_container=\u00a0\u00bbtag:h2|font_size:40px|text_align:left|color:%23ff2e2a|line_height:44px\u00a0\u00bb google_fonts=\u00a0\u00bbfont_family:Shadows%20Into%20Light%20Two%3Aregular|font_style:400%20regular%3A400%3Anormal\u00a0\u00bb][vc_column_text]<img decoding=\"async\" class=\"alignleft wp-image-9157\" title=\"attivit\u00e0 mdipime\" src=\"https:\/\/mdipime.org\/wp-content\/uploads\/2017\/03\/maria-barca-201x300.png\" alt=\"attivit\u00e0 mdipime\" width=\"134\" height=\"200\" srcset=\"https:\/\/mdipime.org\/wp-content\/uploads\/2017\/03\/maria-barca-201x300.png 201w, https:\/\/mdipime.org\/wp-content\/uploads\/2017\/03\/maria-barca.png 528w\" sizes=\"(max-width: 134px) 100vw, 134px\" \/><\/p>\n<p>Le don re\u00e7u avec notre charisme nous pousse \u00e0 nous mettre au service de la croissance du R\u00e8gne d\u2019amour, de paix et justice inaugur\u00e9 par le Seigneur J\u00e9sus pour toute l\u2019humanit\u00e9, en donnant la priorit\u00e9 aux peuples et contextes o\u00f9 la premi\u00e8re n\u00e9cessit\u00e9 est l\u2019annonce de l\u2019Evangile.<\/p>\n<p>Comment \u00a0le faisons-nous concr\u00e8tement? \u00a0Nous cherchons de r\u00e9pondre aux besoins de vie, de sant\u00e9, d\u2019instruction, de dignit\u00e9, d\u2019amour \u00e0 la recherche d\u2019un sens de sa propre existence, \u2026 demandes qui surgissent de l\u2019humanit\u00e9 que nous rencontrons.<\/p>\n<p>Nous nous d\u00e9dions \u00e0 l\u2019annonce de l\u2019Evangile dans les villes et les villages, \u00e0 travers l\u2019action pastorale, la cat\u00e9ch\u00e8se, l\u2019animation missionnaire\u2026<\/p>\n<p>Nous travaillons dans les dispensaires, les h\u00f4pitaux, les \u00e9coles et les foyers pour \u00e9tudiants pauvres; nous faisons des activit\u00e9s caritatives et de d\u00e9veloppement \u00a0humain, la promotion de la femme, l\u2019aide \u00e0 la croissance des jeunes, la visite aux prisonniers\u2026<\/p>\n<p>Quant aux soins des malades de l\u00e8pre, une attention sp\u00e9ciale est port\u00e9e aujourd\u2019hui sur les malades atteints par le VIH-SIDA et leurs familles, en particulier aux enfants s\u00e9ropositifs\u00a0 et \u00e0 ceux qui sont rest\u00e9s orphelins.<\/p>\n<p>Envoy\u00e9es par vocation parmi les non-catholiques, nous cultivons un esprit \u0153cum\u00e9nique et de dialogue avec les croyants d\u2019autres religions. Avec eux nous collaborons dans les activit\u00e9s sociales et dans la lutte contre toute forme de pauvret\u00e9 et d\u2019injustice.<\/p>\n<p>Selon les n\u00e9cessit\u00e9s et les lieux, nous d\u00e9couvrons d\u2019autres formes d\u2019activit\u00e9s missionnaires. Ainsi en Afrique et au Br\u00e9sil\u00a0 il y a quelques \u00a0s\u0153urs qui \u00a0collaborent dans les programmes \u00e0 la Radio; une s\u0153ur en Inde est engag\u00e9e comme avocat dans un Centre qui d\u00e9fend \u00a0les droits des femmes. Une s\u0153ur enseigne missiologie \u00e0 l\u2019universit\u00e9 de San Paulo au Br\u00e9sil, et bien d\u2019autres dans diff\u00e9rents Pays enseignent, avec beaucoup de cr\u00e9ativit\u00e9, des \u0153uvres d\u2019artisanat aux femmes pauvres. A Hong Kong des s\u0153urs se d\u00e9placent p\u00e9riodiquement en Chine continentale, pour enseigner l\u2019anglais ou pour assister les \u00a0personnes avec handicap; une s\u0153ur a \u00e9t\u00e9 envoy\u00e9e au Sud Soudan pour pr\u00e9parer des futurs infirmiers et une autre est au N\u00e9pal, o\u00f9 elle collabore avec des Pr\u00eatres J\u00e9suites pour aider les enfants r\u00e9fugi\u00e9s du Bhutan\u2026[\/vc_column_text][vc_custom_heading text=\u00a0\u00bbLes Communaut\u00e9s\u00a0\u00bb font_container=\u00a0\u00bbtag:h2|font_size:40px|text_align:left|color:%23ff2e2a|line_height:44px\u00a0\u00bb google_fonts=\u00a0\u00bbfont_family:Shadows%20Into%20Light%20Two%3Aregular|font_style:400%20regular%3A400%3Anormal\u00a0\u00bb link=\u00a0\u00bburl:%2Fmissionarie-immacolata%2Fcomunita%2F|||\u00a0\u00bb][vc_column_text]<img decoding=\"async\" class=\"alignleft wp-image-29359\" src=\"https:\/\/mdipime.org\/wp-content\/uploads\/2017\/03\/comunita-291x300.png\" alt=\"comunit\u00e0 mdipime\" width=\"194\" height=\"200\" srcset=\"https:\/\/mdipime.org\/wp-content\/uploads\/2017\/03\/comunita-291x300.png 291w, https:\/\/mdipime.org\/wp-content\/uploads\/2017\/03\/comunita.png 608w\" sizes=\"(max-width: 194px) 100vw, 194px\" \/>Nous vivons en communaut\u00e9s internationales, tr\u00e8s diff\u00e9rentes \u00a0entre elles d\u2019apr\u00e8s le pays, les lieux et les situations apostoliques\u00a0: soit les petites communaut\u00e9s \u00ab\u00a0satellites\u00a0\u00bb form\u00e9es de deux ou trois s\u0153urs, que celles plus grandes avec quelques dizaines de membres qui travaillent dans les \u00e9coles, les h\u00f4pitaux et les centres sociaux ou qui s\u2019occupent de nos S\u0153urs \u00e2g\u00e9es et malades. Mais toutes et toujours \u0153uvrent\u00a0 pour un unique but qui est celui d\u2019\u00e9vang\u00e9liser\u00a0: par la pri\u00e8re, le service et les activit\u00e9s apostoliques.<\/p>\n<p>La pri\u00e8re personnelle et commune, les rencontres communautaires, l\u2019apostolat, le travail au service de l\u2019Eglise et de ceux qui ont le plus besoin, les visites aux familles et l\u2019\u00e9coute des personnes\u00a0: voil\u00e0 de quoi sont remplies nos journ\u00e9es.<\/p>\n<p>La composition des communaut\u00e9s varie selon l\u2019\u00e2ge et la provenance. Et le miracle \u00e0 accomplir chaque jour est de construire ensemble de vraies fraternit\u00e9s\u00a0: mettre ensemble nos cultures et habitudes diverses, nous accueillir, nous comprendre, t\u00e9moigner ensemble l\u2019amour de Dieu sans limites ni conditions.[\/vc_column_text][vc_custom_heading text=\u00a0\u00bbLe c\u0153ur et l\u2019avenir\u00a0\u00bb font_container=\u00a0\u00bbtag:h2|font_size:40px|text_align:left|color:%23ff2e2a|line_height:44px\u00a0\u00bb google_fonts=\u00a0\u00bbfont_family:Shadows%20Into%20Light%20Two%3Aregular|font_style:400%20regular%3A400%3Anormal\u00a0\u00bb link=\u00a0\u00bb|||\u00a0\u00bb][vc_column_text]<img decoding=\"async\" class=\"alignleft wp-image-29360 size-thumbnail\" src=\"https:\/\/mdipime.org\/wp-content\/uploads\/2017\/03\/cuore-futuro-150x150.png\" alt=\"cuore-futuro mdipime\" width=\"150\" height=\"150\" \/><\/p>\n<p>Il y a les s\u0153urs de la vieille garde, les missionnaires de la premi\u00e8re heure, certaines encore actives et en service. Et il y a celles qui d\u00e9sormais se donnent \u00e0 la mission en offrant leur pri\u00e8re et leur souffrance\u00a0: l\u2019arri\u00e8re-garde f\u00e9conde des maisons pour nos s\u0153urs \u00e2g\u00e9es de Monza (Italie), de Vegavaram (Inde), et de Bragan\u00e7a Paulista (Br\u00e9sil).<\/p>\n<p>Dans divers pays, une vingtaine de novices se pr\u00e9parent \u00e0 la cons\u00e9cration missionnaire et d\u2019autres jeunes filles commencent leur chemin\u00a0: afin que l\u2019histoire continue\u2026.[\/vc_column_text][\/vc_column][\/vc_row][vc_row text_align=\u00a0\u00bbcenter\u00a0\u00bb][vc_column width=\u00a0\u00bb1\/4&Prime;][vc_column_text]<\/p>\n<p style=\"text-align: left;\">au<br \/>\n<span style=\"font-size: 24pt; line-height: 30px;\"><strong>31\/12\/2020<\/strong><\/span><br \/>\n<span style=\"font-size: 18pt;\">nous sommes<\/span><\/p>\n<p>[\/vc_column_text][\/vc_column][vc_column width=\u00a0\u00bb1\/4&Prime;]<div class=\"text-center\" ><i class=\"icon-globe icon-3x\"style=\"color: #ed0707\"><\/i> <\/div><div  class=\"kleo-gap\" style=\"height:20px;line-height:20px;\"><\/div>[vc_separator]<h3 data-number=\"119\" class=\" kleo-animate-number animate-when-almost-visible\" data-timer=\"2000\" style=\"font-size: 40px\">119<\/h3>[vc_column_text el_class=\u00a0\u00bbmgt0&Prime;]COMMUNAUTES[\/vc_column_text][\/vc_column][vc_column width=\u00a0\u00bb1\/4&Prime;]<div class=\"text-center\" ><i class=\"icon-users icon-3x\"style=\"color: #ed0707\"><\/i> <\/div><div  class=\"kleo-gap\" style=\"height:20px;line-height:20px;\"><\/div>[vc_separator]<h3 data-number=\"884\" class=\" kleo-animate-number animate-when-almost-visible\" data-timer=\"2000\" style=\"font-size: 40px\">884<\/h3>[vc_column_text el_class=\u00a0\u00bbmgt0&Prime;]MISSIONAIRES[\/vc_column_text][\/vc_column][vc_column width=\u00a0\u00bb1\/4&Prime;][\/vc_column][\/vc_row][vc_row text_align=\u00a0\u00bbcenter\u00a0\u00bb padding_bottom=\u00a0\u00bb\u00a0\u00bb][vc_column width=\u00a0\u00bb1\/4&Prime;][vc_single_image image=\u00a0\u00bb29350&Prime; img_size=\u00a0\u00bb60&#215;40&Prime; alignment=\u00a0\u00bbcenter\u00a0\u00bb][vc_separator]<h3 data-number=\"126\" class=\" kleo-animate-number animate-when-almost-visible\" style=\"font-size: 30px\">126<\/h3>[vc_column_text el_class=\u00a0\u00bbmgt0&Prime;]ITALIENNES[\/vc_column_text][\/vc_column][vc_column width=\u00a0\u00bb1\/4&Prime;][vc_single_image image=\u00a0\u00bb29352&Prime; img_size=\u00a0\u00bb60&#215;40&Prime; alignment=\u00a0\u00bbcenter\u00a0\u00bb][vc_separator]<h3 data-number=\"633\" class=\" kleo-animate-number animate-when-almost-visible\" style=\"font-size: 30px\">633<\/h3>[vc_column_text el_class=\u00a0\u00bbmgt0&Prime;]INDIENNES[\/vc_column_text][\/vc_column][vc_column width=\u00a0\u00bb1\/4&Prime;][vc_single_image image=\u00a0\u00bb28944&Prime; img_size=\u00a0\u00bb60&#215;40&Prime; alignment=\u00a0\u00bbcenter\u00a0\u00bb][vc_separator]<h3 data-number=\"57\" class=\" kleo-animate-number animate-when-almost-visible\" style=\"font-size: 30px\">57<\/h3>[vc_column_text el_class=\u00a0\u00bbmgt0&Prime;]BANGLADAISES[\/vc_column_text][\/vc_column][vc_column width=\u00a0\u00bb1\/4&Prime;][vc_single_image image=\u00a0\u00bb29354&Prime; img_size=\u00a0\u00bb60&#215;40&Prime; alignment=\u00a0\u00bbcenter\u00a0\u00bb][vc_separator]<h3 data-number=\"47\" class=\" kleo-animate-number animate-when-almost-visible\" style=\"font-size: 30px\">47<\/h3>[vc_column_text el_class=\u00a0\u00bbmgt0&Prime;]BRESILIENNES[\/vc_column_text][\/vc_column][\/vc_row][vc_row text_align=\u00a0\u00bbcenter\u00a0\u00bb][vc_column width=\u00a0\u00bb1\/4&Prime;][vc_single_image image=\u00a0\u00bb29355&Prime; img_size=\u00a0\u00bb60&#215;40&Prime; alignment=\u00a0\u00bbcenter\u00a0\u00bb][vc_separator]<h3 data-number=\"14\" class=\" kleo-animate-number animate-when-almost-visible\" data-timer=\"0\" style=\"font-size: 30px\">14<\/h3>[vc_column_text el_class=\u00a0\u00bbmgt0&Prime;]PAPOUASIENNES[\/vc_column_text][\/vc_column][vc_column width=\u00a0\u00bb1\/4&Prime;][vc_single_image image=\u00a0\u00bb29353&Prime; img_size=\u00a0\u00bb60&#215;40&Prime; alignment=\u00a0\u00bbcenter\u00a0\u00bb][vc_separator]<h3 data-number=\"3\" class=\" kleo-animate-number animate-when-almost-visible\" data-timer=\"0\" style=\"font-size: 30px\">3<\/h3>[vc_column_text el_class=\u00a0\u00bbmgt0&Prime;]CAMEROUNAISES[\/vc_column_text][\/vc_column][vc_column width=\u00a0\u00bb1\/4&Prime;][vc_single_image image=\u00a0\u00bb7517&Prime; img_size=\u00a0\u00bb60&#215;40&Prime; alignment=\u00a0\u00bbcenter\u00a0\u00bb][vc_separator]<h3 data-number=\"3\" class=\" kleo-animate-number animate-when-almost-visible\" style=\"font-size: 30px\">3<\/h3>[vc_column_text el_class=\u00a0\u00bbmgt0&Prime;]CHINOISES[\/vc_column_text][\/vc_column][vc_column width=\u00a0\u00bb1\/4&Prime;][vc_single_image image=\u00a0\u00bb7534&Prime; img_size=\u00a0\u00bb60&#215;40&Prime; alignment=\u00a0\u00bbcenter\u00a0\u00bb][vc_separator]<h3 data-number=\"1\" class=\" kleo-animate-number animate-when-almost-visible\" style=\"font-size: 30px\">1<\/h3>[vc_column_text el_class=\u00a0\u00bbmgt0&Prime;]BISSAU-GUINEENNES[\/vc_column_text][\/vc_column][\/vc_row]<\/p>\n<\/div>","protected":false},"excerpt":{"rendered":"<p>[vc_row padding_top=\u00a0\u00bb0&Prime;][vc_column][vc_custom_heading text=\u00a0\u00bbNos activit\u00e9s\u00a0\u00bb font_container=\u00a0\u00bbtag:h2|font_size:40px|text_align:left|color:%23ff2e2a|line_height:44px\u00a0\u00bb google_fonts=\u00a0\u00bbfont_family:Shadows%20Into%20Light%20Two%3Aregular|font_style:400%20regular%3A400%3Anormal\u00a0\u00bb][vc_column_text] Le don re\u00e7u avec notre charisme nous pousse \u00e0 nous mettre au service de la croissance du R\u00e8gne d\u2019amour, de paix et justice inaugur\u00e9 par le Seigneur J\u00e9sus pour toute l\u2019humanit\u00e9, en donnant la priorit\u00e9 aux peuples et contextes o\u00f9 la premi\u00e8re n\u00e9cessit\u00e9 est l\u2019annonce de l\u2019Evangile. Comment \u00a0le faisons-nous concr\u00e8tement? \u00a0Nous cherchons de r\u00e9pondre aux besoins de vie, de sant\u00e9, d\u2019instruction, de dignit\u00e9, d\u2019amour \u00e0 la recherche d\u2019un sens de sa propre existence, \u2026 demandes qui surgissent de l\u2019humanit\u00e9 que nous rencontrons. Nous nous d\u00e9dions \u00e0 l\u2019annonce de l\u2019Evangile dans les villes et les villages, \u00e0 travers l\u2019action pastorale, la cat\u00e9ch\u00e8se, l\u2019animation missionnaire\u2026 Nous travaillons dans les dispensaires, les h\u00f4pitaux, les \u00e9coles et les foyers pour \u00e9tudiants pauvres; nous faisons des activit\u00e9s caritatives et de d\u00e9veloppement \u00a0humain, la promotion de la femme, l\u2019aide \u00e0 la croissance des jeunes, la visite aux prisonniers\u2026 Quant aux soins des malades de l\u00e8pre, une attention sp\u00e9ciale est port\u00e9e aujourd\u2019hui sur les malades atteints par le VIH-SIDA et leurs familles, en particulier aux enfants s\u00e9ropositifs\u00a0 et \u00e0 ceux qui sont rest\u00e9s orphelins. Envoy\u00e9es par vocation parmi les non-catholiques, nous cultivons un esprit \u0153cum\u00e9nique et de dialogue avec les croyants d\u2019autres religions. Avec eux nous collaborons dans les activit\u00e9s sociales et dans la lutte contre toute forme de pauvret\u00e9 et d\u2019injustice. Selon les n\u00e9cessit\u00e9s et les lieux, nous d\u00e9couvrons d\u2019autres formes d\u2019activit\u00e9s missionnaires. Ainsi en Afrique et au Br\u00e9sil\u00a0 il y a quelques \u00a0s\u0153urs qui \u00a0collaborent dans les programmes \u00e0 la Radio; une s\u0153ur en Inde est engag\u00e9e comme avocat dans un Centre qui d\u00e9fend \u00a0les droits des femmes. Une s\u0153ur enseigne missiologie \u00e0 l\u2019universit\u00e9 de San Paulo au Br\u00e9sil, et bien d\u2019autres dans diff\u00e9rents Pays enseignent, avec beaucoup de cr\u00e9ativit\u00e9, des \u0153uvres d\u2019artisanat aux femmes pauvres. A Hong Kong des s\u0153urs se d\u00e9placent p\u00e9riodiquement en Chine continentale, pour enseigner l\u2019anglais ou pour assister les \u00a0personnes avec handicap; une s\u0153ur a \u00e9t\u00e9 envoy\u00e9e au Sud Soudan pour pr\u00e9parer des futurs infirmiers et une autre est au N\u00e9pal, o\u00f9 elle collabore avec des Pr\u00eatres J\u00e9suites pour aider les enfants r\u00e9fugi\u00e9s du Bhutan\u2026[\/vc_column_text][vc_custom_heading text=\u00a0\u00bbLes Communaut\u00e9s\u00a0\u00bb font_container=\u00a0\u00bbtag:h2|font_size:40px|text_align:left|color:%23ff2e2a|line_height:44px\u00a0\u00bb google_fonts=\u00a0\u00bbfont_family:Shadows%20Into%20Light%20Two%3Aregular|font_style:400%20regular%3A400%3Anormal\u00a0\u00bb link=\u00a0\u00bburl:%2Fmissionarie-immacolata%2Fcomunita%2F|||\u00a0\u00bb][vc_column_text]Nous vivons en communaut\u00e9s internationales, tr\u00e8s diff\u00e9rentes \u00a0entre elles d\u2019apr\u00e8s le pays, les lieux et les situations apostoliques\u00a0: soit les petites communaut\u00e9s \u00ab\u00a0satellites\u00a0\u00bb form\u00e9es de deux ou trois s\u0153urs, que celles plus grandes avec quelques dizaines de membres qui travaillent dans les \u00e9coles, les h\u00f4pitaux et les centres sociaux ou qui s\u2019occupent de nos S\u0153urs \u00e2g\u00e9es et malades. Mais toutes et toujours \u0153uvrent\u00a0 pour un unique but qui est celui d\u2019\u00e9vang\u00e9liser\u00a0: par la pri\u00e8re, le service et les activit\u00e9s apostoliques. La pri\u00e8re personnelle et commune, les rencontres communautaires, l\u2019apostolat, le travail au service de l\u2019Eglise et de ceux qui ont le plus besoin, les visites aux familles et l\u2019\u00e9coute des personnes\u00a0: voil\u00e0 de quoi sont remplies nos journ\u00e9es. La composition des communaut\u00e9s varie selon l\u2019\u00e2ge et la provenance. Et le miracle \u00e0 accomplir chaque jour est de construire ensemble de vraies fraternit\u00e9s\u00a0: mettre ensemble [&hellip;]<\/p>\n","protected":false},"author":14,"featured_media":0,"parent":29435,"menu_order":0,"comment_status":"closed","ping_status":"closed","template":"page-templates\/right_sidebar.php","meta":{"_acf_changed":false,"footnotes":""},"class_list":["post-29349","page","type-page","status-publish","hentry"],"acf":[],"aioseo_notices":[],"jetpack_sharing_enabled":true,"_links":{"self":[{"href":"https:\/\/mdipime.org\/fr\/wp-json\/wp\/v2\/pages\/29349","targetHints":{"allow":["GET"]}}],"collection":[{"href":"https:\/\/mdipime.org\/fr\/wp-json\/wp\/v2\/pages"}],"about":[{"href":"https:\/\/mdipime.org\/fr\/wp-json\/wp\/v2\/types\/page"}],"author":[{"embeddable":true,"href":"https:\/\/mdipime.org\/fr\/wp-json\/wp\/v2\/users\/14"}],"replies":[{"embeddable":true,"href":"https:\/\/mdipime.org\/fr\/wp-json\/wp\/v2\/comments?post=29349"}],"version-history":[{"count":0,"href":"https:\/\/mdipime.org\/fr\/wp-json\/wp\/v2\/pages\/29349\/revisions"}],"up":[{"embeddable":true,"href":"https:\/\/mdipime.org\/fr\/wp-json\/wp\/v2\/pages\/29435"}],"wp:attachment":[{"href":"https:\/\/mdipime.org\/fr\/wp-json\/wp\/v2\/media?parent=29349"}],"curies":[{"name":"wp","href":"https:\/\/api.w.org\/{rel}","templated":true}]}}