{"id":29389,"date":"2017-03-31T11:27:09","date_gmt":"2017-03-31T09:27:09","guid":{"rendered":"https:\/\/www.mdipime.org\/contatti\/"},"modified":"2023-04-19T11:23:44","modified_gmt":"2023-04-19T09:23:44","slug":"contatti","status":"publish","type":"page","link":"https:\/\/mdipime.org\/fr\/contatti\/","title":{"rendered":"Contacts"},"content":{"rendered":"<div class=\"wpb-content-wrapper\"><p>[vc_row inner_container=\u00a0\u00bbno\u00a0\u00bb padding_top=\u00a0\u00bb0&Prime; padding_bottom=\u00a0\u00bb0&Prime; border=\u00a0\u00bbbottom\u00a0\u00bb][vc_column][vc_gmaps link=\u00a0\u00bb#E-8_aHR0cHMlM0ElMkYlMkZ3d3cuZ29vZ2xlLmNvbSUyRm1hcHMlMkZlbWJlZCUzRnBiJTNEJTIxMW0xOCUyMTFtMTIlMjExbTMlMjExZDI5NzEuNjQ1MTU1MzM1MTE1MyUyMTJkMTIuNjM1NjcxMzE0OTk1NjklMjEzZDQxLjg1NzQ2Mzk3NDY4NTA5JTIxMm0zJTIxMWYwJTIxMmYwJTIxM2YwJTIxM20yJTIxMWkxMDI0JTIxMmk3NjglMjE0ZjEzLjElMjEzbTMlMjExbTIlMjExczB4MTMyZjdkNWJlZTk1ZjBlNyUyNTNBMHhlNDJiOWYzZjc0M2NhMmI3JTIxMnNWaWElMkJkaSUyQlRvcnJlJTJCZGklMkJHYWlhJTI1MkMlMkI0NSUyNTJDJTJCMDAxMzMlMkJSb21hJTIxNWUwJTIxM20yJTIxMXNpdCUyMTJzaXQlMjE0djE0OTk0MzY3MzYxMDc=\u00a0\u00bb size=\u00a0\u00bb450&Prime; css_animation=\u00a0\u00bbfadeInDown\u00a0\u00bb type=\u00a0\u00bbm\u00a0\u00bb zoom=\u00a0\u00bb14&Prime;][\/vc_column][\/vc_row][vc_row padding_bottom=\u00a0\u00bb80&Prime; border=\u00a0\u00bbbottom\u00a0\u00bb][vc_column width=\u00a0\u00bb1\/3&Prime;][vc_custom_heading text=\u00a0\u00bbDirection G\u00e9n\u00e9rale\u00a0\u00bb font_container=\u00a0\u00bbtag:h2|font_size:30px|text_align:left|color:%23eb0707|line_height:36px\u00a0\u00bb google_fonts=\u00a0\u00bbfont_family:Shadows%20Into%20Light%20Two%3Aregular|font_style:400%20regular%3A400%3Anormal\u00a0\u00bb][vc_separator][vc_column_text]Missionnaires de l&rsquo;Immacul\u00e9e<br \/>\nVia di Torre Gaia, 45<br \/>\n00133 Roma<br \/>\nITALIA<\/p>\n<p><strong>Email:<\/strong><br \/>\ninfo@mdipime.org<\/p>\n<p><strong>Telefono: <\/strong><br \/>\n<a href=\"tel:062050862\">(+39) 06 2050862<\/a>[\/vc_column_text][\/vc_column][vc_column width=\u00a0\u00bb1\/3&Prime;][vc_custom_heading text=\u00a0\u00bbCommunaut\u00e9s MdI dans le monde\u00a0\u00bb font_container=\u00a0\u00bbtag:h2|font_size:30px|text_align:left|color:%23eb0707|line_height:36px\u00a0\u00bb google_fonts=\u00a0\u00bbfont_family:Shadows%20Into%20Light%20Two%3Aregular|font_style:400%20regular%3A400%3Anormal\u00a0\u00bb][vc_separator][vc_column_text]Si tu d\u00e9sires entrer en contact avec l\u2019une de nos communaut\u00e9s qui sont pr\u00e9sentes dans une autre nation, entre dans la section <a href=\"\/?page_id=29395\">communaut\u00e9 <\/a> et cherche celle qui est plus proche de toi:[\/vc_column_text][vc_single_image image=\u00a0\u00bb29169&Prime; img_size=\u00a0\u00bbfull\u00a0\u00bb alignment=\u00a0\u00bbcenter\u00a0\u00bb onclick=\u00a0\u00bbcustom_link\u00a0\u00bb link=\u00a0\u00bb\/fr\/comunita\/\u00a0\u00bb][\/vc_column][vc_column width=\u00a0\u00bb1\/3&Prime;][vc_custom_heading text=\u00a0\u00bbEcris\u00a0\u00bb font_container=\u00a0\u00bbtag:h2|font_size:30px|text_align:left|color:%23eb0707|line_height:36px\u00a0\u00bb google_fonts=\u00a0\u00bbfont_family:Shadows%20Into%20Light%20Two%3Aregular|font_style:400%20regular%3A400%3Anormal\u00a0\u00bb][vc_separator]\n<div class=\"wpcf7 no-js\" id=\"wpcf7-f29384-o1\" lang=\"it-IT\" dir=\"ltr\" data-wpcf7-id=\"29384\">\n<div class=\"screen-reader-response\"><p role=\"status\" aria-live=\"polite\" aria-atomic=\"true\"><\/p> <ul><\/ul><\/div>\n<form action=\"\/fr\/wp-json\/wp\/v2\/pages\/29389#wpcf7-f29384-o1\" method=\"post\" class=\"wpcf7-form init\" aria-label=\"Modulo di contatto\" novalidate=\"novalidate\" data-status=\"init\">\n<fieldset class=\"hidden-fields-container\"><input type=\"hidden\" name=\"_wpcf7\" value=\"29384\" \/><input type=\"hidden\" name=\"_wpcf7_version\" value=\"6.1.5\" \/><input type=\"hidden\" name=\"_wpcf7_locale\" value=\"it_IT\" \/><input type=\"hidden\" name=\"_wpcf7_unit_tag\" value=\"wpcf7-f29384-o1\" \/><input type=\"hidden\" name=\"_wpcf7_container_post\" value=\"0\" \/><input type=\"hidden\" name=\"_wpcf7_posted_data_hash\" value=\"\" \/><input type=\"hidden\" name=\"_wpcf7cf_hidden_group_fields\" value=\"[]\" \/><input type=\"hidden\" name=\"_wpcf7cf_hidden_groups\" value=\"[]\" \/><input type=\"hidden\" name=\"_wpcf7cf_visible_groups\" value=\"[]\" \/><input type=\"hidden\" name=\"_wpcf7cf_repeaters\" value=\"[]\" \/><input type=\"hidden\" name=\"_wpcf7cf_steps\" value=\"{}\" \/><input type=\"hidden\" name=\"_wpcf7cf_options\" value=\"{&quot;form_id&quot;:29384,&quot;conditions&quot;:[],&quot;settings&quot;:{&quot;animation&quot;:&quot;yes&quot;,&quot;animation_intime&quot;:200,&quot;animation_outtime&quot;:200,&quot;conditions_ui&quot;:&quot;normal&quot;,&quot;notice_dismissed&quot;:true,&quot;wpcf7cf_settings_saved&quot;:1,&quot;notice_dismissed_rollback-cf7-5.9.5&quot;:true,&quot;notice_dismissed_rollback-cf7-5.9.7&quot;:true,&quot;notice_dismissed_rollback-cf7-6.0&quot;:true,&quot;notice_dismissed_rollback-cf7-6.0.3&quot;:true,&quot;notice_dismissed_rollback-cf7-6.1.1&quot;:true}}\" \/><input type=\"hidden\" name=\"_wpcf7_recaptcha_response\" value=\"\" \/>\n<\/fieldset>\n<p><span class=\"wpcf7-form-control-wrap\" data-name=\"nome\"><input size=\"40\" maxlength=\"400\" class=\"wpcf7-form-control wpcf7-text wpcf7-validates-as-required footer-contact\" aria-required=\"true\" aria-invalid=\"false\" placeholder=\"Nom et Pr\u00e9nom\" value=\"\" type=\"text\" name=\"nome\" \/><\/span>\n<\/p>\n<p><span class=\"wpcf7-form-control-wrap\" data-name=\"email\"><input size=\"40\" maxlength=\"400\" class=\"wpcf7-form-control wpcf7-email wpcf7-validates-as-required wpcf7-text wpcf7-validates-as-email footer-contact\" aria-required=\"true\" aria-invalid=\"false\" placeholder=\"E-mail\" value=\"\" type=\"email\" name=\"email\" \/><\/span>\n<\/p>\n<p><label style=\"font-size:14px; line-height: 1.3em;\">J\u2019accepte le traitement des donn\u00e9es dans le respect des r\u00e8gles \u00e9tablies par la L\u00e9gislation sur la Privacy et come soulign\u00e9 dans le document <a href=\"\/fr\/privacy-policy\/\" target=\"_blank\">Informative pour le traitement des donn\u00e9es personnelles<\/a> dont j\u2019ai pris acte. <span class=\"wpcf7-form-control-wrap\" data-name=\"acceptance-562\"><span class=\"wpcf7-form-control wpcf7-acceptance\"><span class=\"wpcf7-list-item\"><input type=\"checkbox\" name=\"acceptance-562\" value=\"1\" aria-invalid=\"false\" \/><\/span><\/span><\/span> <span style=\"font-size:12px; font-weight:normal\">(il est important de s\u00e9lectionner la case afin d\u2019envoyer la demande)<\/span><\/label>\n<\/p>\n<p><span class=\"wpcf7-form-control-wrap\" data-name=\"messaggio\"><textarea cols=\"40\" rows=\"10\" maxlength=\"2000\" class=\"wpcf7-form-control wpcf7-textarea wpcf7-validates-as-required footer-contact\" aria-required=\"true\" aria-invalid=\"false\" placeholder=\"Message\" name=\"messaggio\"><\/textarea><\/span>\n<\/p>\n<p style=\"margin: 10px 0\">\n\n<\/p>\n<p><input class=\"wpcf7-form-control wpcf7-submit has-spinner\" type=\"submit\" value=\"Envoi\" \/>\n<\/p><p style=\"display: none !important;\" class=\"akismet-fields-container\" data-prefix=\"_wpcf7_ak_\"><label>&#916;<textarea name=\"_wpcf7_ak_hp_textarea\" cols=\"45\" rows=\"8\" maxlength=\"100\"><\/textarea><\/label><input type=\"hidden\" id=\"ak_js_1\" name=\"_wpcf7_ak_js\" value=\"91\"\/><script>document.getElementById( \"ak_js_1\" ).setAttribute( \"value\", ( new Date() ).getTime() );<\/script><\/p><div class=\"wpcf7-response-output\" aria-hidden=\"true\"><\/div>\n<\/form>\n<\/div>\n[\/vc_column][\/vc_row]<\/p>\n<\/div>","protected":false},"excerpt":{"rendered":"<p>[vc_row inner_container=\u00a0\u00bbno\u00a0\u00bb padding_top=\u00a0\u00bb0&Prime; padding_bottom=\u00a0\u00bb0&Prime; border=\u00a0\u00bbbottom\u00a0\u00bb][vc_column][vc_gmaps link=\u00a0\u00bb#E-8_aHR0cHMlM0ElMkYlMkZ3d3cuZ29vZ2xlLmNvbSUyRm1hcHMlMkZlbWJlZCUzRnBiJTNEJTIxMW0xOCUyMTFtMTIlMjExbTMlMjExZDI5NzEuNjQ1MTU1MzM1MTE1MyUyMTJkMTIuNjM1NjcxMzE0OTk1NjklMjEzZDQxLjg1NzQ2Mzk3NDY4NTA5JTIxMm0zJTIxMWYwJTIxMmYwJTIxM2YwJTIxM20yJTIxMWkxMDI0JTIxMmk3NjglMjE0ZjEzLjElMjEzbTMlMjExbTIlMjExczB4MTMyZjdkNWJlZTk1ZjBlNyUyNTNBMHhlNDJiOWYzZjc0M2NhMmI3JTIxMnNWaWElMkJkaSUyQlRvcnJlJTJCZGklMkJHYWlhJTI1MkMlMkI0NSUyNTJDJTJCMDAxMzMlMkJSb21hJTIxNWUwJTIxM20yJTIxMXNpdCUyMTJzaXQlMjE0djE0OTk0MzY3MzYxMDc=\u00a0\u00bb size=\u00a0\u00bb450&Prime; css_animation=\u00a0\u00bbfadeInDown\u00a0\u00bb type=\u00a0\u00bbm\u00a0\u00bb zoom=\u00a0\u00bb14&Prime;][\/vc_column][\/vc_row][vc_row padding_bottom=\u00a0\u00bb80&Prime; border=\u00a0\u00bbbottom\u00a0\u00bb][vc_column width=\u00a0\u00bb1\/3&Prime;][vc_custom_heading text=\u00a0\u00bbDirection G\u00e9n\u00e9rale\u00a0\u00bb font_container=\u00a0\u00bbtag:h2|font_size:30px|text_align:left|color:%23eb0707|line_height:36px\u00a0\u00bb google_fonts=\u00a0\u00bbfont_family:Shadows%20Into%20Light%20Two%3Aregular|font_style:400%20regular%3A400%3Anormal\u00a0\u00bb][vc_separator][vc_column_text]Missionnaires de l&rsquo;Immacul\u00e9e Via di Torre Gaia, 45 00133 Roma ITALIA Email: info@mdipime.org Telefono: (+39) 06 2050862[\/vc_column_text][\/vc_column][vc_column width=\u00a0\u00bb1\/3&Prime;][vc_custom_heading text=\u00a0\u00bbCommunaut\u00e9s MdI dans le monde\u00a0\u00bb font_container=\u00a0\u00bbtag:h2|font_size:30px|text_align:left|color:%23eb0707|line_height:36px\u00a0\u00bb google_fonts=\u00a0\u00bbfont_family:Shadows%20Into%20Light%20Two%3Aregular|font_style:400%20regular%3A400%3Anormal\u00a0\u00bb][vc_separator][vc_column_text]Si tu d\u00e9sires entrer en contact avec l\u2019une de nos communaut\u00e9s qui sont pr\u00e9sentes dans une autre nation, entre dans la section communaut\u00e9 et cherche celle qui est plus proche de toi:[\/vc_column_text][vc_single_image image=\u00a0\u00bb29169&Prime; img_size=\u00a0\u00bbfull\u00a0\u00bb alignment=\u00a0\u00bbcenter\u00a0\u00bb onclick=\u00a0\u00bbcustom_link\u00a0\u00bb link=\u00a0\u00bb\/fr\/comunita\/\u00a0\u00bb][\/vc_column][vc_column width=\u00a0\u00bb1\/3&Prime;][vc_custom_heading text=\u00a0\u00bbEcris\u00a0\u00bb font_container=\u00a0\u00bbtag:h2|font_size:30px|text_align:left|color:%23eb0707|line_height:36px\u00a0\u00bb google_fonts=\u00a0\u00bbfont_family:Shadows%20Into%20Light%20Two%3Aregular|font_style:400%20regular%3A400%3Anormal\u00a0\u00bb][vc_separator][\/vc_column][\/vc_row]<\/p>\n","protected":false},"author":14,"featured_media":0,"parent":0,"menu_order":0,"comment_status":"closed","ping_status":"closed","template":"page-templates\/full-width.php","meta":{"_acf_changed":false,"footnotes":""},"class_list":["post-29389","page","type-page","status-publish","hentry"],"acf":[],"aioseo_notices":[],"jetpack_sharing_enabled":true,"_links":{"self":[{"href":"https:\/\/mdipime.org\/fr\/wp-json\/wp\/v2\/pages\/29389","targetHints":{"allow":["GET"]}}],"collection":[{"href":"https:\/\/mdipime.org\/fr\/wp-json\/wp\/v2\/pages"}],"about":[{"href":"https:\/\/mdipime.org\/fr\/wp-json\/wp\/v2\/types\/page"}],"author":[{"embeddable":true,"href":"https:\/\/mdipime.org\/fr\/wp-json\/wp\/v2\/users\/14"}],"replies":[{"embeddable":true,"href":"https:\/\/mdipime.org\/fr\/wp-json\/wp\/v2\/comments?post=29389"}],"version-history":[{"count":0,"href":"https:\/\/mdipime.org\/fr\/wp-json\/wp\/v2\/pages\/29389\/revisions"}],"wp:attachment":[{"href":"https:\/\/mdipime.org\/fr\/wp-json\/wp\/v2\/media?parent=29389"}],"curies":[{"name":"wp","href":"https:\/\/api.w.org\/{rel}","templated":true}]}}