{"id":29403,"date":"2017-06-16T16:32:22","date_gmt":"2017-06-16T14:32:22","guid":{"rendered":"https:\/\/www.mdipime.org\/informativa-privacy-e-cookie\/"},"modified":"2024-03-22T14:27:23","modified_gmt":"2024-03-22T13:27:23","slug":"informativa-privacy-e-cookie","status":"publish","type":"page","link":"https:\/\/mdipime.org\/fr\/informativa-privacy-e-cookie\/","title":{"rendered":"Notes l\u00e9gales"},"content":{"rendered":"<p><strong>Privacy et Cookie Law<\/strong><\/p>\n<p>Par le pr\u00e9sent document, conform\u00e9ment aux articles13 et 122 du D. Lgs. 196\/2003 (\u201ccode privacy\u201d), ainsi que sur la base de ce qui a \u00e9t\u00e9 pr\u00e9vu par la Mesure g\u00e9n\u00e9rale du Garant privacy du 08 mai 2014, \u201cMissionnaires de l\u2019Immacul\u00e9e\u201d, titulaire du service, fournit aux utilisateurs du site www.mdipime.org\u00a0quelques informations relatives aux cookies utilis\u00e9s.<\/p>\n<p><strong>Ce que sont les cookies<\/strong><\/p>\n<p>Les cookies sont des petites files de texte que les sites visit\u00e9s par l\u2019utilisateur envoient \u00e0 son browser (Internet Explorer, MozillaFirefox, Google Chrome, etc.), o\u00f9 ils sont enregistr\u00e9s pour \u00eatre, par la suite, retransmis aux m\u00eames sites lors de la visite successive du m\u00eame utilisateur.<\/p>\n<p>Au cours de la navigation sur un site, l\u2019utilisateur peut aussi recevoir sur son terminal des cookies de sites ou de web server diff\u00e9rents (<em>c.d.<\/em> cookies de \u201ctrois parties\u201d); ceci arrive parce que sur le site web visit\u00e9, peuvent appara\u00eetre des \u00e9l\u00e9ments comme, par exemple, des images, des cartes, des sons, des links sp\u00e9cifiques \u00e0 des pages web d\u2019autres domaines qui r\u00e9sident sur des serveurs diff\u00e9rents de celui sur lequel se trouve la page demand\u00e9e.<\/p>\n<p>Les cookies sont utilis\u00e9s pour ex\u00e9cuter des authentifications informatiques, des t\u00e9l\u00e9surveillances des sessions et m\u00e9morisation d\u2019informations sp\u00e9cifiques concernant les utilisateurs qui acc\u00e8dent au serveur et, en principe, ils sont pr\u00e9sents dans le navigateur de l\u2019utilisateur en nombre tr\u00e8s \u00e9lev\u00e9.<\/p>\n<p><strong>Typologies des cookies utilis\u00e9s par ce site<\/strong><\/p>\n<p><strong>Cookies du Titulaire<\/strong><\/p>\n<p>Ce site utilise seulement les cookies techniques, du fait que, conform\u00e9ment \u00e0 l\u2019art. 122 du code privacy et de la Mesure du Garant du 8 mai 2014, il n\u2019est demand\u00e9 aucun consentement de la part de l\u2019int\u00e9ress\u00e9.<\/p>\n<p>Plus pr\u00e9cis\u00e9ment le site utilise:<\/p>\n<ul>\n<li>Les cookies techniques n\u00e9cessaires \u00e0 la navigation de la part de l\u2019utilisateur ; les cookies de ce type sont n\u00e9cessaires pour le bon fonctionnement de certaines zones du site. En l\u2019absence de tels cookies, le site ou quelques-unes de ses parties pourraient ne pas fonctionner correctement. Par cons\u00e9quent, elles sont toujours utilis\u00e9es ind\u00e9pendamment des pr\u00e9f\u00e9rences de l\u2019utilisateur. Les cookies de cette cat\u00e9gorie sont toujours envoy\u00e9s par notre domaine.<\/li>\n<li>Cookies techniques fonctionnels, qui facilitent la navigation de l\u2019utilisateur<\/li>\n<\/ul>\n<p>Ce site internet utilise seulement les cookies techniques et analytiques, qui peuvent \u00eatre utilis\u00e9s sans demander le consentement de l\u2019utilisateur, puisqu\u2019ils sont strictement n\u00e9cessaires pour la prestation du service.<\/p>\n<p><strong>Cookies de tiers<\/strong><\/p>\n<p>\u00c0 travers le site www.mdipime.org se sont install\u00e9s quelques cookies des tiers, \u00e9galement profilant.<\/p>\n<p>On transpose dans les d\u00e9tails chaque cookie des tiers, ainsi que les links \u00e0 travers lesquels l\u2019utilisateur peut recevoir d\u2019amples informations et demander la d\u00e9sactivation des cookies.<\/p>\n<p><strong>Google Analytics<\/strong><\/p>\n<p>Le site utilise Google Analytics. Il s\u2019agit d\u2019un service d\u2019analyse web fourni par Google Inc. (\u201cGoogle\u201d) qui utilise des cookies, mis dans l\u2019ordinateur de l\u2019utilisateur pour permettre des analyses statistiques en forme rattach\u00e9e. Avec les donn\u00e9es produites par Google Analytique, ils sont conserv\u00e9s par Google comme indiqu\u00e9 dans la fiche d\u2019information rep\u00e9rable par le lien suivant: <a href=\"https:\/\/developers.google.com\/analytics\/devguides\/collection\/analyticsjs\/cookie-usage\" target=\"_blank\" rel=\"noopener noreferrer\">https:\/\/developers.google.com\/analytics\/devguides\/collection\/analyticsjs\/cookie-usage<\/a><\/p>\n<p>Pour consulter les informations privacy de la soci\u00e9t\u00e9 Google Inc., titulaire autonome du traitement des donn\u00e9es relatives au service Google Analytique, on voit renvoie au site Internet <a href=\"https:\/\/www.google.com\/intl\/en\/analytics\/privacyoverview.html\" target=\"_blank\" rel=\"noopener noreferrer\">https:\/\/www.google.com\/intl\/en\/analytics\/privacyoverview.html<\/a><\/p>\n<p>Au lien suivant <a href=\"https:\/\/tools.google.com\/dlpage\/gaoptout?hl=it\" target=\"_blank\" rel=\"noopener noreferrer\">https:\/\/tools.google.com\/dlpage\/gaoptout?hl=it<\/a> il est en outre rendu disponible sur Google le module compl\u00e9mentaire du navigateur pour la d\u00e9sactivation de Google Analytics.<\/p>\n<p><strong>Boutons et widget de social network<\/strong><\/p>\n<p>Les Social buttons sont ces particuliers \u201cboutons\u201d pr\u00e9sents sur le site, et qui repr\u00e9sentent les ic\u00f4nes des social network (exemple, Facebook e Twitter) et qui permettent aux utilisateurs en cours de navigation, d\u2019interagir avec un \u201cclick\u201d directement par un social network.<\/p>\n<p>Les social buttons utilis\u00e9s par ce site sont des link qui renvoient aux account du Titulaire sur le social network identifi\u00e9. A travers l\u2019utilisation de ces boutons, ils ne sont pourtant pas install\u00e9s sur le site cookie de tiers. Les link sont report\u00e9s o\u00f9 l\u2019utilisateur peut prendre connaissance de la politique de confidentialit\u00e9 relative \u00e0 la gestion des donn\u00e9es de la part des Social auxquels ces boutons renvoient.<\/p>\n<p><a href=\"https:\/\/support.twitter.com\/articles\/20170519-uso-dei-cookie-e-di-altre-tecnologie-simili-da-parte-di-twitter\" target=\"_blank\" rel=\"noopener noreferrer\">https:\/\/support.twitter.com\/articles\/20170519-uso-dei-cookie-e-di-altre-tecnologie-simili-da-parte-di-twitter#<\/a><\/p>\n<p><a href=\"https:\/\/www.facebook.com\/help\/cookies\" target=\"_blank\" rel=\"noopener noreferrer\">https:\/\/www.facebook.com\/help\/cookies<\/a><\/p>\n<p><a href=\"https:\/\/www.google.com\/intl\/it\/policies\/privacy\/\" target=\"_blank\" rel=\"noopener noreferrer\">https:\/\/www.google.com\/intl\/it\/policies\/privacy\/<\/a><\/p>\n<p><strong>Modalit\u00e9s du traitement<\/strong><\/p>\n<p>Le traitement est effectu\u00e9 avec des instruments automatis\u00e9s par le Titulaire. Il n\u2019est effectu\u00e9 aucune diffusion ou communication.<\/p>\n<p><strong>Attribution des donn\u00e9es<\/strong><\/p>\n<p>Exception faite pour les cookies techniques strictement n\u00e9cessaires \u00e0 la navigation normale, l\u2019attribution des donn\u00e9es est remise \u00e0 la volont\u00e9 de l\u2019int\u00e9ress\u00e9 qui d\u00e9cide de naviguer sur le site apr\u00e8s avoir pris connaissance des br\u00e8ves informations contenues dans la banni\u00e8re sp\u00e9ciale et avoir b\u00e9n\u00e9fici\u00e9 des services que l\u2019installation des cookies comporte.<br \/>\nL\u2019int\u00e9ress\u00e9 peut donc \u00e9viter l\u2019installation des cookies et maintenir la banni\u00e8re (en s\u2019abstenant donc de la fermer en cliquant sur la touche \u201cok\u201d), ainsi qu\u2019\u00e0 travers les sp\u00e9ciales fonctions disponibles sur le propre navigateur.<\/p>\n<p><strong>D\u00e9sactivation des cookies<\/strong><\/p>\n<p>En restant ferme sur ce qui a \u00e9t\u00e9 indiqu\u00e9 ci-dessus en ce qui concerne les cookies strictement n\u00e9cessaires \u00e0 la navigation, l\u2019utilisateur peut \u00e9liminer les autres cookies \u00e0 travers la fonctionnalit\u00e9 \u2026 fin, mise \u00e0 la disposition du Titulaire par la pr\u00e9sente information ou alors directement par le propre navigateur.<\/p>\n<p>Chaque navigateur pr\u00e9sente des proc\u00e9dures diff\u00e9rentes pour la gestion de l\u2019organisation. L\u2019utilisateur peut obtenir des instructions sp\u00e9cifiques \u00e0 travers les liens sous-jacents.<\/p>\n<p><a href=\"https:\/\/windows.microsoft.com\/it-it\/windows7\/block-enable-or-allow-cookies\" target=\"_blank\" rel=\"noopener noreferrer\"><strong>Microsoft Windows Internet Explorer<\/strong><\/a><\/p>\n<p><a href=\"https:\/\/support.google.com\/chrome\/bin\/answer.py?hl=it&amp;answer=95647&amp;p=cpn_cookies\" target=\"_blank\" rel=\"noopener noreferrer\"><strong>Google Chrome<\/strong><\/a><\/p>\n<p><a href=\"https:\/\/support.mozilla.org\/it-IT\/kb\/Enabling%20and%20disabling%20cookies\" target=\"_blank\" rel=\"noopener noreferrer\"><strong>Mozilla Firefox<\/strong><\/a><\/p>\n<p><a href=\"https:\/\/support.apple.com\/kb\/PH17191?viewlocale=it_IT&amp;locale=it_IT\" target=\"_blank\" rel=\"noopener noreferrer\"><strong>Apple Safari<\/strong><\/a><\/p>\n<p><strong><a href=\"https:\/\/help.opera.com\/Windows\/10.00\/it\/cookies.html\" target=\"_blank\" rel=\"noopener noreferrer\">Opera<\/a><\/strong><\/p>\n<p>La d\u00e9sactivation des cookies des tiers est \u00e9galement possible \u00e0 travers les modalit\u00e9s rendues disponibles directement par la soci\u00e9t\u00e9 troisi\u00e8me, titulaire pour ledit traitement, comme indiqu\u00e9 aux liens report\u00e9s dans le paragraphe pr\u00e9c\u00e9dent \u201ccookies des tiers\u201d<\/p>\n<p>Pour avoir des informations sur les cookies stock\u00e9s sur votre propre terminal et les d\u00e9sactiver singuli\u00e8rement, on vous renvoie aux links:<a href=\"https:\/\/www.youronlinechoices.com\/it\/le-tue-scelte\" target=\"_blank\" rel=\"noopener noreferrer\"> https:\/\/www.youronlinechoices.com\/it\/le-tue-scelte<\/a>; <a href=\"https:\/\/www.aboutcookies.org\/\" target=\"_blank\" rel=\"noopener noreferrer\">https:\/\/www.aboutcookies.org\/<\/a><\/p>\n<p><strong>Droits de l\u2019int\u00e9ress\u00e9<\/strong><\/p>\n<p>L\u2019int\u00e9ress\u00e9 pourra faire valoir \u00e0 tout moment les droits qu\u2019\u00e0 l\u2019art. 7 du Code Privacy et art. 15 GDPR:<\/p>\n<ol>\n<li>L\u2019int\u00e9ress\u00e9 a le droit d\u2019obtenir la confirmation de l\u2019existence ou moins des donn\u00e9es personnelles qui le concernent, m\u00eame s\u2019ils ne sont pas encore enregistr\u00e9es, ainsi que leur communication en forme intelligible.<\/li>\n<li>L\u2019int\u00e9ress\u00e9 a le droit d\u2019obtenir l\u2019indication:<br \/>\na) de l\u2019origine des donn\u00e9es personnelles<br \/>\nb) des finalit\u00e9s et modalit\u00e9s du traitement<br \/>\nc) de la logique appliqu\u00e9e en cas de traitement effectu\u00e9 \u00e0 l\u2019aide des instruments \u00e9lectroniques<br \/>\nd) des coordonn\u00e9es d\u2019identification du titulaire, des responsables et du repr\u00e9sentant d\u00e9sign\u00e9 conform\u00e9ment \u00e0 l\u2019article 5, alin\u00e9a 2;<br \/>\ne) des sujets ou des cat\u00e9gories des sujets auxquels les donn\u00e9es personnelles peuvent \u00eatre communiqu\u00e9es ou par lesquelles ils peuvent entrer en connaissance en qualit\u00e9 de repr\u00e9sentant d\u00e9sign\u00e9 dans le territoire de l\u2019Etat, des responsables ou charg\u00e9s<\/li>\n<li>L\u2019int\u00e9ress\u00e9 a le droit d\u2019obtenir:<br \/>\na) l\u2019ajournement, la rectification, c\u2019est-\u00e0-dire, combien il a de l\u2019int\u00e9r\u00eat, l\u2019int\u00e9gration des donn\u00e9es;<br \/>\nb) l\u2019effacement, la transformation en forme anonyme ou le blocage des donn\u00e9es trait\u00e9es en violation \u00e0 la loi, y compris celles dont la conservation n\u2019est pas n\u00e9cessaire, en relation aux buts pour lesquels les donn\u00e9es ont \u00e9t\u00e9 recueillis ou successivement trait\u00e9s;<br \/>\nc) l\u2019attestation que les op\u00e9rations pour lesquelles les lettres a) et b) ont \u00e9t\u00e9 mises \u00e0 disposition, m\u00eame en ce qui concerne leur contenu, de ceux \u00e0 qui les donn\u00e9es ont \u00e9t\u00e9 communiqu\u00e9s ou diffus\u00e9s, except\u00e9 le cas o\u00f9 tel accomplissement se r\u00e9v\u00e8le impossible ou comporte un emploi central manifestement disproportionn\u00e9 par rapport au droit de tutelle.<\/li>\n<li>L\u2019int\u00e9ress\u00e9 a le droit de s\u2019imposer, en tout ou en partie:<br \/>\na) pour des motifs l\u00e9gitimes au traitement des donn\u00e9es personnelles qui le concernent, quoique pertinents au but de la r\u00e9colte;<br \/>\nb) au traitement des donn\u00e9es personnelles qui le concernent, qui ont pour but l\u2019envoi du mat\u00e9riel publicitaire ou de vente directe ou pour l\u2019accomplissement des recherches de march\u00e9 ou de communication commerciale.<\/li>\n<\/ol>\n<p>Ove applicabili, ha altres\u00ec i diritti di cui agli artt. 16-21 GDPR (Diritto di rettifica, diritto all\u2019oblio, diritto di limitazione di trattamento, diritto alla portabilit\u00e0 dei dati, diritto di opposizione), nonch\u00e9 il diritto di reclamo all\u2019Autorit\u00e0 Garante.<\/p>\n<p><strong>Copyright et Mat\u00e9riels<\/strong><\/p>\n<p>Le site se fixe comme unique but celui de l\u2019\u00e9vang\u00e9lisation on-line \u00e0 travers une s\u00e9rie de contenus et de services offerts.<br \/>\nLes textes, les images et la vari\u00e9t\u00e9 du mat\u00e9riel pr\u00e9sent dans ce site web ont \u00e9t\u00e9 publi\u00e9s pour cet unique but, sans aucune finalit\u00e9 commerciale! Celui qui pense les utiliser dans le domaine personnel ou eccl\u00e9sial peut le faire en citant la source. Par contre celui qui pense les utiliser pour un but commercial est tenu \u00e0 en demander l\u2019autorisation en \u00e9crivant \u00e0: <a href=\"mailto:webmaster@mdipime.org\">webmaster@mdipime.org<\/a><\/p>\n<p>Au cas o\u00f9 des \u00e9l\u00e9ments (images, teste et autre) qui apparaissent dans le pr\u00e9sent site seraient couverts par les droits prot\u00e9g\u00e9s par les r\u00e8gles en vigueur applicable en la mati\u00e8re, le titulaire du copyright ou celui qui en est inform\u00e9 est invit\u00e9 \u00e0 nous contacter (e-mail: <a href=\"mailto:webmaster@midpime.org\">webmaster@midpime.org<\/a>) et les \u00e9l\u00e9ments seront d\u00fbment reconnus, \u00e0 travers la signalisation de la source originaire, sinon ils seront imm\u00e9diatement supprim\u00e9s.<\/p>\n<p><a href=\"\/?page_id=29385\">Lire la politique de confidentialit\u00e9<\/a><\/p>\n<div id=\"simple-translate\" class=\"simple-translate-system-theme\">\n<div>\n<div class=\"simple-translate-button isShow\" style=\"background-image: url('chrome-extension:\/\/ibplnjkanclpjokhdolnendpplpjiace\/icons\/512.png'); height: 22px; width: 22px; top: 153px; left: 365px;\"><\/div>\n<div class=\"simple-translate-panel \" style=\"width: 300px; height: 200px; top: 0px; left: 0px; font-size: 13px;\">\n<div class=\"simple-translate-result-wrapper\" style=\"overflow: hidden;\">\n<div class=\"simple-translate-move\" draggable=\"true\"><\/div>\n<div class=\"simple-translate-result-contents\">\n<p class=\"simple-translate-candidate\" dir=\"auto\">\n<\/div>\n<\/div>\n<\/div>\n<\/div>\n<\/div>\n","protected":false},"excerpt":{"rendered":"<p>Privacy et Cookie Law Par le pr\u00e9sent document, conform\u00e9ment aux articles13 et 122 du D. Lgs. 196\/2003 (\u201ccode privacy\u201d), ainsi que sur la base de ce qui a \u00e9t\u00e9 pr\u00e9vu par la Mesure g\u00e9n\u00e9rale du Garant privacy du 08 mai 2014, \u201cMissionnaires de l\u2019Immacul\u00e9e\u201d, titulaire du service, fournit aux utilisateurs du site www.mdipime.org\u00a0quelques informations relatives aux cookies utilis\u00e9s. Ce que sont les cookies Les cookies sont des petites files de texte que les sites visit\u00e9s par l\u2019utilisateur envoient \u00e0 son browser (Internet Explorer, MozillaFirefox, Google Chrome, etc.), o\u00f9 ils sont enregistr\u00e9s pour \u00eatre, par la suite, retransmis aux m\u00eames sites lors de la visite successive du m\u00eame utilisateur. Au cours de la navigation sur un site, l\u2019utilisateur peut aussi recevoir sur son terminal des cookies de sites ou de web server diff\u00e9rents (c.d. cookies de \u201ctrois parties\u201d); ceci arrive parce que sur le site web visit\u00e9, peuvent appara\u00eetre des \u00e9l\u00e9ments comme, par exemple, des images, des cartes, des sons, des links sp\u00e9cifiques \u00e0 des pages web d\u2019autres domaines qui r\u00e9sident sur des serveurs diff\u00e9rents de celui sur lequel se trouve la page demand\u00e9e. Les cookies sont utilis\u00e9s pour ex\u00e9cuter des authentifications informatiques, des t\u00e9l\u00e9surveillances des sessions et m\u00e9morisation d\u2019informations sp\u00e9cifiques concernant les utilisateurs qui acc\u00e8dent au serveur et, en principe, ils sont pr\u00e9sents dans le navigateur de l\u2019utilisateur en nombre tr\u00e8s \u00e9lev\u00e9. Typologies des cookies utilis\u00e9s par ce site Cookies du Titulaire Ce site utilise seulement les cookies techniques, du fait que, conform\u00e9ment \u00e0 l\u2019art. 122 du code privacy et de la Mesure du Garant du 8 mai 2014, il n\u2019est demand\u00e9 aucun consentement de la part de l\u2019int\u00e9ress\u00e9. Plus pr\u00e9cis\u00e9ment le site utilise: Les cookies techniques n\u00e9cessaires \u00e0 la navigation de la part de l\u2019utilisateur ; les cookies de ce type sont n\u00e9cessaires pour le bon fonctionnement de certaines zones du site. En l\u2019absence de tels cookies, le site ou quelques-unes de ses parties pourraient ne pas fonctionner correctement. Par cons\u00e9quent, elles sont toujours utilis\u00e9es ind\u00e9pendamment des pr\u00e9f\u00e9rences de l\u2019utilisateur. Les cookies de cette cat\u00e9gorie sont toujours envoy\u00e9s par notre domaine. Cookies techniques fonctionnels, qui facilitent la navigation de l\u2019utilisateur Ce site internet utilise seulement les cookies techniques et analytiques, qui peuvent \u00eatre utilis\u00e9s sans demander le consentement de l\u2019utilisateur, puisqu\u2019ils sont strictement n\u00e9cessaires pour la prestation du service. Cookies de tiers \u00c0 travers le site www.mdipime.org se sont install\u00e9s quelques cookies des tiers, \u00e9galement profilant. On transpose dans les d\u00e9tails chaque cookie des tiers, ainsi que les links \u00e0 travers lesquels l\u2019utilisateur peut recevoir d\u2019amples informations et demander la d\u00e9sactivation des cookies. Google Analytics Le site utilise Google Analytics. Il s\u2019agit d\u2019un service d\u2019analyse web fourni par Google Inc. (\u201cGoogle\u201d) qui utilise des cookies, mis dans l\u2019ordinateur de l\u2019utilisateur pour permettre des analyses statistiques en forme rattach\u00e9e. Avec les donn\u00e9es produites par Google Analytique, ils sont conserv\u00e9s par Google comme indiqu\u00e9 dans la fiche d\u2019information rep\u00e9rable par le lien suivant: https:\/\/developers.google.com\/analytics\/devguides\/collection\/analyticsjs\/cookie-usage Pour consulter les informations privacy de la soci\u00e9t\u00e9 Google Inc., titulaire autonome du traitement des donn\u00e9es relatives [&hellip;]<\/p>\n","protected":false},"author":14,"featured_media":0,"parent":0,"menu_order":0,"comment_status":"closed","ping_status":"closed","template":"","meta":{"_acf_changed":false,"footnotes":""},"class_list":["post-29403","page","type-page","status-publish","hentry"],"acf":[],"aioseo_notices":[],"jetpack_sharing_enabled":true,"_links":{"self":[{"href":"https:\/\/mdipime.org\/fr\/wp-json\/wp\/v2\/pages\/29403","targetHints":{"allow":["GET"]}}],"collection":[{"href":"https:\/\/mdipime.org\/fr\/wp-json\/wp\/v2\/pages"}],"about":[{"href":"https:\/\/mdipime.org\/fr\/wp-json\/wp\/v2\/types\/page"}],"author":[{"embeddable":true,"href":"https:\/\/mdipime.org\/fr\/wp-json\/wp\/v2\/users\/14"}],"replies":[{"embeddable":true,"href":"https:\/\/mdipime.org\/fr\/wp-json\/wp\/v2\/comments?post=29403"}],"version-history":[{"count":0,"href":"https:\/\/mdipime.org\/fr\/wp-json\/wp\/v2\/pages\/29403\/revisions"}],"wp:attachment":[{"href":"https:\/\/mdipime.org\/fr\/wp-json\/wp\/v2\/media?parent=29403"}],"curies":[{"name":"wp","href":"https:\/\/api.w.org\/{rel}","templated":true}]}}