{"id":29437,"date":"2018-06-22T16:49:14","date_gmt":"2018-06-22T14:49:14","guid":{"rendered":"https:\/\/www.mdipime.org\/direzione-generale\/"},"modified":"2024-01-23T18:19:40","modified_gmt":"2024-01-23T17:19:40","slug":"direction-generale","status":"publish","type":"page","link":"https:\/\/mdipime.org\/fr\/direction-generale\/","title":{"rendered":"Direction g\u00e9n\u00e9rale"},"content":{"rendered":"<div class=\"wpb-content-wrapper\"><p>[vc_row type=\u00a0\u00bbcolor\u00a0\u00bb bg_color=\u00a0\u00bb#ffffff\u00a0\u00bb padding_top=\u00a0\u00bb0&Prime; padding_bottom=\u00a0\u00bb0&Prime;][vc_column width=\u00a0\u00bb1\/3&Prime;][\/vc_column][vc_column width=\u00a0\u00bb1\/3&Prime;][\/vc_column][vc_column width=\u00a0\u00bb1\/3&Prime; el_class=\u00a0\u00bbspazio\u00a0\u00bb][\/vc_column][\/vc_row][vc_row type=\u00a0\u00bbimage\u00a0\u00bb bg_position=\u00a0\u00bbcenter\u00a0\u00bb bg_position_horizontal=\u00a0\u00bbcenter\u00a0\u00bb bg_image=\u00a0\u00bb14336&Prime;][vc_column]<div  class=\"kleo-gap\" style=\"height:20px;line-height:20px;\"><\/div>[vc_row_inner gap=\u00a0\u00bb15&Prime;][vc_column_inner width=\u00a0\u00bb1\/3&Prime;][vc_custom_heading text=\u00a0\u00bbMembres\u00a0\u00bb font_container=\u00a0\u00bbtag:h2|font_size:40px|text_align:center|color:%23ff2e2a|line_height:44px\u00a0\u00bb google_fonts=\u00a0\u00bbfont_family:Shadows%20Into%20Light%3Aregular|font_style:400%20regular%3A400%3Anormal\u00a0\u00bb][vc_single_image image=\u00a0\u00bb29440&Prime; alignment=\u00a0\u00bbcenter\u00a0\u00bb][\/vc_column_inner][vc_column_inner width=\u00a0\u00bb1\/3&Prime;][vc_single_image image=\u00a0\u00bb29444&Prime; alignment=\u00a0\u00bbcenter\u00a0\u00bb style=\u00a0\u00bbvc_box_rounded\u00a0\u00bb][vc_column_text]<\/p>\n<h4 style=\"text-align: center;\">Sr. Antonella Tovaglieri<\/h4>\n<h6 style=\"text-align: center;\">Responsable g\u00e9n\u00e9rale<\/h6>\n<p style=\"text-align: right;\"><a href=\"\/?p=29461\">Lire le profil<\/a> <a class=\"kleo-icon-anchor\" href=\"\/?p=29461\" target=\"_self\"><i class=\"icon-angle-double-right icon-1x\"style=\"color: #ed0707\"><\/i><\/a><\/p>\n<div id=\"simple-translate\" class=\"simple-translate-system-theme\">\n<div>\n<div class=\"simple-translate-button isShow\" style=\"background-image: url('chrome-extension:\/\/ibplnjkanclpjokhdolnendpplpjiace\/icons\/512.png'); height: 22px; width: 22px; top: 91px; left: 558px;\"><\/div>\n<div class=\"simple-translate-panel \" style=\"width: 300px; height: 200px; top: 0px; left: 0px; font-size: 13px;\">\n<div class=\"simple-translate-result-wrapper\" style=\"overflow: hidden;\">\n<div class=\"simple-translate-move\" draggable=\"true\"><\/div>\n<div class=\"simple-translate-result-contents\">\n<p class=\"simple-translate-candidate\" dir=\"auto\">\n<\/div>\n<\/div>\n<\/div>\n<\/div>\n<\/div>\n<p>[\/vc_column_text][\/vc_column_inner][vc_column_inner width=\u00a0\u00bb1\/3&Prime;][vc_single_image image=\u00a0\u00bb29443&Prime; alignment=\u00a0\u00bbcenter\u00a0\u00bb style=\u00a0\u00bbvc_box_rounded\u00a0\u00bb][vc_column_text]<\/p>\n<h4 style=\"text-align: center;\">Sr. Bridgit <b>Suvakeen<\/b><\/h4>\n<h6 style=\"text-align: center;\"><strong>Vicaire g\u00e9n\u00e9ral<\/strong><\/h6>\n<p style=\"text-align: right;\"><a href=\"\/?p=29461\">Lire le profil<\/a> <a class=\"kleo-icon-anchor\" href=\"\/?p=29461\" target=\"_self\"><i class=\"icon-angle-double-right icon-1x\"style=\"color: #ed0707\"><\/i><\/a><\/p>\n<p>[\/vc_column_text][\/vc_column_inner][\/vc_row_inner]<div  class=\"kleo-gap\" style=\"height:20px;line-height:20px;\"><\/div>[vc_row_inner gap=\u00a0\u00bb15&Prime;][vc_column_inner width=\u00a0\u00bb1\/3&Prime;][vc_single_image image=\u00a0\u00bb29446&Prime; alignment=\u00a0\u00bbcenter\u00a0\u00bb style=\u00a0\u00bbvc_box_rounded\u00a0\u00bb][vc_column_text]<\/p>\n<h4 style=\"text-align: center;\"><strong>Sr. Marilena Boracchi<\/strong><\/h4>\n<h6 style=\"text-align: center;\"><strong>Conseill\u00e8re G\u00e9n\u00e9rale<\/strong><\/h6>\n<p style=\"text-align: right;\"><a href=\"\/?p=29461\">Lire le profil<\/a> <a class=\"kleo-icon-anchor\" href=\"\/?p=29461\" target=\"_self\"><i class=\"icon-angle-double-right icon-1x\"style=\"color: #ed0707\"><\/i><\/a><\/p>\n<p>[\/vc_column_text][\/vc_column_inner][vc_column_inner width=\u00a0\u00bb1\/3&Prime;][vc_single_image image=\u00a0\u00bb29447&Prime; alignment=\u00a0\u00bbcenter\u00a0\u00bb style=\u00a0\u00bbvc_box_rounded\u00a0\u00bb][vc_column_text]<\/p>\n<h4 style=\"text-align: center;\">Sr. Marisa Pereira<\/h4>\n<h6 style=\"text-align: center;\"><strong>Conseill\u00e8re G\u00e9n\u00e9rale<\/strong><\/h6>\n<p style=\"text-align: right;\"><a href=\"\/?p=29461\">Lire le profil<\/a> <a class=\"kleo-icon-anchor\" href=\"\/?p=29461\" target=\"_self\"><i class=\"icon-angle-double-right icon-1x\"style=\"color: #ed0707\"><\/i><\/a><\/p>\n<p>[\/vc_column_text][\/vc_column_inner][vc_column_inner width=\u00a0\u00bb1\/3&Prime;][vc_single_image image=\u00a0\u00bb29448&Prime; alignment=\u00a0\u00bbcenter\u00a0\u00bb style=\u00a0\u00bbvc_box_rounded\u00a0\u00bb][vc_column_text]<\/p>\n<h4 style=\"text-align: center;\"><strong>Sr. <b>Biji Koonamparayil<\/b><\/strong><\/h4>\n<h6 style=\"text-align: center;\"><strong>Conseill\u00e8re G\u00e9n\u00e9rale<\/strong><\/h6>\n<p style=\"text-align: right;\"><a href=\"\/?p=29461\">Lire le profil<\/a> <a class=\"kleo-icon-anchor\" href=\"\/?p=29461\" target=\"_self\"><i class=\"icon-angle-double-right icon-1x\"style=\"color: #ed0707\"><\/i><\/a><\/p>\n<p>[\/vc_column_text][\/vc_column_inner][\/vc_row_inner][\/vc_column][\/vc_row]<\/p>\n<\/div>","protected":false},"excerpt":{"rendered":"<p>[vc_row type=\u00a0\u00bbcolor\u00a0\u00bb bg_color=\u00a0\u00bb#ffffff\u00a0\u00bb padding_top=\u00a0\u00bb0&Prime; padding_bottom=\u00a0\u00bb0&Prime;][vc_column width=\u00a0\u00bb1\/3&Prime;][\/vc_column][vc_column width=\u00a0\u00bb1\/3&Prime;][\/vc_column][vc_column width=\u00a0\u00bb1\/3&Prime; el_class=\u00a0\u00bbspazio\u00a0\u00bb][\/vc_column][\/vc_row][vc_row type=\u00a0\u00bbimage\u00a0\u00bb bg_position=\u00a0\u00bbcenter\u00a0\u00bb bg_position_horizontal=\u00a0\u00bbcenter\u00a0\u00bb bg_image=\u00a0\u00bb14336&Prime;][vc_column][vc_row_inner gap=\u00a0\u00bb15&Prime;][vc_column_inner width=\u00a0\u00bb1\/3&Prime;][vc_custom_heading text=\u00a0\u00bbMembres\u00a0\u00bb font_container=\u00a0\u00bbtag:h2|font_size:40px|text_align:center|color:%23ff2e2a|line_height:44px\u00a0\u00bb google_fonts=\u00a0\u00bbfont_family:Shadows%20Into%20Light%3Aregular|font_style:400%20regular%3A400%3Anormal\u00a0\u00bb][vc_single_image image=\u00a0\u00bb29440&Prime; alignment=\u00a0\u00bbcenter\u00a0\u00bb][\/vc_column_inner][vc_column_inner width=\u00a0\u00bb1\/3&Prime;][vc_single_image image=\u00a0\u00bb29444&Prime; alignment=\u00a0\u00bbcenter\u00a0\u00bb style=\u00a0\u00bbvc_box_rounded\u00a0\u00bb][vc_column_text] Sr. Antonella Tovaglieri Responsable g\u00e9n\u00e9rale Lire le profil [\/vc_column_text][\/vc_column_inner][vc_column_inner width=\u00a0\u00bb1\/3&Prime;][vc_single_image image=\u00a0\u00bb29443&Prime; alignment=\u00a0\u00bbcenter\u00a0\u00bb style=\u00a0\u00bbvc_box_rounded\u00a0\u00bb][vc_column_text] Sr. Bridgit Suvakeen Vicaire g\u00e9n\u00e9ral Lire le profil [\/vc_column_text][\/vc_column_inner][\/vc_row_inner][vc_row_inner gap=\u00a0\u00bb15&Prime;][vc_column_inner width=\u00a0\u00bb1\/3&Prime;][vc_single_image image=\u00a0\u00bb29446&Prime; alignment=\u00a0\u00bbcenter\u00a0\u00bb style=\u00a0\u00bbvc_box_rounded\u00a0\u00bb][vc_column_text] Sr. Marilena Boracchi Conseill\u00e8re G\u00e9n\u00e9rale Lire le profil [\/vc_column_text][\/vc_column_inner][vc_column_inner width=\u00a0\u00bb1\/3&Prime;][vc_single_image image=\u00a0\u00bb29447&Prime; alignment=\u00a0\u00bbcenter\u00a0\u00bb style=\u00a0\u00bbvc_box_rounded\u00a0\u00bb][vc_column_text] Sr. Marisa Pereira Conseill\u00e8re G\u00e9n\u00e9rale Lire le profil [\/vc_column_text][\/vc_column_inner][vc_column_inner width=\u00a0\u00bb1\/3&Prime;][vc_single_image image=\u00a0\u00bb29448&Prime; alignment=\u00a0\u00bbcenter\u00a0\u00bb style=\u00a0\u00bbvc_box_rounded\u00a0\u00bb][vc_column_text] Sr. Biji Koonamparayil Conseill\u00e8re G\u00e9n\u00e9rale Lire le profil [\/vc_column_text][\/vc_column_inner][\/vc_row_inner][\/vc_column][\/vc_row]<\/p>\n","protected":false},"author":3,"featured_media":0,"parent":0,"menu_order":0,"comment_status":"closed","ping_status":"closed","template":"page-templates\/full-width.php","meta":{"_acf_changed":false,"footnotes":""},"class_list":["post-29437","page","type-page","status-publish","hentry"],"acf":[],"aioseo_notices":[],"jetpack_sharing_enabled":true,"_links":{"self":[{"href":"https:\/\/mdipime.org\/fr\/wp-json\/wp\/v2\/pages\/29437","targetHints":{"allow":["GET"]}}],"collection":[{"href":"https:\/\/mdipime.org\/fr\/wp-json\/wp\/v2\/pages"}],"about":[{"href":"https:\/\/mdipime.org\/fr\/wp-json\/wp\/v2\/types\/page"}],"author":[{"embeddable":true,"href":"https:\/\/mdipime.org\/fr\/wp-json\/wp\/v2\/users\/3"}],"replies":[{"embeddable":true,"href":"https:\/\/mdipime.org\/fr\/wp-json\/wp\/v2\/comments?post=29437"}],"version-history":[{"count":0,"href":"https:\/\/mdipime.org\/fr\/wp-json\/wp\/v2\/pages\/29437\/revisions"}],"wp:attachment":[{"href":"https:\/\/mdipime.org\/fr\/wp-json\/wp\/v2\/media?parent=29437"}],"curies":[{"name":"wp","href":"https:\/\/api.w.org\/{rel}","templated":true}]}}