{"id":29479,"date":"2017-03-31T12:38:15","date_gmt":"2017-03-31T10:38:15","guid":{"rendered":"https:\/\/www.mdipime.org\/media\/"},"modified":"2024-03-22T14:25:46","modified_gmt":"2024-03-22T13:25:46","slug":"media","status":"publish","type":"page","link":"https:\/\/mdipime.org\/fr\/media\/","title":{"rendered":"Media"},"content":{"rendered":"<div class=\"wpb-content-wrapper\"><p>[vc_row padding_top=\u00a0\u00bb20&Prime; padding_bottom=\u00a0\u00bb20&Prime;][vc_column][vc_custom_heading text=\u00a0\u00bbRevue MdI\u00a0\u00bb font_container=\u00a0\u00bbtag:h2|font_size:30px|text_align:center|color:%23eb0707|line_height:36px\u00a0\u00bb google_fonts=\u00a0\u00bbfont_family:Shadows%20Into%20Light%20Two%3Aregular|font_style:400%20regular%3A400%3Anormal\u00a0\u00bb link=\u00a0\u00bburl:%2Fcategoria%2Fmedia%2Frivista-mdi%2F|||\u00a0\u00bb][vc_separator][vc_column_text]<strong><img decoding=\"async\" class=\"wp-image-28147 size-medium alignleft\" src=\"https:\/\/www.mdipime.org\/wp-content\/uploads\/2020\/03\/riviste-276x300.jpg\" alt=\"mdi su mondo e missione\" width=\"276\" height=\"300\" srcset=\"https:\/\/mdipime.org\/wp-content\/uploads\/2020\/03\/riviste-276x300.jpg 276w, https:\/\/mdipime.org\/wp-content\/uploads\/2020\/03\/riviste-768x834.jpg 768w, https:\/\/mdipime.org\/wp-content\/uploads\/2020\/03\/riviste-943x1024.jpg 943w, https:\/\/mdipime.org\/wp-content\/uploads\/2020\/03\/riviste-672x730.jpg 672w, https:\/\/mdipime.org\/wp-content\/uploads\/2020\/03\/riviste-1038x1127.jpg 1038w, https:\/\/mdipime.org\/wp-content\/uploads\/2020\/03\/riviste.jpg 1300w\" sizes=\"(max-width: 276px) 100vw, 276px\" \/><\/strong>La revue <strong>Missionarie dell&rsquo;Immacolata<\/strong>, cha\u00eene d&rsquo;animation missionnaire active depuis 34 ans, ferme ses activit\u00e9s en 2019. Vous pouvez trouver les archives partielles des <a href=\"\/?cat_ID=3\">derniers num\u00e9ros publi\u00e9s<\/a>.\u00a0 \u00c0 partir de janvier 2020, MdI prend une autre apparence et continue de parler de nous et de notre passion pour l&rsquo;annonce \u00e0 travers les pages de <a href=\"http:\/\/www.mondoemissione.it\/\" target=\"_blank\" rel=\"noopener noreferrer\">Mondo e Missione,<\/a> la revue des Missionnaires de PIME, avec lequel nous partageons les id\u00e9aux et le charisme missionnaire. et qui continuera \u00e0 parler de nous aussi.<\/p>\n<p><strong>Voulez-vous vous abonner \u00e0 Mondo e Missione? Voir la page d\u00e9di\u00e9e aux <a href=\"https:\/\/www.mondoemissione.it\/abbonamenti\/\" target=\"_blank\" rel=\"noopener noreferrer\">abonnements sur le site de Mondo e Missione<\/a>.<\/strong>[\/vc_column_text]<div class=\"text-right\"><a class=\"btn sac-btn no-border-radius btn-default btn-xl\" href=\"\/categoria\/media\/rivista-mdi\/\" style=\"border: none !important;\">Lis les articles<\/a><\/div>[\/vc_column][\/vc_row][vc_row][vc_column width=\u00a0\u00bb1\/2&Prime;][vc_custom_heading text=\u00a0\u00bbPhotos\u00a0\u00bb font_container=\u00a0\u00bbtag:h2|font_size:30px|text_align:center|color:%23eb0707|line_height:36px\u00a0\u00bb google_fonts=\u00a0\u00bbfont_family:Shadows%20Into%20Light%20Two%3Aregular|font_style:400%20regular%3A400%3Anormal\u00a0\u00bb link=\u00a0\u00bburl:%2Fcategoria%2Fmedia%2Ffoto%2F|||\u00a0\u00bb][vc_separator]\n\t<div class=\"news-highlight\"><div class=\"posts-listing standard-listing with-meta inline-meta\">\n            <article id=\"post-34365\" class=\"post-34365 post type-post status-publish format-standard has-post-thumbnail hentry category-media-fr category-foto-fr category-photostory-fr tag-inde\">\n                <div class=\"post-content animated animate-when-almost-visible el-appear\">\n\n                    <div class=\"article-media clearfix\">\n                                                <div class=\"post-image\"><a href=\"https:\/\/mdipime.org\/fr\/media-fr\/foto-fr\/i-bambini-del-vimala-dermatological-center\/\" class=\"element-wrap\"><img decoding=\"async\" src=\"https:\/\/mdipime.org\/wp-content\/uploads\/2020\/12\/Bertilla-con-i-bambini-480x270.jpg\" alt=\"Les enfants du Centre Dermatologique Vimala\"><span class=\"hover-element\"><i>+<\/i><\/span><\/a><\/div><!--end post-image-->                    <\/div>\n\n                    <h3 class=\"post-title entry-title\"><a href=\"https:\/\/mdipime.org\/fr\/media-fr\/foto-fr\/i-bambini-del-vimala-dermatological-center\/\" >Les enfants du Centre Dermatologique Vimala<\/a><\/h3>\n\n                    <div class=\"article-meta\">\n                        <span class=\"post-meta\">\n                            <small><a href=\"https:\/\/mdipime.org\/fr\/media-fr\/foto-fr\/i-bambini-del-vimala-dermatological-center\/\" rel=\"bookmark\" class=\"post-time\"><time class=\"entry-date\" datetime=\"2021-10-08T09:18:40+02:00\">08\/10\/2021<\/time><time class=\"modify-date hide hidden updated\" datetime=\"2020-12-19T15:08:31+01:00\">19\/12\/2020<\/time><\/a><\/small>, <small class=\"meta-category\"><a href=\"https:\/\/mdipime.org\/fr\/categoria\/media-fr\/\" rel=\"category tag\">M\u00e9dia<\/a>, <a href=\"https:\/\/mdipime.org\/fr\/categoria\/media-fr\/foto-fr\/\" rel=\"category tag\">Photos<\/a>, <a href=\"https:\/\/mdipime.org\/fr\/categoria\/media-fr\/photostory-fr\/\" rel=\"category tag\">Photostory<\/a>, <a href=\"https:\/\/mdipime.org\/fr\/tag\/inde\/\" rel=\"tag\">Inde<\/a><\/small>                        <\/span>\n                    <\/div>\n\n                    <div class=\"entry-summary\">\n                                                    <p>Sr. Bertilla parle des enfants du centre de dermatologie de Mumbai: \"La joie d\u2019\u00eatre avec les enfants qui sont fragile, innocents, amoureux de la paix et artisans de paix. Comme jeunes Missionnaires, au milieu des enfants du Centre Dermatologique de Vimala \u00e0 Mumbai, j\u2019ai commence \u00e0 monter au ciel, parce que mon enthousiasme et mon amour pour la mission en INDE n\u2019avaient pas de limite. Parm...<\/p>                                            <\/div><!-- .entry-summary -->\n\n                <\/div>\n            <\/article>\n\n            \n            <\/div> <!-- .posts-listing -->\n            <div class=\"posts-listing left-thumb-listing\">\n\n            \n            <\/div><!-- .posts-listing --><\/div><div class=\"text-center\"><a class=\"btn sac-btn no-border-radius btn-default btn-xl\" href=\"\/fr\/categoria\/foto-fr\/\" style=\"border: none !important;\">Regarde-les toutes<\/a><\/div>[\/vc_column][vc_column width=\u00a0\u00bb1\/2&Prime;][vc_custom_heading text=\u00a0\u00bbVid\u00e9os\u00a0\u00bb font_container=\u00a0\u00bbtag:h2|font_size:30px|text_align:center|color:%23eb0707|line_height:36px\u00a0\u00bb google_fonts=\u00a0\u00bbfont_family:Shadows%20Into%20Light%20Two%3Aregular|font_style:400%20regular%3A400%3Anormal\u00a0\u00bb link=\u00a0\u00bburl:%2Fcategoria%2Fmedia%2Fvideo%2F|||\u00a0\u00bb][vc_separator]\n\t<div class=\"news-highlight\"><div class=\"posts-listing standard-listing with-meta inline-meta\">\n            <article id=\"post-35567\" class=\"post-35567 post type-post status-publish format-video hentry category-video-fr post_format-post-format-video\">\n                <div class=\"post-content animated animate-when-almost-visible el-appear\">\n\n                    <div class=\"article-media clearfix\">\n                                                <iframe loading=\"lazy\" title=\"50 ans de mission au Cameroun des Soeurs Missionnaires de l&#039;Immacul\u00e9e-PIME\" width=\"1200\" height=\"900\" src=\"https:\/\/www.youtube.com\/embed\/9dFjLpv0yl4?feature=oembed&amp;wmode=opaque&amp;showinfo=0\" style=\"border: none\" allow=\"accelerometer; autoplay; clipboard-write; encrypted-media; gyroscope; picture-in-picture; web-share\" referrerpolicy=\"strict-origin-when-cross-origin\" allowfullscreen><\/iframe>                    <\/div>\n\n                    <h3 class=\"post-title entry-title\"><a href=\"https:\/\/mdipime.org\/fr\/media-fr\/video-fr\/aux-soeurs-mdi-du-tchad-cameroun\/\" >Aux soeurs MDI du Tchad Cameroun<\/a><\/h3>\n\n                    <div class=\"article-meta\">\n                        <span class=\"post-meta\">\n                            <small><a href=\"https:\/\/mdipime.org\/fr\/media-fr\/video-fr\/aux-soeurs-mdi-du-tchad-cameroun\/\" rel=\"bookmark\" class=\"post-time\"><time class=\"entry-date\" datetime=\"2021-02-17T15:25:50+01:00\">17\/02\/2021<\/time><time class=\"modify-date hide hidden updated\" datetime=\"2021-02-17T16:02:02+01:00\">17\/02\/2021<\/time><\/a><\/small>, <small class=\"meta-category\"><a href=\"https:\/\/mdipime.org\/fr\/categoria\/media-fr\/video-fr\/\" rel=\"category tag\">Video<\/a><\/small>                        <\/span>\n                    <\/div>\n\n                    <div class=\"entry-summary\">\n                                                    <p>Les missionnaires de l&rsquo;Immacul\u00e9e ( Pime) c\u00e9l\u00e8brent leurs 50 ans de mission au Cameroun<\/p>                                            <\/div><!-- .entry-summary -->\n\n                <\/div>\n            <\/article>\n\n            \n            <\/div> <!-- .posts-listing -->\n            <div class=\"posts-listing left-thumb-listing\">\n\n            \n            <\/div><!-- .posts-listing --><\/div><div class=\"text-center\"><a class=\"btn sac-btn no-border-radius btn-default btn-xl\" href=\"\/fr\/categoria\/video-fr\/\" style=\"border: none !important;\">Regarde-les toutes<\/a><\/div>[\/vc_column][\/vc_row]<\/p>\n<\/div>","protected":false},"excerpt":{"rendered":"<p>[vc_row padding_top=\u00a0\u00bb20&Prime; padding_bottom=\u00a0\u00bb20&Prime;][vc_column][vc_custom_heading text=\u00a0\u00bbRevue MdI\u00a0\u00bb font_container=\u00a0\u00bbtag:h2|font_size:30px|text_align:center|color:%23eb0707|line_height:36px\u00a0\u00bb google_fonts=\u00a0\u00bbfont_family:Shadows%20Into%20Light%20Two%3Aregular|font_style:400%20regular%3A400%3Anormal\u00a0\u00bb link=\u00a0\u00bburl:%2Fcategoria%2Fmedia%2Frivista-mdi%2F|||\u00a0\u00bb][vc_separator][vc_column_text]La revue Missionarie dell&rsquo;Immacolata, cha\u00eene d&rsquo;animation missionnaire active depuis 34 ans, ferme ses activit\u00e9s en 2019. Vous pouvez trouver les archives partielles des derniers num\u00e9ros publi\u00e9s.\u00a0 \u00c0 partir de janvier 2020, MdI prend une autre apparence et continue de parler de nous et de notre passion pour l&rsquo;annonce \u00e0 travers les pages de Mondo e Missione, la revue des Missionnaires de PIME, avec lequel nous partageons les id\u00e9aux et le charisme missionnaire. et qui continuera \u00e0 parler de nous aussi. Voulez-vous vous abonner \u00e0 Mondo e Missione? Voir la page d\u00e9di\u00e9e aux abonnements sur le site de Mondo e Missione.[\/vc_column_text][\/vc_column][\/vc_row][vc_row][vc_column width=\u00a0\u00bb1\/2&Prime;][vc_custom_heading text=\u00a0\u00bbPhotos\u00a0\u00bb font_container=\u00a0\u00bbtag:h2|font_size:30px|text_align:center|color:%23eb0707|line_height:36px\u00a0\u00bb google_fonts=\u00a0\u00bbfont_family:Shadows%20Into%20Light%20Two%3Aregular|font_style:400%20regular%3A400%3Anormal\u00a0\u00bb link=\u00a0\u00bburl:%2Fcategoria%2Fmedia%2Ffoto%2F|||\u00a0\u00bb][vc_separator][\/vc_column][vc_column width=\u00a0\u00bb1\/2&Prime;][vc_custom_heading text=\u00a0\u00bbVid\u00e9os\u00a0\u00bb font_container=\u00a0\u00bbtag:h2|font_size:30px|text_align:center|color:%23eb0707|line_height:36px\u00a0\u00bb google_fonts=\u00a0\u00bbfont_family:Shadows%20Into%20Light%20Two%3Aregular|font_style:400%20regular%3A400%3Anormal\u00a0\u00bb link=\u00a0\u00bburl:%2Fcategoria%2Fmedia%2Fvideo%2F|||\u00a0\u00bb][vc_separator][\/vc_column][\/vc_row]<\/p>\n","protected":false},"author":14,"featured_media":0,"parent":0,"menu_order":0,"comment_status":"closed","ping_status":"closed","template":"","meta":{"_acf_changed":false,"footnotes":""},"class_list":["post-29479","page","type-page","status-publish","hentry"],"acf":[],"aioseo_notices":[],"jetpack_sharing_enabled":true,"_links":{"self":[{"href":"https:\/\/mdipime.org\/fr\/wp-json\/wp\/v2\/pages\/29479","targetHints":{"allow":["GET"]}}],"collection":[{"href":"https:\/\/mdipime.org\/fr\/wp-json\/wp\/v2\/pages"}],"about":[{"href":"https:\/\/mdipime.org\/fr\/wp-json\/wp\/v2\/types\/page"}],"author":[{"embeddable":true,"href":"https:\/\/mdipime.org\/fr\/wp-json\/wp\/v2\/users\/14"}],"replies":[{"embeddable":true,"href":"https:\/\/mdipime.org\/fr\/wp-json\/wp\/v2\/comments?post=29479"}],"version-history":[{"count":0,"href":"https:\/\/mdipime.org\/fr\/wp-json\/wp\/v2\/pages\/29479\/revisions"}],"wp:attachment":[{"href":"https:\/\/mdipime.org\/fr\/wp-json\/wp\/v2\/media?parent=29479"}],"curies":[{"name":"wp","href":"https:\/\/api.w.org\/{rel}","templated":true}]}}