{"id":29515,"date":"2017-03-31T12:39:01","date_gmt":"2017-03-31T10:39:01","guid":{"rendered":"https:\/\/www.mdipime.org\/come-aiutarci\/"},"modified":"2024-02-22T17:41:57","modified_gmt":"2024-02-22T16:41:57","slug":"come-aiutarci","status":"publish","type":"page","link":"https:\/\/mdipime.org\/fr\/come-aiutarci\/","title":{"rendered":"Comment nous aider"},"content":{"rendered":"<div class=\"wpb-content-wrapper\"><p>[vc_row][vc_column][vc_custom_heading text=\u00a0\u00bbSoutiens un de nos Projets ou alors aide un enfant ou un jeune pour les \u00e9tudes\u00a0\u00bb font_container=\u00a0\u00bbtag:h2|font_size:40px|text_align:center|line_height:44px\u00a0\u00bb use_theme_fonts=\u00a0\u00bbyes\u00a0\u00bb el_class=\u00a0\u00bbw300&Prime;]<div  class=\"kleo-gap\" style=\"height:20px;line-height:20px;\"><\/div>[vc_custom_heading text=\u00a0\u00bbProjets\u00a0\u00bb font_container=\u00a0\u00bbtag:h2|font_size:35px|text_align:center|color:%23ed0707|line_height:40px\u00a0\u00bb google_fonts=\u00a0\u00bbfont_family:Shadows%20Into%20Light%20Two%3Aregular|font_style:400%20regular%3A400%3Anormal\u00a0\u00bb link=\u00a0\u00bburl:%2Ffr%2Fcome-aiutarci%2Fsostieni-un-progetto%2F|||\u00a0\u00bb][vc_separator]<div class=\"wpb_wrapper\"><div class=\"portfolio-data\" style=\"display: none;\"><input type=\"hidden\" id=\"portfolio-security\" name=\"portfolio-security\" value=\"6047e99cde\" \/><input type=\"hidden\" name=\"_wp_http_referer\" value=\"\/fr\/wp-json\/wp\/v2\/pages\/29515\" \/><input type=\"hidden\" name=\"pitem\" value=\"0\"><input type=\"hidden\" name=\"post_id\" value=\"29515\"><\/div><div class=\"portfolio-wrapper\"><ul class=\"portfolio-items responsive-cols kleo-masonry  default-style hide-excerpt per-row-2\">\n\n<li itemscope itemtype=\"http:\/\/schema.org\/CreativeWork\"\n    id=\"post-34810\" class=\" brasile-fr porto-thumb post-34810 portfolio type-portfolio status-publish has-post-thumbnail hentry portfolio-category-brasile-fr\">\n\n\t<div class=\"portfolio-item-content animated animate-when-almost-visible el-appear\">\t\t\n\t\t<div class=\"portfolio-image\"><a href=\"https:\/\/mdipime.org\/fr\/portfolio\/bibbia-in-mano-e-piedi-in-missione\/\" class=\"element-wrap\"><img decoding=\"async\" src=\"https:\/\/mdipime.org\/wp-content\/uploads\/2020\/12\/progetto-concluso-FR-480x160.jpg\"><span class=\"hover-element\"><i>+<\/i><\/span><\/a><\/div><!--end post-image-->\n\n\t\t<div class=\"portfolio-header\">\n\t\t\t<h3 class=\"post-title\"><a href=\"https:\/\/mdipime.org\/fr\/portfolio\/bibbia-in-mano-e-piedi-in-missione\/\">Bible en mains et pieds sur la mission<\/a><\/h3>\n\t\t<\/div><!--end portfolio-header-->\n\n\t\t\n\t\t\n\t\t\t<div class=\"portfolio-info\">\n\t\t\t\t<p>Il progetto \u201cBibbia in mano e piedi in missione\u201d sar\u00e0 realizzato dalla Parrocchia San Paolo Apostolo della diocesi di Alto Solim\u00f5es e vuole essere una opportunit\u00e0 di espressione concreta del discepolato missionario in terra amazzonica. Descrizione del progetto Donare mille Bibbie \u2013 versione della Conferenza dei Vescovi del Brasile \u2013 in seguito alla distribuzione massiva e gratuita delle...<\/p>\t\t\t<\/div><!--end post-info-->\n\n\t\t\n\t\t\n\t<\/div><!--end post-content-->\n<\/li>\n\n<li itemscope itemtype=\"http:\/\/schema.org\/CreativeWork\"\n    id=\"post-34804\" class=\" bangladesh-fr porto-thumb post-34804 portfolio type-portfolio status-publish has-post-thumbnail hentry portfolio-category-bangladesh-fr\">\n\n\t<div class=\"portfolio-item-content animated animate-when-almost-visible el-appear\">\t\t\n\t\t<div class=\"portfolio-image\"><a href=\"https:\/\/mdipime.org\/fr\/portfolio\/una-scuola-per-i-bambini-di-monipuripara\/\" class=\"element-wrap\"><img decoding=\"async\" src=\"https:\/\/mdipime.org\/wp-content\/uploads\/2020\/12\/progetto-concluso-FR-2-480x160.jpg\"><span class=\"hover-element\"><i>+<\/i><\/span><\/a><\/div><!--end post-image-->\n\n\t\t<div class=\"portfolio-header\">\n\t\t\t<h3 class=\"post-title\"><a href=\"https:\/\/mdipime.org\/fr\/portfolio\/una-scuola-per-i-bambini-di-monipuripara\/\">Une \u00e9cole pour les enfants de Monipuripara<\/a><\/h3>\n\t\t<\/div><!--end portfolio-header-->\n\n\t\t\n\t\t\n\t\t\t<div class=\"portfolio-info\">\n\t\t\t\t<p>A Dhaka, le Missionarie dell\u2019Immacolata sono presenti dal 1987, primariamente con attivita\u2019 specificatamente correlate con la vitalit\u00e0 della nostra Provincia: formazione dei nuovi membri, formazione permanente delle suore, amministrazione e gestione della Provincia. Inoltre le suore si inseriscono in diverse attivit\u00e0 pastorali in parrocchia e diocesi. Viste per\u00f2 le necessit\u00e0 e le richieste...<\/p>\t\t\t<\/div><!--end post-info-->\n\n\t\t\n\t\t\n\t<\/div><!--end post-content-->\n<\/li>\n\n<li itemscope itemtype=\"http:\/\/schema.org\/CreativeWork\"\n    id=\"post-34807\" class=\" tunisia-fr porto-thumb post-34807 portfolio type-portfolio status-publish has-post-thumbnail hentry portfolio-category-tunisia-fr\">\n\n\t<div class=\"portfolio-item-content animated animate-when-almost-visible el-appear\">\t\t\n\t\t<div class=\"portfolio-image\"><a href=\"https:\/\/mdipime.org\/fr\/portfolio\/aiuta-le-famiglie-di-hammam-lif-tunisia\/\" class=\"element-wrap\"><img decoding=\"async\" src=\"https:\/\/mdipime.org\/wp-content\/uploads\/2020\/12\/francese-480x160.jpg\"><span class=\"hover-element\"><i>+<\/i><\/span><\/a><\/div><!--end post-image-->\n\n\t\t<div class=\"portfolio-header\">\n\t\t\t<h3 class=\"post-title\"><a href=\"https:\/\/mdipime.org\/fr\/portfolio\/aiuta-le-famiglie-di-hammam-lif-tunisia\/\">Aide les familles de Hammam Lif<\/a><\/h3>\n\t\t<\/div><!--end portfolio-header-->\n\n\t\t\n\t\t\n\t\t\t<div class=\"portfolio-info\">\n\t\t\t\t<p>Noi Missionarie dell\u2019Immacolata siamo in Tunisia da poco pi\u00f9 di due anni, ad Hammam Lif, una cittadina di 40.000 abitanti alla periferia di Tunisi, circa 20 km a sud della capitale. Le condizioni di vita della gente, a parte qualche famiglia benestante, sono molto discrete e molti vivono alla giornata con piccoli lavori saltuari e molti altri sono senza lavoro. Nel nostro cammino di inserimento...<\/p>\t\t\t<\/div><!--end post-info-->\n\n\t\t\n\t\t\n\t<\/div><!--end post-content-->\n<\/li>\n\n<li itemscope itemtype=\"http:\/\/schema.org\/CreativeWork\"\n    id=\"post-35110\" class=\" bangladesh-fr porto-thumb post-35110 portfolio type-portfolio status-publish has-post-thumbnail hentry portfolio-category-bangladesh-fr\">\n\n\t<div class=\"portfolio-item-content animated animate-when-almost-visible el-appear\">\t\t\n\t\t<div class=\"portfolio-image\"><a href=\"https:\/\/mdipime.org\/fr\/portfolio\/lotta-alla-lebbra-e-tubercolosi-khulna\/\" class=\"element-wrap\"><img decoding=\"async\" src=\"https:\/\/mdipime.org\/wp-content\/uploads\/2021\/01\/cover-1-480x160.jpg\"><span class=\"hover-element\"><i>+<\/i><\/span><\/a><\/div><!--end post-image-->\n\n\t\t<div class=\"portfolio-header\">\n\t\t\t<h3 class=\"post-title\"><a href=\"https:\/\/mdipime.org\/fr\/portfolio\/lotta-alla-lebbra-e-tubercolosi-khulna\/\">Lutte contre la l\u00e8pre et la tuberculose &#8211; Khulna<\/a><\/h3>\n\t\t<\/div><!--end portfolio-header-->\n\n\t\t\n\t\t\n\t\t\t<div class=\"portfolio-info\">\n\t\t\t\t<p>Dal 1986 siamo presenti sul territorio metropolitano di Khulna con un progetto per la lotta alla Lebbra. Dal 2001, col netto declinare dei casi di questa malattia, abbiamo iniziato ad occuparci di tubercolosi, una malattia ancora endemica in Bangladesh. La citt\u00e0 di Khulna \u00e8 la terza per importanza nel Paese. Si trova nel sud-ovest del Bangladesh. Ha una popolazione di circa 1 milione e mezzo di ...<\/p>\t\t\t<\/div><!--end post-info-->\n\n\t\t\n\t\t\n\t<\/div><!--end post-content-->\n<\/li>\n\n<li itemscope itemtype=\"http:\/\/schema.org\/CreativeWork\"\n    id=\"post-34799\" class=\" bangladesh-fr porto-thumb post-34799 portfolio type-portfolio status-publish has-post-thumbnail hentry portfolio-category-bangladesh-fr\">\n\n\t<div class=\"portfolio-item-content animated animate-when-almost-visible el-appear\">\t\t\n\t\t<div class=\"portfolio-image\"><a href=\"https:\/\/mdipime.org\/fr\/portfolio\/sostieni-la-scuola-di-khalisha\/\" class=\"element-wrap\"><img decoding=\"async\" src=\"https:\/\/mdipime.org\/wp-content\/uploads\/2020\/12\/bambini-480x160.jpg\"><span class=\"hover-element\"><i>+<\/i><\/span><\/a><\/div><!--end post-image-->\n\n\t\t<div class=\"portfolio-header\">\n\t\t\t<h3 class=\"post-title\"><a href=\"https:\/\/mdipime.org\/fr\/portfolio\/sostieni-la-scuola-di-khalisha\/\">Soutiens l&rsquo;\u00e9cole de Khalisha<\/a><\/h3>\n\t\t<\/div><!--end portfolio-header-->\n\n\t\t\n\t\t\n\t\t\t<div class=\"portfolio-info\">\n\t\t\t\t<p>Scuola con 250 alunni che stiamo gradualmente fornendo della struttura e dei materiali necessari. <\/p>\t\t\t<\/div><!--end post-info-->\n\n\t\t\n\t\t\n\t<\/div><!--end post-content-->\n<\/li>\n\n<li itemscope itemtype=\"http:\/\/schema.org\/CreativeWork\"\n    id=\"post-28986\" class=\" brasile-fr porto-thumb post-28986 portfolio type-portfolio status-publish has-post-thumbnail hentry portfolio-category-brasile-fr\">\n\n\t<div class=\"portfolio-item-content animated animate-when-almost-visible el-appear\">\t\t\n\t\t<div class=\"portfolio-image\"><a href=\"https:\/\/mdipime.org\/fr\/portfolio\/progetto-olhar-jovem\/\" class=\"element-wrap\"><img decoding=\"async\" src=\"https:\/\/mdipime.org\/wp-content\/uploads\/2020\/12\/progetto-concluso-FR-1-480x160.jpg\"><span class=\"hover-element\"><i>+<\/i><\/span><\/a><\/div><!--end post-image-->\n\n\t\t<div class=\"portfolio-header\">\n\t\t\t<h3 class=\"post-title\"><a href=\"https:\/\/mdipime.org\/fr\/portfolio\/progetto-olhar-jovem\/\">Projet \u00ab\u00a0Olhar Jovem\u00a0\u00bb<\/a><\/h3>\n\t\t<\/div><!--end portfolio-header-->\n\n\t\t\n\t\t\n\t\t\t<div class=\"portfolio-info\">\n\t\t\t\t<p>Il Centro di Formazione Sr. Rita Cavenaghi (CENFIRC), \u00e8 situato in una realt\u00e0 di vulnerabilit\u00e0 sociale dove si trovano varie comunit\u00e0 carenti della periferia di San Paolo, nei quartieri di Vila Missionaria, Jardim Selma, Parque Primavera e Cidade Julia. La maggior parte dei bambini e adolescenti che frequenta il nostro centro, vive in agglomerati di case popolari, costruite in condizioni preca...<\/p>\t\t\t<\/div><!--end post-info-->\n\n\t\t\n\t\t\n\t<\/div><!--end post-content-->\n<\/li>\n\n<li itemscope itemtype=\"http:\/\/schema.org\/CreativeWork\"\n    id=\"post-31551\" class=\" brasile-fr porto-thumb post-31551 portfolio type-portfolio status-publish has-post-thumbnail hentry portfolio-category-brasile-fr\">\n\n\t<div class=\"portfolio-item-content animated animate-when-almost-visible el-appear\">\t\t\n\t\t<div class=\"portfolio-image\"><a href=\"https:\/\/mdipime.org\/fr\/portfolio\/emergenza-covid-19-amazzonia\/\" class=\"element-wrap\"><img decoding=\"async\" src=\"https:\/\/mdipime.org\/wp-content\/uploads\/2020\/05\/concluido-amazzonia-fr-480x160.jpg\"><span class=\"hover-element\"><i>+<\/i><\/span><\/a><\/div><!--end post-image-->\n\n\t\t<div class=\"portfolio-header\">\n\t\t\t<h3 class=\"post-title\"><a href=\"https:\/\/mdipime.org\/fr\/portfolio\/emergenza-covid-19-amazzonia\/\">URGENCE COVID-19 Amazone<\/a><\/h3>\n\t\t<\/div><!--end portfolio-header-->\n\n\t\t\n\t\t\n\t\t\t<div class=\"portfolio-info\">\n\t\t\t\t<p> Pour la defense de la vie des peuples indigenes de l\u2019amazonie \u201cLa cr\u00e9ation g\u00e9mit dans les douleurs de l\u2019enfantement\u201d (Rm 8,22) Toute l\u2019humanit\u00e9 est entrain de vivre un moment tr\u00e8s difficile \u00e0 cause de la COVID-19 et la r\u00e9gion Amazonienne n\u2019a pas \u00e9t\u00e9 \u00e9pargn\u00e9e de cette terrible pand\u00e9mie. Les r\u00e9gions amazoniennes sont invisibles aux \u00c9tats nationaux en ce qui concerne les pol...<\/p>\t\t\t<\/div><!--end post-info-->\n\n\t\t\n\t\t\n\t<\/div><!--end post-content-->\n<\/li>\n\n<li itemscope itemtype=\"http:\/\/schema.org\/CreativeWork\"\n    id=\"post-28993\" class=\" papua-nuova-guinea-fr porto-thumb post-28993 portfolio type-portfolio status-publish has-post-thumbnail hentry portfolio-category-papua-nuova-guinea-fr\">\n\n\t<div class=\"portfolio-item-content animated animate-when-almost-visible el-appear\">\t\t\n\t\t<div class=\"portfolio-image\"><a href=\"https:\/\/mdipime.org\/fr\/portfolio\/progetto-lumalama\/\" class=\"element-wrap\"><img decoding=\"async\" src=\"https:\/\/mdipime.org\/wp-content\/uploads\/2019\/11\/lumalama-concluso-it-480x160.jpg\"><span class=\"hover-element\"><i>+<\/i><\/span><\/a><\/div><!--end post-image-->\n\n\t\t<div class=\"portfolio-header\">\n\t\t\t<h3 class=\"post-title\"><a href=\"https:\/\/mdipime.org\/fr\/portfolio\/progetto-lumalama\/\">Progetto \u00ab\u00a0Lumalama\u00a0\u00bb<\/a><\/h3>\n\t\t<\/div><!--end portfolio-header-->\n\n\t\t\n\t\t\n\t\t\t<div class=\"portfolio-info\">\n\t\t\t\t<p>Dona e installa un lampione solare Il progetto \u00ab\u00a0Lumalama\u00a0\u00bb, nasce come frutto di una ricerca antropologica realizzata grazie al contributo della popolazione delle comunit\u00e0 cattoliche dell&rsquo;isola di Kiriwina, dove una comunit\u00e0 delle Missionarie dell&rsquo;Immacolata opera dal 2000. Dopo un analisi e studio del territorio e delle esigenze primarie necessarie per un maggior sviluppo e ben...<\/p>\t\t\t<\/div><!--end post-info-->\n\n\t\t\n\t\t\n\t<\/div><!--end post-content-->\n<\/li>\n\n<li itemscope itemtype=\"http:\/\/schema.org\/CreativeWork\"\n    id=\"post-29004\" class=\" india-fr porto-thumb post-29004 portfolio type-portfolio status-publish has-post-thumbnail hentry portfolio-category-india-fr\">\n\n\t<div class=\"portfolio-item-content animated animate-when-almost-visible el-appear\">\t\t\n\t\t<div class=\"portfolio-image\"><a href=\"https:\/\/mdipime.org\/fr\/portfolio\/sostieni-il-lebbrosario-di-mehendipara\/\" class=\"element-wrap\"><img decoding=\"async\" src=\"https:\/\/mdipime.org\/wp-content\/uploads\/2018\/07\/concluido-siliguri-fr-480x160.jpg\"><span class=\"hover-element\"><i>+<\/i><\/span><\/a><\/div><!--end post-image-->\n\n\t\t<div class=\"portfolio-header\">\n\t\t\t<h3 class=\"post-title\"><a href=\"https:\/\/mdipime.org\/fr\/portfolio\/sostieni-il-lebbrosario-di-mehendipara\/\">Soutiens le leprosaire de Mehendipara<\/a><\/h3>\n\t\t<\/div><!--end portfolio-header-->\n\n\t\t\n\t\t\n\t\t\t<div class=\"portfolio-info\">\n\t\t\t\t<p>Un ospedale di 20 letti per l'ammissione dei malati di lebbra nella zona rurale di Mehendipara, India. Abbiamo bisogno del tuo aiuto per curare pi\u00f9 malati.<\/p>\t\t\t<\/div><!--end post-info-->\n\n\t\t\n\t\t\n\t<\/div><!--end post-content-->\n<\/li>\n\n<li itemscope itemtype=\"http:\/\/schema.org\/CreativeWork\"\n    id=\"post-28998\" class=\" guinea-bissau-fr porto-thumb post-28998 portfolio type-portfolio status-publish has-post-thumbnail hentry portfolio-category-guinea-bissau-fr\">\n\n\t<div class=\"portfolio-item-content animated animate-when-almost-visible el-appear\">\t\t\n\t\t<div class=\"portfolio-image\"><a href=\"https:\/\/mdipime.org\/fr\/portfolio\/un-banco-per-gli-alunni-della-scuola-di-cussana\/\" class=\"element-wrap\"><img decoding=\"async\" src=\"https:\/\/mdipime.org\/wp-content\/uploads\/2017\/04\/gb-concluso-fr-480x160.jpg\"><span class=\"hover-element\"><i>+<\/i><\/span><\/a><\/div><!--end post-image-->\n\n\t\t<div class=\"portfolio-header\">\n\t\t\t<h3 class=\"post-title\"><a href=\"https:\/\/mdipime.org\/fr\/portfolio\/un-banco-per-gli-alunni-della-scuola-di-cussana\/\">Un banc pour l\u2019\u00e9cole  de Cussana<\/a><\/h3>\n\t\t<\/div><!--end portfolio-header-->\n\n\t\t\n\t\t\n\t\t\t<div class=\"portfolio-info\">\n\t\t\t\t<p>In seguito all'aumento degli alunni, che attualmente sono 500 circa, la scuola di Cussana ha bisogno di almeno 40 banchi di due posti ciascuno.<\/p>\t\t\t<\/div><!--end post-info-->\n\n\t\t\n\t\t\n\t<\/div><!--end post-content-->\n<\/li>\n<\/ul>\n<\/div><\/div><div  class=\"kleo-gap\" style=\"height:20px;line-height:20px;\"><\/div>[vc_row_inner][vc_column_inner width=\u00a0\u00bb1\/3&Prime;][\/vc_column_inner][vc_column_inner width=\u00a0\u00bb1\/3&Prime;][vc_column_text el_class=\u00a0\u00bbsac-btn\u00a0\u00bb]<\/p>\n<p style=\"font-size: 20px; line-height: 26px; text-align: center; margin: 0;\"><a href=\"\/?page_id=8607\"><span style=\"font-family: 'Shadows Into Light Two', cursive;\"><strong>Soutiens un\u00a0<\/strong><\/span><br \/>\n<\/a><span style=\"font-family: 'Shadows Into Light Two', cursive;\"><strong><a href=\"\/?page_id=8607\">projet<\/a><\/strong><\/span><\/p>\n<p>[\/vc_column_text][\/vc_column_inner][vc_column_inner width=\u00a0\u00bb1\/3&Prime;][\/vc_column_inner][\/vc_row_inner][\/vc_column][\/vc_row][vc_row][vc_column][vc_custom_heading text=\u00a0\u00bbSoutien \u00e0 distance\u00a0\u00bb font_container=\u00a0\u00bbtag:h2|font_size:35px|text_align:center|color:%23ed0707|line_height:40px\u00a0\u00bb google_fonts=\u00a0\u00bbfont_family:Shadows%20Into%20Light%20Two%3Aregular|font_style:400%20regular%3A400%3Anormal\u00a0\u00bb link=\u00a0\u00bburl:%2Ffr%2Fcome-aiutarci%2Fsostegno-a-distanza%2F|||\u00a0\u00bb][vc_separator][vc_single_image image=\u00a0\u00bb29521&Prime; img_size=\u00a0\u00bbfull\u00a0\u00bb alignment=\u00a0\u00bbcenter\u00a0\u00bb onclick=\u00a0\u00bbcustom_link\u00a0\u00bb link=\u00a0\u00bb\/come-aiutarci\/sostegno-a-distanza\/\u00a0\u00bb][vc_column_text]Ta contribution sera d\u2019une grande aide pour les enfants et les jeunes dont nous nous occupons dans les diff\u00e9rents pays o\u00f9 nous sommes pr\u00e9sentes.<\/p>\n<p>La contribution annuelle sera utilis\u00e9e pour garantir aux enfants une ad\u00e9quate <strong>\u00e9ducation scolaire<\/strong>, une <strong>bonne alimentation<\/strong> et <strong>les soins n\u00e9cessaires pour un d\u00e9veloppement juste et harmonieux.<\/strong><\/p>\n<p>Aux Jeunes, tu donneras ainsi l\u2019opportunit\u00e9 de continuer les \u00e9tudes sup\u00e9rieures ou de compl\u00e9ter la formation scolaire.[\/vc_column_text][vc_row_inner][vc_column_inner width=\u00a0\u00bb1\/3&Prime;][\/vc_column_inner][vc_column_inner width=\u00a0\u00bb1\/3&Prime;][vc_column_text el_class=\u00a0\u00bbsac-btn\u00a0\u00bb]<\/p>\n<p style=\"font-size: 20px; line-height: 26px; text-align: center; margin: 0;\"><a href=\"\/?page_id=7103\"><span style=\"font-family: 'Shadows Into Light Two', cursive;\">Remplis le <\/span><\/a><\/p>\n<p style=\"font-size: 20px; line-height: 26px; text-align: center; margin: 0;\"><a href=\"\/?page_id=7103\"><span style=\"font-family: 'Shadows Into Light Two', cursive;\">FORMULAIRE<\/span><br \/>\n<\/a><\/p>\n<p>[\/vc_column_text][\/vc_column_inner][vc_column_inner width=\u00a0\u00bb1\/3&Prime;][\/vc_column_inner][\/vc_row_inner][\/vc_column][\/vc_row]<\/p>\n<\/div>","protected":false},"excerpt":{"rendered":"<p>[vc_row][vc_column][vc_custom_heading text=\u00a0\u00bbSoutiens un de nos Projets ou alors aide un enfant ou un jeune pour les \u00e9tudes\u00a0\u00bb font_container=\u00a0\u00bbtag:h2|font_size:40px|text_align:center|line_height:44px\u00a0\u00bb use_theme_fonts=\u00a0\u00bbyes\u00a0\u00bb el_class=\u00a0\u00bbw300&Prime;][vc_custom_heading text=\u00a0\u00bbProjets\u00a0\u00bb font_container=\u00a0\u00bbtag:h2|font_size:35px|text_align:center|color:%23ed0707|line_height:40px\u00a0\u00bb google_fonts=\u00a0\u00bbfont_family:Shadows%20Into%20Light%20Two%3Aregular|font_style:400%20regular%3A400%3Anormal\u00a0\u00bb link=\u00a0\u00bburl:%2Ffr%2Fcome-aiutarci%2Fsostieni-un-progetto%2F|||\u00a0\u00bb][vc_separator][vc_row_inner][vc_column_inner width=\u00a0\u00bb1\/3&Prime;][\/vc_column_inner][vc_column_inner width=\u00a0\u00bb1\/3&Prime;][vc_column_text el_class=\u00a0\u00bbsac-btn\u00a0\u00bb] Soutiens un\u00a0 projet [\/vc_column_text][\/vc_column_inner][vc_column_inner width=\u00a0\u00bb1\/3&Prime;][\/vc_column_inner][\/vc_row_inner][\/vc_column][\/vc_row][vc_row][vc_column][vc_custom_heading text=\u00a0\u00bbSoutien \u00e0 distance\u00a0\u00bb font_container=\u00a0\u00bbtag:h2|font_size:35px|text_align:center|color:%23ed0707|line_height:40px\u00a0\u00bb google_fonts=\u00a0\u00bbfont_family:Shadows%20Into%20Light%20Two%3Aregular|font_style:400%20regular%3A400%3Anormal\u00a0\u00bb link=\u00a0\u00bburl:%2Ffr%2Fcome-aiutarci%2Fsostegno-a-distanza%2F|||\u00a0\u00bb][vc_separator][vc_single_image image=\u00a0\u00bb29521&Prime; img_size=\u00a0\u00bbfull\u00a0\u00bb alignment=\u00a0\u00bbcenter\u00a0\u00bb onclick=\u00a0\u00bbcustom_link\u00a0\u00bb link=\u00a0\u00bb\/come-aiutarci\/sostegno-a-distanza\/\u00a0\u00bb][vc_column_text]Ta contribution sera d\u2019une grande aide pour les enfants et les jeunes dont nous nous occupons dans les diff\u00e9rents pays o\u00f9 nous sommes pr\u00e9sentes. La contribution annuelle sera utilis\u00e9e pour garantir aux enfants une ad\u00e9quate \u00e9ducation scolaire, une bonne alimentation et les soins n\u00e9cessaires pour un d\u00e9veloppement juste et harmonieux. Aux Jeunes, tu donneras ainsi l\u2019opportunit\u00e9 de continuer les \u00e9tudes sup\u00e9rieures ou de compl\u00e9ter la formation scolaire.[\/vc_column_text][vc_row_inner][vc_column_inner width=\u00a0\u00bb1\/3&Prime;][\/vc_column_inner][vc_column_inner width=\u00a0\u00bb1\/3&Prime;][vc_column_text el_class=\u00a0\u00bbsac-btn\u00a0\u00bb] Remplis le FORMULAIRE [\/vc_column_text][\/vc_column_inner][vc_column_inner width=\u00a0\u00bb1\/3&Prime;][\/vc_column_inner][\/vc_row_inner][\/vc_column][\/vc_row]<\/p>\n","protected":false},"author":14,"featured_media":0,"parent":0,"menu_order":0,"comment_status":"closed","ping_status":"closed","template":"","meta":{"_acf_changed":false,"footnotes":""},"class_list":["post-29515","page","type-page","status-publish","hentry"],"acf":[],"aioseo_notices":[],"jetpack_sharing_enabled":true,"_links":{"self":[{"href":"https:\/\/mdipime.org\/fr\/wp-json\/wp\/v2\/pages\/29515","targetHints":{"allow":["GET"]}}],"collection":[{"href":"https:\/\/mdipime.org\/fr\/wp-json\/wp\/v2\/pages"}],"about":[{"href":"https:\/\/mdipime.org\/fr\/wp-json\/wp\/v2\/types\/page"}],"author":[{"embeddable":true,"href":"https:\/\/mdipime.org\/fr\/wp-json\/wp\/v2\/users\/14"}],"replies":[{"embeddable":true,"href":"https:\/\/mdipime.org\/fr\/wp-json\/wp\/v2\/comments?post=29515"}],"version-history":[{"count":0,"href":"https:\/\/mdipime.org\/fr\/wp-json\/wp\/v2\/pages\/29515\/revisions"}],"wp:attachment":[{"href":"https:\/\/mdipime.org\/fr\/wp-json\/wp\/v2\/media?parent=29515"}],"curies":[{"name":"wp","href":"https:\/\/api.w.org\/{rel}","templated":true}]}}