{"id":29713,"date":"2017-07-06T12:39:49","date_gmt":"2017-07-06T10:39:49","guid":{"rendered":"https:\/\/www.mdipime.org\/vocazione-missionaria\/faq-vocazione-missionaria\/"},"modified":"2024-03-22T13:59:05","modified_gmt":"2024-03-22T12:59:05","slug":"faq-vocazione-missionaria","status":"publish","type":"page","link":"https:\/\/mdipime.org\/fr\/vocazione-missionaria\/faq-vocazione-missionaria\/","title":{"rendered":"FAQ Vocation missionnaire"},"content":{"rendered":"<div class=\"wpb-content-wrapper\"><p>[vc_row padding_top=\u00a0\u00bb20&Prime; padding_bottom=\u00a0\u00bb20&Prime;][vc_column][vc_column_text]<strong>Qu\u2019est-ce que la page FAQ?<\/strong><\/p>\n<p>Telles sont les demandes que nous recevons tr\u00e8s souvent quand nous parlons de notre vocation. Les r\u00e9ponses sont d\u00e9lib\u00e9r\u00e9ment synth\u00e9tis\u00e9es, pour donner dans cet espace accessible \u00e0 tous, des informations simples et claires qui puissent donner une id\u00e9e ou stimuler \u00e0 l\u2019approfondissement.[\/vc_column_text][vc_accordion][vc_accordion_tab title=\u00a0\u00bbQue dois-je faire si je sens le d\u00e9sir de devenir une religieuse missionnaire?\u00a0\u00bb icon=\u00a0\u00bbminus\u00a0\u00bb icon_closed=\u00a0\u00bbplus\u00a0\u00bb el_id=\u00a0\u00bbcosa-devo-fare-se-sento-il-desiderio-di-essere-suora-missionaria\u00a0\u00bb][vc_column_text]Pour approfondir notre vie, ainsi que ta vocation, contacte <a href=\"\/?page_id=7082\">la communaut\u00e9 des S\u0153urs Missionnaires de l\u2019Immacul\u00e9e<\/a> qui est plus proche de toi ou alors \u00e9cris ici <a href=\"\/?page_id=8593\">tes demandes<\/a>: Tu trouveras quelqu\u2019une avec qui dialoguer! Si tu d\u00e9sires faire des exp\u00e9riences de partage et de fraternit\u00e9 avec d\u2019autres jeunes filles qui, comme toi, sont int\u00e9ress\u00e9es, entre en contact avec une de nos communaut\u00e9s plus proches de toi.[\/vc_column_text][\/vc_accordion_tab][vc_accordion_tab title=\u00a0\u00bbQuel est le parcours propos\u00e9 pour devenir une s\u0153ur Missionnaire de l\u2019Immacul\u00e9e?\u00a0\u00bb icon=\u00a0\u00bbminus\u00a0\u00bb icon_closed=\u00a0\u00bbplus\u00a0\u00bb el_id=\u00a0\u00bbqual-e-il-percorso-per-diventare-missionaria-dell-immacolata\u00a0\u00bb][vc_column_text]<strong>Aspirantat<\/strong>: p\u00e9riode de discernement vocationnel, pour v\u00e9rifier l\u2019authenticit\u00e9 de la vocation et la capacit\u00e9 d\u2019y r\u00e9pondre.<\/p>\n<p><strong>Postulat<\/strong>: p\u00e9riode qui pr\u00e9c\u00e8de imm\u00e9diatement le Noviciat et qui a pour but de porter la jeune fille \u00e0 faire librement le choix de suivre le Seigneur, selon le nouveau projet de vie.<\/p>\n<p><strong>Noviciat<\/strong>: \u00e9tape privil\u00e9gi\u00e9e de la formation, o\u00f9 la jeune fille commence \u00e0 vivre les engagements de la vie consacr\u00e9e missionnaire et des V\u0153ux au fur et \u00e0 mesure que croit en elle la compr\u00e9hension et la conscience, pour en prouver plus clairement son aptitude.<\/p>\n<p><strong>Juniorat<\/strong>:\u00a0c\u2019est une p\u00e9riode qui comprend les 6 \u00e0 9 mois qui succ\u00e8dent imm\u00e9diatement la <strong>Premi\u00e8re Profession Religieuse<\/strong>, c\u00e9l\u00e9br\u00e9e \u00e0 la fin du Noviciat. Pendant ces ann\u00e9es, la jeune Missionnaire de l\u2019Immacul\u00e9e approfondie son propre processus de maturation humaine, religieuse et apostolique dans l\u2019\u00e9tude et la pastorale, pour se pr\u00e9parer \u00e0 la Profession Perp\u00e9tuelle.<\/p>\n<p>Par la <strong>Profession Perp\u00e9tuelle\u00a0<\/strong>la Missionnaire de l\u2019Immacul\u00e9e se donne totalement \u00e0 Dieu pour la mission et est incorpor\u00e9e d\u00e9finitivement \u00e0 l\u2019Institut.[\/vc_column_text][\/vc_accordion_tab][vc_accordion_tab title=\u00a0\u00bbQue signifie les trois (3) V\u0153ux : pauvret\u00e9, chastet\u00e9, ob\u00e9issance?\u00a0\u00bb icon=\u00a0\u00bbminus\u00a0\u00bb icon_closed=\u00a0\u00bbplus\u00a0\u00bb el_id=\u00a0\u00bbcosa-significano-i-tre-voti-povert\u00e0-castit\u00e0-e-obbedienza\u00a0\u00bb][vc_column_text]Les trois V\u0153ux caract\u00e9risent la vie de cons\u00e9cration et expriment dans leur ensemble l\u2019exigence de vivre en pl\u00e9nitude notre propre bapt\u00eame, \u00e0 travers une donation inconditionnelle au Seigneur et \u00e0 son R\u00e8gne.<\/p>\n<p><strong>Ob\u00e9issance<\/strong>:\u00a0exprime le choix, sur l\u2019exemple de J\u00e9sus, de se mettre totalement dans les mains de Dieu pour participer \u00e0 son ouvre de Salut et parvenir \u00e0 une profonde communion \u00e0 sa volont\u00e9.<\/p>\n<p><strong>Chastet\u00e9<\/strong>: exprime, sur l\u2019exemple de l\u2019union d\u2019amour entre J\u00e9sus-Christ et le P\u00e8re, le choix pr\u00e9f\u00e9rentiel pour Dieu pour lequel la Missionnaire de l\u2019Immacul\u00e9e choisit de vivre, se mettant totalement \u00e0 son service; un amour qui s\u2019accomplit dans la charit\u00e9 ouverte envers tous, sans distinction.<\/p>\n<p><strong>Pauvret\u00e9<\/strong>: exprime, sur l\u2019exemple du Christ qui s\u2019est fait pauvre pour nous, la disponibilit\u00e9 de la Missionnaire de l\u2019Immacul\u00e9e \u00e0 accomplir le projet du P\u00e8re, renon\u00e7ant \u00e0 toute s\u00e9curit\u00e9 humaine et s\u2019abandonnant avec confiance \u00e0 la Providence.[\/vc_column_text][\/vc_accordion_tab][vc_accordion_tab title=\u00a0\u00bbQue signifie PIME?\u00a0\u00bb icon=\u00a0\u00bbminus\u00a0\u00bb icon_closed=\u00a0\u00bbplus\u00a0\u00bb el_id=\u00a0\u00bbqual-e-il-significato-di-pime\u00a0\u00bb][vc_column_text]C\u2019est le sigle d\u2019un Institut missionnaire:<strong>Pontifical Institut des Missions Etrang\u00e8res, <\/strong>n\u00e9 en 1850 pour unir les pr\u00eatres qui se pr\u00e9paraient pour partir en mission et l\u00e0 y offrir toute leur vie.[\/vc_column_text][\/vc_accordion_tab][vc_accordion_tab title=\u00a0\u00bbQuel rapport existe-t-il entre l\u2019Institut PIME et les S\u0153urs Missionnaires de l\u2019Immacul\u00e9e?\u00a0\u00bb icon=\u00a0\u00bbminus\u00a0\u00bb icon_closed=\u00a0\u00bbplus\u00a0\u00bb el_id=\u00a0\u00bbche-rapporto-ce-fra-listituto-del-pime-e-le-missionarie-dell-immacolata\u00a0\u00bb][vc_column_text]Les S\u0153urs Missionnaires de l\u2019Immacul\u00e9e dans le monde entier sont aussi appel\u00e9es S\u0153urs du PIME, parce que nous partageons avec le PIME la m\u00eame spiritualit\u00e9 missionnaire de vie selon l\u2019Evangile, avec comme priorit\u00e9 <strong>l\u2019annonce de l\u2019\u00e9vangile<\/strong>, principalement aux non chr\u00e9tiens et en dehors de notre propre pays d\u2019origine.<\/p>\n<p>A l\u2019origine de l\u2019Institut des S\u0153urs Missionnaires de l\u2019Immacul\u00e9e fond\u00e9e en 1936, nous avons deux (2) p\u00e8res du PIME : le <a href=\"\/?page_id=8295\">P\u00e8re Paolo Manna<\/a>, inspirateur charismatique, et <a href=\"\/?page_id=8298\">Mgr. Lorenzo Maria Balconi<\/a>, cofondateur avec deux (2) Fondatrices <a href=\"\/?page_id=8286\">M\u00e8re Jos\u00e9phine Dones<\/a> et <a href=\"\/?page_id=8291\">Jos\u00e9phine Rodolfi<\/a>. Aujourd\u2019hui, les P\u00e8res et les S\u0153urs du PIME, dans plusieurs continents, partagent en commun des activit\u00e9s d\u2019\u00e9vang\u00e9lisation et d\u2019animation missionnaire de l\u2019\u00e9glise locale.[\/vc_column_text][\/vc_accordion_tab][vc_accordion_tab title=\u00a0\u00bbO\u00f9 sont pr\u00e9sentes les S\u0153urs Missionnaires de l\u2019Immacul\u00e9e?\u00a0\u00bb icon=\u00a0\u00bbminus\u00a0\u00bb icon_closed=\u00a0\u00bbplus\u00a0\u00bb el_id=\u00a0\u00bbdove-sono-presenti-le-missionarie-dell-immacolata\u00a0\u00bb][vc_column_text]Les S\u0153urs Missionnaires de l\u2019Immacul\u00e9e sont pr\u00e9sentes dans les 5 continents:<br \/>\nEn <strong>Europe<\/strong>\u00a0: Italie et Royaume Uni<br \/>\nEn <strong>Asie<\/strong>\u00a0: Inde, Bangladesh et Hong Kong &#8211; Chine<br \/>\nEn <strong>Am\u00e9rique<\/strong>\u00a0: Br\u00e9sil Nord et Sud<br \/>\nEn <strong>Afrique<\/strong>\u00a0: Cameroun, Guin\u00e9e-Bissau, Alg\u00e9rie<br \/>\nEn <strong>Oc\u00e9anie<\/strong>\u00a0: Papouasie-Nouvelle-Guin\u00e9e[\/vc_column_text][\/vc_accordion_tab][vc_accordion_tab title=\u00a0\u00bbQue signifie les trois (3) caract\u00e9ristiques: Ad Gentes, Ad Extra, Ad Vitam?\u00a0\u00bb icon=\u00a0\u00bbminus\u00a0\u00bb icon_closed=\u00a0\u00bbplus\u00a0\u00bb el_id=\u00a0\u00bbcosa-significano-le-tre-caratteristiche-ad-gentes-ad-extra-ad-vitam\u00a0\u00bb][vc_column_text]Ag gentes, Ad extra et Ad vitam sont les trois particularit\u00e9s qui d\u00e9finissent notre choix missionnaire\u00a0: <strong>ad gentes<\/strong>, c\u2019est-\u00e0-dire, s\u2019adresser principalement aux non chr\u00e9tiens, \u00e0 ceux qui n\u2019ont pas encore entendu parler de J\u00e9sus\u00a0; <strong>ad extra<\/strong>, c\u2019est-\u00e0-dire, vivre la propre vie missionnaire en dehors de son propre pays d\u2019origine\u00a0; <strong>ad vitam<\/strong>, c\u2019est-\u00e0-dire, non pas pour une p\u00e9riode, mais pour toute la vie et avec toute la vie.[\/vc_column_text][\/vc_accordion_tab][vc_accordion_tab title=\u00a0\u00bbEst-il n\u00e9cessaire que toutes partent de leurs pays d\u2019origine pour la mission?\u00a0\u00bb icon=\u00a0\u00bbminus\u00a0\u00bb icon_closed=\u00a0\u00bbplus\u00a0\u00bb el_id=\u00a0\u00bbe-necessario-per-tutte-partire-per-la-missione\u00a0\u00bb][vc_column_text]<strong>Oui.<\/strong> A la diff\u00e9rence d\u2019autres Instituts Religieux, les S\u0153urs Missionnaires de l\u2019Immacul\u00e9e sont <strong>exclusivement missionnaires<\/strong>. Pour cela, il est demand\u00e9 \u00e0 toutes les S\u0153urs une p\u00e9riode en mission en dehors du propre pays d\u2019origine, qui pour la plupart, repr\u00e9sente plusieurs ann\u00e9es de leur vie.[\/vc_column_text][\/vc_accordion_tab][vc_accordion_tab title=\u00a0\u00bbQue signifie la devise de notre Institut \u00abQue Ton R\u00e8gne Vienne\u00bb? \u00a0\u00bb icon=\u00a0\u00bbminus\u00a0\u00bb icon_closed=\u00a0\u00bbplus\u00a0\u00bb el_id=\u00a0\u00bbcosa-vuol-dire-il-motto-dell-istituto-venga-il-tuo-regno\u00a0\u00bb][vc_column_text]En confiant \u00e0 M\u00e8re Jos\u00e9phine Dones cette phrase comme devise de notre Institut naissant, p\u00e8re Paolo Manna &#8211; PIME, l\u2019a accompagn\u00e9 avec ces paroles\u00a0: \u00abC\u2019est un programme et une pri\u00e8re!\u00bb Cela repr\u00e9sente le don qui unit toutes les S\u0153urs Missionnaires de l\u2019Immacul\u00e9e qui ont consacr\u00e9 leur propre vie \u00e0 Dieu et \u00e0 la diffusion de son R\u00e8gne, qui <em>\u00ab\u00a0n\u2019est pas une question de nourriture ou de boisson, mais est justice, paix et joie dans l\u2019Esprit Saint\u00a0\u00bb<\/em> (Rm 14,\u00a017) pour tous les peuples.[\/vc_column_text][\/vc_accordion_tab][vc_accordion_tab title=\u00a0\u00bbComment les communaut\u00e9s des S\u0153urs Missionnaires de l\u2019Immacul\u00e9e sont-elles compos\u00e9es?\u00a0\u00bb icon=\u00a0\u00bbminus\u00a0\u00bb icon_closed=\u00a0\u00bbplus\u00a0\u00bb el_id=\u00a0\u00bbcome-sono-composte-le-comunita-delle-missionarie-dell-immacolata\u00a0\u00bb][vc_column_text]L\u2019Institut des<strong> S\u0153urs Missionnaires de l\u2019Immacul\u00e9e <\/strong>est<strong> international. <\/strong>Ses communaut\u00e9s sont donc caract\u00e9ris\u00e9es par la vie commune des s\u0153urs de diverses nationalit\u00e9s\u00a0: italiennes, indiennes, bangladaises, chinoises, br\u00e9siliennes, camerounaises, guin\u00e9ennes, Papouasiennes.[\/vc_column_text][\/vc_accordion_tab][vc_accordion_tab title=\u00a0\u00bbLes S\u0153urs Missionnaires de l\u2019Immacul\u00e9e travaillent-elles aussi avec des La\u00efcs?\u00a0\u00bb icon=\u00a0\u00bbminus\u00a0\u00bb icon_closed=\u00a0\u00bbplus\u00a0\u00bb el_id=\u00a0\u00bble-missionarie-dell-immacolata-lavorano-anche-con-laici\u00a0\u00bb][vc_column_text]Oui. Les S\u0153urs Missionnaires de l\u2019Immacul\u00e9e sont accompagn\u00e9es et aid\u00e9es par les <a href=\"\/?page_id=7088\">La\u00efcs<\/a> qui partagent leur charisme, et par les <a href=\"\/?page_id=7090\">Amis des Missionnaires de l\u2019Immacul\u00e9e<\/a> qui soutiennent leurs activit\u00e9s.[\/vc_column_text][\/vc_accordion_tab][\/vc_accordion][\/vc_column][\/vc_row]<\/p>\n<\/div>","protected":false},"excerpt":{"rendered":"<p>[vc_row padding_top=\u00a0\u00bb20&Prime; padding_bottom=\u00a0\u00bb20&Prime;][vc_column][vc_column_text]Qu\u2019est-ce que la page FAQ? Telles sont les demandes que nous recevons tr\u00e8s souvent quand nous parlons de notre vocation. Les r\u00e9ponses sont d\u00e9lib\u00e9r\u00e9ment synth\u00e9tis\u00e9es, pour donner dans cet espace accessible \u00e0 tous, des informations simples et claires qui puissent donner une id\u00e9e ou stimuler \u00e0 l\u2019approfondissement.[\/vc_column_text][vc_accordion][vc_accordion_tab title=\u00a0\u00bbQue dois-je faire si je sens le d\u00e9sir de devenir une religieuse missionnaire?\u00a0\u00bb icon=\u00a0\u00bbminus\u00a0\u00bb icon_closed=\u00a0\u00bbplus\u00a0\u00bb el_id=\u00a0\u00bbcosa-devo-fare-se-sento-il-desiderio-di-essere-suora-missionaria\u00a0\u00bb][vc_column_text]Pour approfondir notre vie, ainsi que ta vocation, contacte la communaut\u00e9 des S\u0153urs Missionnaires de l\u2019Immacul\u00e9e qui est plus proche de toi ou alors \u00e9cris ici tes demandes: Tu trouveras quelqu\u2019une avec qui dialoguer! Si tu d\u00e9sires faire des exp\u00e9riences de partage et de fraternit\u00e9 avec d\u2019autres jeunes filles qui, comme toi, sont int\u00e9ress\u00e9es, entre en contact avec une de nos communaut\u00e9s plus proches de toi.[\/vc_column_text][\/vc_accordion_tab][vc_accordion_tab title=\u00a0\u00bbQuel est le parcours propos\u00e9 pour devenir une s\u0153ur Missionnaire de l\u2019Immacul\u00e9e?\u00a0\u00bb icon=\u00a0\u00bbminus\u00a0\u00bb icon_closed=\u00a0\u00bbplus\u00a0\u00bb el_id=\u00a0\u00bbqual-e-il-percorso-per-diventare-missionaria-dell-immacolata\u00a0\u00bb][vc_column_text]Aspirantat: p\u00e9riode de discernement vocationnel, pour v\u00e9rifier l\u2019authenticit\u00e9 de la vocation et la capacit\u00e9 d\u2019y r\u00e9pondre. Postulat: p\u00e9riode qui pr\u00e9c\u00e8de imm\u00e9diatement le Noviciat et qui a pour but de porter la jeune fille \u00e0 faire librement le choix de suivre le Seigneur, selon le nouveau projet de vie. Noviciat: \u00e9tape privil\u00e9gi\u00e9e de la formation, o\u00f9 la jeune fille commence \u00e0 vivre les engagements de la vie consacr\u00e9e missionnaire et des V\u0153ux au fur et \u00e0 mesure que croit en elle la compr\u00e9hension et la conscience, pour en prouver plus clairement son aptitude. Juniorat:\u00a0c\u2019est une p\u00e9riode qui comprend les 6 \u00e0 9 mois qui succ\u00e8dent imm\u00e9diatement la Premi\u00e8re Profession Religieuse, c\u00e9l\u00e9br\u00e9e \u00e0 la fin du Noviciat. Pendant ces ann\u00e9es, la jeune Missionnaire de l\u2019Immacul\u00e9e approfondie son propre processus de maturation humaine, religieuse et apostolique dans l\u2019\u00e9tude et la pastorale, pour se pr\u00e9parer \u00e0 la Profession Perp\u00e9tuelle. Par la Profession Perp\u00e9tuelle\u00a0la Missionnaire de l\u2019Immacul\u00e9e se donne totalement \u00e0 Dieu pour la mission et est incorpor\u00e9e d\u00e9finitivement \u00e0 l\u2019Institut.[\/vc_column_text][\/vc_accordion_tab][vc_accordion_tab title=\u00a0\u00bbQue signifie les trois (3) V\u0153ux : pauvret\u00e9, chastet\u00e9, ob\u00e9issance?\u00a0\u00bb icon=\u00a0\u00bbminus\u00a0\u00bb icon_closed=\u00a0\u00bbplus\u00a0\u00bb el_id=\u00a0\u00bbcosa-significano-i-tre-voti-povert\u00e0-castit\u00e0-e-obbedienza\u00a0\u00bb][vc_column_text]Les trois V\u0153ux caract\u00e9risent la vie de cons\u00e9cration et expriment dans leur ensemble l\u2019exigence de vivre en pl\u00e9nitude notre propre bapt\u00eame, \u00e0 travers une donation inconditionnelle au Seigneur et \u00e0 son R\u00e8gne. Ob\u00e9issance:\u00a0exprime le choix, sur l\u2019exemple de J\u00e9sus, de se mettre totalement dans les mains de Dieu pour participer \u00e0 son ouvre de Salut et parvenir \u00e0 une profonde communion \u00e0 sa volont\u00e9. Chastet\u00e9: exprime, sur l\u2019exemple de l\u2019union d\u2019amour entre J\u00e9sus-Christ et le P\u00e8re, le choix pr\u00e9f\u00e9rentiel pour Dieu pour lequel la Missionnaire de l\u2019Immacul\u00e9e choisit de vivre, se mettant totalement \u00e0 son service; un amour qui s\u2019accomplit dans la charit\u00e9 ouverte envers tous, sans distinction. Pauvret\u00e9: exprime, sur l\u2019exemple du Christ qui s\u2019est fait pauvre pour nous, la disponibilit\u00e9 de la Missionnaire de l\u2019Immacul\u00e9e \u00e0 accomplir le projet du P\u00e8re, renon\u00e7ant \u00e0 toute s\u00e9curit\u00e9 humaine et s\u2019abandonnant avec confiance \u00e0 la Providence.[\/vc_column_text][\/vc_accordion_tab][vc_accordion_tab title=\u00a0\u00bbQue signifie PIME?\u00a0\u00bb icon=\u00a0\u00bbminus\u00a0\u00bb icon_closed=\u00a0\u00bbplus\u00a0\u00bb el_id=\u00a0\u00bbqual-e-il-significato-di-pime\u00a0\u00bb][vc_column_text]C\u2019est le sigle d\u2019un Institut missionnaire:Pontifical Institut des Missions Etrang\u00e8res, n\u00e9 en 1850 pour unir les pr\u00eatres qui se pr\u00e9paraient pour partir en mission et l\u00e0 y offrir [&hellip;]<\/p>\n","protected":false},"author":14,"featured_media":0,"parent":29700,"menu_order":0,"comment_status":"closed","ping_status":"closed","template":"","meta":{"_acf_changed":false,"googlesitekit_rrm_CAow8ovLDA:productID":"","footnotes":""},"class_list":["post-29713","page","type-page","status-publish","hentry"],"acf":[],"aioseo_notices":[],"jetpack_sharing_enabled":true,"_links":{"self":[{"href":"https:\/\/mdipime.org\/fr\/wp-json\/wp\/v2\/pages\/29713","targetHints":{"allow":["GET"]}}],"collection":[{"href":"https:\/\/mdipime.org\/fr\/wp-json\/wp\/v2\/pages"}],"about":[{"href":"https:\/\/mdipime.org\/fr\/wp-json\/wp\/v2\/types\/page"}],"author":[{"embeddable":true,"href":"https:\/\/mdipime.org\/fr\/wp-json\/wp\/v2\/users\/14"}],"replies":[{"embeddable":true,"href":"https:\/\/mdipime.org\/fr\/wp-json\/wp\/v2\/comments?post=29713"}],"version-history":[{"count":0,"href":"https:\/\/mdipime.org\/fr\/wp-json\/wp\/v2\/pages\/29713\/revisions"}],"up":[{"embeddable":true,"href":"https:\/\/mdipime.org\/fr\/wp-json\/wp\/v2\/pages\/29700"}],"wp:attachment":[{"href":"https:\/\/mdipime.org\/fr\/wp-json\/wp\/v2\/media?parent=29713"}],"curies":[{"name":"wp","href":"https:\/\/api.w.org\/{rel}","templated":true}]}}