{"id":29717,"date":"2017-07-13T12:53:54","date_gmt":"2017-07-13T10:53:54","guid":{"rendered":"https:\/\/www.mdipime.org\/vocazione-missionaria\/scrivi-le-tue-domande\/"},"modified":"2024-03-22T14:28:08","modified_gmt":"2024-03-22T13:28:08","slug":"scrivi-le-tue-domande","status":"publish","type":"page","link":"https:\/\/mdipime.org\/fr\/vocazione-missionaria\/scrivi-le-tue-domande\/","title":{"rendered":"Ecris tes demandes"},"content":{"rendered":"<div class=\"wpb-content-wrapper\"><p>[vc_row padding_top=\u00a0\u00bb20&Prime; padding_bottom=\u00a0\u00bb20&Prime;][vc_column width=\u00a0\u00bb1\/2&Prime;][vc_custom_heading text=\u00a0\u00bbRemplis le formulaire\u00a0\u00bb font_container=\u00a0\u00bbtag:h2|font_size:30px|text_align:center|color:%23eb0707|line_height:36px\u00a0\u00bb google_fonts=\u00a0\u00bbfont_family:Shadows%20Into%20Light%20Two%3Aregular|font_style:400%20regular%3A400%3Anormal\u00a0\u00bb][vc_separator][vc_column_text font_size=\u00a0\u00bb22px\u00a0\u00bb line_height=\u00a0\u00bb28px\u00a0\u00bb]<\/p>\n<p style=\"text-align: center;\">Sens-toi libre d\u2019\u00e9crire n\u2019importe quelle demande, doute ou curiosit\u00e9 sur la vocation missionnaire, en compl\u00e9tant ce formulaire.<\/p>\n<p style=\"text-align: center;\">Nous r\u00e9pondrons \u00e0 travers l\u2019adresse mail ou par t\u00e9l\u00e9phone, et nous-nous r\u00e9jouirons de t\u2019aider de quelque mani\u00e8re que ce soit dans ta recherche vocationnelle.<\/p>\n<p>[\/vc_column_text][\/vc_column][vc_column width=\u00a0\u00bb1\/2&Prime;]\n<div class=\"wpcf7 no-js\" id=\"wpcf7-f29720-o1\" lang=\"it-IT\" dir=\"ltr\" data-wpcf7-id=\"29720\">\n<div class=\"screen-reader-response\"><p role=\"status\" aria-live=\"polite\" aria-atomic=\"true\"><\/p> <ul><\/ul><\/div>\n<form action=\"\/fr\/wp-json\/wp\/v2\/pages\/29717#wpcf7-f29720-o1\" method=\"post\" class=\"wpcf7-form init\" aria-label=\"Modulo di contatto\" novalidate=\"novalidate\" data-status=\"init\">\n<fieldset class=\"hidden-fields-container\"><input type=\"hidden\" name=\"_wpcf7\" value=\"29720\" \/><input type=\"hidden\" name=\"_wpcf7_version\" value=\"6.1.5\" \/><input type=\"hidden\" name=\"_wpcf7_locale\" value=\"it_IT\" \/><input type=\"hidden\" name=\"_wpcf7_unit_tag\" value=\"wpcf7-f29720-o1\" \/><input type=\"hidden\" name=\"_wpcf7_container_post\" value=\"0\" \/><input type=\"hidden\" name=\"_wpcf7_posted_data_hash\" value=\"\" \/><input type=\"hidden\" name=\"_wpcf7cf_hidden_group_fields\" value=\"[]\" \/><input type=\"hidden\" name=\"_wpcf7cf_hidden_groups\" value=\"[]\" \/><input type=\"hidden\" name=\"_wpcf7cf_visible_groups\" value=\"[]\" \/><input type=\"hidden\" name=\"_wpcf7cf_repeaters\" value=\"[]\" \/><input type=\"hidden\" name=\"_wpcf7cf_steps\" value=\"{}\" \/><input type=\"hidden\" name=\"_wpcf7cf_options\" value=\"{&quot;form_id&quot;:29720,&quot;conditions&quot;:[],&quot;settings&quot;:{&quot;animation&quot;:&quot;yes&quot;,&quot;animation_intime&quot;:200,&quot;animation_outtime&quot;:200,&quot;conditions_ui&quot;:&quot;normal&quot;,&quot;notice_dismissed&quot;:true,&quot;wpcf7cf_settings_saved&quot;:1,&quot;notice_dismissed_rollback-cf7-5.9.5&quot;:true,&quot;notice_dismissed_rollback-cf7-5.9.7&quot;:true,&quot;notice_dismissed_rollback-cf7-6.0&quot;:true,&quot;notice_dismissed_rollback-cf7-6.0.3&quot;:true,&quot;notice_dismissed_rollback-cf7-6.1.1&quot;:true}}\" \/><input type=\"hidden\" name=\"_wpcf7_recaptcha_response\" value=\"\" \/>\n<\/fieldset>\n<p><span class=\"wpcf7-form-control-wrap\" data-name=\"nome\"><input size=\"40\" maxlength=\"400\" class=\"wpcf7-form-control wpcf7-text wpcf7-validates-as-required\" aria-required=\"true\" aria-invalid=\"false\" placeholder=\"Nom *\" value=\"\" type=\"text\" name=\"nome\" \/><\/span><span class=\"wpcf7-form-control-wrap\" data-name=\"cognome\"><input size=\"40\" maxlength=\"400\" class=\"wpcf7-form-control wpcf7-text wpcf7-validates-as-required\" aria-required=\"true\" aria-invalid=\"false\" placeholder=\"Pr\u00e9nom *\" value=\"\" type=\"text\" name=\"cognome\" \/><\/span><span class=\"wpcf7-form-control-wrap\" data-name=\"email\"><input size=\"40\" maxlength=\"400\" class=\"wpcf7-form-control wpcf7-email wpcf7-validates-as-required wpcf7-text wpcf7-validates-as-email\" aria-required=\"true\" aria-invalid=\"false\" placeholder=\"Email *\" value=\"\" type=\"email\" name=\"email\" \/><\/span><span class=\"wpcf7-form-control-wrap\" data-name=\"tel\"><input size=\"40\" maxlength=\"400\" class=\"wpcf7-form-control wpcf7-tel wpcf7-text wpcf7-validates-as-tel\" aria-invalid=\"false\" placeholder=\"T\u00e9l\u00e9phone\" value=\"\" type=\"tel\" name=\"tel\" \/><\/span>\n<\/p>\n<p style=\"overflow:hidden; margin:20px 0\">Comment nous as-tu connu?<br \/>\n<span class=\"wpcf7-form-control-wrap\" data-name=\"conoscenza\"><select class=\"wpcf7-form-control wpcf7-select\" aria-invalid=\"false\" name=\"conoscenza\"><option value=\"\">&#8212;Seleziona un&#039;opzione&#8212;<\/option><option value=\"Par internet\">Par internet<\/option><option value=\"A travers une personne que je connais\">A travers une personne que je connais<\/option><option value=\"Ai-je rencontr\u00e9 une s\u0153ur Missionnaire de l\u2019Immacul\u00e9e\">Ai-je rencontr\u00e9 une s\u0153ur Missionnaire de l\u2019Immacul\u00e9e<\/option><option value=\"Ai-je particip\u00e9 \u00e0 une rencontre o\u00f9 il a \u00e9t\u00e9 parl\u00e9 d\u2019une Missionnaire de l\u2019Immacul\u00e9e\">Ai-je particip\u00e9 \u00e0 une rencontre o\u00f9 il a \u00e9t\u00e9 parl\u00e9 d\u2019une Missionnaire de l\u2019Immacul\u00e9e<\/option><option value=\"Suis-je en train de faire ou ai-je fait un parcours, fr\u00e9quent\u00e9 un groupe dans une paroisse ou structure des P\u00e8res du PIME\">Suis-je en train de faire ou ai-je fait un parcours, fr\u00e9quent\u00e9 un groupe dans une paroisse ou structure des P\u00e8res du PIME<\/option><\/select><\/span>\n<\/p>\n<p><span class=\"wpcf7-form-control-wrap\" data-name=\"messaggio\"><textarea cols=\"40\" rows=\"10\" maxlength=\"2000\" class=\"wpcf7-form-control wpcf7-textarea\" aria-invalid=\"false\" placeholder=\"Message\" name=\"messaggio\"><\/textarea><\/span>\n<\/p>\n<p class=\"col-md-12\" style=\"font-size:12px;\"><span class=\"wpcf7-form-control-wrap\" data-name=\"trattamento\"><span class=\"wpcf7-form-control wpcf7-acceptance\"><span class=\"wpcf7-list-item\"><input type=\"checkbox\" name=\"trattamento\" value=\"1\" aria-invalid=\"false\" \/><\/span><\/span><\/span> J\u2019accepte le traitement des donn\u00e9es dans le respect des r\u00e8gles \u00e9tablies par la L\u00e9gislation sur la Privacy et comme soulign\u00e9 dans le document <a href=\"\/privacy-policy\/\" target=\"_blank\">Information pour le traitement des donn\u00e9es personnelles<\/a> dont j\u2019ai pris acte (il est important de s\u00e9lectionner la case pour pouvoir envoyer le message).\n<\/p>\n<p class=\"col-md-12\" style=\"margin-top:20px; margin-bottom:20px;\">\n\n<\/p>\n<p style=\"text-align:center;\"><input class=\"wpcf7-form-control wpcf7-submit has-spinner\" type=\"submit\" value=\"Invoi\" \/>\n<\/p><p style=\"display: none !important;\" class=\"akismet-fields-container\" data-prefix=\"_wpcf7_ak_\"><label>&#916;<textarea name=\"_wpcf7_ak_hp_textarea\" cols=\"45\" rows=\"8\" maxlength=\"100\"><\/textarea><\/label><input type=\"hidden\" id=\"ak_js_1\" name=\"_wpcf7_ak_js\" value=\"65\"\/><script>document.getElementById( \"ak_js_1\" ).setAttribute( \"value\", ( new Date() ).getTime() );<\/script><\/p><div class=\"wpcf7-response-output\" aria-hidden=\"true\"><\/div>\n<\/form>\n<\/div>\n[\/vc_column][\/vc_row]<\/p>\n<\/div>","protected":false},"excerpt":{"rendered":"<p>[vc_row padding_top=\u00a0\u00bb20&Prime; padding_bottom=\u00a0\u00bb20&Prime;][vc_column width=\u00a0\u00bb1\/2&Prime;][vc_custom_heading text=\u00a0\u00bbRemplis le formulaire\u00a0\u00bb font_container=\u00a0\u00bbtag:h2|font_size:30px|text_align:center|color:%23eb0707|line_height:36px\u00a0\u00bb google_fonts=\u00a0\u00bbfont_family:Shadows%20Into%20Light%20Two%3Aregular|font_style:400%20regular%3A400%3Anormal\u00a0\u00bb][vc_separator][vc_column_text font_size=\u00a0\u00bb22px\u00a0\u00bb line_height=\u00a0\u00bb28px\u00a0\u00bb] Sens-toi libre d\u2019\u00e9crire n\u2019importe quelle demande, doute ou curiosit\u00e9 sur la vocation missionnaire, en compl\u00e9tant ce formulaire. Nous r\u00e9pondrons \u00e0 travers l\u2019adresse mail ou par t\u00e9l\u00e9phone, et nous-nous r\u00e9jouirons de t\u2019aider de quelque mani\u00e8re que ce soit dans ta recherche vocationnelle. [\/vc_column_text][\/vc_column][vc_column width=\u00a0\u00bb1\/2&Prime;][\/vc_column][\/vc_row]<\/p>\n","protected":false},"author":14,"featured_media":0,"parent":29700,"menu_order":0,"comment_status":"closed","ping_status":"closed","template":"","meta":{"_acf_changed":false,"footnotes":""},"class_list":["post-29717","page","type-page","status-publish","hentry"],"acf":[],"aioseo_notices":[],"jetpack_sharing_enabled":true,"_links":{"self":[{"href":"https:\/\/mdipime.org\/fr\/wp-json\/wp\/v2\/pages\/29717","targetHints":{"allow":["GET"]}}],"collection":[{"href":"https:\/\/mdipime.org\/fr\/wp-json\/wp\/v2\/pages"}],"about":[{"href":"https:\/\/mdipime.org\/fr\/wp-json\/wp\/v2\/types\/page"}],"author":[{"embeddable":true,"href":"https:\/\/mdipime.org\/fr\/wp-json\/wp\/v2\/users\/14"}],"replies":[{"embeddable":true,"href":"https:\/\/mdipime.org\/fr\/wp-json\/wp\/v2\/comments?post=29717"}],"version-history":[{"count":0,"href":"https:\/\/mdipime.org\/fr\/wp-json\/wp\/v2\/pages\/29717\/revisions"}],"up":[{"embeddable":true,"href":"https:\/\/mdipime.org\/fr\/wp-json\/wp\/v2\/pages\/29700"}],"wp:attachment":[{"href":"https:\/\/mdipime.org\/fr\/wp-json\/wp\/v2\/media?parent=29717"}],"curies":[{"name":"wp","href":"https:\/\/api.w.org\/{rel}","templated":true}]}}