{"id":29833,"date":"2017-07-10T13:04:58","date_gmt":"2017-07-10T11:04:58","guid":{"rendered":"https:\/\/www.mdipime.org\/mdi-missionnaires-de-immaculee\/communautes\/america-del-sud\/"},"modified":"2024-03-22T14:05:19","modified_gmt":"2024-03-22T13:05:19","slug":"amerique-du-sud","status":"publish","type":"page","link":"https:\/\/mdipime.org\/fr\/mdi-missionnaires-de-immaculee\/communautes\/amerique-du-sud\/","title":{"rendered":"Amerique du Sud"},"content":{"rendered":"<div class=\"wpb-content-wrapper\"><p>[vc_row padding_top=\u00a0\u00bb20&Prime; padding_bottom=\u00a0\u00bb20&Prime;][vc_column][vc_accordion active_tab=\u00a0\u00bb1&Prime; el_class=\u00a0\u00bbcomunitaccord\u00a0\u00bb][vc_accordion_tab title=\u00a0\u00bbBr\u00e9sil du Sud\u00a0\u00bb icon=\u00a0\u00bbminus\u00a0\u00bb icon_closed=\u00a0\u00bbplus\u00a0\u00bb el_id=\u00a0\u00bbbresil-du-sud\u00a0\u00bb][vc_column_text]<img decoding=\"async\" class=\"size-medium wp-image-18655 alignleft\" src=\"https:\/\/www.mdipime.org\/wp-content\/uploads\/2018\/11\/quadro-bs-300x263.jpg\" alt=\"quadro vila prundente\" width=\"300\" height=\"263\" srcset=\"https:\/\/mdipime.org\/wp-content\/uploads\/2018\/11\/quadro-bs-300x263.jpg 300w, https:\/\/mdipime.org\/wp-content\/uploads\/2018\/11\/quadro-bs-672x588.jpg 672w, https:\/\/mdipime.org\/wp-content\/uploads\/2018\/11\/quadro-bs.jpg 700w\" sizes=\"(max-width: 300px) 100vw, 300px\" \/>Le 16 juillet 1954 les premi\u00e8res Missionnaires de l\u2019Immacul\u00e9e (sr. Clara Donzelli, sr. Filippa Rota, sr. Celestina Magni e sr. Leontina Cinelli), apr\u00e8s un longue voyage par bateau, arrivent \u00e0 Pedrinhas, dans l\u2019Etat de Saint Paul. Grace au t\u00e9moignage des s\u0153urs et \u00e0 leur d\u00e9vouement, les vocations locales commencent \u00a0\u00e0 arriver.<\/p>\n<p>Notre famille missionnaire s\u2019agrandit; pour r\u00e9pondre aux nouvelles et toujours diverses exigences de l\u2019\u00e9vang\u00e9lisation, des nouvelles communaut\u00e9s s\u2019ouvrent et d\u2019autres se ferment. S\u2019\u00e9largissent \u00a0ainsi des \u00a0nouveaux horizons<\/p>\n<p>Anim\u00e9es par un profond esprit missionnaire, en 1969 \u00a0quelques s\u0153urs partent pour le Nord\u00a0 Br\u00e9sil, en Amazonie. Cette immense r\u00e9gion, avec ses grandes distances et peu de moyens de communication, \u00a0n\u2019\u00e9tait pas encore bien\u00a0 connue \u00e0 cette \u00e9poque-l\u00e0, mais pour les s\u0153urs \u00e9tait une nouvelle ouverture missionnaire. \u00a0En 1979 commence une plus grande aventure\u00a0: le d\u00e9part \u00a0\u00a0vers la mission ad extra en donnant de sa propre pauvret\u00e9. Aujourd\u2019hui les s\u0153urs br\u00e9siliennes sont pr\u00e9sentes dans les cinq continents.<\/p>\n<p>Actuellement au Sud du Br\u00e9sil il y a 30 s\u0153urs de diverses nationalit\u00e9s\u00a0: br\u00e9siliennes, italiennes, indiennes et 1 chinoise. Elles\u00a0 sont \u00a0engag\u00e9es principalement dans l\u2019animation missionnaire et vocationnelle, dans les activit\u00e9s de formation des leaders, dans le secteur de la pastorale, biblique\/cat\u00e9chetique et dans les communaut\u00e9s de base. Il y a aussi des s\u0153urs \u00a0activement engag\u00e9es dans le secteur de la sant\u00e9, surtout dans la m\u00e9dicine alternative, et dans la formation humaine et sociale de groupes de femmes, jeunes et adolescents. Une s\u0153ur enseigne missiologie \u00e0 l\u2019universit\u00e9 locale et une autre s\u0153ur travaille dans l\u2019Editrice \u00ab\u00a0Mondo e Missione\u00a0\u00bb du PIME dans le domaine \u00a0de la communication digitale. \u00a0D\u2019autres administrent \u00a0un centre pour les enfants et les adolescents n\u00e9cessiteux dans la p\u00e9riph\u00e9rie de la ville de Saint Paul, \u00e0 Vila Missionaria.<\/p>\n<p>La solidarit\u00e9 sociale et fraternelle, la construction de relations et la proclamation de l\u2019Evangile sont les d\u00e9fis cl\u00e9s de la pr\u00e9sence missionnaire dans cette partie du Br\u00e9sil.[\/vc_column_text][\/vc_accordion_tab][vc_accordion_tab title=\u00a0\u00bbNord du Br\u00e9sil\u00a0\u00bb icon=\u00a0\u00bbminus\u00a0\u00bb icon_closed=\u00a0\u00bbplus\u00a0\u00bb el_id=\u00a0\u00bbnord-du-bresil\u00a0\u00bb][vc_column_text]<img decoding=\"async\" class=\"size-medium wp-image-18651 alignleft\" src=\"https:\/\/www.mdipime.org\/wp-content\/uploads\/2018\/11\/semeador-brn-300x128.jpg\" alt=\"Seminatore cappella Brasile Nord\" width=\"300\" height=\"128\" srcset=\"https:\/\/mdipime.org\/wp-content\/uploads\/2018\/11\/semeador-brn-300x128.jpg 300w, https:\/\/mdipime.org\/wp-content\/uploads\/2018\/11\/semeador-brn-672x286.jpg 672w, https:\/\/mdipime.org\/wp-content\/uploads\/2018\/11\/semeador-brn.jpg 700w\" sizes=\"(max-width: 300px) 100vw, 300px\" \/><\/p>\n<p>Envoy\u00e9es par Mgr. Arcangelo Cerqua, PIME, en 1969 nous avons ouvert la premi\u00e8re communaut\u00e9 en Amazonie. Pour cela 5 s\u0153urs \u00e9taient envoy\u00e9es du Br\u00e9sil Sud (sr. Benta Cinelli, sr. Rita Pasqua, sr. Doralina Tedesco, sr. Magdalena Sette e sr. Imelda Zandonadi).<\/p>\n<p>Pour favoriser l\u2019accompagnement des s\u0153urs et des activit\u00e9s apostoliques on a vu \u00a0la n\u00e9cessit\u00e9, en 1978, de constituer la d\u00e9l\u00e9gation du Br\u00e9sil Nord, d\u00e9pendant de la Province Br\u00e9sil Sud, qu\u2019en 1990 a \u00e9t\u00e9 \u00e9rig\u00e9e en Province.<\/p>\n<p>Actuellement nous avons en Amazonie une trentaine de s\u0153urs, de cinq diff\u00e9rentes nationalit\u00e9s\u00a0: br\u00e9siliennes, italiennes, indiennes, bengalaises et papuasiennes. La majorit\u00e9 des vocations locales ont \u00e9t\u00e9 envoy\u00e9s dans d\u2019autres continents pour l\u2019activit\u00e9 missionnaire.<\/p>\n<p>Nous sommes engag\u00e9es dans l\u2019animation missionnaire, dans les activit\u00e9s pastorales, cat\u00e9ch\u00e9tiques et de formation de leaders des paroisses de p\u00e9riph\u00e9ries et dans les communaut\u00e9s au long les fleuves. Nous sommes pr\u00e9sentes dans la pastorale des prisonniers, dans le secteur de la sant\u00e9, surtout la m\u00e9dicine naturelle. Nous menons l\u2019activit\u00e9 de promotion humaine et sociale des adolescents, jeunes et femmes et nous accompagnons les communaut\u00e9s indig\u00e8nes.<\/p>\n<p>Au del\u00e0 du grand d\u00e9fi de l\u2019\u00e9vang\u00e9lisation dans des lieux \u00a0tellement vastes et isol\u00e9s, nous affrontons avec l\u2019Eglise du Nord Br\u00e9sil les d\u00e9fis de la croissante globalisation, de l\u2019exclusion et d\u00e9vastation qui menace l\u2019environnement, les pauvres et les populations indig\u00e8nes pr\u00e9sents sur le territoire.[\/vc_column_text][\/vc_accordion_tab][\/vc_accordion][\/vc_column][\/vc_row][vc_row][vc_column][vc_column_text] <!-- start Fla-shop.com HTML5 Map --> <div class='freeHtmlMapbottom htmlMapResponsive' style='max-width:780px; width: 100%'> <div id='map-container-0' class='freeHtmlMapContainer' data-map-variable='map0'><\/div> <link href='https:\/\/mdipime.org\/wp-content\/plugins\/html5-maps\/static\/css\/map.css' rel='stylesheet'> <style> body .fm-tooltip { color: #000000; font-size: 20px; } <\/style> <script src='\/\/cdn.html5maps.com\/3d_party\/raphael.min.js'><\/script> <script src='https:\/\/mdipime.org\/index.php?freemap_js_data=true&map_id=6&r=33708'><\/script> <script src='\/\/cdn.html5maps.com\/libs\/locator\/2.4.7\/world\/map.js'><\/script> <script> var map0 = new FlaMap(map_cfg); map0.drawOnDomReady('map-container-0'); map0.on('click', function(ev, sid, map) { jQuery('#freeHtmlMapStateInfo0').html(''); var link = map.mapConfig.map_data[sid]['link']; if (link == '#info') { var id = map.mapConfig.map_data[sid]['id']; jQuery('#freeHtmlMapStateInfo0').html('Chargement\u2026'); jQuery.ajax({ type: 'POST', url: 'https:\/\/mdipime.org\/index.php?freemap_get_state_info='+id+'&map_id=6', success: function(data, textStatus, jqXHR){ jQuery('#freeHtmlMapStateInfo0').html(data); }, dataType: 'text' }); } }); <\/script> <div id='freeHtmlMapStateInfo0' class='freeHtmlMapStateInfo'><\/div> <\/div> <div style='clear: both'><\/div> <!-- end HTML5 Map --> [\/vc_column_text][\/vc_column][\/vc_row]<\/p>\n<\/div>","protected":false},"excerpt":{"rendered":"<p>[vc_row padding_top=\u00a0\u00bb20&Prime; padding_bottom=\u00a0\u00bb20&Prime;][vc_column][vc_accordion active_tab=\u00a0\u00bb1&Prime; el_class=\u00a0\u00bbcomunitaccord\u00a0\u00bb][vc_accordion_tab title=\u00a0\u00bbBr\u00e9sil du Sud\u00a0\u00bb icon=\u00a0\u00bbminus\u00a0\u00bb icon_closed=\u00a0\u00bbplus\u00a0\u00bb el_id=\u00a0\u00bbbresil-du-sud\u00a0\u00bb][vc_column_text]Le 16 juillet 1954 les premi\u00e8res Missionnaires de l\u2019Immacul\u00e9e (sr. Clara Donzelli, sr. Filippa Rota, sr. Celestina Magni e sr. Leontina Cinelli), apr\u00e8s un longue voyage par bateau, arrivent \u00e0 Pedrinhas, dans l\u2019Etat de Saint Paul. Grace au t\u00e9moignage des s\u0153urs et \u00e0 leur d\u00e9vouement, les vocations locales commencent \u00a0\u00e0 arriver. Notre famille missionnaire s\u2019agrandit; pour r\u00e9pondre aux nouvelles et toujours diverses exigences de l\u2019\u00e9vang\u00e9lisation, des nouvelles communaut\u00e9s s\u2019ouvrent et d\u2019autres se ferment. S\u2019\u00e9largissent \u00a0ainsi des \u00a0nouveaux horizons Anim\u00e9es par un profond esprit missionnaire, en 1969 \u00a0quelques s\u0153urs partent pour le Nord\u00a0 Br\u00e9sil, en Amazonie. Cette immense r\u00e9gion, avec ses grandes distances et peu de moyens de communication, \u00a0n\u2019\u00e9tait pas encore bien\u00a0 connue \u00e0 cette \u00e9poque-l\u00e0, mais pour les s\u0153urs \u00e9tait une nouvelle ouverture missionnaire. \u00a0En 1979 commence une plus grande aventure\u00a0: le d\u00e9part \u00a0\u00a0vers la mission ad extra en donnant de sa propre pauvret\u00e9. Aujourd\u2019hui les s\u0153urs br\u00e9siliennes sont pr\u00e9sentes dans les cinq continents. Actuellement au Sud du Br\u00e9sil il y a 30 s\u0153urs de diverses nationalit\u00e9s\u00a0: br\u00e9siliennes, italiennes, indiennes et 1 chinoise. Elles\u00a0 sont \u00a0engag\u00e9es principalement dans l\u2019animation missionnaire et vocationnelle, dans les activit\u00e9s de formation des leaders, dans le secteur de la pastorale, biblique\/cat\u00e9chetique et dans les communaut\u00e9s de base. Il y a aussi des s\u0153urs \u00a0activement engag\u00e9es dans le secteur de la sant\u00e9, surtout dans la m\u00e9dicine alternative, et dans la formation humaine et sociale de groupes de femmes, jeunes et adolescents. Une s\u0153ur enseigne missiologie \u00e0 l\u2019universit\u00e9 locale et une autre s\u0153ur travaille dans l\u2019Editrice \u00ab\u00a0Mondo e Missione\u00a0\u00bb du PIME dans le domaine \u00a0de la communication digitale. \u00a0D\u2019autres administrent \u00a0un centre pour les enfants et les adolescents n\u00e9cessiteux dans la p\u00e9riph\u00e9rie de la ville de Saint Paul, \u00e0 Vila Missionaria. La solidarit\u00e9 sociale et fraternelle, la construction de relations et la proclamation de l\u2019Evangile sont les d\u00e9fis cl\u00e9s de la pr\u00e9sence missionnaire dans cette partie du Br\u00e9sil.[\/vc_column_text][\/vc_accordion_tab][vc_accordion_tab title=\u00a0\u00bbNord du Br\u00e9sil\u00a0\u00bb icon=\u00a0\u00bbminus\u00a0\u00bb icon_closed=\u00a0\u00bbplus\u00a0\u00bb el_id=\u00a0\u00bbnord-du-bresil\u00a0\u00bb][vc_column_text] Envoy\u00e9es par Mgr. Arcangelo Cerqua, PIME, en 1969 nous avons ouvert la premi\u00e8re communaut\u00e9 en Amazonie. Pour cela 5 s\u0153urs \u00e9taient envoy\u00e9es du Br\u00e9sil Sud (sr. Benta Cinelli, sr. Rita Pasqua, sr. Doralina Tedesco, sr. Magdalena Sette e sr. Imelda Zandonadi). Pour favoriser l\u2019accompagnement des s\u0153urs et des activit\u00e9s apostoliques on a vu \u00a0la n\u00e9cessit\u00e9, en 1978, de constituer la d\u00e9l\u00e9gation du Br\u00e9sil Nord, d\u00e9pendant de la Province Br\u00e9sil Sud, qu\u2019en 1990 a \u00e9t\u00e9 \u00e9rig\u00e9e en Province. Actuellement nous avons en Amazonie une trentaine de s\u0153urs, de cinq diff\u00e9rentes nationalit\u00e9s\u00a0: br\u00e9siliennes, italiennes, indiennes, bengalaises et papuasiennes. La majorit\u00e9 des vocations locales ont \u00e9t\u00e9 envoy\u00e9s dans d\u2019autres continents pour l\u2019activit\u00e9 missionnaire. Nous sommes engag\u00e9es dans l\u2019animation missionnaire, dans les activit\u00e9s pastorales, cat\u00e9ch\u00e9tiques et de formation de leaders des paroisses de p\u00e9riph\u00e9ries et dans les communaut\u00e9s au long les fleuves. Nous sommes pr\u00e9sentes dans la pastorale des prisonniers, dans le secteur de la sant\u00e9, surtout la m\u00e9dicine naturelle. Nous menons l\u2019activit\u00e9 de promotion humaine et sociale des adolescents, jeunes et femmes et nous accompagnons [&hellip;]<\/p>\n","protected":false},"author":14,"featured_media":0,"parent":29395,"menu_order":0,"comment_status":"closed","ping_status":"closed","template":"","meta":{"_acf_changed":false,"footnotes":""},"class_list":["post-29833","page","type-page","status-publish","hentry"],"acf":[],"aioseo_notices":[],"jetpack_sharing_enabled":true,"_links":{"self":[{"href":"https:\/\/mdipime.org\/fr\/wp-json\/wp\/v2\/pages\/29833","targetHints":{"allow":["GET"]}}],"collection":[{"href":"https:\/\/mdipime.org\/fr\/wp-json\/wp\/v2\/pages"}],"about":[{"href":"https:\/\/mdipime.org\/fr\/wp-json\/wp\/v2\/types\/page"}],"author":[{"embeddable":true,"href":"https:\/\/mdipime.org\/fr\/wp-json\/wp\/v2\/users\/14"}],"replies":[{"embeddable":true,"href":"https:\/\/mdipime.org\/fr\/wp-json\/wp\/v2\/comments?post=29833"}],"version-history":[{"count":0,"href":"https:\/\/mdipime.org\/fr\/wp-json\/wp\/v2\/pages\/29833\/revisions"}],"up":[{"embeddable":true,"href":"https:\/\/mdipime.org\/fr\/wp-json\/wp\/v2\/pages\/29395"}],"wp:attachment":[{"href":"https:\/\/mdipime.org\/fr\/wp-json\/wp\/v2\/media?parent=29833"}],"curies":[{"name":"wp","href":"https:\/\/api.w.org\/{rel}","templated":true}]}}