{"id":29839,"date":"2017-07-10T13:04:07","date_gmt":"2017-07-10T11:04:07","guid":{"rendered":"https:\/\/www.mdipime.org\/mdi-missionnaires-de-immaculee\/communautes\/asia\/"},"modified":"2024-03-22T14:05:35","modified_gmt":"2024-03-22T13:05:35","slug":"asie","status":"publish","type":"page","link":"https:\/\/mdipime.org\/fr\/mdi-missionnaires-de-immaculee\/communautes\/asie\/","title":{"rendered":"Asie"},"content":{"rendered":"<div class=\"wpb-content-wrapper\"><p>[vc_row padding_top=\u00a0\u00bb20&Prime; padding_bottom=\u00a0\u00bb20&Prime;][vc_column][vc_accordion active_tab=\u00a0\u00bb1&Prime; el_class=\u00a0\u00bbcomunitaccord\u00a0\u00bb][vc_accordion_tab title=\u00a0\u00bbVijayawada &#8211; Inde\u00a0\u00bb icon=\u00a0\u00bbminus\u00a0\u00bb icon_closed=\u00a0\u00bbplus\u00a0\u00bb el_id=\u00a0\u00bbvijayawada-inde\u00a0\u00bb][vc_column_text]<img decoding=\"async\" class=\"alignleft wp-image-18666 size-medium\" src=\"https:\/\/www.mdipime.org\/wp-content\/uploads\/2018\/11\/vija-300x225.jpg\" alt=\"vijayawada\" width=\"300\" height=\"225\" srcset=\"https:\/\/mdipime.org\/wp-content\/uploads\/2018\/11\/vija-300x225.jpg 300w, https:\/\/mdipime.org\/wp-content\/uploads\/2018\/11\/vija-672x504.jpg 672w, https:\/\/mdipime.org\/wp-content\/uploads\/2018\/11\/vija.jpg 700w\" sizes=\"(max-width: 300px) 100vw, 300px\" \/><\/p>\n<p>La province de Vijayawada constitue notre premi\u00e8re mission hors d\u2019Italie et elle a eu son humble commencement le 2 octobre 1948 avec l\u2019arrive des premi\u00e8res six s\u0153urs italiennes: Paola Barlassina, Antonia Pisoni, Ida Moiana, Federica Cavenago, Clementina Fico e Teresina Galimberti.\u00a0 Elles \u00a0se sont \u00e9tablies \u00e0 Gudivada, dans le dioc\u00e8se de Vijayawada en Andhra Pradesh, apr\u00e8s l\u2019invitation de Mgr. Domenico Grassi, du PIME, le premier \u00e9v\u00eaque du Dioc\u00e8se.<\/p>\n<p>Les s\u0153urs indiennes qu\u2019\u00e0 partir du 1958, sont entr\u00e9es dans notre famille missionnaire ont apport\u00e9 \u00a0force et dynamisme \u00e0 la nouvelle mission. Ainsi beaucoup de communaut\u00e9s ont \u00e9t\u00e9 ouvertes dans les diverses parties du dioc\u00e8se de Vijayawada. La croissance de notre famille a port\u00e9 ses fruits dans la formation de beaucoup de paroisses et communaut\u00e9s chr\u00e9tiennes dans un contexte qui, pour la plupart \u00a0est hindou.<\/p>\n<p>Puisque la mission ad extra (dehors de notre Pays d\u2019origine) \u00a0est la caract\u00e9ristique sp\u00e9cifique de notre Institut, \u00e0 partir du 1968 beaucoup de missionnaires indiennes sont parties pour diverses missions dans les diff\u00e9rents continents pour r\u00e9pandre partout l\u2019Evangile.<\/p>\n<p>Actuellement nous avons plus de 302 s\u0153urs dans la province de Vijayawada, dont la majorit\u00e9 sont indiennes et quelques-unes italiennes. Elles sont engag\u00e9es dans les activit\u00e9s de pastorale et de cat\u00e9ch\u00e8se, dans le domaine de \u00a0la sant\u00e9 (h\u00f4pitaux, centres de sant\u00e9, dispensaires g\u00e9n\u00e9raux, centre pour les malades de l\u00e8pre et du SIDA), dans l\u2019apostolat de l\u2019\u00e9ducation\u00a0(\u00e9coles et auberge pour jeunes et enfants) et dans les activit\u00e9s de d\u00e9veloppement sociale.<\/p>\n<p>Les s\u0153urs en Inde partagent les pr\u00e9occupations de l\u2019Eglise locale \u00a0qui, dans le contexte actuel, consid\u00e8re comme essentiels ces \u00a0domaines \u00a0de la mission et de l\u2019\u00c9vang\u00e9lisation\u00a0: pr\u00e9sence et t\u00e9moignage\u00a0; engagement pour le d\u00e9veloppement sociale et la promotion humaine\u00a0; vie liturgique, pri\u00e8re et contemplation\u00a0; dialogue interreligieux et inculturation\u00a0; annonce et cat\u00e9ch\u00e8se.[\/vc_column_text][\/vc_accordion_tab][vc_accordion_tab title=\u00a0\u00bbHyderabad &#8211; Inde\u00a0\u00bb icon=\u00a0\u00bbminus\u00a0\u00bb icon_closed=\u00a0\u00bbplus\u00a0\u00bb el_id=\u00a0\u00bbhyderabad-inde\u00a0\u00bb][vc_column_text]<img decoding=\"async\" class=\"alignleft wp-image-18670 size-medium\" src=\"https:\/\/www.mdipime.org\/wp-content\/uploads\/2018\/11\/hyd-300x200.jpg\" alt=\"hyderabad\" width=\"300\" height=\"200\" srcset=\"https:\/\/mdipime.org\/wp-content\/uploads\/2018\/11\/hyd-300x200.jpg 300w, https:\/\/mdipime.org\/wp-content\/uploads\/2018\/11\/hyd-672x447.jpg 672w, https:\/\/mdipime.org\/wp-content\/uploads\/2018\/11\/hyd.jpg 700w\" sizes=\"(max-width: 300px) 100vw, 300px\" \/><\/p>\n<p>Pendant l\u2019ann\u00e9e 1985 notre mission en Inde \u00a0est divis\u00e9e en deux Provinces, avec les respectifs si\u00e8ges \u00e0 Vijayawada et Hyderabad.<\/p>\n<p>Ainsi que dans la \u00a0Province de Vijayawada, les s\u0153urs ici sont \u00a0engag\u00e9es dans l\u2019activit\u00e9 pastorale et cat\u00e9ch\u00e9tique, dans le domaine de la sant\u00e9, dans le d\u00e9veloppement int\u00e9grale et de la promotion humaine.<\/p>\n<p>Actuellement \u00a0188 s\u0153urs sont pr\u00e9sentes dans la Province de Hyderabad, dont la plupart sont indiennes et quelques- unes italiennes. Un nombre toujours plus consistent de s\u0153urs de cette Province \u00a0sont \u00a0envoy\u00e9es comme missionnaires dans les autres parties du monde o\u00f9 l\u2019Institut est pr\u00e9sent.[\/vc_column_text][\/vc_accordion_tab][vc_accordion_tab title=\u00a0\u00bbSiliguri &#8211; Inde\u00a0\u00bb icon=\u00a0\u00bbminus\u00a0\u00bb icon_closed=\u00a0\u00bbplus\u00a0\u00bb el_id=\u00a0\u00bbsiliguri-inde\u00a0\u00bb][vc_column_text]<img decoding=\"async\" class=\"alignleft wp-image-18673 size-medium\" src=\"https:\/\/www.mdipime.org\/wp-content\/uploads\/2018\/11\/siliguri-web-300x129.jpg\" alt=\"Siliguri\" width=\"300\" height=\"129\" srcset=\"https:\/\/mdipime.org\/wp-content\/uploads\/2018\/11\/siliguri-web-300x129.jpg 300w, https:\/\/mdipime.org\/wp-content\/uploads\/2018\/11\/siliguri-web-672x289.jpg 672w, https:\/\/mdipime.org\/wp-content\/uploads\/2018\/11\/siliguri-web.jpg 700w\" sizes=\"(max-width: 300px) 100vw, 300px\" \/><\/p>\n<p>La premiere communaut\u00e9 du Nord Inde a \u00e9t\u00e9 ouverte apr\u00e8s l\u2019invitation de l\u2019Eveque du dioc\u00e9se de Jalpaiguri, \u00e0 Kalchini, l\u201911 mars 1984. De la m\u00eame mani\u00e8re qu\u2019au d\u00e9but de la mission en Inde il y a eu six s\u0153urs italiennes, ici un groupe de six s\u0153urs est envoy\u00e9 \u00a0pour commencer notre pr\u00e9sence dans les r\u00e9gions nord orientales de l\u2019Inde.<\/p>\n<p>En 1996, les communaut\u00e9s du Bengala et de Manipur pouvaient se \u00a0constituer dans une D\u00e9l\u00e9gation d\u00e9pendante de la r\u00e9gion de \u00a0Vijayawada, avec le si\u00e8ge de d\u00e9l\u00e8gation \u00e0 Siliguri. En 2005, Siliguri a \u00e9t\u00e9 \u00e9rig\u00e9e en province qui aujourd\u2019hui compte 60 s\u0153urs.<\/p>\n<p>Dans les sept Etat du Nord Est sont pr\u00e9sentes 182 communaut\u00e9s tribales; et c\u2019est principalement au milieu de\u00a0 cette population que les s\u0153urs m\u00e8nent des activit\u00e9s \u00e9ducatives, d\u2019assistance dans le domaine \u00a0de la sant\u00e9 et du bien-\u00eatre et des activit\u00e9s \u00e0 faveur du d\u00e9veloppement.<\/p>\n<p>L\u2019\u00e9vang\u00e9lisation se d\u00e9roule dans un contexte multiculturel et multilinguistique, \u00a0o\u00f9 \u00a0les diff\u00e9rents d\u00e9fis sont la famille, l\u2019alcoolisme, la pauvret\u00e9 et le fondamentalisme.[\/vc_column_text][\/vc_accordion_tab][vc_accordion_tab title=\u00a0\u00bbDelhi &#8211; Inde\u00a0\u00bb icon=\u00a0\u00bbminus\u00a0\u00bb icon_closed=\u00a0\u00bbplus\u00a0\u00bb el_id=\u00a0\u00bbdelhi-inde\u00a0\u00bb][vc_column_text]<img decoding=\"async\" class=\"size-medium wp-image-18676 alignleft\" src=\"https:\/\/www.mdipime.org\/wp-content\/uploads\/2018\/11\/delhi1-300x161.jpg\" alt=\"Delhi\" width=\"300\" height=\"161\" srcset=\"https:\/\/mdipime.org\/wp-content\/uploads\/2018\/11\/delhi1-300x161.jpg 300w, https:\/\/mdipime.org\/wp-content\/uploads\/2018\/11\/delhi1-672x360.jpg 672w, https:\/\/mdipime.org\/wp-content\/uploads\/2018\/11\/delhi1.jpg 750w\" sizes=\"(max-width: 300px) 100vw, 300px\" \/><\/p>\n<p>La D\u00e9l\u00e9gation de Delhi, qui a eu origine \u00e0 partir de la division de la province de Hyderabad, a \u00e9t\u00e9 \u00e9rig\u00e9e le 25 mars 2009, selon les orientations du IX Chapitre g\u00e9n\u00e9rale du 2006. La diversit\u00e9 entre le Nord et le Sud de l\u2019Inde et les difficult\u00e9s due \u00e0 la grande distance des communaut\u00e9s du Nord-Ovest, nous a amen\u00e9 \u00e0 \u00e9tablir ces communaut\u00e9s en \u00a0D\u00e9l\u00e9gation d\u00e9pendante de la Province de Hyderabad. Le but est celui de rendre plus facile la communication entre les communaut\u00e9s et le centre de la D\u00e9l\u00e9gation et d\u2019avoir ainsi une meilleure connaissance de la r\u00e9alit\u00e9 et des n\u00e9cessit\u00e9s locales et mieux coordonner les activit\u00e9s apostoliques.<\/p>\n<p>Les s\u0153urs qui appartiennent \u00e0 cette D\u00e9l\u00e9gation sont 38, toutes de nationalit\u00e9 indienne.<\/p>\n<p>Les activit\u00e9s qu\u2019on m\u00e8ne sont: travail pastorale et cat\u00e9ch\u00e9tique dans les paroisses, apostolat dans les villages, pastorale sanitaire et hospitali\u00e8re, \u00e9ducation et internats pour les enfants. La pr\u00e9sence chr\u00e9tienne dans le Nord-Ovest de l\u2019Inde est encore tr\u00e8s minoritaire et l\u2019activit\u00e9 d\u2019annonce et t\u00e9moignage est toujours consid\u00e9r\u00e9 comme premi\u00e8re \u00e9vang\u00e9lisation.[\/vc_column_text][\/vc_accordion_tab][vc_accordion_tab title=\u00a0\u00bbBangladesh\u00a0\u00bb icon=\u00a0\u00bbminus\u00a0\u00bb icon_closed=\u00a0\u00bbplus\u00a0\u00bb el_id=\u00a0\u00bbbangladesh\u00a0\u00bb][vc_column_text]<img decoding=\"async\" class=\"size-medium wp-image-18603 alignleft\" src=\"https:\/\/www.mdipime.org\/wp-content\/uploads\/2018\/11\/bangladesh-mapicon-247x300.jpg\" alt=\"bangladesh disegno\" width=\"247\" height=\"300\" srcset=\"https:\/\/mdipime.org\/wp-content\/uploads\/2018\/11\/bangladesh-mapicon-247x300.jpg 247w, https:\/\/mdipime.org\/wp-content\/uploads\/2018\/11\/bangladesh-mapicon.jpg 320w\" sizes=\"(max-width: 247px) 100vw, 247px\" \/><\/p>\n<p>Notre pr\u00e9sence au Bangladesh a vu ses d\u00e9buts le 15 novembre 1953, alors que les trois premi\u00e8res s\u0153urs, sr. Annunciata Dragoni, sr. Germana Barb\u00e8 e sr. Carmela Corti, arriv\u00e8rent au Pakistan orientaux, comme il \u00e9tait en ce moment-l\u00e0 appel\u00e9 le Bangladesh.<\/p>\n<p>La d\u00e9cision d\u2019ouvrir cette nouvelle mission a \u00e9t\u00e9 prise gr\u00e2ce \u00e0 la demande sp\u00e9cifique de Mgr. Obert, du PIME, \u00c9v\u00eaque de Dinajpur<\/p>\n<p>Au d\u00e9but les s\u0153urs d\u00e9pendaient de la province de l\u2019Inde. Depuis 1963 les communaut\u00e9s ont \u00e9t\u00e9 \u00e9rig\u00e9es en organisme. Actuellement le Bangladesh est une Province d\u2019environ 55 s\u0153urs, dont la majorit\u00e9 bengalaises et d\u2019autres \u00a0italiennes, br\u00e9siliennes, indiennes et une s\u0153ur chinoise, qui m\u00e8nent ensemble les activit\u00e9s missionnaires.<\/p>\n<p>Les soeurs menent des activit\u00e9s de premiere \u00e9vangelisation dans les villages, s\u2019occupent du travail pastoral \u00a0dans les paroisses et enseignent aux jeunes dans l\u2019\u00e9cole. Elles gerent des internats pour favoriser la scolarisation, des dispensaires pour les plus pauvres et des centres de couture pour le d\u00e9veloppement des femmes. Elles sont impliqu\u00e9es dans des projets de pr\u00e9vention et soin du morbe de Hansen et de la TBC en g\u00e9rant un h\u00f4pital \u00e0 Khulna et \u00e0 Dhanjuri.<\/p>\n<p>Au-del\u00e0 du t\u00e9moignage et de l\u2019annonce \u00a0de la foi chr\u00e9tienne dans un pays totalement musulmans, les situations que plus pr\u00e9sentent des d\u00e9fis au Bangladesh, sont la marginalisation des femmes, la r\u00e9ponse \u00a0aux exigences de la promotion humaine et le \u00a0soutien pour r\u00e9soudre les probl\u00e8mes \u00a0des jeunes.<\/p>\n<p>Nos s\u0153urs bengalaises aussi ont \u00e9t\u00e9 envoy\u00e9es pour participer \u00e0 la mission universelle de l\u2019Eglise, dans des Pays comme la Papua Nouvelle Guin\u00e9e, la Guin\u00e9e Bissau, le Cameroun, le Br\u00e9sil et l\u2019Alg\u00e9rie.<\/p>\n<p>[\/vc_column_text][\/vc_accordion_tab][vc_accordion_tab title=\u00a0\u00bbHong Kong &#8211; Chine\u00a0\u00bb icon=\u00a0\u00bbminus\u00a0\u00bb icon_closed=\u00a0\u00bbplus\u00a0\u00bb el_id=\u00a0\u00bbhong-kong-chine\u00a0\u00bb][vc_column_text]<img decoding=\"async\" class=\"alignleft wp-image-18662 size-medium\" src=\"https:\/\/www.mdipime.org\/wp-content\/uploads\/2018\/11\/hk-300x225.jpg\" alt=\"Hong Kong\" width=\"300\" height=\"225\" srcset=\"https:\/\/mdipime.org\/wp-content\/uploads\/2018\/11\/hk-300x225.jpg 300w, https:\/\/mdipime.org\/wp-content\/uploads\/2018\/11\/hk-672x504.jpg 672w, https:\/\/mdipime.org\/wp-content\/uploads\/2018\/11\/hk.jpg 700w\" sizes=\"(max-width: 300px) 100vw, 300px\" \/><\/p>\n<p>La pr\u00e9sence des Missionnaires de l\u2019Immacul\u00e9e \u00e0 Hong Kong est commenc\u00e9e l\u201911 septembre 1968.<\/p>\n<p>Les premieres soeurs ont \u00e9t\u00e9 sr. Maddalena Pirodda (de l\u2019Italie) et sr. Theresa Pathickal (de l\u2019Inde). Dans cette r\u00e9alit\u00e9 sont aussi \u00a0n\u00e9es les vocations locales qui ont \u00e9t\u00e9 sont affect\u00e9es en Papouasie \u00a0Nouvelle Guin\u00e9e, au Br\u00e9sil et au Bangladesh.<\/p>\n<p>Le premier apostolat a d\u00e9but\u00e9 dans le domaine de \u00a0l\u2019\u00e9ducation, avec l\u2019\u00e9cole sup\u00e9rieure Paul VI (<a href=\"https:\/\/www.ppaulvi.edu.hk\" target=\"_blank\" rel=\"noopener noreferrer\">https:\/\/www.ppaulvi.edu.hk<\/a>), la premiere ecole s\u00e9condaire pour filles dans les Nouveaux Territoires de Honk Kong, \u00e0 ce temps-l\u00e0 encore en voie de d\u00e9veloppement.<\/p>\n<p>Actuellement la mission de Hong Kong est compos\u00e9e par 13 s\u0153urs: une chinoise et les autre de trois nationalit\u00e9s diverses (indienne, italiennes, br\u00e9siliennes). Nous sommes engag\u00e9es \u00e0 plein temps pour le travail pastoral soit en paroisse que \u00a0dans l\u2019\u00e9cole, les h\u00f4pitaux, \u00a0l\u2019enseignement et p\u00e9riodiquement nous allons dans la Chine continentale.<\/p>\n<p>L\u2019\u00e9vang\u00e9lisation dans l\u2019immense, fr\u00e9n\u00e9tique centre financier d\u2019une \u00a0m\u00e9tropole comme Hong Kong et l\u2019ouverture \u00e0 \u00a0la Chine Continentale sont les d\u00e9fis que nous, \u00a0Missionnaire de l\u2019Immacul\u00e9e, rencontrons et auxquels nous voulons r\u00e9pondre en \u00a0communion avec l\u2019Eglise locale.[\/vc_column_text][\/vc_accordion_tab][\/vc_accordion][\/vc_column][\/vc_row][vc_row][vc_column][vc_column_text] <!-- start Fla-shop.com HTML5 Map --> <div class='freeHtmlMapbottom htmlMapResponsive' style='max-width:780px; width: 100%'> <div id='map-container-0' class='freeHtmlMapContainer' data-map-variable='map0'><\/div> <link href='https:\/\/mdipime.org\/wp-content\/plugins\/html5-maps\/static\/css\/map.css' rel='stylesheet'> <style> body .fm-tooltip { color: #000000; font-size: 20px; } <\/style> <script src='\/\/cdn.html5maps.com\/3d_party\/raphael.min.js'><\/script> <script src='https:\/\/mdipime.org\/index.php?freemap_js_data=true&map_id=6&r=87978'><\/script> <script src='\/\/cdn.html5maps.com\/libs\/locator\/2.4.7\/world\/map.js'><\/script> <script> var map0 = new FlaMap(map_cfg); map0.drawOnDomReady('map-container-0'); map0.on('click', function(ev, sid, map) { jQuery('#freeHtmlMapStateInfo0').html(''); var link = map.mapConfig.map_data[sid]['link']; if (link == '#info') { var id = map.mapConfig.map_data[sid]['id']; jQuery('#freeHtmlMapStateInfo0').html('Chargement\u2026'); jQuery.ajax({ type: 'POST', url: 'https:\/\/mdipime.org\/index.php?freemap_get_state_info='+id+'&map_id=6', success: function(data, textStatus, jqXHR){ jQuery('#freeHtmlMapStateInfo0').html(data); }, dataType: 'text' }); } }); <\/script> <div id='freeHtmlMapStateInfo0' class='freeHtmlMapStateInfo'><\/div> <\/div> <div style='clear: both'><\/div> <!-- end HTML5 Map --> [\/vc_column_text][\/vc_column][\/vc_row]<\/p>\n<\/div>","protected":false},"excerpt":{"rendered":"<p>[vc_row padding_top=\u00a0\u00bb20&Prime; padding_bottom=\u00a0\u00bb20&Prime;][vc_column][vc_accordion active_tab=\u00a0\u00bb1&Prime; el_class=\u00a0\u00bbcomunitaccord\u00a0\u00bb][vc_accordion_tab title=\u00a0\u00bbVijayawada &#8211; Inde\u00a0\u00bb icon=\u00a0\u00bbminus\u00a0\u00bb icon_closed=\u00a0\u00bbplus\u00a0\u00bb el_id=\u00a0\u00bbvijayawada-inde\u00a0\u00bb][vc_column_text] La province de Vijayawada constitue notre premi\u00e8re mission hors d\u2019Italie et elle a eu son humble commencement le 2 octobre 1948 avec l\u2019arrive des premi\u00e8res six s\u0153urs italiennes: Paola Barlassina, Antonia Pisoni, Ida Moiana, Federica Cavenago, Clementina Fico e Teresina Galimberti.\u00a0 Elles \u00a0se sont \u00e9tablies \u00e0 Gudivada, dans le dioc\u00e8se de Vijayawada en Andhra Pradesh, apr\u00e8s l\u2019invitation de Mgr. Domenico Grassi, du PIME, le premier \u00e9v\u00eaque du Dioc\u00e8se. Les s\u0153urs indiennes qu\u2019\u00e0 partir du 1958, sont entr\u00e9es dans notre famille missionnaire ont apport\u00e9 \u00a0force et dynamisme \u00e0 la nouvelle mission. Ainsi beaucoup de communaut\u00e9s ont \u00e9t\u00e9 ouvertes dans les diverses parties du dioc\u00e8se de Vijayawada. La croissance de notre famille a port\u00e9 ses fruits dans la formation de beaucoup de paroisses et communaut\u00e9s chr\u00e9tiennes dans un contexte qui, pour la plupart \u00a0est hindou. Puisque la mission ad extra (dehors de notre Pays d\u2019origine) \u00a0est la caract\u00e9ristique sp\u00e9cifique de notre Institut, \u00e0 partir du 1968 beaucoup de missionnaires indiennes sont parties pour diverses missions dans les diff\u00e9rents continents pour r\u00e9pandre partout l\u2019Evangile. Actuellement nous avons plus de 302 s\u0153urs dans la province de Vijayawada, dont la majorit\u00e9 sont indiennes et quelques-unes italiennes. Elles sont engag\u00e9es dans les activit\u00e9s de pastorale et de cat\u00e9ch\u00e8se, dans le domaine de \u00a0la sant\u00e9 (h\u00f4pitaux, centres de sant\u00e9, dispensaires g\u00e9n\u00e9raux, centre pour les malades de l\u00e8pre et du SIDA), dans l\u2019apostolat de l\u2019\u00e9ducation\u00a0(\u00e9coles et auberge pour jeunes et enfants) et dans les activit\u00e9s de d\u00e9veloppement sociale. Les s\u0153urs en Inde partagent les pr\u00e9occupations de l\u2019Eglise locale \u00a0qui, dans le contexte actuel, consid\u00e8re comme essentiels ces \u00a0domaines \u00a0de la mission et de l\u2019\u00c9vang\u00e9lisation\u00a0: pr\u00e9sence et t\u00e9moignage\u00a0; engagement pour le d\u00e9veloppement sociale et la promotion humaine\u00a0; vie liturgique, pri\u00e8re et contemplation\u00a0; dialogue interreligieux et inculturation\u00a0; annonce et cat\u00e9ch\u00e8se.[\/vc_column_text][\/vc_accordion_tab][vc_accordion_tab title=\u00a0\u00bbHyderabad &#8211; Inde\u00a0\u00bb icon=\u00a0\u00bbminus\u00a0\u00bb icon_closed=\u00a0\u00bbplus\u00a0\u00bb el_id=\u00a0\u00bbhyderabad-inde\u00a0\u00bb][vc_column_text] Pendant l\u2019ann\u00e9e 1985 notre mission en Inde \u00a0est divis\u00e9e en deux Provinces, avec les respectifs si\u00e8ges \u00e0 Vijayawada et Hyderabad. Ainsi que dans la \u00a0Province de Vijayawada, les s\u0153urs ici sont \u00a0engag\u00e9es dans l\u2019activit\u00e9 pastorale et cat\u00e9ch\u00e9tique, dans le domaine de la sant\u00e9, dans le d\u00e9veloppement int\u00e9grale et de la promotion humaine. Actuellement \u00a0188 s\u0153urs sont pr\u00e9sentes dans la Province de Hyderabad, dont la plupart sont indiennes et quelques- unes italiennes. Un nombre toujours plus consistent de s\u0153urs de cette Province \u00a0sont \u00a0envoy\u00e9es comme missionnaires dans les autres parties du monde o\u00f9 l\u2019Institut est pr\u00e9sent.[\/vc_column_text][\/vc_accordion_tab][vc_accordion_tab title=\u00a0\u00bbSiliguri &#8211; Inde\u00a0\u00bb icon=\u00a0\u00bbminus\u00a0\u00bb icon_closed=\u00a0\u00bbplus\u00a0\u00bb el_id=\u00a0\u00bbsiliguri-inde\u00a0\u00bb][vc_column_text] La premiere communaut\u00e9 du Nord Inde a \u00e9t\u00e9 ouverte apr\u00e8s l\u2019invitation de l\u2019Eveque du dioc\u00e9se de Jalpaiguri, \u00e0 Kalchini, l\u201911 mars 1984. De la m\u00eame mani\u00e8re qu\u2019au d\u00e9but de la mission en Inde il y a eu six s\u0153urs italiennes, ici un groupe de six s\u0153urs est envoy\u00e9 \u00a0pour commencer notre pr\u00e9sence dans les r\u00e9gions nord orientales de l\u2019Inde. En 1996, les communaut\u00e9s du Bengala et de Manipur pouvaient se \u00a0constituer dans une D\u00e9l\u00e9gation d\u00e9pendante de la r\u00e9gion de \u00a0Vijayawada, avec le si\u00e8ge de d\u00e9l\u00e8gation \u00e0 Siliguri. En 2005, Siliguri a \u00e9t\u00e9 [&hellip;]<\/p>\n","protected":false},"author":14,"featured_media":0,"parent":29395,"menu_order":0,"comment_status":"closed","ping_status":"closed","template":"","meta":{"_acf_changed":false,"footnotes":""},"class_list":["post-29839","page","type-page","status-publish","hentry"],"acf":[],"aioseo_notices":[],"jetpack_sharing_enabled":true,"_links":{"self":[{"href":"https:\/\/mdipime.org\/fr\/wp-json\/wp\/v2\/pages\/29839","targetHints":{"allow":["GET"]}}],"collection":[{"href":"https:\/\/mdipime.org\/fr\/wp-json\/wp\/v2\/pages"}],"about":[{"href":"https:\/\/mdipime.org\/fr\/wp-json\/wp\/v2\/types\/page"}],"author":[{"embeddable":true,"href":"https:\/\/mdipime.org\/fr\/wp-json\/wp\/v2\/users\/14"}],"replies":[{"embeddable":true,"href":"https:\/\/mdipime.org\/fr\/wp-json\/wp\/v2\/comments?post=29839"}],"version-history":[{"count":0,"href":"https:\/\/mdipime.org\/fr\/wp-json\/wp\/v2\/pages\/29839\/revisions"}],"up":[{"embeddable":true,"href":"https:\/\/mdipime.org\/fr\/wp-json\/wp\/v2\/pages\/29395"}],"wp:attachment":[{"href":"https:\/\/mdipime.org\/fr\/wp-json\/wp\/v2\/media?parent=29839"}],"curies":[{"name":"wp","href":"https:\/\/api.w.org\/{rel}","templated":true}]}}