{"id":31226,"date":"2020-04-16T04:23:15","date_gmt":"2020-04-16T02:23:15","guid":{"rendered":"https:\/\/www.mdipime.org\/di-generazione-in-generazione\/"},"modified":"2023-04-19T11:22:56","modified_gmt":"2023-04-19T09:22:56","slug":"di-generazione-in-generazione","status":"publish","type":"page","link":"https:\/\/mdipime.org\/fr\/di-generazione-in-generazione\/","title":{"rendered":"De g\u00e9n\u00e9ration en g\u00e9n\u00e9ration"},"content":{"rendered":"<div class=\"wpb-content-wrapper\"><p>[vc_row padding_top=\u00a0\u00bb0&Prime; padding_bottom=\u00a0\u00bb\u00a0\u00bb][vc_column]\n\t\t\t<!-- START di gen in gen REVOLUTION SLIDER 6.7.38 --><p class=\"rs-p-wp-fix\"><\/p>\n\t\t\t<rs-module-wrap id=\"rev_slider_10_1_wrapper\" data-source=\"gallery\" style=\"visibility:hidden;background:transparent;padding:0;margin:0px auto;margin-top:0;margin-bottom:0;\">\n\t\t\t\t<rs-module id=\"rev_slider_10_1\" style=\"\" data-version=\"6.7.38\">\n\t\t\t\t\t<rs-slides style=\"overflow: hidden; position: absolute;\">\n\t\t\t\t\t\t<rs-slide style=\"position: absolute;\" data-key=\"rs-102\" data-title=\"Slide\" data-anim=\"ms:1000;r:0;\" data-in=\"o:0;\" data-out=\"a:false;\">\n\t\t\t\t\t\t\t<img decoding=\"async\" src=\"\/\/mdipime.org\/wp-content\/plugins\/revslider\/sr6\/assets\/assets\/dummy.png\" alt=\"di generazione in generazione fr\" title=\"di-gen-in-gen-fr\" width=\"1340\" height=\"270\" class=\"rev-slidebg tp-rs-img rs-lazyload\" data-lazyload=\"\/\/www.mdipime.org\/wp-content\/uploads\/2020\/07\/di-gen-in-gen-fr.jpg\" data-no-retina>\n<!---->\t\t\t\t\t<\/rs-slide>\n\t\t\t\t\t<\/rs-slides>\n\t\t\t\t\t<rs-static-layers><!--\n\t\t\t\t\t--><\/rs-static-layers>\n\t\t\t\t<\/rs-module>\n\t\t\t\t<script data-jetpack-boost=\"ignore\">\n\t\t\t\t\tsetREVStartSize({c: 'rev_slider_10_1',rl:[1240,1024,778,480],el:[270],gw:[1340],gh:[270],type:'standard',justify:'',layout:'fullwidth',mh:\"0\"});if (window.RS_MODULES!==undefined && window.RS_MODULES.modules!==undefined && window.RS_MODULES.modules[\"revslider101\"]!==undefined) {window.RS_MODULES.modules[\"revslider101\"].once = false;window.revapi10 = undefined;if (window.RS_MODULES.checkMinimal!==undefined) window.RS_MODULES.checkMinimal()}\n\t\t\t\t<\/script>\n\t\t\t<\/rs-module-wrap>\n\t\t\t<!-- END REVOLUTION SLIDER -->\n[\/vc_column][\/vc_row][vc_row type=\u00a0\u00bbimage\u00a0\u00bb padding_bottom=\u00a0\u00bb0&Prime; bg_image=\u00a0\u00bb28906&Prime;][vc_column width=\u00a0\u00bb1\/6&Prime;][\/vc_column][vc_column width=\u00a0\u00bb2\/3&Prime;]\n\t<div class=\"kleo-carousel-container  kleo-carousel-style-overlay\">\n\t\t<div class=\"kleo-carousel-items kleo-carousel-post\" data-min-items=\"1\" data-max-items=\"2\">\n\t\t\t<ul class=\"kleo-carousel\">\n\n\t\t\t\t\n<li id=\"post-29489\" class=\"post-item col-sm-4 post-29489 post type-post status-publish format-standard has-post-thumbnail hentry category-generazioni-fr tag-bangladesh-fr tag-generations\">\n    <article>\n\n\t\t<div class=\"post-image\"><a href=\"https:\/\/mdipime.org\/fr\/vie-missionnaire\/generazioni-fr\/osservare-e-imparare\/\" class=\"element-wrap\"><img decoding=\"async\" width=\"360\" height=\"270\" src=\"https:\/\/mdipime.org\/wp-content\/uploads\/2020\/04\/LORENZA-WEB.jpg\" class=\"attachment-kleo-post-gallery size-kleo-post-gallery wp-post-image\" alt=\"\" srcset=\"https:\/\/mdipime.org\/wp-content\/uploads\/2020\/04\/LORENZA-WEB.jpg 1200w, https:\/\/mdipime.org\/wp-content\/uploads\/2020\/04\/LORENZA-WEB-300x225.jpg 300w, https:\/\/mdipime.org\/wp-content\/uploads\/2020\/04\/LORENZA-WEB-768x576.jpg 768w, https:\/\/mdipime.org\/wp-content\/uploads\/2020\/04\/LORENZA-WEB-1024x768.jpg 1024w, https:\/\/mdipime.org\/wp-content\/uploads\/2020\/04\/LORENZA-WEB-672x504.jpg 672w, https:\/\/mdipime.org\/wp-content\/uploads\/2020\/04\/LORENZA-WEB-1038x779.jpg 1038w\" sizes=\"(max-width: 360px) 100vw, 360px\" \/><span class=\"hover-element\"><i>+<\/i><\/span><\/a><\/div><!--end post-image-->\n        <div class=\"entry-content\">\n            <h4 class=\"post-title entry-title\"><a href=\"https:\/\/mdipime.org\/fr\/vie-missionnaire\/generazioni-fr\/osservare-e-imparare\/\">Osservare e imparare&#8230;<\/a><\/h4>\n\n            <span class=\"post-meta hidden hide\">\n                <small><a href=\"https:\/\/mdipime.org\/fr\/vie-missionnaire\/generazioni-fr\/osservare-e-imparare\/\" rel=\"bookmark\" class=\"post-time\"><time class=\"entry-date\" datetime=\"2020-04-30T15:38:27+02:00\">30\/04\/2020<\/time><time class=\"modify-date hide hidden updated\" datetime=\"2020-04-30T15:38:27+02:00\">30\/04\/2020<\/time><\/a><\/small>, <small class=\"meta-category\"><a href=\"https:\/\/mdipime.org\/fr\/categoria\/vie-missionnaire\/generazioni-fr\/\" rel=\"category tag\">G\u00e9n\u00e9rations<\/a>, <a href=\"https:\/\/mdipime.org\/fr\/tag\/bangladesh-fr\/\" rel=\"tag\">Bangladesh<\/a>, <a href=\"https:\/\/mdipime.org\/fr\/tag\/generations\/\" rel=\"tag\">G\u00e9n\u00e9rations<\/a><\/small>            <\/span>\n\n\t\t\t                <hr>\n                <div class=\"entry-summary\">\n\t\t\t\t\t<p>Imparare comincia dall\u2019osservare. Sembra facile a dirsi, ma se ci soffermiamo davvero a pensare dobbiamo ammettere che tante cose ci impediscono di osservare bene<\/p>                <\/div><!-- .entry-summary -->\n\t\t\t        <\/div><!--end post-info-->\n\n    <\/article>\n<\/li>\n\t\t\t<\/ul>\n\t\t<\/div>\n\t\t<div class=\"carousel-arrow\">\n\t\t\t<a class=\"carousel-prev\" href=\"#\"><i class=\"icon-angle-left\"><\/i><\/a>\n\t\t\t<a class=\"carousel-next\" href=\"#\"><i class=\"icon-angle-right\"><\/i><\/a>\n\t\t<\/div>\n\t\t<div class=\"kleo-carousel-post-pager carousel-pager\"><\/div>\n\t<\/div><!--end carousel-container-->\n\n[\/vc_column][vc_column width=\u00a0\u00bb1\/6&Prime;][\/vc_column][\/vc_row][vc_row type=\u00a0\u00bbimage\u00a0\u00bb][vc_column][vc_column_text lead=\u00a0\u00bbyes\u00a0\u00bb font_size=\u00a0\u00bb1.2em\u00a0\u00bb line_height=\u00a0\u00bb1.4em\u00a0\u00bb responsive_font=\u00a0\u00bbyes\u00a0\u00bb]<\/p>\n<p style=\"text-align: justify;\"><strong>Deux femmes se rencontrent. Deux g\u00e9n\u00e9rations se saluent<\/strong>, Elisabeth d\u2019\u00e2ge ancienne et Miriam, une jeune vierge promise \u00e9pouse d\u2019un petit village de Galil\u00e9e. Deux monde, le centre et la p\u00e9riph\u00e9rie, s\u2019accueillent r\u00e9ciproquement: l\u2019ambiance culturelle-religieuse de la Jud\u00e9e, li\u00e9e au temple de J\u00e9rusalem, d\u2019un cot\u00e9 et le rythme champ\u00eatre de la Galil\u00e9e, avec sa religiosit\u00e9 populaire familiale, domestique de l\u2019autre cot\u00e9. Deux ventres se touchent, et au-dedans d\u2019eux, la vie sursaute\u00a0: deux attentes diverses, deux exp\u00e9riences de vie compl\u00e8tement diff\u00e9rentes, illumin\u00e9es par la surprenantes gr\u00e2ce de Dieu, se retrouvent dans un profond entente, dont une est signe et confirmation au chemin de l\u2019autre.<br \/>\n<strong>Et la surprise explose dans une b\u00e9n\u00e9diction<\/strong> \u00e0 grand voix, que m\u00eame aujourd\u2019hui nous r\u00e9p\u00e9tons, en donnant \u00e0 la jeune Miriam la conscience que <strong>l\u2019annonce ou\u00efe<\/strong>, la disponibilit\u00e9 prononc\u00e9e dans un souffle, <strong>avait vraiment donn\u00e9 chair \u00e0 l\u2019impossible.<\/strong><\/p>\n<p style=\"text-align: justify;\">La mission embras\u00e9e par les MdI dans le monde a le visage, l\u2019histoire r\u00e9concili\u00e9e et les ann\u00e9es remplies de sagesse d\u2019Elisabeth, comme aussi les pas qui ont besoin de confirmations, mais qui sont aussi confiants et remplis d\u2019attente de Miriam. <strong>Toutes les deux g\u00e9n\u00e9rations de MdI sont terre bonne f\u00e9cond\u00e9e par la Parole de Dieu et par le cultures des peuples, et au m\u00eame temps semence jet\u00e9e, avec un geste ample et majestueux, dans les confins loin, g\u00e9ographiques et existentiels, du monde.<\/strong> Et quand se rencontrent , en patrie ou en mission, leur ventres sursautent, riches d\u2019exp\u00e9riences v\u00e9cues en cultures, styles eccl\u00e9siastiques, domaines sociaux et religieux divers, afin qu\u2019ils per\u00e7oivent, dans une joyeuse allegresse, que Dieu est pr\u00e9sent et chemine dans l\u2019histoire de chaque homme, de g\u00e9n\u00e9ration en g\u00e9n\u00e9ration.<\/p>\n<p>[\/vc_column_text][\/vc_column][\/vc_row][vc_row][vc_column][vc_custom_heading text=\u00a0\u00bbAutres articles\u00a0\u00bb font_container=\u00a0\u00bbtag:h2|font_size:35px|text_align:center|color:%23647994|line_height:40px\u00a0\u00bb google_fonts=\u00a0\u00bbfont_family:Shadows%20Into%20Light%20Two%3Aregular|font_style:400%20regular%3A400%3Anormal\u00a0\u00bb]\n\t<div class=\"sq-posts-data\" style=\"display: none;\">\n\t\t\t\t<input type=\"hidden\" name=\"pitem\" value=\"0\">\n\t\t<input type=\"hidden\" name=\"post_id\" value=\"29489\">\n\t<\/div>\n\n\t\n\t\n\t\t<div class=\"posts-listing responsive-cols kleo-masonry per-row-4 no-meta no-footer no-excerpt masonry-listing\">\n\n\t\n\t\n<article id=\"post-29489\" class=\"post-item post-29489 post type-post status-publish format-standard has-post-thumbnail hentry category-generazioni-fr tag-bangladesh-fr tag-generations\">\n    <div class=\"post-content animated animate-when-almost-visible el-appear\">\n\n\t\t<div class=\"post-image\"><a href=\"https:\/\/mdipime.org\/fr\/vie-missionnaire\/generazioni-fr\/osservare-e-imparare\/\" class=\"element-wrap\"><img decoding=\"async\" width=\"480\" height=\"360\" src=\"https:\/\/mdipime.org\/wp-content\/uploads\/2020\/04\/LORENZA-WEB.jpg\" class=\"attachment-kleo-post-grid size-kleo-post-grid wp-post-image\" alt=\"\" srcset=\"https:\/\/mdipime.org\/wp-content\/uploads\/2020\/04\/LORENZA-WEB.jpg 1200w, https:\/\/mdipime.org\/wp-content\/uploads\/2020\/04\/LORENZA-WEB-300x225.jpg 300w, https:\/\/mdipime.org\/wp-content\/uploads\/2020\/04\/LORENZA-WEB-768x576.jpg 768w, https:\/\/mdipime.org\/wp-content\/uploads\/2020\/04\/LORENZA-WEB-1024x768.jpg 1024w, https:\/\/mdipime.org\/wp-content\/uploads\/2020\/04\/LORENZA-WEB-672x504.jpg 672w, https:\/\/mdipime.org\/wp-content\/uploads\/2020\/04\/LORENZA-WEB-1038x779.jpg 1038w\" sizes=\"(max-width: 480px) 100vw, 480px\" \/><span class=\"hover-element\"><i>+<\/i><\/span><\/a><\/div><!--end post-image-->\n\t\t\n            <div class=\"post-header\">\n\n\t\t\t\t                    <h3 class=\"post-title entry-title\"><a href=\"https:\/\/mdipime.org\/fr\/vie-missionnaire\/generazioni-fr\/osservare-e-imparare\/\">Osservare e imparare&#8230;<\/a>\n                    <\/h3>\n\t\t\t\t\n                <span class=\"post-meta\">\n                    <small><a href=\"https:\/\/mdipime.org\/fr\/vie-missionnaire\/generazioni-fr\/osservare-e-imparare\/\" rel=\"bookmark\" class=\"post-time\"><time class=\"entry-date\" datetime=\"2020-04-30T15:38:27+02:00\">30\/04\/2020<\/time><time class=\"modify-date hide hidden updated\" datetime=\"2020-04-30T15:38:27+02:00\">30\/04\/2020<\/time><\/a><\/small>, <small class=\"meta-category\"><a href=\"https:\/\/mdipime.org\/fr\/categoria\/vie-missionnaire\/generazioni-fr\/\" rel=\"category tag\">G\u00e9n\u00e9rations<\/a>, <a href=\"https:\/\/mdipime.org\/fr\/tag\/bangladesh-fr\/\" rel=\"tag\">Bangladesh<\/a>, <a href=\"https:\/\/mdipime.org\/fr\/tag\/generations\/\" rel=\"tag\">G\u00e9n\u00e9rations<\/a><\/small>                <\/span>\n\n            <\/div><!--end post-header-->\n\n\t\t\t\n\t\t\t\t                    <div class=\"post-info\">\n\n                        <div class=\"entry-summary\">\n\t\t\t\t\t\t\t<p>Imparare comincia dall\u2019osservare. Sembra facile a dirsi, ma se ci soffermiamo davvero a pensare dobbiamo ammettere che tante cose ci impediscono di osservare bene<\/p>                        <\/div><!-- .entry-summary -->\n\n                    <\/div><!--end post-info-->\n\t\t\t\t\n\t\t\t\n\t\t\n        <div class=\"post-footer\">\n            <small>\n\t\t\t\t\n\t\t\t\t                    <a href=\"https:\/\/mdipime.org\/fr\/vie-missionnaire\/generazioni-fr\/osservare-e-imparare\/\"><span class=\"muted pull-right\">\n\t\t\t\t\t\tEn lire plus<\/span>\n                    <\/a>\n\t\t\t\t\n            <\/small>\n        <\/div><!--end post-footer-->\n\n    <\/div><!--end post-content-->\n<\/article>\n\n\n\t<\/div> <!-- END post listing -->\n\n\t\n[\/vc_column][\/vc_row]<\/p>\n<\/div>","protected":false},"excerpt":{"rendered":"<p>[vc_row padding_top=\u00a0\u00bb0&Prime; padding_bottom=\u00a0\u00bb\u00a0\u00bb][vc_column][\/vc_column][\/vc_row][vc_row type=\u00a0\u00bbimage\u00a0\u00bb padding_bottom=\u00a0\u00bb0&Prime; bg_image=\u00a0\u00bb28906&Prime;][vc_column width=\u00a0\u00bb1\/6&Prime;][\/vc_column][vc_column width=\u00a0\u00bb2\/3&Prime;][\/vc_column][vc_column width=\u00a0\u00bb1\/6&Prime;][\/vc_column][\/vc_row][vc_row type=\u00a0\u00bbimage\u00a0\u00bb][vc_column][vc_column_text lead=\u00a0\u00bbyes\u00a0\u00bb font_size=\u00a0\u00bb1.2em\u00a0\u00bb line_height=\u00a0\u00bb1.4em\u00a0\u00bb responsive_font=\u00a0\u00bbyes\u00a0\u00bb] Deux femmes se rencontrent. Deux g\u00e9n\u00e9rations se saluent, Elisabeth d\u2019\u00e2ge ancienne et Miriam, une jeune vierge promise \u00e9pouse d\u2019un petit village de Galil\u00e9e. Deux monde, le centre et la p\u00e9riph\u00e9rie, s\u2019accueillent r\u00e9ciproquement: l\u2019ambiance culturelle-religieuse de la Jud\u00e9e, li\u00e9e au temple de J\u00e9rusalem, d\u2019un cot\u00e9 et le rythme champ\u00eatre de la Galil\u00e9e, avec sa religiosit\u00e9 populaire familiale, domestique de l\u2019autre cot\u00e9. Deux ventres se touchent, et au-dedans d\u2019eux, la vie sursaute\u00a0: deux attentes diverses, deux exp\u00e9riences de vie compl\u00e8tement diff\u00e9rentes, illumin\u00e9es par la surprenantes gr\u00e2ce de Dieu, se retrouvent dans un profond entente, dont une est signe et confirmation au chemin de l\u2019autre. Et la surprise explose dans une b\u00e9n\u00e9diction \u00e0 grand voix, que m\u00eame aujourd\u2019hui nous r\u00e9p\u00e9tons, en donnant \u00e0 la jeune Miriam la conscience que l\u2019annonce ou\u00efe, la disponibilit\u00e9 prononc\u00e9e dans un souffle, avait vraiment donn\u00e9 chair \u00e0 l\u2019impossible. La mission embras\u00e9e par les MdI dans le monde a le visage, l\u2019histoire r\u00e9concili\u00e9e et les ann\u00e9es remplies de sagesse d\u2019Elisabeth, comme aussi les pas qui ont besoin de confirmations, mais qui sont aussi confiants et remplis d\u2019attente de Miriam. Toutes les deux g\u00e9n\u00e9rations de MdI sont terre bonne f\u00e9cond\u00e9e par la Parole de Dieu et par le cultures des peuples, et au m\u00eame temps semence jet\u00e9e, avec un geste ample et majestueux, dans les confins loin, g\u00e9ographiques et existentiels, du monde. Et quand se rencontrent , en patrie ou en mission, leur ventres sursautent, riches d\u2019exp\u00e9riences v\u00e9cues en cultures, styles eccl\u00e9siastiques, domaines sociaux et religieux divers, afin qu\u2019ils per\u00e7oivent, dans une joyeuse allegresse, que Dieu est pr\u00e9sent et chemine dans l\u2019histoire de chaque homme, de g\u00e9n\u00e9ration en g\u00e9n\u00e9ration. [\/vc_column_text][\/vc_column][\/vc_row][vc_row][vc_column][vc_custom_heading text=\u00a0\u00bbAutres articles\u00a0\u00bb font_container=\u00a0\u00bbtag:h2|font_size:35px|text_align:center|color:%23647994|line_height:40px\u00a0\u00bb google_fonts=\u00a0\u00bbfont_family:Shadows%20Into%20Light%20Two%3Aregular|font_style:400%20regular%3A400%3Anormal\u00a0\u00bb][\/vc_column][\/vc_row]<\/p>\n","protected":false},"author":3,"featured_media":0,"parent":0,"menu_order":0,"comment_status":"closed","ping_status":"closed","template":"page-templates\/full-width-no-container.php","meta":{"_acf_changed":false,"footnotes":""},"class_list":["post-31226","page","type-page","status-publish","hentry"],"acf":[],"aioseo_notices":[],"jetpack_sharing_enabled":true,"_links":{"self":[{"href":"https:\/\/mdipime.org\/fr\/wp-json\/wp\/v2\/pages\/31226","targetHints":{"allow":["GET"]}}],"collection":[{"href":"https:\/\/mdipime.org\/fr\/wp-json\/wp\/v2\/pages"}],"about":[{"href":"https:\/\/mdipime.org\/fr\/wp-json\/wp\/v2\/types\/page"}],"author":[{"embeddable":true,"href":"https:\/\/mdipime.org\/fr\/wp-json\/wp\/v2\/users\/3"}],"replies":[{"embeddable":true,"href":"https:\/\/mdipime.org\/fr\/wp-json\/wp\/v2\/comments?post=31226"}],"version-history":[{"count":0,"href":"https:\/\/mdipime.org\/fr\/wp-json\/wp\/v2\/pages\/31226\/revisions"}],"wp:attachment":[{"href":"https:\/\/mdipime.org\/fr\/wp-json\/wp\/v2\/media?parent=31226"}],"curies":[{"name":"wp","href":"https:\/\/api.w.org\/{rel}","templated":true}]}}