{"id":12192,"date":"2018-03-15T18:24:41","date_gmt":"2018-03-15T17:24:41","guid":{"rendered":"https:\/\/www.mdipime.org\/sinodo-sui-giovani\/"},"modified":"2024-03-22T13:56:45","modified_gmt":"2024-03-22T12:56:45","slug":"sinodo-sui-giovani","status":"publish","type":"page","link":"https:\/\/mdipime.org\/pt-br\/sinodo-sui-giovani\/","title":{"rendered":"S\u00ednodo sobre os jovens"},"content":{"rendered":"<div class=\"wpb-content-wrapper\"><p>[vc_row][vc_column][vc_column_text]<em>Temos tanto para contar dos percursos que vivemos quotidianamente com os jovens,\u00a0dentro do horizonte do pr\u00f3ximo S\u00ednodo.<\/em><\/p>\n<p>Os Bispos ir\u00e3o refletir sobre o tema \u201c<strong>Os jovens, a f\u00e9 e o discernimento vocacional<\/strong>\u201d, recolhendo sugest\u00f5es e experi\u00eancias de pastoral do mundo todo. N\u00f3s tamb\u00e9m damos voz para a este caminho de igreja que compartilhamos de cora\u00e7\u00e3o ao lado de muitos jovens dos quais nos aproximamos.[\/vc_column_text][\/vc_column][\/vc_row][vc_row][vc_column]\n\t<div class=\"sq-posts-data\" style=\"display: none;\">\n\t\t\t\t<input type=\"hidden\" name=\"pitem\" value=\"0\">\n\t\t<input type=\"hidden\" name=\"post_id\" value=\"12192\">\n\t<\/div>\n\n\t\n\t\n\t\t<div class=\"posts-listing  with-meta small-listing\">\n\n\t\n\t\r\n<article id=\"post-13222\" class=\"post-item post-13222 post type-post status-publish format-standard has-post-thumbnail hentry category-jovens category-vida-missionaria tag-camaroes\">\r\n    <div class=\"row post-content animated animate-when-almost-visible el-appear\">\r\n\r\n        <div class=\"col-sm-3\">\r\n        <div class=\"post-image\"><a href=\"https:\/\/mdipime.org\/pt-br\/vida-missionaria\/relazioni-che-fanno-crescere\/\" class=\"element-wrap\"><img decoding=\"async\" width=\"480\" height=\"267\" src=\"https:\/\/mdipime.org\/wp-content\/uploads\/2018\/05\/djalingo_ragazze.jpg\" class=\"attachment-kleo-post-small-thumb size-kleo-post-small-thumb wp-post-image\" alt=\"\" srcset=\"https:\/\/mdipime.org\/wp-content\/uploads\/2018\/05\/djalingo_ragazze.jpg 1048w, https:\/\/mdipime.org\/wp-content\/uploads\/2018\/05\/djalingo_ragazze-300x167.jpg 300w, https:\/\/mdipime.org\/wp-content\/uploads\/2018\/05\/djalingo_ragazze-768x427.jpg 768w, https:\/\/mdipime.org\/wp-content\/uploads\/2018\/05\/djalingo_ragazze-1024x570.jpg 1024w, https:\/\/mdipime.org\/wp-content\/uploads\/2018\/05\/djalingo_ragazze-672x374.jpg 672w, https:\/\/mdipime.org\/wp-content\/uploads\/2018\/05\/djalingo_ragazze-1038x577.jpg 1038w\" sizes=\"(max-width: 480px) 100vw, 480px\" \/><span class=\"hover-element\"><i>+<\/i><\/span><\/a><\/div><!--end post-image-->        <\/div>\r\n        <div class=\"col-sm-9\">\r\n\r\n                        <div class=\"post-header\">\r\n\r\n                <h3 class=\"post-title entry-title\"><a href=\"https:\/\/mdipime.org\/pt-br\/vida-missionaria\/relazioni-che-fanno-crescere\/\">Relazioni che fanno crescere<\/a><\/h3>\r\n\r\n                \r\n                                <span class=\"post-meta\">\r\n                    <small><a href=\"https:\/\/mdipime.org\/pt-br\/vida-missionaria\/relazioni-che-fanno-crescere\/\" rel=\"bookmark\" class=\"post-time\"><time class=\"entry-date\" datetime=\"2018-05-30T10:55:36+02:00\">30\/05\/2018<\/time><time class=\"modify-date hide hidden updated\" datetime=\"2018-05-30T15:40:55+02:00\">30\/05\/2018<\/time><\/a><\/small>, <small class=\"meta-category\"><a href=\"https:\/\/mdipime.org\/pt-br\/categoria\/jovens\/\" rel=\"category tag\">jovens<\/a>, <a href=\"https:\/\/mdipime.org\/pt-br\/categoria\/vida-missionaria\/\" rel=\"category tag\">Vida mission\u00e1ria<\/a>, <a href=\"https:\/\/mdipime.org\/pt-br\/tag\/camaroes\/\" rel=\"tag\">Camar\u00f5es<\/a><\/small>                <\/span>\r\n                \r\n            <\/div><!--end post-header-->\r\n            \r\n                            <div class=\"post-info\">\r\n\r\n                    <div class=\"entry-summary\">\r\n                                                    <p>Dopo tre anni a Djalingo, mi ritrovo a fare un bilancio dell\u2019esperienza di \u201cgrazia\u201d che il Signore mi ha donato al centro di formazione femminile.\u00a0<\/p>                                            <\/div><!-- .entry-summary -->\r\n\r\n                <\/div><!--end post-info-->\r\n            \r\n            <div class=\"post-footer\">\r\n                <small>\r\n                    \r\n                                            <a href=\"https:\/\/mdipime.org\/pt-br\/vida-missionaria\/relazioni-che-fanno-crescere\/\"><span class=\"muted pull-right\">\r\n\t\t\t\t\t\tleia mais<\/span>\r\n                        <\/a>\r\n                                    <\/small>\r\n            <\/div><!--end post-footer-->\r\n        <\/div>\r\n\r\n\r\n    <\/div><!--end post-content-->\r\n<\/article>\r\n\r\n\r\n<article id=\"post-13235\" class=\"post-item post-13235 post type-post status-publish format-standard has-post-thumbnail hentry category-jovens tag-brasil\">\r\n    <div class=\"row post-content animated animate-when-almost-visible el-appear\">\r\n\r\n        <div class=\"col-sm-3\">\r\n        <div class=\"post-image\"><a href=\"https:\/\/mdipime.org\/pt-br\/jovens\/jefferson-un-ragazzo-della-favela\/\" class=\"element-wrap\"><img decoding=\"async\" width=\"480\" height=\"270\" src=\"https:\/\/mdipime.org\/wp-content\/uploads\/2018\/03\/sr.sonia_.jpeg\" class=\"attachment-kleo-post-small-thumb size-kleo-post-small-thumb wp-post-image\" alt=\"\" srcset=\"https:\/\/mdipime.org\/wp-content\/uploads\/2018\/03\/sr.sonia_.jpeg 1920w, https:\/\/mdipime.org\/wp-content\/uploads\/2018\/03\/sr.sonia_-300x169.jpeg 300w, https:\/\/mdipime.org\/wp-content\/uploads\/2018\/03\/sr.sonia_-768x432.jpeg 768w, https:\/\/mdipime.org\/wp-content\/uploads\/2018\/03\/sr.sonia_-1024x576.jpeg 1024w, https:\/\/mdipime.org\/wp-content\/uploads\/2018\/03\/sr.sonia_-672x378.jpeg 672w, https:\/\/mdipime.org\/wp-content\/uploads\/2018\/03\/sr.sonia_-1038x584.jpeg 1038w\" sizes=\"(max-width: 480px) 100vw, 480px\" \/><span class=\"hover-element\"><i>+<\/i><\/span><\/a><\/div><!--end post-image-->        <\/div>\r\n        <div class=\"col-sm-9\">\r\n\r\n                        <div class=\"post-header\">\r\n\r\n                <h3 class=\"post-title entry-title\"><a href=\"https:\/\/mdipime.org\/pt-br\/jovens\/jefferson-un-ragazzo-della-favela\/\">Jefferson, um jovem da favela.<\/a><\/h3>\r\n\r\n                \r\n                                <span class=\"post-meta\">\r\n                    <small><a href=\"https:\/\/mdipime.org\/pt-br\/jovens\/jefferson-un-ragazzo-della-favela\/\" rel=\"bookmark\" class=\"post-time\"><time class=\"entry-date\" datetime=\"2018-05-25T19:32:58+02:00\">25\/05\/2018<\/time><time class=\"modify-date hide hidden updated\" datetime=\"2018-05-23T22:42:05+02:00\">23\/05\/2018<\/time><\/a><\/small>, <small class=\"meta-category\"><a href=\"https:\/\/mdipime.org\/pt-br\/categoria\/jovens\/\" rel=\"category tag\">jovens<\/a>, <a href=\"https:\/\/mdipime.org\/pt-br\/tag\/brasil\/\" rel=\"tag\">Brasil<\/a><\/small>                <\/span>\r\n                \r\n            <\/div><!--end post-header-->\r\n            \r\n                            <div class=\"post-info\">\r\n\r\n                    <div class=\"entry-summary\">\r\n                                                    <p>Jefferson \u00e9 um jovem que cresceu na favela. Frequentava a nossa casa desde crian\u00e7a, vindo de uma fam\u00edlia &#8216;destru\u00edda&#8217; ou que talvez nunca existiu. Os pais, separados, tinham abandonado os filhos. O irm\u00e3o mais velho vendia e distribu\u00eda drogas e, com a idade de 15 anos, alguns meses antes de se tornar pai, foi matado pelos traficantes. Jefferson tem um cora\u00e7\u00e3o bom e deseja viver b...<\/p>                                            <\/div><!-- .entry-summary -->\r\n\r\n                <\/div><!--end post-info-->\r\n            \r\n            <div class=\"post-footer\">\r\n                <small>\r\n                    \r\n                                            <a href=\"https:\/\/mdipime.org\/pt-br\/jovens\/jefferson-un-ragazzo-della-favela\/\"><span class=\"muted pull-right\">\r\n\t\t\t\t\t\tleia mais<\/span>\r\n                        <\/a>\r\n                                    <\/small>\r\n            <\/div><!--end post-footer-->\r\n        <\/div>\r\n\r\n\r\n    <\/div><!--end post-content-->\r\n<\/article>\r\n\r\n\r\n<article id=\"post-13224\" class=\"post-item post-13224 post type-post status-publish format-standard hentry category-jovens tag-italia-pt-br\">\r\n    <div class=\"row post-content animated animate-when-almost-visible el-appear\">\r\n\r\n        <div class=\"col-sm-3\">\r\n        <div class=\"post-image\"><a href=\"https:\/\/mdipime.org\/pt-br\/jovens\/jovens-da-estacao-de-monza\/\" class=\"element-wrap\"><img decoding=\"async\" src=\"https:\/\/mdipime.org\/wp-content\/uploads\/2017\/04\/placeholder.jpg\" alt=\"Jovens da esta\u00e7\u00e3o de Monza\"><span class=\"hover-element\"><i>+<\/i><\/span><\/a><\/div><!--end post-image-->        <\/div>\r\n        <div class=\"col-sm-9\">\r\n\r\n                        <div class=\"post-header\">\r\n\r\n                <h3 class=\"post-title entry-title\"><a href=\"https:\/\/mdipime.org\/pt-br\/jovens\/jovens-da-estacao-de-monza\/\">Jovens da esta\u00e7\u00e3o de Monza<\/a><\/h3>\r\n\r\n                \r\n                                <span class=\"post-meta\">\r\n                    <small><a href=\"https:\/\/mdipime.org\/pt-br\/jovens\/jovens-da-estacao-de-monza\/\" rel=\"bookmark\" class=\"post-time\"><time class=\"entry-date\" datetime=\"2018-05-23T22:20:20+02:00\">23\/05\/2018<\/time><time class=\"modify-date hide hidden updated\" datetime=\"2018-12-06T14:19:56+01:00\">06\/12\/2018<\/time><\/a><\/small>, <small class=\"meta-category\"><a href=\"https:\/\/mdipime.org\/pt-br\/categoria\/jovens\/\" rel=\"category tag\">jovens<\/a>, <a href=\"https:\/\/mdipime.org\/pt-br\/tag\/italia-pt-br\/\" rel=\"tag\">It\u00e1lia<\/a><\/small>                <\/span>\r\n                \r\n            <\/div><!--end post-header-->\r\n            \r\n                            <div class=\"post-info\">\r\n\r\n                    <div class=\"entry-summary\">\r\n                                                    <p>As novi\u00e7as Val\u00e9ria e Francesca nos falam sobre uma experi\u00eancia particular, acompanhando, junto com alguns seminaristas do PIME, jovens que encontram toda semana na esta\u00e7\u00e3o ferrovi\u00e1ria de Monza.<\/p>                                            <\/div><!-- .entry-summary -->\r\n\r\n                <\/div><!--end post-info-->\r\n            \r\n            <div class=\"post-footer\">\r\n                <small>\r\n                    \r\n                                            <a href=\"https:\/\/mdipime.org\/pt-br\/jovens\/jovens-da-estacao-de-monza\/\"><span class=\"muted pull-right\">\r\n\t\t\t\t\t\tleia mais<\/span>\r\n                        <\/a>\r\n                                    <\/small>\r\n            <\/div><!--end post-footer-->\r\n        <\/div>\r\n\r\n\r\n    <\/div><!--end post-content-->\r\n<\/article>\r\n\r\n\r\n<article id=\"post-13231\" class=\"post-item post-13231 post type-post status-publish format-standard has-post-thumbnail hentry category-jovens\">\r\n    <div class=\"row post-content animated animate-when-almost-visible el-appear\">\r\n\r\n        <div class=\"col-sm-3\">\r\n        <div class=\"post-image\"><a href=\"https:\/\/mdipime.org\/pt-br\/jovens\/un-cantante-di-strada\/\" class=\"element-wrap\"><img decoding=\"async\" width=\"162\" height=\"270\" src=\"https:\/\/mdipime.org\/wp-content\/uploads\/2018\/03\/Vincent.jpg\" class=\"attachment-kleo-post-small-thumb size-kleo-post-small-thumb wp-post-image\" alt=\"\" srcset=\"https:\/\/mdipime.org\/wp-content\/uploads\/2018\/03\/Vincent.jpg 960w, https:\/\/mdipime.org\/wp-content\/uploads\/2018\/03\/Vincent-180x300.jpg 180w, https:\/\/mdipime.org\/wp-content\/uploads\/2018\/03\/Vincent-768x1280.jpg 768w, https:\/\/mdipime.org\/wp-content\/uploads\/2018\/03\/Vincent-614x1024.jpg 614w, https:\/\/mdipime.org\/wp-content\/uploads\/2018\/03\/Vincent-672x1120.jpg 672w\" sizes=\"(max-width: 162px) 100vw, 162px\" \/><span class=\"hover-element\"><i>+<\/i><\/span><\/a><\/div><!--end post-image-->        <\/div>\r\n        <div class=\"col-sm-9\">\r\n\r\n                        <div class=\"post-header\">\r\n\r\n                <h3 class=\"post-title entry-title\"><a href=\"https:\/\/mdipime.org\/pt-br\/jovens\/un-cantante-di-strada\/\">Um cantor da &#8220;Rua&#8221;<\/a><\/h3>\r\n\r\n                \r\n                                <span class=\"post-meta\">\r\n                    <small><a href=\"https:\/\/mdipime.org\/pt-br\/jovens\/un-cantante-di-strada\/\" rel=\"bookmark\" class=\"post-time\"><time class=\"entry-date\" datetime=\"2018-05-15T18:30:51+02:00\">15\/05\/2018<\/time><time class=\"modify-date hide hidden updated\" datetime=\"2018-05-23T22:34:39+02:00\">23\/05\/2018<\/time><\/a><\/small>, <small class=\"meta-category\"><a href=\"https:\/\/mdipime.org\/pt-br\/categoria\/jovens\/\" rel=\"category tag\">jovens<\/a><\/small>                <\/span>\r\n                \r\n            <\/div><!--end post-header-->\r\n            \r\n                            <div class=\"post-info\">\r\n\r\n                    <div class=\"entry-summary\">\r\n                                                    <p>\u201cCuide de todos os jovens, n\u00e3o exclua nenhum\u201d! Este \u00e9 o convite que Edimar, do centro para crian\u00e7as de rua fundado por Padre Maurizio Bezzi PIME em Yaound\u00e9, acolheu com grande paix\u00e3o que j\u00e1 dura anos e que h\u00e1 pouco tempo contagiou a mim tamb\u00e9m. Ultrapassando o limiar de Edimar, a miss\u00e3o torna-se narra\u00e7\u00e3o de um mist\u00e9rio chamado vida, sempre e em todos os lugares. E \u00e9 assim que Vini...<\/p>                                            <\/div><!-- .entry-summary -->\r\n\r\n                <\/div><!--end post-info-->\r\n            \r\n            <div class=\"post-footer\">\r\n                <small>\r\n                    \r\n                                            <a href=\"https:\/\/mdipime.org\/pt-br\/jovens\/un-cantante-di-strada\/\"><span class=\"muted pull-right\">\r\n\t\t\t\t\t\tleia mais<\/span>\r\n                        <\/a>\r\n                                    <\/small>\r\n            <\/div><!--end post-footer-->\r\n        <\/div>\r\n\r\n\r\n    <\/div><!--end post-content-->\r\n<\/article>\r\n\r\n\r\n<article id=\"post-13227\" class=\"post-item post-13227 post type-post status-publish format-standard has-post-thumbnail hentry category-jovens tag-hong-kong-pt-br\">\r\n    <div class=\"row post-content animated animate-when-almost-visible el-appear\">\r\n\r\n        <div class=\"col-sm-3\">\r\n        <div class=\"post-image\"><a href=\"https:\/\/mdipime.org\/pt-br\/jovens\/accompagnare-con-creativita-e-amore\/\" class=\"element-wrap\"><img decoding=\"async\" width=\"480\" height=\"270\" src=\"https:\/\/mdipime.org\/wp-content\/uploads\/2018\/03\/sr.-lorena.jpg\" class=\"attachment-kleo-post-small-thumb size-kleo-post-small-thumb wp-post-image\" alt=\"\" srcset=\"https:\/\/mdipime.org\/wp-content\/uploads\/2018\/03\/sr.-lorena.jpg 1600w, https:\/\/mdipime.org\/wp-content\/uploads\/2018\/03\/sr.-lorena-300x169.jpg 300w, https:\/\/mdipime.org\/wp-content\/uploads\/2018\/03\/sr.-lorena-768x432.jpg 768w, https:\/\/mdipime.org\/wp-content\/uploads\/2018\/03\/sr.-lorena-1024x577.jpg 1024w, https:\/\/mdipime.org\/wp-content\/uploads\/2018\/03\/sr.-lorena-672x378.jpg 672w, https:\/\/mdipime.org\/wp-content\/uploads\/2018\/03\/sr.-lorena-1038x585.jpg 1038w\" sizes=\"(max-width: 480px) 100vw, 480px\" \/><span class=\"hover-element\"><i>+<\/i><\/span><\/a><\/div><!--end post-image-->        <\/div>\r\n        <div class=\"col-sm-9\">\r\n\r\n                        <div class=\"post-header\">\r\n\r\n                <h3 class=\"post-title entry-title\"><a href=\"https:\/\/mdipime.org\/pt-br\/jovens\/accompagnare-con-creativita-e-amore\/\">Accompagnare con creativit\u00e0 e amore.<\/a><\/h3>\r\n\r\n                \r\n                                <span class=\"post-meta\">\r\n                    <small><a href=\"https:\/\/mdipime.org\/pt-br\/jovens\/accompagnare-con-creativita-e-amore\/\" rel=\"bookmark\" class=\"post-time\"><time class=\"entry-date\" datetime=\"2018-03-15T19:39:36+01:00\">15\/03\/2018<\/time><time class=\"modify-date hide hidden updated\" datetime=\"2025-02-26T15:03:02+01:00\">26\/02\/2025<\/time><\/a><\/small>, <small class=\"meta-category\"><a href=\"https:\/\/mdipime.org\/pt-br\/categoria\/jovens\/\" rel=\"category tag\">jovens<\/a>, <a href=\"https:\/\/mdipime.org\/pt-br\/tag\/hong-kong-pt-br\/\" rel=\"tag\">Hong Kong<\/a><\/small>                <\/span>\r\n                \r\n            <\/div><!--end post-header-->\r\n            \r\n                            <div class=\"post-info\">\r\n\r\n                    <div class=\"entry-summary\">\r\n                                                    <p>Abito, ormai da cinque anni, a Hong Kong, nella nostra comunit\u00e0 di Shek Lei, all\u2019interno della scuola femminile superiore\u00a0Pope Paul VI College, ma il ritmo di studio delle studenti continua a meravigliarmi. Le ragazze, durante il periodo degli esami, sono molto preoccupate e studiano fino a notte inoltrata. L\u2019ambiente competitivo in cui crescono le spinge a voler sempre essere le migliori, r...<\/p>                                            <\/div><!-- .entry-summary -->\r\n\r\n                <\/div><!--end post-info-->\r\n            \r\n            <div class=\"post-footer\">\r\n                <small>\r\n                    \r\n                                            <a href=\"https:\/\/mdipime.org\/pt-br\/jovens\/accompagnare-con-creativita-e-amore\/\"><span class=\"muted pull-right\">\r\n\t\t\t\t\t\tleia mais<\/span>\r\n                        <\/a>\r\n                                    <\/small>\r\n            <\/div><!--end post-footer-->\r\n        <\/div>\r\n\r\n\r\n    <\/div><!--end post-content-->\r\n<\/article>\r\n\r\n\n\t<\/div> <!-- END post listing -->\n\n\t\n[\/vc_column][\/vc_row]<\/p>\n<\/div>","protected":false},"excerpt":{"rendered":"<p>[vc_row][vc_column][vc_column_text]Temos tanto para contar dos percursos que vivemos quotidianamente com os jovens,\u00a0dentro do horizonte do pr\u00f3ximo S\u00ednodo. Os Bispos ir\u00e3o refletir sobre o tema \u201cOs jovens, a f\u00e9 e o discernimento vocacional\u201d, recolhendo sugest\u00f5es e experi\u00eancias de pastoral do mundo todo. N\u00f3s tamb\u00e9m damos voz para a este caminho de igreja que compartilhamos de cora\u00e7\u00e3o ao lado de muitos jovens dos quais nos aproximamos.[\/vc_column_text][\/vc_column][\/vc_row][vc_row][vc_column][\/vc_column][\/vc_row]<\/p>\n","protected":false},"author":3,"featured_media":0,"parent":0,"menu_order":0,"comment_status":"closed","ping_status":"closed","template":"","meta":{"_acf_changed":false,"footnotes":""},"class_list":["post-12192","page","type-page","status-publish","hentry"],"acf":[],"aioseo_notices":[],"jetpack_sharing_enabled":true,"_links":{"self":[{"href":"https:\/\/mdipime.org\/pt-br\/wp-json\/wp\/v2\/pages\/12192","targetHints":{"allow":["GET"]}}],"collection":[{"href":"https:\/\/mdipime.org\/pt-br\/wp-json\/wp\/v2\/pages"}],"about":[{"href":"https:\/\/mdipime.org\/pt-br\/wp-json\/wp\/v2\/types\/page"}],"author":[{"embeddable":true,"href":"https:\/\/mdipime.org\/pt-br\/wp-json\/wp\/v2\/users\/3"}],"replies":[{"embeddable":true,"href":"https:\/\/mdipime.org\/pt-br\/wp-json\/wp\/v2\/comments?post=12192"}],"version-history":[{"count":0,"href":"https:\/\/mdipime.org\/pt-br\/wp-json\/wp\/v2\/pages\/12192\/revisions"}],"wp:attachment":[{"href":"https:\/\/mdipime.org\/pt-br\/wp-json\/wp\/v2\/media?parent=12192"}],"curies":[{"name":"wp","href":"https:\/\/api.w.org\/{rel}","templated":true}]}}