{"id":15102,"date":"2018-05-28T17:11:12","date_gmt":"2018-05-28T15:11:12","guid":{"rendered":"https:\/\/www.mdipime.org\/privacy-policy\/"},"modified":"2019-01-11T16:00:25","modified_gmt":"2019-01-11T15:00:25","slug":"privacy-policy","status":"publish","type":"page","link":"https:\/\/mdipime.org\/pt-br\/privacy-policy\/","title":{"rendered":"Privacy policy"},"content":{"rendered":"<p><strong>Titular do tratamento<\/strong><\/p>\n<p>Congrega\u00e7\u00e3o das Mission\u00e1rias da Imaculada com sede em via Masaccio, 20 \u2013 20149 Milano (MI) \u00e9 o Titular do tratamento de dados pessoais recolhidos neste site, nos termos e para efeitos do C\u00f3digo de privacidade. O titular do tratamento dos dados (representante legal) \u2013 determina as finalidades e os meios de processamento de dados.<\/p>\n<p>Em conformidade com o compromisso e o cuidado que a &#8221; Congrega\u00e7\u00e3o das Mission\u00e1rias da Imaculada&#8221; dedica \u00e0 prote\u00e7\u00e3o dos dados pessoais, n\u00f3s lhe informamos, caro leitor, sobre as modalidades, finalidades e \u00e2mbito das comunica\u00e7\u00f5es e divulga\u00e7\u00e3o de seus dados pessoais, e os seus direitos, em conformidade com o artigo 13 do Decreto Legislativo Italiano n. 196 de 30.6.2003, (doravante denominado, \u00a0\u201c<strong>C\u00f3digo de Privacidade<\/strong>\u201d) e do art. 13 do Regulamento da UE n. 2016\/679 (doravante, denominado, \u201c<strong>GDPR<\/strong>\u201d) que seus dados ser\u00e3o tratados com as seguintes modalidades e para as finalidades descritas abaixo:<\/p>\n<p><strong>1.\u00a0 Objeto doTratamento<\/strong><\/p>\n<p>O Titular processa os dados pessoais fornecidos pelo usu\u00e1rio, informa\u00e7\u00f5es de identifica\u00e7\u00e3o (como nome, sobrenome, nome da empresa, endere\u00e7o, telefone, e-mail, dados banc\u00e1rios e pagamento, nome da empresa, n\u00famero de CNPJ, nome de fantasia, endere\u00e7o de e-mail, n\u00famero de telefone) \u2013 em seguida denominados como \u201c<strong>dados pessoais<\/strong>\u201d ou \u201c<strong>dados<\/strong>\u201d\u00a0comunicados por voc\u00ea, por ocasi\u00e3o da celebra\u00e7\u00e3o de contratos para os servi\u00e7os do titular e\/ou via contato formul\u00e1rio para comunicar-se conosco e os dados coletados automaticamente durante a navega\u00e7\u00e3o do usu\u00e1rio no nosso sito como por exemplo os dados t\u00e9cnicos, tais como o endere\u00e7o IP, tipo de navegador e dados atrav\u00e9s de cookies para garantir uma melhor experi\u00eancia de utiliza\u00e7\u00e3o do nosso sito. Para obter informa\u00e7\u00f5es completas sobre os cookies que usamos visite a nossa p\u00e1gina dedicada \u00e0 <a href=\"https:\/\/mdipime.org\/it\/informativa-privacy-e-cookie\/\">cookie policy<\/a>.<\/p>\n<p><strong>2. Finalidade\u00a0e dura\u00e7\u00e3o do tratamento<\/strong><\/p>\n<p>Os seus dados pessoais s\u00e3o tratados:<\/p>\n<p>A) sem o seu consenso expresso (a 24.a, b, c, C\u00f3digo de Privacidade e art. 6.b), e) RGPD), para as seguintes Finalidades de Servi\u00e7o:<\/p>\n<ul>\n<li>Concluir os contratos para os servi\u00e7os do Titular;<\/li>\n<li>Cumprir as obriga\u00e7\u00f5es pr\u00e9-contratuais e fiscais derivantes dos relacionamentos com voc\u00ea;<\/li>\n<li>Cumprir as obriga\u00e7\u00f5es previstas pela lei, por um regulamento, pelas normativas comunit\u00e1rias ou por uma ordem da Autoridade (como por exemplo em mat\u00e9rias de ante reciclagem);<\/li>\n<li>exercitar os direitos do Titular, por exemplo o direito de defesa em ju\u00edzo;<\/li>\n<li>para\u00a0 salvaguardar os interesses vitais do interessado ou de outra pessoa;<\/li>\n<li>para a execu\u00e7\u00e3o de uma a\u00e7\u00e3o de interesse p\u00fablico por parte do titular do tratamento;<\/li>\n<li>a fim de prosseguir os interesses leg\u00edtimos do respons\u00e1vel pelo tratamento ou de terceiros;<\/li>\n<\/ul>\n<p>B) Somente mediante seu consenso pr\u00e9vio e espec\u00edfico (a 23 e 130 do C\u00f3digo de Privacidade e art. 7 RGPD), para as seguintes Finalidades de Marketing:<\/p>\n<ul>\n<li>enviar-lhe por\u00a0\u00a0e-mail, correspond\u00eancia e\/ou sms e\/ou contatos \u00a0telef\u00f4nicos,\u00a0 informativos, comunica\u00e7\u00f5es comerciais e\/ou material publicit\u00e1rio sobre produtos ou servi\u00e7os oferecidos pelo Titular, verifica\u00e7\u00e3o da satisfa\u00e7\u00e3o dos clientes sobre a qualidade dos servi\u00e7os;<\/li>\n<\/ul>\n<p>Lhe informamos que se voc\u00ea j\u00e1 usufruiu dos nossos servi\u00e7os, poderemos enviar-lhe comunica\u00e7\u00f5es comerciais relativas aos servi\u00e7os do Titular an\u00e1logos \u00e0queles dos quais voc\u00ea j\u00e1 usufruiu, salvo o seu dissenso (art. 130 c. 4 C\u00f3digo de Privacidade). Para negar o pr\u00f3prio consenso para esta utiliza\u00e7\u00e3o dos dados ser\u00e1 poss\u00edvel contatar a Congrega\u00e7\u00e3o das Mission\u00e1rias \u00a0da Imaculada e revogar o pr\u00f3prio consenso para este tipo de tratamento, segundo quanto est\u00e1 previsto pelos direitos do interessado\u00a0nos artigos 7 do C\u00f3digo de Privacidade e art. 15 e 16-21 RGPD. Os direitos do interessado est\u00e3o elencados no ponto 8 da informativa.<\/p>\n<p><strong>3. Modalidades\u00a0 e dura\u00e7\u00e3o do tratamento<\/strong><\/p>\n<p>O tratamento dos Seus dados pessoais \u00e9 realizado por meio das opera\u00e7\u00f5es indicadas no art. 4 do C\u00f3digo de Privacidade \u00a0e \u00a0no art. 4 n. 2) do RGPD e precisamente: coleta, registro, organiza\u00e7\u00e3o, conserva\u00e7\u00e3o, consulta, elabora\u00e7\u00e3o, modifica\u00e7\u00e3o, sele\u00e7\u00e3o, extra\u00e7\u00e3o, compara\u00e7\u00e3o, utiliza\u00e7\u00e3o, interconex\u00e3o, bloqueio, comunica\u00e7\u00e3o, cancelamento e destrui\u00e7\u00e3o dos dados. Os Seus dados pessoais s\u00e3o submetidos a tratamento em papel como tamb\u00e9m eletr\u00f4nico e\/ou automatizado.<\/p>\n<p>O Titular tratar\u00e1 os dados pessoais enquanto for necess\u00e1rio para cumprir as finalidades acima citadas e em todos os casos por<strong> n\u00e3o mais de 10 anos<\/strong>\u00a0ap\u00f3s cessarem os relacionamentos para Finalidades de Servi\u00e7o e por <strong>n\u00e3o mais de 2 anos<\/strong> a partir da coleta de dados para as finalidades de \u201cMarketing\u201d.<\/p>\n<ul>\n<li>As faturas, os documentos cont\u00e1beis e os dados relativos \u00e0s transa\u00e7\u00f5es ser\u00e3o conservados por 10 anos nos termos da lei (incluem-se tamb\u00e9m as obriga\u00e7\u00f5es fiscais);<\/li>\n<li>Os dados referentes ao tr\u00e1fego telem\u00e1tico, exclu\u00eddos, por\u00e9m os conte\u00fados das comunica\u00e7\u00f5es, ser\u00e3o mantidos por n\u00e3o mais de 6 anos a partir da data da notifica\u00e7\u00e3o, nos termos do art. 24 da Lei n. 167\/2017, baseada nas Diretrizes UE 2017\/541 relativa ao combate ao terrorismo;<\/li>\n<li>No caso do exerc\u00edcio do direito ao esquecimento atrav\u00e9s do pedido expresso de cancelamento dos dados pessoais tratados pelo Titular, tais dados ser\u00e3o conservados, em forma protegida e com acesso limitado, exclusivamente para fins de investiga\u00e7\u00e3o e repress\u00e3o de infrac\u00e7\u00f5es, no mais tardar doze meses a contar da data do pedido e em seguida ser\u00e1 exclu\u00eddo com seguran\u00e7a, de modo an\u00f4nimo ou irreversivelmente. As modalidades de exerc\u00edcio do direito ao esquecimento s\u00e3o expressas no ponto 8 da presente pol\u00edtica.<\/li>\n<\/ul>\n<p><strong>4. Acesso aos dados<\/strong><\/p>\n<p>Os seus dados poder\u00e3o tornar-se acess\u00edveis para as finalidades dispostas no art. 2. a):<\/p>\n<ul>\n<li>Funcion\u00e1rios e colaboradores do Titular, na sua qualidade de encarregados internos do processamento e\/ou administradores do sistema;<\/li>\n<li>Outras pessoas indicadas (escrit\u00f3rios profissionais, consultores, empresa de contabilidade, consultores do trabalho, etc.) terceirizadas em nome do Titular, em sua qualidade de respons\u00e1veis externos pelo processamento.<\/li>\n<\/ul>\n<p><strong>5. Comunica\u00e7\u00e3o de dados<\/strong><\/p>\n<p>O titular poder\u00e1 divulgar seus dados para os fins previstos no art. 2.a) \u00e0s autoridades judiciais e \u00e0s pessoas a quem tal divulga\u00e7\u00e3o seja exigida por lei para realizar os fins mencionados, sem a necessidade de consentimento expresso (art. 24. a), b), d) C\u00f3digo de Privacidade e art. 6. b) e c) RGPD), Estas pessoas ir\u00e3o processar os dados como controladores de dados aut\u00f4nomos.<\/p>\n<p>O titular do tratamento garante a n\u00e3o difus\u00e3o dos seus dados.<\/p>\n<p><strong>6.\u00a0<\/strong><strong>Trasfer\u00eancia de dados<\/strong><\/p>\n<p>Os dados pessoais s\u00e3o armazenados em servidores localizados ao interno da Uni\u00e3o Europeia em conformidade com as normativas europeias em mat\u00e9ria de processamento de dados RGPD naquilo que se refere ao correto e seguro armazenamento dos mesmos. Em qualquer caso fica subentendido que o Titular, se necess\u00e1rio, ter\u00e1 o direito de mover servidores tamb\u00e9m fora da UE. Neste caso, o titular garante que a transfer\u00eancia de dados fora da UE ser\u00e1 em conformidade com as disposi\u00e7\u00f5es da legisla\u00e7\u00e3o aplic\u00e1veis, respeitando as cl\u00e1usulas contratuais previstas pela Comiss\u00e3o Europeia.<\/p>\n<p><strong>7. Natureza da outorga dos dados e consequ\u00eancias da recusa de responder<\/strong><\/p>\n<p>A concess\u00e3o dos dados para as finalidades relacionadas ao art. 2.a) \u00e9 obrigat\u00f3ria. Com a falta destes dados, n\u00e3o poderemos garantir-lhe os servi\u00e7os referentes ao art. 2.a).<\/p>\n<p>A concess\u00e3o dos dados para as finalidades relacionadas ao art. 2.b) \u00e9 facultativa. O leitor pode, portanto, decidir de n\u00e3o outorgar nenhum dado ou de negar sucessivamente a possibilidade de tratamento dos dados j\u00e1 fornecidos: neste caso, n\u00e3o poder\u00e1 receber boletins informativos, comunica\u00e7\u00f5es comerciais, materiais de publicidade sobre os servi\u00e7os oferecidos pelo propriet\u00e1rio do site e eventuais felicita\u00e7\u00f5es por ocasi\u00e3o de festividades. Continuar\u00e1, por\u00e9m, a ter direito aos servi\u00e7os nos termos do \u00a0art. 2.a).<\/p>\n<p>No caso que a pessoa que outorga os dados tenha idade inferior a 16 anos, tal tratamento \u00e9 l\u00edcito apenas se o consentimento \u00e9 fornecido ou autorizado pelos titulares do poder paternal que deve fornecer os dados de identifica\u00e7\u00e3o e c\u00f3pia dos documentos de reconhecimento.<\/p>\n<p><strong>8. Direitos do interessado<\/strong><\/p>\n<p>Na Sua qualidade de interessado, tem os direitos estabelecidos no art. 7 do C\u00f3digo de Privacidade e no art. 15 do RGPD e precisamente os direitos de:<\/p>\n<ol>\n<li>obter a confirma\u00e7\u00e3o da exist\u00eancia ou n\u00e3o de seus dados pessoais, mesmo que ainda n\u00e3o estejam registrados, e a sua comunica\u00e7\u00e3o de forma intelig\u00edvel;<\/li>\n<li>Obtenha as seguintes informa\u00e7\u00f5es: a) a origem dos dados pessoais; b) finalidades e m\u00e9todos de processamento; c) a l\u00f3gica aplicada em caso de tratamento com instrumentos eletr\u00f4nicos; d) a identidade do Titular, dos processadores de dados e do representante designado nos termos do art. 5, \u00a7 2 c\u00f3digo de privacidade e art. 3, \u00a7 1, RGPD; e) dos destinat\u00e1rios ou categorias de destinat\u00e1rios aos quais os dados pessoais podem ser comunicados ou que podem vir ao conhecimento dos mesmos na qualidade de representante designado no territ\u00f3rio do Pa\u00eds, dos gestores ou encarregados;<\/li>\n<li>obter a) atualiza\u00e7\u00e3o, retifica\u00e7\u00e3o ou, quando h\u00e1 interesse, a integra\u00e7\u00e3o de dados; b) o cancelamento, anonimiza\u00e7\u00e3o ou bloqueio dos dados tratados ilicitamente, inclusive dados, cuja reten\u00e7\u00e3o \u00e9 desnecess\u00e1ria para os fins para os quais os dados foram recolhidos ou subsequentemente processados; c) certifica\u00e7\u00e3o que as opera\u00e7\u00f5es relativas \u00e0s letras a) e b) foram notificadas, tamb\u00e9m em rela\u00e7\u00e3o ao seu conte\u00fado, para aqueles a quem os dados foram comunicados ou difundidos, a menos que este requisito for imposs\u00edvel ou implica a utiliza\u00e7\u00e3o de meios manifestamente desproporcionais em rela\u00e7\u00e3o ao direito tutelado;<\/li>\n<li>opor-se, total ou parcialmente: a) por motivos leg\u00edtimos ao tratamento de dados pessoais, mesmo se pertinentes \u00e0 finalidade da coleta; b) ao tratamento de dados pessoais para efeitos de envio de material publicit\u00e1rio ou venda direta ou para efetuar pesquisas de mercado ou de comunica\u00e7\u00e3o comercial, atrav\u00e9s da utiliza\u00e7\u00e3o de sistemas de chamada automatizados sem a interven\u00e7\u00e3o de um operador, atrav\u00e9s de e-mail e\/ou atrav\u00e9s da modalidade de comercializa\u00e7\u00e3o tradicional via telefone e\/ou correio. Por favor, note que o direito de oposi\u00e7\u00e3o dos interessados, exposto na letra b), para fins de marketing direto mediante automatiza\u00e7\u00e3o estende-se \u00e0quelas tradicionais e que permanece a possibilidade para a pessoa em causa de exercer o direito de oposi\u00e7\u00e3o at\u00e9 mesmo em parte. Portanto, o usu\u00e1rio pode optar por receber comunica\u00e7\u00f5es apenas atrav\u00e9s de meios tradicionais ou comunica\u00e7\u00f5es automatizadas ou ent\u00e3o nenhuma das duas tipologias de comunica\u00e7\u00e3o.<\/li>\n<\/ol>\n<p>Se for o caso, tem tamb\u00e9m os direitos previstos nos artigos. 16-21 RGPD (direito de retifica\u00e7\u00e3o, direito de esquecimento, direito de prescri\u00e7\u00e3o de tratamento, direito de portabilidade dos dados, direito de oposi\u00e7\u00e3o) bem como o direito de reclamar \u00e0 Autoridade competente.<\/p>\n<p><strong>9. Modalidades para exercitar seus direitos<\/strong><\/p>\n<p>Poder\u00e1 em qualquer momento exercitar seus direitos enviando:<\/p>\n<ul>\n<li>uma carta registrada \u00e0 \u201cCongregazione delle Missionarie dell\u2019Immacolata via Masaccio, 20 20149 Milano\u201d;<\/li>\n<li>um e-mail para o seguinte endere\u00e7o: <a href=\"mailto:donazioni@mdipime.org\" target=\"_blank\" rel=\"noopener\">donazioni@mdipime.org<\/a><\/li>\n<\/ul>\n<p><strong>10. Google reCAPTCHA v3<\/strong><\/p>\n<p>Neste site \u00e9 implementado e ativo o sistema de prote\u00e7\u00e3o contra spam e bots, chamado Google reCAPTCHA v3, que atua de forma invis\u00edvel e serve para garantir que a intera\u00e7\u00e3o com as p\u00e1ginas seja o trabalho de um ser humano e n\u00e3o um software automatizado . Em particular, este sistema interv\u00e9m no controle de formul\u00e1rios de contato nas p\u00e1ginas deste site, evitando o preenchimento automatizado por bots e comportamentos il\u00edcitos que podem danificar o site. O usu\u00e1rio que navega neste site e\/ou que preenche os formul\u00e1rios nas p\u00e1ginas do site, concorda com nosso uso do reCAPTCHA invis\u00edvel. O uso do Google reCAPTCHA Invisible v3 est\u00e1 sujeito \u00e0 <a href=\"https:\/\/policies.google.com\/privacy?hl=pt-br\" target=\"_blank\" rel=\"noopener\">Pol\u00edtica de Privacidade<\/a> e aos <a href=\"https:\/\/policies.google.com\/terms?hl=pt-br\" target=\"_blank\" rel=\"noopener\">Termos de Servi\u00e7o<\/a> do Google.<\/p>\n<p><strong>11. Modifica\u00e7\u00f5es \u00e0 Normativa<\/strong><\/p>\n<p>Esta pol\u00edtica poderia estar sujeita a altera\u00e7\u00f5es. Se forem feitas altera\u00e7\u00f5es substanciais quanto \u00e0 utiliza\u00e7\u00e3o dos seus dados por parte do Titular, este \u00faltimo ir\u00e1 notificar voc\u00ea publicando-as com \u00eanfase nas pr\u00f3prias p\u00e1ginas ou atrav\u00e9s de meios alternativos ou similares.<\/p>\n<p><strong>12.Titular, respons\u00e1vel e encarregados<\/strong><\/p>\n<p>O Titular do tratamento dos dados \u00e9 a \u201cCongregazione delle Missionarie dell\u2019Immacolata com sede legal em via Masaccio, 20 \u2013 20149 Milano (MI)\u201d.\u00a0O elenco atualizado dos respons\u00e1veis e\u00a0dos encarregados para o tratamento \u00e9 conservado junto \u00e0 sede legal do Titular.<\/p>\n<p><strong>13.Refer\u00eancias normativas<\/strong><\/p>\n<p>\u00c9 poss\u00edvel consultar o C\u00f3digo de privacidade em mat\u00e9ria de prote\u00e7\u00e3o dos dados pessoais <a href=\"http:\/\/www.garanteprivacy.it\/web\/guest\/home\/docweb\/-\/docweb-display\/docweb\/1311248\">clicando aqui.<\/a><\/p>\n<p>\u00c9 poss\u00edvel consultar o Regulamento europeu da privacidade <a href=\"http:\/\/eur-lex.europa.eu\/legal-content\/IT\/TXT\/?uri=uriserv:OJ.L_.2016.119.01.0001.01.ITA&amp;toc=OJ:L:2016:119:TOC\">clicando aqui.<\/a>.<\/p>\n<p>Voc\u00ea pode acessar o sito do garante italiano da prote\u00e7\u00e3o dos dados <a href=\"http:\/\/www.garanteprivacy.it\/web\/guest\/home\">clicando aqui.<\/a><\/p>\n<p>Voc\u00ea pode acessar o sito do garante europeu da prote\u00e7\u00e3o dos dados (GEPD) <a href=\"https:\/\/europa.eu\/european-union\/about-eu\/institutions-bodies\/european-data-protection-supervisor_it\">clicando aqui.<\/a>.<\/p>\n","protected":false},"excerpt":{"rendered":"<p>Titular do tratamento Congrega\u00e7\u00e3o das Mission\u00e1rias da Imaculada com sede em via Masaccio, 20 \u2013 20149 Milano (MI) \u00e9 o Titular do tratamento de dados pessoais recolhidos neste site, nos termos e para efeitos do C\u00f3digo de privacidade. O titular do tratamento dos dados (representante legal) \u2013 determina as finalidades e os meios de processamento de dados. Em conformidade com o compromisso e o cuidado que a &#8221; Congrega\u00e7\u00e3o das Mission\u00e1rias da Imaculada&#8221; dedica \u00e0 prote\u00e7\u00e3o dos dados pessoais, n\u00f3s lhe informamos, caro leitor, sobre as modalidades, finalidades e \u00e2mbito das comunica\u00e7\u00f5es e divulga\u00e7\u00e3o de seus dados pessoais, e os seus direitos, em conformidade com o artigo 13 do Decreto Legislativo Italiano n. 196 de 30.6.2003, (doravante denominado, \u00a0\u201cC\u00f3digo de Privacidade\u201d) e do art. 13 do Regulamento da UE n. 2016\/679 (doravante, denominado, \u201cGDPR\u201d) que seus dados ser\u00e3o tratados com as seguintes modalidades e para as finalidades descritas abaixo: 1.\u00a0 Objeto doTratamento O Titular processa os dados pessoais fornecidos pelo usu\u00e1rio, informa\u00e7\u00f5es de identifica\u00e7\u00e3o (como nome, sobrenome, nome da empresa, endere\u00e7o, telefone, e-mail, dados banc\u00e1rios e pagamento, nome da empresa, n\u00famero de CNPJ, nome de fantasia, endere\u00e7o de e-mail, n\u00famero de telefone) \u2013 em seguida denominados como \u201cdados pessoais\u201d ou \u201cdados\u201d\u00a0comunicados por voc\u00ea, por ocasi\u00e3o da celebra\u00e7\u00e3o de contratos para os servi\u00e7os do titular e\/ou via contato formul\u00e1rio para comunicar-se conosco e os dados coletados automaticamente durante a navega\u00e7\u00e3o do usu\u00e1rio no nosso sito como por exemplo os dados t\u00e9cnicos, tais como o endere\u00e7o IP, tipo de navegador e dados atrav\u00e9s de cookies para garantir uma melhor experi\u00eancia de utiliza\u00e7\u00e3o do nosso sito. Para obter informa\u00e7\u00f5es completas sobre os cookies que usamos visite a nossa p\u00e1gina dedicada \u00e0 cookie policy. 2. Finalidade\u00a0e dura\u00e7\u00e3o do tratamento Os seus dados pessoais s\u00e3o tratados: A) sem o seu consenso expresso (a 24.a, b, c, C\u00f3digo de Privacidade e art. 6.b), e) RGPD), para as seguintes Finalidades de Servi\u00e7o: Concluir os contratos para os servi\u00e7os do Titular; Cumprir as obriga\u00e7\u00f5es pr\u00e9-contratuais e fiscais derivantes dos relacionamentos com voc\u00ea; Cumprir as obriga\u00e7\u00f5es previstas pela lei, por um regulamento, pelas normativas comunit\u00e1rias ou por uma ordem da Autoridade (como por exemplo em mat\u00e9rias de ante reciclagem); exercitar os direitos do Titular, por exemplo o direito de defesa em ju\u00edzo; para\u00a0 salvaguardar os interesses vitais do interessado ou de outra pessoa; para a execu\u00e7\u00e3o de uma a\u00e7\u00e3o de interesse p\u00fablico por parte do titular do tratamento; a fim de prosseguir os interesses leg\u00edtimos do respons\u00e1vel pelo tratamento ou de terceiros; B) Somente mediante seu consenso pr\u00e9vio e espec\u00edfico (a 23 e 130 do C\u00f3digo de Privacidade e art. 7 RGPD), para as seguintes Finalidades de Marketing: enviar-lhe por\u00a0\u00a0e-mail, correspond\u00eancia e\/ou sms e\/ou contatos \u00a0telef\u00f4nicos,\u00a0 informativos, comunica\u00e7\u00f5es comerciais e\/ou material publicit\u00e1rio sobre produtos ou servi\u00e7os oferecidos pelo Titular, verifica\u00e7\u00e3o da satisfa\u00e7\u00e3o dos clientes sobre a qualidade dos servi\u00e7os; Lhe informamos que se voc\u00ea j\u00e1 usufruiu dos nossos servi\u00e7os, poderemos enviar-lhe comunica\u00e7\u00f5es comerciais relativas aos servi\u00e7os do Titular an\u00e1logos \u00e0queles dos quais voc\u00ea j\u00e1 usufruiu, salvo o seu dissenso [&hellip;]<\/p>\n","protected":false},"author":14,"featured_media":0,"parent":0,"menu_order":0,"comment_status":"closed","ping_status":"closed","template":"","meta":{"_acf_changed":false,"footnotes":""},"class_list":["post-15102","page","type-page","status-publish","hentry"],"acf":[],"aioseo_notices":[],"jetpack_sharing_enabled":true,"_links":{"self":[{"href":"https:\/\/mdipime.org\/pt-br\/wp-json\/wp\/v2\/pages\/15102","targetHints":{"allow":["GET"]}}],"collection":[{"href":"https:\/\/mdipime.org\/pt-br\/wp-json\/wp\/v2\/pages"}],"about":[{"href":"https:\/\/mdipime.org\/pt-br\/wp-json\/wp\/v2\/types\/page"}],"author":[{"embeddable":true,"href":"https:\/\/mdipime.org\/pt-br\/wp-json\/wp\/v2\/users\/14"}],"replies":[{"embeddable":true,"href":"https:\/\/mdipime.org\/pt-br\/wp-json\/wp\/v2\/comments?post=15102"}],"version-history":[{"count":0,"href":"https:\/\/mdipime.org\/pt-br\/wp-json\/wp\/v2\/pages\/15102\/revisions"}],"wp:attachment":[{"href":"https:\/\/mdipime.org\/pt-br\/wp-json\/wp\/v2\/media?parent=15102"}],"curies":[{"name":"wp","href":"https:\/\/api.w.org\/{rel}","templated":true}]}}