{"id":23997,"date":"2019-08-09T10:07:47","date_gmt":"2019-08-09T08:07:47","guid":{"rendered":"https:\/\/www.mdipime.org\/?page_id=23997"},"modified":"2024-03-22T13:44:43","modified_gmt":"2024-03-22T12:44:43","slug":"missionarias-imacolada","status":"publish","type":"page","link":"https:\/\/mdipime.org\/pt-br\/missionarias-imacolada\/","title":{"rendered":"MdI"},"content":{"rendered":"<div class=\"wpb-content-wrapper\"><p>[vc_row text_color=&#8221;#ffffff&#8221; type=&#8221;color&#8221; bg_color=&#8221;#2c3e50&#8243; padding_top=&#8221;60&#8243; padding_bottom=&#8221;60&#8243;][vc_column][vc_custom_heading text=&#8221;Quem somos&#8221; font_container=&#8221;tag:h1|font_size:40px|text_align:left|color:%23ffffff|line_height:44px&#8221; google_fonts=&#8221;font_family:Shadows%20Into%20Light%20Two%3Aregular|font_style:400%20regular%3A400%3Anormal&#8221; link=&#8221;url:%2Fmissionarie-immacolata%2Fcosa-facciamo|||&#8221;][vc_row_inner][vc_column_inner width=&#8221;1\/3&#8243;][vc_column_text text_color=&#8221;#ffffff&#8221; el_class=&#8221;w-link&#8221;]Somos uma comunidade internacional de mulheres consagradas.<\/p>\n<p>Chamamo-nos Missionarias da Imaculada e nascemos na Igreja para continuar a miss\u00e3o de Cristo, para que todos conhe\u00e7am o amor imenso e misericordioso de Deus que \u00e9 nosso Pai.<\/p>\n<p>Por isso, com o mesmo esp\u00edrito mission\u00e1rio do <a href=\"https:\/\/pime.org\/index.php\/it\/\" target=\"_blank\" rel=\"noopener noreferrer\">Pontif\u00edcio Instituto para as miss\u00f5es estrangeirasPontificio Istituto Missioni Estere (PIME)<\/a> , nos dedicamos totalmente \u00e0 proclama\u00e7\u00e3o do Evangelho aos povos que ainda n\u00e3o o conhecem e aos contextos humanos mais necessitados.[\/vc_column_text][\/vc_column_inner][vc_column_inner width=&#8221;1\/3&#8243;][vc_column_text text_color=&#8221;#ffffff&#8221; el_class=&#8221;w-link&#8221;]<em>As fundadoras do nosso Instituto <\/em>s\u00e3o madre <a href=\"\/?page_id=8286\">Giuseppina Dones<\/a> e <a href=\"\/?page_id=8291\">Giuseppina Rodolfi<\/a>, que fascinadas pela grande paix\u00e3o mission\u00e1ria do PIME e, tocadas pela gra\u00e7a do Esp\u00edrito, iniciaram a nova Congrega\u00e7\u00e3o em Mil\u00e3o, no dia 8 de dezembro de 1936, festa da Imaculada Concei\u00e7\u00e3o.<\/p>\n<p>Grande inspira\u00e7\u00e3o veio da luminosa figura do Bem-aventurado <a href=\"\/?page_id=8295\">padre Paolo Manna<\/a>, PIME, <em>inspirador do nosso carisma mission\u00e1rio<\/em>; enquanto uma determinante ajuda para o estabelecimento e os primeiros passos da nova congrega\u00e7\u00e3o foram dados por\u00a0<a href=\"\/?page_id=8298\">Dom Lorenzo Maria Balconi<\/a>, PIME,\u00a0<em>nosso co-fundador<\/em>.[\/vc_column_text][\/vc_column_inner][vc_column_inner width=&#8221;1\/3&#8243;][vc_custom_heading text=&#8221;COMUNIDADES MDI NO MUNDO&#8221; font_container=&#8221;tag:h3|font_size:20px|text_align:center|color:%23ffffff|line_height:24px&#8221; use_theme_fonts=&#8221;yes&#8221; link=&#8221;url:%2Fpt-br%2Fmissionarias-imacolada%2Fcomunidades%2F|||&#8221;]<div  class=\"kleo-gap\" style=\"height:20px;line-height:20px;\"><\/div>[vc_single_image image=&#8221;8318&#8243; img_size=&#8221;full&#8221; onclick=&#8221;custom_link&#8221; link=&#8221;\/pt-br\/missionarias-imacolada\/comunidades\/&#8221;][\/vc_column_inner][\/vc_row_inner][\/vc_column][\/vc_row][vc_row padding_bottom=&#8221;0&#8243; overflow=&#8221;false&#8221;][vc_column width=&#8221;5\/6&#8243; offset=&#8221;vc_col-lg-offset-1 vc_col-lg-10 vc_col-md-offset-1 vc_col-md-10 vc_col-sm-offset-1 vc_col-xs-12&#8243;][vc_custom_heading text=&#8221;Uma Congrega\u00e7\u00e3o mission\u00e1ria no sentido mais vasto e mais alto da palavra&#8221; font_container=&#8221;tag:h2|font_size:40px|text_align:center|color:%23ff2e2a|line_height:44px&#8221; google_fonts=&#8221;font_family:Shadows%20Into%20Light%20Two%3Aregular|font_style:400%20regular%3A400%3Anormal&#8221;]<div  class=\"kleo-gap\" style=\"height:10px;line-height:10px;\"><\/div>[vc_column_text font_size=&#8221;30px&#8221; line_height=&#8221;36px&#8221;]<\/p>\n<p style=\"text-align: center;\">Seguir o Senhor Jesus na sua prega\u00e7\u00e3o incans\u00e1vel do Reino de Deus \u00e9 o desejo que o Esp\u00edrito Santo suscita em n\u00f3s e nos torna mission\u00e1rias <strong><em>ad gentes<\/em><\/strong>, <strong><em>ad extra<\/em><\/strong> e <strong><em>ad vitam <\/em><\/strong>at\u00e9 os extremos confins da terra.<\/p>\n<p>[\/vc_column_text][vc_row_inner][vc_column_inner width=&#8221;1\/3&#8243;][vc_column_text]Enviadas <em><strong>ad gentes<\/strong><\/em>, nossa prioridade \u00e9 o an\u00fancio do Evangelho aos povos e grupos humanos que n\u00e3o conhecem Jesus Cristo.[\/vc_column_text][\/vc_column_inner][vc_column_inner width=&#8221;1\/3&#8243;][vc_column_text]Enviadas <strong><em>ad extra<\/em><\/strong>, sa\u00edmos do nosso Pa\u00eds, como sinal da universalidade do amor de Deus e profecia de comunh\u00e3o entre os povos.[\/vc_column_text][\/vc_column_inner][vc_column_inner width=&#8221;1\/3&#8243;][vc_column_text]Enviadas <strong><em>ad vitam<\/em><\/strong>, colocamos toda a nossa vida a servi\u00e7o de Deus e da miss\u00e3o.[\/vc_column_text][\/vc_column_inner][\/vc_row_inner][\/vc_column][\/vc_row][vc_row text_align=&#8221;center&#8221; padding_top=&#8221;100&#8243; padding_bottom=&#8221;0&#8243; overflow=&#8221;false&#8221;][vc_column][vc_custom_heading text=&#8221;Nossos Fundadores&#8221; font_container=&#8221;tag:h2|font_size:40px|text_align:center|color:%23ff2e2a|line_height:44px&#8221; google_fonts=&#8221;font_family:Shadows%20Into%20Light%20Two%3Aregular|font_style:400%20regular%3A400%3Anormal&#8221;]<div  class=\"kleo-gap\" style=\"height:20px;line-height:20px;\"><\/div>[vc_row_inner][vc_column_inner width=&#8221;1\/4&#8243;][vc_single_image image=&#8221;8322&#8243; img_size=&#8221;full&#8221; alignment=&#8221;center&#8221; onclick=&#8221;custom_link&#8221; animation=&#8221;animate-when-visible&#8221; css_animation=&#8221;bottom-to-top&#8221; link=&#8221;\/missionarie-immacolata\/storia\/madre-giuseppina-dones\/&#8221;][vc_column_text font_size=&#8221;20px&#8221; line_height=&#8221;24px&#8221; el_class=&#8221;mgb0&#8243;]<a href=\"\/?page_id=8286\"><strong>Madre Dones<\/strong><\/a>[\/vc_column_text][vc_column_text el_class=&#8221;mgt0&#8243;]Fundadora[\/vc_column_text][\/vc_column_inner][vc_column_inner width=&#8221;1\/4&#8243;][vc_single_image image=&#8221;8326&#8243; img_size=&#8221;full&#8221; alignment=&#8221;center&#8221; onclick=&#8221;custom_link&#8221; animation=&#8221;animate-when-visible&#8221; css_animation=&#8221;bottom-to-top&#8221; link=&#8221;\/missionarie-immacolata\/storia\/giuseppina-rodolfi\/&#8221;][vc_column_text font_size=&#8221;20px&#8221; line_height=&#8221;24px&#8221; el_class=&#8221;mgb0&#8243;]<a href=\"\/?page_id=8291\"><strong>Madre Igilda<\/strong><\/a>[\/vc_column_text][vc_column_text el_class=&#8221;mgt0&#8243;]Fundadora[\/vc_column_text][\/vc_column_inner][vc_column_inner width=&#8221;1\/4&#8243;][vc_single_image image=&#8221;8330&#8243; img_size=&#8221;full&#8221; alignment=&#8221;center&#8221; onclick=&#8221;custom_link&#8221; animation=&#8221;animate-when-visible&#8221; css_animation=&#8221;bottom-to-top&#8221; link=&#8221;\/missionarie-immacolata\/storia\/beato-paolo-manna\/&#8221;][vc_column_text font_size=&#8221;20px&#8221; line_height=&#8221;24px&#8221; el_class=&#8221;mgb0&#8243;]<a href=\"\/?page_id=8295\"><strong>Padre Paolo Manna<\/strong><\/a>[\/vc_column_text][vc_column_text el_class=&#8221;mgt0&#8243;]Inspirador do carisma[\/vc_column_text][\/vc_column_inner][vc_column_inner width=&#8221;1\/4&#8243;][vc_single_image image=&#8221;8333&#8243; img_size=&#8221;full&#8221; alignment=&#8221;center&#8221; onclick=&#8221;custom_link&#8221; animation=&#8221;animate-when-visible&#8221; css_animation=&#8221;bottom-to-top&#8221; link=&#8221;\/missionarie-immacolata\/storia\/mons-lorenzo-maria-balconi\/&#8221;][vc_column_text font_size=&#8221;20px&#8221; line_height=&#8221;24px&#8221; el_class=&#8221;mgb0&#8243;]<a href=\"\/?page_id=8298\"><strong>Dom\u00a0Lorenzo M. Balconi<\/strong><\/a>[\/vc_column_text][vc_column_text el_class=&#8221;mgt0&#8243;]Co-Fundador[\/vc_column_text][\/vc_column_inner][\/vc_row_inner][\/vc_column][\/vc_row][vc_row][vc_column width=&#8221;1\/4&#8243;][vc_custom_heading text=&#8221;UMA DATA&#8221; font_container=&#8221;tag:h3|font_size:30px|text_align:center|color:%23ff2e2a|line_height:36px&#8221; google_fonts=&#8221;font_family:Shadows%20Into%20Light%20Two%3Aregular|font_style:400%20regular%3A400%3Anormal&#8221;][vc_column_text font_size=&#8221;30px&#8221; line_height=&#8221;36px&#8221; font_weight=&#8221;bold&#8221; el_class=&#8221;mgb0&#8243;]<\/p>\n<p style=\"text-align: center;\">8 de Dizembro<\/p>\n<p>[\/vc_column_text][vc_column_text font_size=&#8221;50px&#8221; line_height=&#8221;50px&#8221; font_weight=&#8221;bold&#8221; el_class=&#8221;mgt0&#8243;]<\/p>\n<p style=\"text-align: center;\">1936<\/p>\n<p>[\/vc_column_text][\/vc_column][vc_column width=&#8221;1\/4&#8243;][vc_custom_heading text=&#8221;UM LUGAR&#8221; font_container=&#8221;tag:h3|font_size:30px|text_align:center|color:%23ff2e2a|line_height:36px&#8221; google_fonts=&#8221;font_family:Shadows%20Into%20Light%20Two%3Aregular|font_style:400%20regular%3A400%3Anormal&#8221;][vc_column_text font_size=&#8221;50px&#8221; line_height=&#8221;50px&#8221; el_class=&#8221;mgb0&#8243;]<\/p>\n<p style=\"text-align: center;\">Mil\u00e3o<\/p>\n<p>[\/vc_column_text][vc_column_text font_size=&#8221;40px&#8221; line_height=&#8221;44px&#8221; el_class=&#8221;mg0&#8243;]<\/p>\n<p style=\"text-align: center;\">n. 15 de\u00a0rua<\/p>\n<p>[\/vc_column_text][vc_column_text font_size=&#8221;30px&#8221; line_height=&#8221;36px&#8221; el_class=&#8221;mgt0&#8243;]<\/p>\n<p style=\"text-align: center;\">Cesare Melloni<\/p>\n<p>[\/vc_column_text][\/vc_column][vc_column width=&#8221;1\/2&#8243;][vc_custom_heading text=&#8221;UM PEQUENO COME\u00c7O&#8221; font_container=&#8221;tag:h3|font_size:30px|text_align:left|color:%23ff2e2a|line_height:36px&#8221; google_fonts=&#8221;font_family:Shadows%20Into%20Light%20Two%3Aregular|font_style:400%20regular%3A400%3Anormal&#8221;][vc_column_text]Duas\u00a0mulheres, ir<span style=\"font-size: 18pt;\">. Giuseppina Dones<\/span> e a jovem\u00a0<span style=\"font-size: 18pt;\">Giuseppina Rodolfi<\/span>, come\u00e7am\u00a0na igreja\u00a0uma nova fam\u00edlia religiosa mission\u00e1ria com uma ora\u00e7\u00e3o simples de consagra\u00e7\u00e3o a Deus para\u00a0a miss\u00e3o, entregando-se nas m\u00e3os de Maria Imaculata.[\/vc_column_text][\/vc_column][\/vc_row][vc_row][vc_column width=&#8221;1\/2&#8243; css=&#8221;.vc_custom_1498582283456{padding-right: 20% !important;padding-left: 20% !important;}&#8221;][vc_column_text font_weight=&#8221;bold&#8221; el_class=&#8221;sac-btn&#8221;]<\/p>\n<p style=\"font-size: 20px; line-height: 26px; text-align: center; margin: 0;\"><span style=\"font-family: 'Shadows Into Light Two', cursive;\"><a href=\"\/?page_id=8714\">Hist\u00f3ria da Funda\u00e7\u00e3o<\/a><\/span><\/p>\n<p>[\/vc_column_text][\/vc_column][vc_column width=&#8221;1\/2&#8243; css=&#8221;.vc_custom_1498582520071{padding-right: 20% !important;padding-left: 20% !important;}&#8221;][vc_column_text font_weight=&#8221;bold&#8221; el_class=&#8221;sac-btn&#8221;]<\/p>\n<p style=\"font-size: 20px; line-height: 26px; text-align: center; margin: 0;\"><span style=\"font-family: 'Shadows Into Light Two', cursive;\"><a href=\"\/?page_id=8877\">A\u00a0hist\u00f3ria continua:<br \/>\ndatas importantes<\/a><\/span><\/p>\n<p>[\/vc_column_text][\/vc_column][\/vc_row][vc_row equal_height=&#8221;yes&#8221; padding_bottom=&#8221;100&#8243;][vc_column width=&#8221;1\/2&#8243;][vc_custom_heading text=&#8221;Espiritualidade&#8221; font_container=&#8221;tag:h2|font_size:40px|text_align:center|color:%23ff2e2a|line_height:44px&#8221; google_fonts=&#8221;font_family:Shadows%20Into%20Light%20Two%3Aregular|font_style:400%20regular%3A400%3Anormal&#8221;][vc_column_text]A gra\u00e7a que recebemos de Deus, o nosso carisma na Igreja, \u00e9 a <em>viva paix\u00e3o de anunciar o Reino de <\/em>Deus<em> a todos os povos<\/em>.<\/p>\n<p>Acreditamos ter recebido de Deus o dom e a tarefa de colocarmo-nos totalmente a servi\u00e7o da miss\u00e3o de fazer chegar, com as palavras e as obras, a Boa Not\u00edcia do Senhor Jesus a todos, sobretudo a quem ainda n\u00e3o a conhece e a quem mais necessita que algu\u00e9m se \u201ctorne pr\u00f3ximo\u201d, porque Deus \u00e9 nosso Pai.<\/p>\n<p>Pertencemos a uma fam\u00edlia que desde sempre compreendeu a si mesma como <em>uma Congrega\u00e7\u00e3o mission\u00e1ria no sentido mais vasto e mais alto da palavra<\/em>. Assim quiseram as fundadoras, deixando-se tocar pelas palavras inspiradas do <a href=\"\/?page_id=8869\">Pe. Paolo Manna<\/a>.<\/p>\n<p>A nossa \u00edcone evang\u00e9lica \u00e9 Jesus o enviado, o mission\u00e1rio, o Ap\u00f3stolo do Pai. Ele se apresenta a n\u00f3s no semblante de um bom Semeador e nos interpela como Semente que se deixa colocar na terra&#8230;[\/vc_column_text]<div class=\"text-right\"><a class=\"btn sac-btn no-border-radius btn-link btn-lg\" href=\"\/pt-br\/missionarie-immacolata\/spiritualita\/\" style=\"border: none !important;\">Leia mais...<\/a><\/div>[\/vc_column][vc_column width=&#8221;1\/2&#8243;][vc_custom_heading text=&#8221;O que fazemos&#8221; font_container=&#8221;tag:h2|font_size:40px|text_align:center|color:%23ff2e2a|line_height:44px&#8221; google_fonts=&#8221;font_family:Shadows%20Into%20Light%20Two%3Aregular|font_style:400%20regular%3A400%3Anormal&#8221;][vc_column_text]Nossa tarefa e dom \u00e9 colocarmo-nos a servi\u00e7o do crescimento do Reino de amor, paz e justi\u00e7a inaugurados pelo Senhor Jesus para toda a humanidade, dando prioridade \u00e0queles povos e contextos onde \u00e9 mais necess\u00e1rio o primeiro an\u00fancio do Evangelho.<\/p>\n<p>Como o fazemos concretamente? Procuramos responder \u00e0s necessidades da vida, da sa\u00fade, da instru\u00e7\u00e3o, da dignidade, e \u00e0s quest\u00f5es sobre o sentido da pr\u00f3pria exist\u00eancia, do amor&#8230; que sobem da humanidade que encontramos.<\/p>\n<p>Nos dedicamos ao an\u00fancio do evangelho nas cidades e nos vilarejos, atrav\u00e9s da a\u00e7\u00e3o pastoral, da catequese, da anima\u00e7\u00e3o mission\u00e1ria&#8230;[\/vc_column_text]<div class=\"text-right\"><a class=\"btn sac-btn no-border-radius btn-link btn-lg\" href=\"\/pt-br\/missionarie-immacolata\/cosa-facciamo\/\" style=\"border: none !important;\">Leia mais...<\/a><\/div>[\/vc_column][\/vc_row]<\/p>\n<\/div>","protected":false},"excerpt":{"rendered":"<p>[vc_row text_color=&#8221;#ffffff&#8221; type=&#8221;color&#8221; bg_color=&#8221;#2c3e50&#8243; padding_top=&#8221;60&#8243; padding_bottom=&#8221;60&#8243;][vc_column][vc_custom_heading text=&#8221;Quem somos&#8221; font_container=&#8221;tag:h1|font_size:40px|text_align:left|color:%23ffffff|line_height:44px&#8221; google_fonts=&#8221;font_family:Shadows%20Into%20Light%20Two%3Aregular|font_style:400%20regular%3A400%3Anormal&#8221; link=&#8221;url:%2Fmissionarie-immacolata%2Fcosa-facciamo|||&#8221;][vc_row_inner][vc_column_inner width=&#8221;1\/3&#8243;][vc_column_text text_color=&#8221;#ffffff&#8221; el_class=&#8221;w-link&#8221;]Somos uma comunidade internacional de mulheres consagradas. Chamamo-nos Missionarias da Imaculada e nascemos na Igreja para continuar a miss\u00e3o de Cristo, para que todos conhe\u00e7am o amor imenso e misericordioso de Deus que \u00e9 nosso Pai. Por isso, com o mesmo esp\u00edrito mission\u00e1rio do Pontif\u00edcio Instituto para as miss\u00f5es estrangeirasPontificio Istituto Missioni Estere (PIME) , nos dedicamos totalmente \u00e0 proclama\u00e7\u00e3o do Evangelho aos povos que ainda n\u00e3o o conhecem e aos contextos humanos mais necessitados.[\/vc_column_text][\/vc_column_inner][vc_column_inner width=&#8221;1\/3&#8243;][vc_column_text text_color=&#8221;#ffffff&#8221; el_class=&#8221;w-link&#8221;]As fundadoras do nosso Instituto s\u00e3o madre Giuseppina Dones e Giuseppina Rodolfi, que fascinadas pela grande paix\u00e3o mission\u00e1ria do PIME e, tocadas pela gra\u00e7a do Esp\u00edrito, iniciaram a nova Congrega\u00e7\u00e3o em Mil\u00e3o, no dia 8 de dezembro de 1936, festa da Imaculada Concei\u00e7\u00e3o. Grande inspira\u00e7\u00e3o veio da luminosa figura do Bem-aventurado padre Paolo Manna, PIME, inspirador do nosso carisma mission\u00e1rio; enquanto uma determinante ajuda para o estabelecimento e os primeiros passos da nova congrega\u00e7\u00e3o foram dados por\u00a0Dom Lorenzo Maria Balconi, PIME,\u00a0nosso co-fundador.[\/vc_column_text][\/vc_column_inner][vc_column_inner width=&#8221;1\/3&#8243;][vc_custom_heading text=&#8221;COMUNIDADES MDI NO MUNDO&#8221; font_container=&#8221;tag:h3|font_size:20px|text_align:center|color:%23ffffff|line_height:24px&#8221; use_theme_fonts=&#8221;yes&#8221; link=&#8221;url:%2Fpt-br%2Fmissionarias-imacolada%2Fcomunidades%2F|||&#8221;][vc_single_image image=&#8221;8318&#8243; img_size=&#8221;full&#8221; onclick=&#8221;custom_link&#8221; link=&#8221;\/pt-br\/missionarias-imacolada\/comunidades\/&#8221;][\/vc_column_inner][\/vc_row_inner][\/vc_column][\/vc_row][vc_row padding_bottom=&#8221;0&#8243; overflow=&#8221;false&#8221;][vc_column width=&#8221;5\/6&#8243; offset=&#8221;vc_col-lg-offset-1 vc_col-lg-10 vc_col-md-offset-1 vc_col-md-10 vc_col-sm-offset-1 vc_col-xs-12&#8243;][vc_custom_heading text=&#8221;Uma Congrega\u00e7\u00e3o mission\u00e1ria no sentido mais vasto e mais alto da palavra&#8221; font_container=&#8221;tag:h2|font_size:40px|text_align:center|color:%23ff2e2a|line_height:44px&#8221; google_fonts=&#8221;font_family:Shadows%20Into%20Light%20Two%3Aregular|font_style:400%20regular%3A400%3Anormal&#8221;][vc_column_text font_size=&#8221;30px&#8221; line_height=&#8221;36px&#8221;] Seguir o Senhor Jesus na sua prega\u00e7\u00e3o incans\u00e1vel do Reino de Deus \u00e9 o desejo que o Esp\u00edrito Santo suscita em n\u00f3s e nos torna mission\u00e1rias ad gentes, ad extra e ad vitam at\u00e9 os extremos confins da terra. [\/vc_column_text][vc_row_inner][vc_column_inner width=&#8221;1\/3&#8243;][vc_column_text]Enviadas ad gentes, nossa prioridade \u00e9 o an\u00fancio do Evangelho aos povos e grupos humanos que n\u00e3o conhecem Jesus Cristo.[\/vc_column_text][\/vc_column_inner][vc_column_inner width=&#8221;1\/3&#8243;][vc_column_text]Enviadas ad extra, sa\u00edmos do nosso Pa\u00eds, como sinal da universalidade do amor de Deus e profecia de comunh\u00e3o entre os povos.[\/vc_column_text][\/vc_column_inner][vc_column_inner width=&#8221;1\/3&#8243;][vc_column_text]Enviadas ad vitam, colocamos toda a nossa vida a servi\u00e7o de Deus e da miss\u00e3o.[\/vc_column_text][\/vc_column_inner][\/vc_row_inner][\/vc_column][\/vc_row][vc_row text_align=&#8221;center&#8221; padding_top=&#8221;100&#8243; padding_bottom=&#8221;0&#8243; overflow=&#8221;false&#8221;][vc_column][vc_custom_heading text=&#8221;Nossos Fundadores&#8221; font_container=&#8221;tag:h2|font_size:40px|text_align:center|color:%23ff2e2a|line_height:44px&#8221; google_fonts=&#8221;font_family:Shadows%20Into%20Light%20Two%3Aregular|font_style:400%20regular%3A400%3Anormal&#8221;][vc_row_inner][vc_column_inner width=&#8221;1\/4&#8243;][vc_single_image image=&#8221;8322&#8243; img_size=&#8221;full&#8221; alignment=&#8221;center&#8221; onclick=&#8221;custom_link&#8221; animation=&#8221;animate-when-visible&#8221; css_animation=&#8221;bottom-to-top&#8221; link=&#8221;\/missionarie-immacolata\/storia\/madre-giuseppina-dones\/&#8221;][vc_column_text font_size=&#8221;20px&#8221; line_height=&#8221;24px&#8221; el_class=&#8221;mgb0&#8243;]Madre Dones[\/vc_column_text][vc_column_text el_class=&#8221;mgt0&#8243;]Fundadora[\/vc_column_text][\/vc_column_inner][vc_column_inner width=&#8221;1\/4&#8243;][vc_single_image image=&#8221;8326&#8243; img_size=&#8221;full&#8221; alignment=&#8221;center&#8221; onclick=&#8221;custom_link&#8221; animation=&#8221;animate-when-visible&#8221; css_animation=&#8221;bottom-to-top&#8221; link=&#8221;\/missionarie-immacolata\/storia\/giuseppina-rodolfi\/&#8221;][vc_column_text font_size=&#8221;20px&#8221; line_height=&#8221;24px&#8221; el_class=&#8221;mgb0&#8243;]Madre Igilda[\/vc_column_text][vc_column_text el_class=&#8221;mgt0&#8243;]Fundadora[\/vc_column_text][\/vc_column_inner][vc_column_inner width=&#8221;1\/4&#8243;][vc_single_image image=&#8221;8330&#8243; img_size=&#8221;full&#8221; alignment=&#8221;center&#8221; onclick=&#8221;custom_link&#8221; animation=&#8221;animate-when-visible&#8221; css_animation=&#8221;bottom-to-top&#8221; link=&#8221;\/missionarie-immacolata\/storia\/beato-paolo-manna\/&#8221;][vc_column_text font_size=&#8221;20px&#8221; line_height=&#8221;24px&#8221; el_class=&#8221;mgb0&#8243;]Padre Paolo Manna[\/vc_column_text][vc_column_text el_class=&#8221;mgt0&#8243;]Inspirador do carisma[\/vc_column_text][\/vc_column_inner][vc_column_inner width=&#8221;1\/4&#8243;][vc_single_image image=&#8221;8333&#8243; img_size=&#8221;full&#8221; alignment=&#8221;center&#8221; onclick=&#8221;custom_link&#8221; animation=&#8221;animate-when-visible&#8221; css_animation=&#8221;bottom-to-top&#8221; link=&#8221;\/missionarie-immacolata\/storia\/mons-lorenzo-maria-balconi\/&#8221;][vc_column_text font_size=&#8221;20px&#8221; line_height=&#8221;24px&#8221; el_class=&#8221;mgb0&#8243;]Dom\u00a0Lorenzo M. Balconi[\/vc_column_text][vc_column_text el_class=&#8221;mgt0&#8243;]Co-Fundador[\/vc_column_text][\/vc_column_inner][\/vc_row_inner][\/vc_column][\/vc_row][vc_row][vc_column width=&#8221;1\/4&#8243;][vc_custom_heading text=&#8221;UMA DATA&#8221; font_container=&#8221;tag:h3|font_size:30px|text_align:center|color:%23ff2e2a|line_height:36px&#8221; google_fonts=&#8221;font_family:Shadows%20Into%20Light%20Two%3Aregular|font_style:400%20regular%3A400%3Anormal&#8221;][vc_column_text font_size=&#8221;30px&#8221; line_height=&#8221;36px&#8221; font_weight=&#8221;bold&#8221; el_class=&#8221;mgb0&#8243;] 8 de Dizembro [\/vc_column_text][vc_column_text font_size=&#8221;50px&#8221; line_height=&#8221;50px&#8221; font_weight=&#8221;bold&#8221; el_class=&#8221;mgt0&#8243;] 1936 [\/vc_column_text][\/vc_column][vc_column width=&#8221;1\/4&#8243;][vc_custom_heading text=&#8221;UM LUGAR&#8221; font_container=&#8221;tag:h3|font_size:30px|text_align:center|color:%23ff2e2a|line_height:36px&#8221; google_fonts=&#8221;font_family:Shadows%20Into%20Light%20Two%3Aregular|font_style:400%20regular%3A400%3Anormal&#8221;][vc_column_text font_size=&#8221;50px&#8221; line_height=&#8221;50px&#8221; el_class=&#8221;mgb0&#8243;] Mil\u00e3o [\/vc_column_text][vc_column_text font_size=&#8221;40px&#8221; line_height=&#8221;44px&#8221; el_class=&#8221;mg0&#8243;] n. 15 de\u00a0rua [\/vc_column_text][vc_column_text font_size=&#8221;30px&#8221; line_height=&#8221;36px&#8221; el_class=&#8221;mgt0&#8243;] Cesare Melloni [\/vc_column_text][\/vc_column][vc_column width=&#8221;1\/2&#8243;][vc_custom_heading text=&#8221;UM PEQUENO COME\u00c7O&#8221; font_container=&#8221;tag:h3|font_size:30px|text_align:left|color:%23ff2e2a|line_height:36px&#8221; google_fonts=&#8221;font_family:Shadows%20Into%20Light%20Two%3Aregular|font_style:400%20regular%3A400%3Anormal&#8221;][vc_column_text]Duas\u00a0mulheres, ir. Giuseppina Dones e a jovem\u00a0Giuseppina Rodolfi, come\u00e7am\u00a0na igreja\u00a0uma nova fam\u00edlia religiosa mission\u00e1ria com uma ora\u00e7\u00e3o simples de consagra\u00e7\u00e3o a Deus para\u00a0a miss\u00e3o, entregando-se nas m\u00e3os de Maria Imaculata.[\/vc_column_text][\/vc_column][\/vc_row][vc_row][vc_column width=&#8221;1\/2&#8243; css=&#8221;.vc_custom_1498582283456{padding-right: 20% !important;padding-left: 20% !important;}&#8221;][vc_column_text font_weight=&#8221;bold&#8221; el_class=&#8221;sac-btn&#8221;] Hist\u00f3ria da Funda\u00e7\u00e3o [\/vc_column_text][\/vc_column][vc_column width=&#8221;1\/2&#8243; css=&#8221;.vc_custom_1498582520071{padding-right: 20% !important;padding-left: 20% !important;}&#8221;][vc_column_text font_weight=&#8221;bold&#8221; el_class=&#8221;sac-btn&#8221;] A\u00a0hist\u00f3ria continua: datas importantes [\/vc_column_text][\/vc_column][\/vc_row][vc_row equal_height=&#8221;yes&#8221; padding_bottom=&#8221;100&#8243;][vc_column width=&#8221;1\/2&#8243;][vc_custom_heading text=&#8221;Espiritualidade&#8221; font_container=&#8221;tag:h2|font_size:40px|text_align:center|color:%23ff2e2a|line_height:44px&#8221; google_fonts=&#8221;font_family:Shadows%20Into%20Light%20Two%3Aregular|font_style:400%20regular%3A400%3Anormal&#8221;][vc_column_text]A gra\u00e7a que recebemos de Deus, o nosso carisma na Igreja, \u00e9 a viva paix\u00e3o de anunciar o Reino de Deus a todos [&hellip;]<\/p>\n","protected":false},"author":14,"featured_media":0,"parent":0,"menu_order":0,"comment_status":"closed","ping_status":"closed","template":"page-templates\/full-width.php","meta":{"_acf_changed":false,"footnotes":""},"class_list":["post-23997","page","type-page","status-publish","hentry"],"acf":[],"aioseo_notices":[],"jetpack_sharing_enabled":true,"_links":{"self":[{"href":"https:\/\/mdipime.org\/pt-br\/wp-json\/wp\/v2\/pages\/23997","targetHints":{"allow":["GET"]}}],"collection":[{"href":"https:\/\/mdipime.org\/pt-br\/wp-json\/wp\/v2\/pages"}],"about":[{"href":"https:\/\/mdipime.org\/pt-br\/wp-json\/wp\/v2\/types\/page"}],"author":[{"embeddable":true,"href":"https:\/\/mdipime.org\/pt-br\/wp-json\/wp\/v2\/users\/14"}],"replies":[{"embeddable":true,"href":"https:\/\/mdipime.org\/pt-br\/wp-json\/wp\/v2\/comments?post=23997"}],"version-history":[{"count":0,"href":"https:\/\/mdipime.org\/pt-br\/wp-json\/wp\/v2\/pages\/23997\/revisions"}],"wp:attachment":[{"href":"https:\/\/mdipime.org\/pt-br\/wp-json\/wp\/v2\/media?parent=23997"}],"curies":[{"name":"wp","href":"https:\/\/api.w.org\/{rel}","templated":true}]}}