{"id":31227,"date":"2020-04-16T04:23:15","date_gmt":"2020-04-16T02:23:15","guid":{"rendered":"https:\/\/www.mdipime.org\/di-generazione-in-generazione\/"},"modified":"2024-02-22T17:44:54","modified_gmt":"2024-02-22T16:44:54","slug":"di-generazione-in-generazione","status":"publish","type":"page","link":"https:\/\/mdipime.org\/pt-br\/di-generazione-in-generazione\/","title":{"rendered":"Di generazione in generazione"},"content":{"rendered":"<div class=\"wpb-content-wrapper\"><p>[vc_row padding_bottom=&#8221;&#8221;][vc_column]\n\t\t\t<!-- START di gen in gen REVOLUTION SLIDER 6.7.38 --><p class=\"rs-p-wp-fix\"><\/p>\n\t\t\t<rs-module-wrap id=\"rev_slider_10_1_wrapper\" data-source=\"gallery\" style=\"visibility:hidden;background:transparent;padding:0;margin:0px auto;margin-top:0;margin-bottom:0;\">\n\t\t\t\t<rs-module id=\"rev_slider_10_1\" style=\"\" data-version=\"6.7.38\">\n\t\t\t\t\t<rs-slides style=\"overflow: hidden; position: absolute;\">\n\t\t\t\t\t\t<rs-slide style=\"position: absolute;\" data-key=\"rs-86\" data-title=\"Slide\" data-anim=\"ms:1000;r:0;\" data-in=\"o:0;\" data-out=\"a:false;\">\n\t\t\t\t\t\t\t<img decoding=\"async\" src=\"\/\/mdipime.org\/wp-content\/plugins\/revslider\/sr6\/assets\/assets\/dummy.png\" alt=\"\" title=\"di-gen-in-gen-pt\" width=\"1340\" height=\"270\" class=\"rev-slidebg tp-rs-img rs-lazyload\" data-lazyload=\"\/\/www.mdipime.org\/wp-content\/uploads\/2020\/04\/di-gen-in-gen-pt.jpg\" data-no-retina>\n<!---->\t\t\t\t\t<\/rs-slide>\n\t\t\t\t\t<\/rs-slides>\n\t\t\t\t\t<rs-static-layers><!--\n\t\t\t\t\t--><\/rs-static-layers>\n\t\t\t\t<\/rs-module>\n\t\t\t\t<script data-jetpack-boost=\"ignore\">\n\t\t\t\t\tsetREVStartSize({c: 'rev_slider_10_1',rl:[1240,1024,778,480],el:[270],gw:[1340],gh:[270],type:'standard',justify:'',layout:'fullwidth',mh:\"0\"});if (window.RS_MODULES!==undefined && window.RS_MODULES.modules!==undefined && window.RS_MODULES.modules[\"revslider101\"]!==undefined) {window.RS_MODULES.modules[\"revslider101\"].once = false;window.revapi10 = undefined;if (window.RS_MODULES.checkMinimal!==undefined) window.RS_MODULES.checkMinimal()}\n\t\t\t\t<\/script>\n\t\t\t<\/rs-module-wrap>\n\t\t\t<!-- END REVOLUTION SLIDER -->\n[\/vc_column][\/vc_row][vc_row type=&#8221;image&#8221; padding_bottom=&#8221;0&#8243; bg_image=&#8221;28906&#8243;][vc_column width=&#8221;1\/6&#8243;][\/vc_column][vc_column width=&#8221;2\/3&#8243;]\n\t<div class=\"kleo-carousel-container  kleo-carousel-style-overlay\">\n\t\t<div class=\"kleo-carousel-items kleo-carousel-post\" data-min-items=\"1\" data-max-items=\"2\">\n\t\t\t<ul class=\"kleo-carousel\">\n\n\t\t\t\t\n<li id=\"post-34206\" class=\"post-item col-sm-4 post-34206 post type-post status-publish format-standard has-post-thumbnail hentry category-geracoes category-vida-missionaria tag-brasil\">\n    <article>\n\n\t\t<div class=\"post-image\"><a href=\"https:\/\/mdipime.org\/pt-br\/vida-missionaria\/missao-nao-e-fazer-mas-ser\/\" class=\"element-wrap\"><img decoding=\"async\" width=\"381\" height=\"270\" src=\"https:\/\/mdipime.org\/wp-content\/uploads\/2020\/12\/canoas.jpg\" class=\"attachment-kleo-post-gallery size-kleo-post-gallery wp-post-image\" alt=\"canoas\" srcset=\"https:\/\/mdipime.org\/wp-content\/uploads\/2020\/12\/canoas.jpg 1016w, https:\/\/mdipime.org\/wp-content\/uploads\/2020\/12\/canoas-300x213.jpg 300w, https:\/\/mdipime.org\/wp-content\/uploads\/2020\/12\/canoas-768x544.jpg 768w, https:\/\/mdipime.org\/wp-content\/uploads\/2020\/12\/canoas-672x476.jpg 672w\" sizes=\"(max-width: 381px) 100vw, 381px\" \/><span class=\"hover-element\"><i>+<\/i><\/span><\/a><\/div><!--end post-image-->\n        <div class=\"entry-content\">\n            <h4 class=\"post-title entry-title\"><a href=\"https:\/\/mdipime.org\/pt-br\/vida-missionaria\/missao-nao-e-fazer-mas-ser\/\">Miss\u00e3o: n\u00e3o \u00e9 fazer, mas SER<\/a><\/h4>\n\n            <span class=\"post-meta hidden hide\">\n                <small><a href=\"https:\/\/mdipime.org\/pt-br\/vida-missionaria\/missao-nao-e-fazer-mas-ser\/\" rel=\"bookmark\" class=\"post-time\"><time class=\"entry-date\" datetime=\"2020-12-22T16:04:33+01:00\">22\/12\/2020<\/time><time class=\"modify-date hide hidden updated\" datetime=\"2020-12-22T16:04:33+01:00\">22\/12\/2020<\/time><\/a><\/small>, <small class=\"meta-category\"><a href=\"https:\/\/mdipime.org\/pt-br\/categoria\/vida-missionaria\/geracoes\/\" rel=\"category tag\">Gera\u00e7\u00f5es<\/a>, <a href=\"https:\/\/mdipime.org\/pt-br\/categoria\/vida-missionaria\/\" rel=\"category tag\">Vida mission\u00e1ria<\/a>, <a href=\"https:\/\/mdipime.org\/pt-br\/tag\/brasil\/\" rel=\"tag\">Brasil<\/a><\/small>            <\/span>\n\n\t\t\t                <hr>\n                <div class=\"entry-summary\">\n\t\t\t\t\t<p>Deus me presenteou com a oportunidade de viver intensamente por 42 anos minha voca\u00e7\u00e3o missionaria, entre os ind\u00edgenas, caboclos e ribeirinhos. Trabalhei com os ind\u00edgenas \u201cSater\u00e9 Mau\u00e9 e com os Mundurukus e por longos anos com os povos Ribeirinhos. Minha primeira experi\u00eancia no Amazonas foi baseada na cria\u00e7\u00e3o de Comunidades de Base, principalmente nas comunidades Ribeirinhas, preparando l...<\/p>                <\/div><!-- .entry-summary -->\n\t\t\t        <\/div><!--end post-info-->\n\n    <\/article>\n<\/li>\n\t\t\t<\/ul>\n\t\t<\/div>\n\t\t<div class=\"carousel-arrow\">\n\t\t\t<a class=\"carousel-prev\" href=\"#\"><i class=\"icon-angle-left\"><\/i><\/a>\n\t\t\t<a class=\"carousel-next\" href=\"#\"><i class=\"icon-angle-right\"><\/i><\/a>\n\t\t<\/div>\n\t\t<div class=\"kleo-carousel-post-pager carousel-pager\"><\/div>\n\t<\/div><!--end carousel-container-->\n\n[\/vc_column][vc_column width=&#8221;1\/6&#8243;][\/vc_column][\/vc_row][vc_row type=&#8221;image&#8221;][vc_column][vc_column_text lead=&#8221;yes&#8221; font_size=&#8221;1.2em&#8221; line_height=&#8221;1.4em&#8221; responsive_font=&#8221;yes&#8221;]<\/p>\n<p style=\"text-align: justify;\"><strong>Due donne s\u2019incontrano. Due generazioni si salutano<\/strong>, Elisabetta di \u201cet\u00e0 anziana\u201d e Miriam, una giovane vergine promessa sposa di un piccolo villaggio della Galilea. Due mondi, il centro e la periferia, si accolgono reciprocamente: l\u2019ambiente culturale-religioso della Giudea, legato al tempio di Gerusalemme, da una parte, e il ritmo campestre della Galilea, con la sua religiosit\u00e0 popolare familiare, domestica, dall&#8217;altra. Due ventri si toccano, e dentro essi, la vita sussulta: due attese diverse, due esperienze di vita completamente diverse, illuminate dalla sorprendente grazia di Dio, si ritrovano in un\u2019intesa profonda, in cui una \u00e8 segno e conferma al cammino dell\u2019altra.<br \/>\n<strong>E la sorpresa esplode in una benedizione<\/strong> a gran voce, che ancor oggi ripetiamo, dando alla giovane Miriam la consapevolezza che <strong>l\u2019annuncio udito<\/strong>, la disponibilit\u00e0 pronunciata in un soffio, <strong>aveva davvero dato carne all&#8217;impossibile<\/strong>.<\/p>\n<p style=\"text-align: justify;\">La missione abbracciata dalle MdI nel mondo ha il volto, la storia riconciliata e gli anni colmi di sapienza di Elisabetta, come pure i passi bisognosi di conferme, fiduciosi e colmi di attesa di Miriam. <strong>Entrambe le generazioni di MdI sono terra buona fecondata dalla Parola di Dio e dalle culture dei popoli, e al tempo stesso seme gettato, con gesto ampio e maestoso, nei lontani confini, geografici e esistenziali, del mondo<\/strong>. E quando s\u2019incontrano, in patria o in missione, i loro grembi sussultano, ricchi di esperienze vissute in culture, stili ecclesiali, ambiti sociali e religiosi diversi, perch\u00e9 percepiscono, in lieta esultanza, che Dio \u00e8 presente e cammina nella storia di ogni uomo, di generazione in generazione.<\/p>\n<p>[\/vc_column_text][\/vc_column][\/vc_row][vc_row][vc_column][vc_custom_heading text=&#8221;Tutti gli articoli&#8221; font_container=&#8221;tag:h2|font_size:35px|text_align:center|color:%23647994|line_height:40px&#8221; google_fonts=&#8221;font_family:Shadows%20Into%20Light%20Two%3Aregular|font_style:400%20regular%3A400%3Anormal&#8221;]\n\t<div class=\"sq-posts-data\" style=\"display: none;\">\n\t\t\t\t<input type=\"hidden\" name=\"pitem\" value=\"0\">\n\t\t<input type=\"hidden\" name=\"post_id\" value=\"34206\">\n\t<\/div>\n\n\t\n\t\n\t\t<div class=\"posts-listing responsive-cols kleo-masonry per-row-4 with-meta masonry-listing\">\n\n\t\n\t\n<article id=\"post-34206\" class=\"post-item post-34206 post type-post status-publish format-standard has-post-thumbnail hentry category-geracoes category-vida-missionaria tag-brasil\">\n    <div class=\"post-content animated animate-when-almost-visible el-appear\">\n\n\t\t<div class=\"post-image\"><a href=\"https:\/\/mdipime.org\/pt-br\/vida-missionaria\/missao-nao-e-fazer-mas-ser\/\" class=\"element-wrap\"><img decoding=\"async\" width=\"480\" height=\"340\" src=\"https:\/\/mdipime.org\/wp-content\/uploads\/2020\/12\/canoas.jpg\" class=\"attachment-kleo-post-grid size-kleo-post-grid wp-post-image\" alt=\"canoas\" srcset=\"https:\/\/mdipime.org\/wp-content\/uploads\/2020\/12\/canoas.jpg 1016w, https:\/\/mdipime.org\/wp-content\/uploads\/2020\/12\/canoas-300x213.jpg 300w, https:\/\/mdipime.org\/wp-content\/uploads\/2020\/12\/canoas-768x544.jpg 768w, https:\/\/mdipime.org\/wp-content\/uploads\/2020\/12\/canoas-672x476.jpg 672w\" sizes=\"(max-width: 480px) 100vw, 480px\" \/><span class=\"hover-element\"><i>+<\/i><\/span><\/a><\/div><!--end post-image-->\n\t\t\n            <div class=\"post-header\">\n\n\t\t\t\t                    <h3 class=\"post-title entry-title\"><a href=\"https:\/\/mdipime.org\/pt-br\/vida-missionaria\/missao-nao-e-fazer-mas-ser\/\">Miss\u00e3o: n\u00e3o \u00e9 fazer, mas SER<\/a>\n                    <\/h3>\n\t\t\t\t\n                <span class=\"post-meta\">\n                    <small><a href=\"https:\/\/mdipime.org\/pt-br\/vida-missionaria\/missao-nao-e-fazer-mas-ser\/\" rel=\"bookmark\" class=\"post-time\"><time class=\"entry-date\" datetime=\"2020-12-22T16:04:33+01:00\">22\/12\/2020<\/time><time class=\"modify-date hide hidden updated\" datetime=\"2020-12-22T16:04:33+01:00\">22\/12\/2020<\/time><\/a><\/small>, <small class=\"meta-category\"><a href=\"https:\/\/mdipime.org\/pt-br\/categoria\/vida-missionaria\/geracoes\/\" rel=\"category tag\">Gera\u00e7\u00f5es<\/a>, <a href=\"https:\/\/mdipime.org\/pt-br\/categoria\/vida-missionaria\/\" rel=\"category tag\">Vida mission\u00e1ria<\/a>, <a href=\"https:\/\/mdipime.org\/pt-br\/tag\/brasil\/\" rel=\"tag\">Brasil<\/a><\/small>                <\/span>\n\n            <\/div><!--end post-header-->\n\n\t\t\t\n\t\t\t\t                    <div class=\"post-info\">\n\n                        <div class=\"entry-summary\">\n\t\t\t\t\t\t\t<p>Deus me presenteou com a oportunidade de viver intensamente por 42 anos minha voca\u00e7\u00e3o missionaria, entre os ind\u00edgenas, caboclos e ribeirinhos. Trabalhei com os ind\u00edgenas \u201cSater\u00e9 Mau\u00e9 e com os Mundurukus e por longos anos com os povos Ribeirinhos. Minha primeira experi\u00eancia no Amazonas foi baseada na cria\u00e7\u00e3o de Comunidades de Base, principalmente nas comunidades Ribeirinhas, preparando l...<\/p>                        <\/div><!-- .entry-summary -->\n\n                    <\/div><!--end post-info-->\n\t\t\t\t\n\t\t\t\n\t\t\n        <div class=\"post-footer\">\n            <small>\n\t\t\t\t\n\t\t\t\t                    <a href=\"https:\/\/mdipime.org\/pt-br\/vida-missionaria\/missao-nao-e-fazer-mas-ser\/\"><span class=\"muted pull-right\">\n\t\t\t\t\t\tleia mais<\/span>\n                    <\/a>\n\t\t\t\t\n            <\/small>\n        <\/div><!--end post-footer-->\n\n    <\/div><!--end post-content-->\n<\/article>\n\n\n<article id=\"post-30296\" class=\"post-item post-30296 post type-post status-publish format-standard has-post-thumbnail hentry category-geracoes category-vida-missionaria tag-brasil tag-geracoes\">\n    <div class=\"post-content animated animate-when-almost-visible el-appear\">\n\n\t\t<div class=\"post-image\"><a href=\"https:\/\/mdipime.org\/pt-br\/vida-missionaria\/uma-vida-doada-a-deus-pelo-povo\/\" class=\"element-wrap\"><img decoding=\"async\" width=\"480\" height=\"640\" src=\"https:\/\/mdipime.org\/wp-content\/uploads\/2020\/05\/sr.-Paula-Kumagai.jpg\" class=\"attachment-kleo-post-grid size-kleo-post-grid wp-post-image\" alt=\"\" srcset=\"https:\/\/mdipime.org\/wp-content\/uploads\/2020\/05\/sr.-Paula-Kumagai.jpg 774w, https:\/\/mdipime.org\/wp-content\/uploads\/2020\/05\/sr.-Paula-Kumagai-225x300.jpg 225w, https:\/\/mdipime.org\/wp-content\/uploads\/2020\/05\/sr.-Paula-Kumagai-768x1024.jpg 768w, https:\/\/mdipime.org\/wp-content\/uploads\/2020\/05\/sr.-Paula-Kumagai-300x400.jpg 300w, https:\/\/mdipime.org\/wp-content\/uploads\/2020\/05\/sr.-Paula-Kumagai-672x896.jpg 672w, https:\/\/mdipime.org\/wp-content\/uploads\/2020\/05\/sr.-Paula-Kumagai-480x640.jpg 480w\" sizes=\"(max-width: 480px) 100vw, 480px\" \/><span class=\"hover-element\"><i>+<\/i><\/span><\/a><\/div><!--end post-image-->\n\t\t\n            <div class=\"post-header\">\n\n\t\t\t\t                    <h3 class=\"post-title entry-title\"><a href=\"https:\/\/mdipime.org\/pt-br\/vida-missionaria\/uma-vida-doada-a-deus-pelo-povo\/\">Uma vida doada a Deus pelo povo<\/a>\n                    <\/h3>\n\t\t\t\t\n                <span class=\"post-meta\">\n                    <small><a href=\"https:\/\/mdipime.org\/pt-br\/vida-missionaria\/uma-vida-doada-a-deus-pelo-povo\/\" rel=\"bookmark\" class=\"post-time\"><time class=\"entry-date\" datetime=\"2020-05-30T11:40:12+02:00\">30\/05\/2020<\/time><time class=\"modify-date hide hidden updated\" datetime=\"2025-04-07T13:28:24+02:00\">07\/04\/2025<\/time><\/a><\/small>, <small class=\"meta-category\"><a href=\"https:\/\/mdipime.org\/pt-br\/categoria\/vida-missionaria\/geracoes\/\" rel=\"category tag\">Gera\u00e7\u00f5es<\/a>, <a href=\"https:\/\/mdipime.org\/pt-br\/categoria\/vida-missionaria\/\" rel=\"category tag\">Vida mission\u00e1ria<\/a>, <a href=\"https:\/\/mdipime.org\/pt-br\/tag\/brasil\/\" rel=\"tag\">Brasil<\/a>, <a href=\"https:\/\/mdipime.org\/pt-br\/tag\/geracoes\/\" rel=\"tag\">Gera\u00e7\u00f5es<\/a><\/small>                <\/span>\n\n            <\/div><!--end post-header-->\n\n\t\t\t\n\t\t\t\t                    <div class=\"post-info\">\n\n                        <div class=\"entry-summary\">\n\t\t\t\t\t\t\t<p>Sou Irm\u00e3 Paula Kumagai, morava no estado de S\u00e3o Paulo. Em 1969 fui destinada para Mau\u00e9s no Estado do Amazonas. Mau\u00e9s pertence \u00e0 Diocese de Parintins que na \u00e9poca tinha como Bispo Dom Arc\u00e2ngelo Cerqua. Permaneci em Mau\u00e9s at\u00e9 o final do ano de 1969. Com a abertura da nossa casa em Manaus fui para Manaus onde trabalhei 09 anos como enfermeira no Ambulat\u00f3rio da par\u00f3quia que tinha Convenio c...<\/p>                        <\/div><!-- .entry-summary -->\n\n                    <\/div><!--end post-info-->\n\t\t\t\t\n\t\t\t\n\t\t\n        <div class=\"post-footer\">\n            <small>\n\t\t\t\t\n\t\t\t\t                    <a href=\"https:\/\/mdipime.org\/pt-br\/vida-missionaria\/uma-vida-doada-a-deus-pelo-povo\/\"><span class=\"muted pull-right\">\n\t\t\t\t\t\tleia mais<\/span>\n                    <\/a>\n\t\t\t\t\n            <\/small>\n        <\/div><!--end post-footer-->\n\n    <\/div><!--end post-content-->\n<\/article>\n\n\n<article id=\"post-30279\" class=\"post-item post-30279 post type-post status-publish format-standard has-post-thumbnail hentry category-geracoes category-vida-missionaria tag-brasil tag-geracoes\">\n    <div class=\"post-content animated animate-when-almost-visible el-appear\">\n\n\t\t<div class=\"post-image\"><a href=\"https:\/\/mdipime.org\/pt-br\/vida-missionaria\/experiencias-missionarias-encontros-palavras-de-consolo-paz-amor-e-esperanca\/\" class=\"element-wrap\"><img decoding=\"async\" width=\"480\" height=\"360\" src=\"https:\/\/mdipime.org\/wp-content\/uploads\/2020\/05\/stella-1-e1590592958603.jpg\" class=\"attachment-kleo-post-grid size-kleo-post-grid wp-post-image\" alt=\"\" srcset=\"https:\/\/mdipime.org\/wp-content\/uploads\/2020\/05\/stella-1-e1590592958603.jpg 1200w, https:\/\/mdipime.org\/wp-content\/uploads\/2020\/05\/stella-1-e1590592958603-480x360.jpg 480w\" sizes=\"(max-width: 480px) 100vw, 480px\" \/><span class=\"hover-element\"><i>+<\/i><\/span><\/a><\/div><!--end post-image-->\n\t\t\n            <div class=\"post-header\">\n\n\t\t\t\t                    <h3 class=\"post-title entry-title\"><a href=\"https:\/\/mdipime.org\/pt-br\/vida-missionaria\/experiencias-missionarias-encontros-palavras-de-consolo-paz-amor-e-esperanca\/\">Experi\u00eancias mission\u00e1rias: encontros, palavras de consolo, paz, amor e esperan\u00e7a  \u00a0<\/a>\n                    <\/h3>\n\t\t\t\t\n                <span class=\"post-meta\">\n                    <small><a href=\"https:\/\/mdipime.org\/pt-br\/vida-missionaria\/experiencias-missionarias-encontros-palavras-de-consolo-paz-amor-e-esperanca\/\" rel=\"bookmark\" class=\"post-time\"><time class=\"entry-date\" datetime=\"2020-05-30T11:25:32+02:00\">30\/05\/2020<\/time><time class=\"modify-date hide hidden updated\" datetime=\"2025-04-07T13:28:37+02:00\">07\/04\/2025<\/time><\/a><\/small>, <small class=\"meta-category\"><a href=\"https:\/\/mdipime.org\/pt-br\/categoria\/vida-missionaria\/geracoes\/\" rel=\"category tag\">Gera\u00e7\u00f5es<\/a>, <a href=\"https:\/\/mdipime.org\/pt-br\/categoria\/vida-missionaria\/\" rel=\"category tag\">Vida mission\u00e1ria<\/a>, <a href=\"https:\/\/mdipime.org\/pt-br\/tag\/brasil\/\" rel=\"tag\">Brasil<\/a>, <a href=\"https:\/\/mdipime.org\/pt-br\/tag\/geracoes\/\" rel=\"tag\">Gera\u00e7\u00f5es<\/a><\/small>                <\/span>\n\n            <\/div><!--end post-header-->\n\n\t\t\t\n\t\t\t\t                    <div class=\"post-info\">\n\n                        <div class=\"entry-summary\">\n\t\t\t\t\t\t\t<p>Sou Irm\u00e3 Stella, Papu\u00e1sia, Mission\u00e1ria no Amazonas. Venho de uma pequena cidade que se chama Vanimo na Prov\u00edncia de Sandaun na Papua Nova Guin\u00e9. Cheguei aqui no Bairro Monte das Oliveiras, na periferia de Manaus, em setembro de 2018 ap\u00f3s ter morado seis anos na minha primeira miss\u00e3o, em Parintins (AM). A nossa comunidade aqui n\u00e3o tem atividades fixas na \u00c1rea Mission\u00e1ria Monte das Oliveir...<\/p>                        <\/div><!-- .entry-summary -->\n\n                    <\/div><!--end post-info-->\n\t\t\t\t\n\t\t\t\n\t\t\n        <div class=\"post-footer\">\n            <small>\n\t\t\t\t\n\t\t\t\t                    <a href=\"https:\/\/mdipime.org\/pt-br\/vida-missionaria\/experiencias-missionarias-encontros-palavras-de-consolo-paz-amor-e-esperanca\/\"><span class=\"muted pull-right\">\n\t\t\t\t\t\tleia mais<\/span>\n                    <\/a>\n\t\t\t\t\n            <\/small>\n        <\/div><!--end post-footer-->\n\n    <\/div><!--end post-content-->\n<\/article>\n\n\n\t<\/div> <!-- END post listing -->\n\n\t\n[\/vc_column][\/vc_row]<\/p>\n<\/div>","protected":false},"excerpt":{"rendered":"<p>[vc_row padding_bottom=&#8221;&#8221;][vc_column][\/vc_column][\/vc_row][vc_row type=&#8221;image&#8221; padding_bottom=&#8221;0&#8243; bg_image=&#8221;28906&#8243;][vc_column width=&#8221;1\/6&#8243;][\/vc_column][vc_column width=&#8221;2\/3&#8243;][\/vc_column][vc_column width=&#8221;1\/6&#8243;][\/vc_column][\/vc_row][vc_row type=&#8221;image&#8221;][vc_column][vc_column_text lead=&#8221;yes&#8221; font_size=&#8221;1.2em&#8221; line_height=&#8221;1.4em&#8221; responsive_font=&#8221;yes&#8221;] Due donne s\u2019incontrano. Due generazioni si salutano, Elisabetta di \u201cet\u00e0 anziana\u201d e Miriam, una giovane vergine promessa sposa di un piccolo villaggio della Galilea. Due mondi, il centro e la periferia, si accolgono reciprocamente: l\u2019ambiente culturale-religioso della Giudea, legato al tempio di Gerusalemme, da una parte, e il ritmo campestre della Galilea, con la sua religiosit\u00e0 popolare familiare, domestica, dall&#8217;altra. Due ventri si toccano, e dentro essi, la vita sussulta: due attese diverse, due esperienze di vita completamente diverse, illuminate dalla sorprendente grazia di Dio, si ritrovano in un\u2019intesa profonda, in cui una \u00e8 segno e conferma al cammino dell\u2019altra. E la sorpresa esplode in una benedizione a gran voce, che ancor oggi ripetiamo, dando alla giovane Miriam la consapevolezza che l\u2019annuncio udito, la disponibilit\u00e0 pronunciata in un soffio, aveva davvero dato carne all&#8217;impossibile. La missione abbracciata dalle MdI nel mondo ha il volto, la storia riconciliata e gli anni colmi di sapienza di Elisabetta, come pure i passi bisognosi di conferme, fiduciosi e colmi di attesa di Miriam. Entrambe le generazioni di MdI sono terra buona fecondata dalla Parola di Dio e dalle culture dei popoli, e al tempo stesso seme gettato, con gesto ampio e maestoso, nei lontani confini, geografici e esistenziali, del mondo. E quando s\u2019incontrano, in patria o in missione, i loro grembi sussultano, ricchi di esperienze vissute in culture, stili ecclesiali, ambiti sociali e religiosi diversi, perch\u00e9 percepiscono, in lieta esultanza, che Dio \u00e8 presente e cammina nella storia di ogni uomo, di generazione in generazione. [\/vc_column_text][\/vc_column][\/vc_row][vc_row][vc_column][vc_custom_heading text=&#8221;Tutti gli articoli&#8221; font_container=&#8221;tag:h2|font_size:35px|text_align:center|color:%23647994|line_height:40px&#8221; google_fonts=&#8221;font_family:Shadows%20Into%20Light%20Two%3Aregular|font_style:400%20regular%3A400%3Anormal&#8221;][\/vc_column][\/vc_row]<\/p>\n","protected":false},"author":3,"featured_media":0,"parent":0,"menu_order":0,"comment_status":"closed","ping_status":"closed","template":"page-templates\/full-width-no-container.php","meta":{"_acf_changed":false,"googlesitekit_rrm_CAow8ovLDA:productID":"","footnotes":""},"class_list":["post-31227","page","type-page","status-publish","hentry"],"acf":[],"aioseo_notices":[],"jetpack_sharing_enabled":true,"_links":{"self":[{"href":"https:\/\/mdipime.org\/pt-br\/wp-json\/wp\/v2\/pages\/31227","targetHints":{"allow":["GET"]}}],"collection":[{"href":"https:\/\/mdipime.org\/pt-br\/wp-json\/wp\/v2\/pages"}],"about":[{"href":"https:\/\/mdipime.org\/pt-br\/wp-json\/wp\/v2\/types\/page"}],"author":[{"embeddable":true,"href":"https:\/\/mdipime.org\/pt-br\/wp-json\/wp\/v2\/users\/3"}],"replies":[{"embeddable":true,"href":"https:\/\/mdipime.org\/pt-br\/wp-json\/wp\/v2\/comments?post=31227"}],"version-history":[{"count":0,"href":"https:\/\/mdipime.org\/pt-br\/wp-json\/wp\/v2\/pages\/31227\/revisions"}],"wp:attachment":[{"href":"https:\/\/mdipime.org\/pt-br\/wp-json\/wp\/v2\/media?parent=31227"}],"curies":[{"name":"wp","href":"https:\/\/api.w.org\/{rel}","templated":true}]}}