{"id":8708,"date":"2017-03-30T10:08:07","date_gmt":"2017-03-30T08:08:07","guid":{"rendered":"https:\/\/www.mdipime.org\/missionarias-imacolada\/cosa-facciamo\/"},"modified":"2024-03-22T13:54:39","modified_gmt":"2024-03-22T12:54:39","slug":"o-que-fazemos","status":"publish","type":"page","link":"https:\/\/mdipime.org\/pt-br\/missionarias-imacolada\/o-que-fazemos\/","title":{"rendered":"O que fazemos"},"content":{"rendered":"<div class=\"wpb-content-wrapper\"><p>[vc_row padding_top=&#8221;0&#8243;][vc_column][vc_custom_heading text=&#8221;Nossas atividades&#8221; font_container=&#8221;tag:h2|font_size:40px|text_align:left|color:%23ff2e2a|line_height:44px&#8221; google_fonts=&#8221;font_family:Shadows%20Into%20Light%20Two%3Aregular|font_style:400%20regular%3A400%3Anormal&#8221;][vc_column_text]<img decoding=\"async\" class=\"alignleft wp-image-9159\" title=\"attividades mdipime\" src=\"https:\/\/mdipime.org\/wp-content\/uploads\/2017\/03\/maria-barca-201x300.png\" alt=\"attivit\u00e0 mdipime\" width=\"134\" height=\"200\" srcset=\"https:\/\/mdipime.org\/wp-content\/uploads\/2017\/03\/maria-barca-201x300.png 201w, https:\/\/mdipime.org\/wp-content\/uploads\/2017\/03\/maria-barca.png 528w\" sizes=\"(max-width: 134px) 100vw, 134px\" \/><br \/>\nNossa tarefa e dom \u00e9 colocarmo-nos a servi\u00e7o do crescimento do Reino de amor, paz e justi\u00e7a inaugurados pelo Senhor Jesus para toda a humanidade, dando prioridade \u00e0queles povos e contextos onde \u00e9 mais necess\u00e1rio o primeiro an\u00fancio do Evangelho.<\/p>\n<p>Como o fazemos concretamente? Procuramos responder \u00e0s necessidades da vida, da sa\u00fade, da instru\u00e7\u00e3o, da dignidade, e \u00e0s quest\u00f5es sobre o sentido da pr\u00f3pria exist\u00eancia, do amor&#8230; que sobem da humanidade que encontramos.<\/p>\n<p>Nos dedicamos ao an\u00fancio do evangelho nas cidades e nos vilarejos, atrav\u00e9s da a\u00e7\u00e3o pastoral, da catequese, da anima\u00e7\u00e3o mission\u00e1ria.<\/p>\n<p>Trabalhamos em dispens\u00e1rios, centros para hansenianos, hospitais; escolas e casas de acolhida para estudantes pobres; atividades caritativas e de desenvolvimento humano, promo\u00e7\u00e3o da mulher, ajuda ao crescimento dos jovens, visita aos presos&#8230; Al\u00e9m do cuidado com os hansenianos, dedicamos hoje uma aten\u00e7\u00e3o especial para com os doentes de AIDS e suas fam\u00edlias, de modo particular para com as crian\u00e7as soro-positivas ou que ficaram \u00f3rf\u00e3s.<\/p>\n<p>Enviadas por voca\u00e7\u00e3o entre os n\u00e3o cat\u00f3licos, cultivamos um esp\u00edrito ecum\u00eanico e de di\u00e1logo com outras religi\u00f5es, com as quais colaboramos nas atividades sociais contra as diferentes formas de pobreza e de injusti\u00e7a.<\/p>\n<p>De acordo com as necessidades do lugar, criamos outras formas de atividade mission\u00e1ria. Deste modo, algumas irm\u00e3s fazem programas no r\u00e1dio tanto na \u00c1frica, como no Brasil; uma outra irm\u00e3 na \u00cdndia, desenvolve seu servi\u00e7o profissional de advogada em um centro para a defesa dos direitos da mulher. Uma irm\u00e3 ensina missiologia na Universidade de S\u00e3o Paulo, Brasil, muitas outras em diversos pa\u00edses, ensinam com muita criatividade trabalhos de artesanato \u00e0s mulheres pobres como fonte de renda familiar. H\u00e1 quem periodicamente vai de Hong Kong na China continental para ensinar ingl\u00eas ou para dar assist\u00eancia \u00e0 pessoas com defici\u00eancia; uma irm\u00e3 esteve no Sul do Sud\u00e3o para a prepara\u00e7\u00e3o de enfermeiros, e uma outra no Nepal, colabora com os Jesu\u00edtas para ajudar crian\u00e7as refugiadas do But\u00e3o&#8230;[\/vc_column_text][vc_custom_heading text=&#8221;Comunidades&#8221; font_container=&#8221;tag:h2|font_size:40px|text_align:left|color:%23ff2e2a|line_height:44px&#8221; google_fonts=&#8221;font_family:Shadows%20Into%20Light%20Two%3Aregular|font_style:400%20regular%3A400%3Anormal&#8221; link=&#8221;url:%2Fpt-br%2Fmissionarie-immacolata%2Fcomunita%2F|||&#8221;][vc_column_text]<img decoding=\"async\" class=\"alignleft wp-image-9162\" src=\"https:\/\/mdipime.org\/wp-content\/uploads\/2017\/03\/comunita-291x300.png\" alt=\"comunidades mdipime\" width=\"194\" height=\"200\" srcset=\"https:\/\/mdipime.org\/wp-content\/uploads\/2017\/03\/comunita-291x300.png 291w, https:\/\/mdipime.org\/wp-content\/uploads\/2017\/03\/comunita.png 608w\" sizes=\"(max-width: 194px) 100vw, 194px\" \/>Vivemos em comunidades internacionais, muito diferentes entre elas dependendo dos pa\u00edses, dos lugares e das situa\u00e7\u00f5es apost\u00f3licas: desde pequenas comunidades \u201csat\u00e9lites\u201d compostas por duas ou tr\u00eas irm\u00e3s, \u00e0quelas maiores com dezenas de membros que trabalham nas escolas, hospitais e centros sociais, ou com as irm\u00e3s idosas e doentes. Mas sempre, todas, para evangelizar: com a ora\u00e7\u00e3o, o servi\u00e7o e as atividades apost\u00f3licas.<\/p>\n<p>Nossas jornadas s\u00e3o preenchidas pela ora\u00e7\u00e3o pessoal e em comum, os encontros comunit\u00e1rios, o apostolado, o trabalho a servi\u00e7o da Igreja e de quem mais precisa, as visitas \u00e0s fam\u00edlias e a escuta das pessoas.<\/p>\n<p>A composi\u00e7\u00e3o das comunidades \u00e9 diversificada pela idade e pela proveni\u00eancia. O milagre que se realiza todos os dias \u00e9 construir juntas verdadeiras fraternidades: harmonizar culturas e costumes diferentes, acolher-se, compreender-se, testemunhar unidas o amor de Deus sem limites e condi\u00e7\u00f5es.[\/vc_column_text][vc_custom_heading text=&#8221;O cora\u00e7\u00e3o e o futuro&#8221; font_container=&#8221;tag:h2|font_size:40px|text_align:left|color:%23ff2e2a|line_height:44px&#8221; google_fonts=&#8221;font_family:Shadows%20Into%20Light%20Two%3Aregular|font_style:400%20regular%3A400%3Anormal&#8221; link=&#8221;|||&#8221;][vc_column_text]<img decoding=\"async\" class=\"alignleft wp-image-9165 size-thumbnail\" src=\"https:\/\/mdipime.org\/wp-content\/uploads\/2017\/03\/cuore-futuro-150x150.png\" alt=\"cora\u00e7\u00e3o e o futuro mdipime\" width=\"150\" height=\"150\" \/><br \/>\nH\u00e1 a velha guarda, as mission\u00e1rias da primeira hora, algumas ainda ativas e na a\u00e7\u00e3o. E h\u00e1 tamb\u00e9m aquelas que j\u00e1 se doam \u00e0 miss\u00e3o oferecendo sua ora\u00e7\u00e3o e seu sofrimento: a retaguarda fecunda das casas para as irm\u00e3s idosas de Monza (It\u00e1lia),Vegavaram (\u00cdndia), Bragan\u00e7a Paulista (Brasil).<\/p>\n<p>Nos diversos pa\u00edses, umas vinte novi\u00e7as preparam-se \u00e0 consagra\u00e7\u00e3o mission\u00e1ria e outras jovens iniciam o caminho formativo: para que a hist\u00f3ria continue&#8230;[\/vc_column_text][\/vc_column][\/vc_row][vc_row text_align=&#8221;center&#8221;][vc_column width=&#8221;1\/4&#8243;][vc_column_text]<\/p>\n<p style=\"text-align: left;\"><span style=\"font-size: 18pt;\">Em<\/span><br \/>\n<span style=\"font-size: 24pt; line-height: 30px;\"><strong>31\/12\/2020<\/strong><\/span><br \/>\n<span style=\"font-size: 18pt;\">somos<\/span><\/p>\n<p>[\/vc_column_text][\/vc_column][vc_column width=&#8221;1\/4&#8243;]<div class=\"text-center\" ><i class=\"icon-globe icon-3x\"style=\"color: #ed0707\"><\/i> <\/div><div  class=\"kleo-gap\" style=\"height:20px;line-height:20px;\"><\/div>[vc_separator]<h3 data-number=\"119\" class=\" kleo-animate-number animate-when-almost-visible\" data-timer=\"2000\" style=\"font-size: 40px\">119<\/h3>[vc_column_text el_class=&#8221;mgt0&#8243;]COMUNIDADES[\/vc_column_text][\/vc_column][vc_column width=&#8221;1\/4&#8243;]<div class=\"text-center\" ><i class=\"icon-users icon-3x\"style=\"color: #ed0707\"><\/i> <\/div><div  class=\"kleo-gap\" style=\"height:20px;line-height:20px;\"><\/div>[vc_separator]<h3 data-number=\"884\" class=\" kleo-animate-number animate-when-almost-visible\" data-timer=\"2000\" style=\"font-size: 40px\">884<\/h3>[vc_column_text el_class=&#8221;mgt0&#8243;]MISSION\u00c1RIAS[\/vc_column_text][\/vc_column][vc_column width=&#8221;1\/4&#8243;][\/vc_column][\/vc_row][vc_row text_align=&#8221;center&#8221; padding_bottom=&#8221;&#8221;][vc_column width=&#8221;1\/4&#8243;][vc_single_image image=&#8221;8198&#8243; img_size=&#8221;60&#215;40&#8243; alignment=&#8221;center&#8221;][vc_separator]<h3 data-number=\"126\" class=\" kleo-animate-number animate-when-almost-visible\" style=\"font-size: 30px\">126<\/h3>[vc_column_text el_class=&#8221;mgt0&#8243;]ITALIANAS[\/vc_column_text][\/vc_column][vc_column width=&#8221;1\/4&#8243;][vc_single_image image=&#8221;8201&#8243; img_size=&#8221;60&#215;40&#8243; alignment=&#8221;center&#8221;][vc_separator]<h3 data-number=\"633\" class=\" kleo-animate-number animate-when-almost-visible\" style=\"font-size: 30px\">633<\/h3>[vc_column_text el_class=&#8221;mgt0&#8243;]INDIANAS[\/vc_column_text][\/vc_column][vc_column width=&#8221;1\/4&#8243;][vc_single_image image=&#8221;7515&#8243; img_size=&#8221;60&#215;40&#8243; alignment=&#8221;center&#8221;][vc_separator]<h3 data-number=\"57\" class=\" kleo-animate-number animate-when-almost-visible\" style=\"font-size: 30px\">57<\/h3>[vc_column_text el_class=&#8221;mgt0&#8243;]DO BANGLADESH[\/vc_column_text][\/vc_column][vc_column width=&#8221;1\/4&#8243;][vc_single_image image=&#8221;8207&#8243; img_size=&#8221;60&#215;40&#8243; alignment=&#8221;center&#8221;][vc_separator]<h3 data-number=\"47\" class=\" kleo-animate-number animate-when-almost-visible\" style=\"font-size: 30px\">47<\/h3>[vc_column_text el_class=&#8221;mgt0&#8243;]BRASILEIRAS[\/vc_column_text][\/vc_column][\/vc_row][vc_row text_align=&#8221;center&#8221;][vc_column width=&#8221;1\/4&#8243;][vc_single_image image=&#8221;8210&#8243; img_size=&#8221;60&#215;40&#8243; alignment=&#8221;center&#8221;][vc_separator]<h3 data-number=\"14\" class=\" kleo-animate-number animate-when-almost-visible\" data-timer=\"0\" style=\"font-size: 30px\">14<\/h3>[vc_column_text el_class=&#8221;mgt0&#8243;]PAPUANAS[\/vc_column_text][\/vc_column][vc_column width=&#8221;1\/4&#8243;][vc_single_image image=&#8221;8204&#8243; img_size=&#8221;60&#215;40&#8243; alignment=&#8221;center&#8221;][vc_separator]<h3 data-number=\"3\" class=\" kleo-animate-number animate-when-almost-visible\" data-timer=\"0\" style=\"font-size: 30px\">3<\/h3>[vc_column_text el_class=&#8221;mgt0&#8243;]CAMERUNESAS[\/vc_column_text][\/vc_column][vc_column width=&#8221;1\/4&#8243;][vc_single_image image=&#8221;7519&#8243; img_size=&#8221;60&#215;40&#8243; alignment=&#8221;center&#8221;][vc_separator]<h3 data-number=\"3\" class=\" kleo-animate-number animate-when-almost-visible\" style=\"font-size: 30px\">3<\/h3>[vc_column_text el_class=&#8221;mgt0&#8243;]CHINESAS[\/vc_column_text][\/vc_column][vc_column width=&#8221;1\/4&#8243;][vc_single_image image=&#8221;7536&#8243; img_size=&#8221;60&#215;40&#8243; alignment=&#8221;center&#8221;][vc_separator]<h3 data-number=\"1\" class=\" kleo-animate-number animate-when-almost-visible\" style=\"font-size: 30px\">1<\/h3>[vc_column_text el_class=&#8221;mgt0&#8243;]DA GUIN\u00c9 BISSAU[\/vc_column_text][\/vc_column][\/vc_row]<\/p>\n<\/div>","protected":false},"excerpt":{"rendered":"<p>[vc_row padding_top=&#8221;0&#8243;][vc_column][vc_custom_heading text=&#8221;Nossas atividades&#8221; font_container=&#8221;tag:h2|font_size:40px|text_align:left|color:%23ff2e2a|line_height:44px&#8221; google_fonts=&#8221;font_family:Shadows%20Into%20Light%20Two%3Aregular|font_style:400%20regular%3A400%3Anormal&#8221;][vc_column_text] Nossa tarefa e dom \u00e9 colocarmo-nos a servi\u00e7o do crescimento do Reino de amor, paz e justi\u00e7a inaugurados pelo Senhor Jesus para toda a humanidade, dando prioridade \u00e0queles povos e contextos onde \u00e9 mais necess\u00e1rio o primeiro an\u00fancio do Evangelho. Como o fazemos concretamente? Procuramos responder \u00e0s necessidades da vida, da sa\u00fade, da instru\u00e7\u00e3o, da dignidade, e \u00e0s quest\u00f5es sobre o sentido da pr\u00f3pria exist\u00eancia, do amor&#8230; que sobem da humanidade que encontramos. Nos dedicamos ao an\u00fancio do evangelho nas cidades e nos vilarejos, atrav\u00e9s da a\u00e7\u00e3o pastoral, da catequese, da anima\u00e7\u00e3o mission\u00e1ria. Trabalhamos em dispens\u00e1rios, centros para hansenianos, hospitais; escolas e casas de acolhida para estudantes pobres; atividades caritativas e de desenvolvimento humano, promo\u00e7\u00e3o da mulher, ajuda ao crescimento dos jovens, visita aos presos&#8230; Al\u00e9m do cuidado com os hansenianos, dedicamos hoje uma aten\u00e7\u00e3o especial para com os doentes de AIDS e suas fam\u00edlias, de modo particular para com as crian\u00e7as soro-positivas ou que ficaram \u00f3rf\u00e3s. Enviadas por voca\u00e7\u00e3o entre os n\u00e3o cat\u00f3licos, cultivamos um esp\u00edrito ecum\u00eanico e de di\u00e1logo com outras religi\u00f5es, com as quais colaboramos nas atividades sociais contra as diferentes formas de pobreza e de injusti\u00e7a. De acordo com as necessidades do lugar, criamos outras formas de atividade mission\u00e1ria. Deste modo, algumas irm\u00e3s fazem programas no r\u00e1dio tanto na \u00c1frica, como no Brasil; uma outra irm\u00e3 na \u00cdndia, desenvolve seu servi\u00e7o profissional de advogada em um centro para a defesa dos direitos da mulher. Uma irm\u00e3 ensina missiologia na Universidade de S\u00e3o Paulo, Brasil, muitas outras em diversos pa\u00edses, ensinam com muita criatividade trabalhos de artesanato \u00e0s mulheres pobres como fonte de renda familiar. H\u00e1 quem periodicamente vai de Hong Kong na China continental para ensinar ingl\u00eas ou para dar assist\u00eancia \u00e0 pessoas com defici\u00eancia; uma irm\u00e3 esteve no Sul do Sud\u00e3o para a prepara\u00e7\u00e3o de enfermeiros, e uma outra no Nepal, colabora com os Jesu\u00edtas para ajudar crian\u00e7as refugiadas do But\u00e3o&#8230;[\/vc_column_text][vc_custom_heading text=&#8221;Comunidades&#8221; font_container=&#8221;tag:h2|font_size:40px|text_align:left|color:%23ff2e2a|line_height:44px&#8221; google_fonts=&#8221;font_family:Shadows%20Into%20Light%20Two%3Aregular|font_style:400%20regular%3A400%3Anormal&#8221; link=&#8221;url:%2Fpt-br%2Fmissionarie-immacolata%2Fcomunita%2F|||&#8221;][vc_column_text]Vivemos em comunidades internacionais, muito diferentes entre elas dependendo dos pa\u00edses, dos lugares e das situa\u00e7\u00f5es apost\u00f3licas: desde pequenas comunidades \u201csat\u00e9lites\u201d compostas por duas ou tr\u00eas irm\u00e3s, \u00e0quelas maiores com dezenas de membros que trabalham nas escolas, hospitais e centros sociais, ou com as irm\u00e3s idosas e doentes. Mas sempre, todas, para evangelizar: com a ora\u00e7\u00e3o, o servi\u00e7o e as atividades apost\u00f3licas. Nossas jornadas s\u00e3o preenchidas pela ora\u00e7\u00e3o pessoal e em comum, os encontros comunit\u00e1rios, o apostolado, o trabalho a servi\u00e7o da Igreja e de quem mais precisa, as visitas \u00e0s fam\u00edlias e a escuta das pessoas. A composi\u00e7\u00e3o das comunidades \u00e9 diversificada pela idade e pela proveni\u00eancia. O milagre que se realiza todos os dias \u00e9 construir juntas verdadeiras fraternidades: harmonizar culturas e costumes diferentes, acolher-se, compreender-se, testemunhar unidas o amor de Deus sem limites e condi\u00e7\u00f5es.[\/vc_column_text][vc_custom_heading text=&#8221;O cora\u00e7\u00e3o e o futuro&#8221; font_container=&#8221;tag:h2|font_size:40px|text_align:left|color:%23ff2e2a|line_height:44px&#8221; google_fonts=&#8221;font_family:Shadows%20Into%20Light%20Two%3Aregular|font_style:400%20regular%3A400%3Anormal&#8221; link=&#8221;|||&#8221;][vc_column_text] H\u00e1 a velha guarda, as mission\u00e1rias da primeira hora, algumas ainda ativas e na a\u00e7\u00e3o. E h\u00e1 tamb\u00e9m aquelas que j\u00e1 se doam \u00e0 miss\u00e3o oferecendo sua ora\u00e7\u00e3o e [&hellip;]<\/p>\n","protected":false},"author":14,"featured_media":0,"parent":23997,"menu_order":0,"comment_status":"closed","ping_status":"closed","template":"page-templates\/right_sidebar.php","meta":{"_acf_changed":false,"footnotes":""},"class_list":["post-8708","page","type-page","status-publish","hentry"],"acf":[],"aioseo_notices":[],"jetpack_sharing_enabled":true,"_links":{"self":[{"href":"https:\/\/mdipime.org\/pt-br\/wp-json\/wp\/v2\/pages\/8708","targetHints":{"allow":["GET"]}}],"collection":[{"href":"https:\/\/mdipime.org\/pt-br\/wp-json\/wp\/v2\/pages"}],"about":[{"href":"https:\/\/mdipime.org\/pt-br\/wp-json\/wp\/v2\/types\/page"}],"author":[{"embeddable":true,"href":"https:\/\/mdipime.org\/pt-br\/wp-json\/wp\/v2\/users\/14"}],"replies":[{"embeddable":true,"href":"https:\/\/mdipime.org\/pt-br\/wp-json\/wp\/v2\/comments?post=8708"}],"version-history":[{"count":0,"href":"https:\/\/mdipime.org\/pt-br\/wp-json\/wp\/v2\/pages\/8708\/revisions"}],"up":[{"embeddable":true,"href":"https:\/\/mdipime.org\/pt-br\/wp-json\/wp\/v2\/pages\/23997"}],"wp:attachment":[{"href":"https:\/\/mdipime.org\/pt-br\/wp-json\/wp\/v2\/media?parent=8708"}],"curies":[{"name":"wp","href":"https:\/\/api.w.org\/{rel}","templated":true}]}}