{"id":8714,"date":"2017-03-30T11:05:53","date_gmt":"2017-03-30T09:05:53","guid":{"rendered":"https:\/\/www.mdipime.org\/missionarias-imacolada\/storia\/"},"modified":"2024-03-22T13:52:58","modified_gmt":"2024-03-22T12:52:58","slug":"historia","status":"publish","type":"page","link":"https:\/\/mdipime.org\/pt-br\/missionarias-imacolada\/historia\/","title":{"rendered":"Hist\u00f3ria"},"content":{"rendered":"<div class=\"wpb-content-wrapper\"><p>[vc_row type=&#8221;color&#8221; bg_color=&#8221;#2c3e50&#8243; padding_top=&#8221;60&#8243; padding_bottom=&#8221;0&#8243;][vc_column][vc_custom_heading text=&#8221;Nossa hist\u00f3ria&#8221; font_container=&#8221;tag:h1|font_size:40px|text_align:left|color:%23ffffff|line_height:44px&#8221; google_fonts=&#8221;font_family:Shadows%20Into%20Light%20Two%3Aregular|font_style:400%20regular%3A400%3Anormal&#8221;][vc_column_text text_color=&#8221;#ffffff&#8221;]<strong>AS ORIGENS<\/strong>[\/vc_column_text][vc_column_text]<\/p>\n<div id=\"preghiera\" class=\"modal fade\" tabindex=\"-1\">\n<div class=\"modal-dialog\">\n<div class=\"modal-content\">\n<div class=\"modal-header\">\n<p><button class=\"close\" type=\"button\" data-dismiss=\"modal\">\u00d7<\/button><\/p>\n<h4 id=\"myModalLabel\" class=\"modal-title\"><b>Consagra\u00e7\u00e3o \u00e0 Virgem Imaculada<\/b><\/h4>\n<\/div>\n<div class=\"modal-body\">\n<p>Dignai-vos, \u00f3 Virgem Sant\u00edssima, tomar sob o vosso patroc\u00ednio esta nova Congrega\u00e7\u00e3o: dai-lhe desenvolvimento e vida, para que possa cooperar eficazmente na propaga\u00e7\u00e3o do Reino de Deus sobre a terra e na convers\u00e3o de todos os povos.<\/p>\n<p>Tomai-nos sob a vossa prote\u00e7\u00e3o a n\u00f3s, fracos instrumentos desta grande obra.<\/p>\n<p>Sede a nossa M\u00e3e e Mestra tende piedade de n\u00f3s e disponde de n\u00f3s segundo o benepl\u00e1cito divino.<\/p>\n<p>Dai-nos um cora\u00e7\u00e3o humilde, generoso, pronto a tudo sacrificar pelos interesses da gl\u00f3ria de Deus e para a salva\u00e7\u00e3o dos infi\u00e9is, e obtende-nos o esp\u00edrito de recolhimento, de ora\u00e7\u00e3o, de uni\u00e3o com Deus e de uniformidade com a sua divina vontade.<\/p>\n<\/div>\n<div class=\"modal-footer\"><\/div>\n<\/div>\n<\/div>\n<\/div>\n<p>[\/vc_column_text][\/vc_column][\/vc_row][vc_row type=&#8221;color&#8221; bg_color=&#8221;#2c3e50&#8243; padding_top=&#8221;20&#8243; padding_bottom=&#8221;60&#8243;][vc_column width=&#8221;1\/2&#8243;][vc_row_inner][vc_column_inner width=&#8221;1\/2&#8243;][vc_custom_heading text=&#8221;UMA DATA&#8221; font_container=&#8221;tag:h3|font_size:30px|text_align:center|color:%23ffffff|line_height:36px&#8221; google_fonts=&#8221;font_family:Shadows%20Into%20Light%20Two%3Aregular|font_style:400%20regular%3A400%3Anormal&#8221;][vc_column_text text_color=&#8221;#ffffff&#8221; font_size=&#8221;30px&#8221; line_height=&#8221;36px&#8221; font_weight=&#8221;bold&#8221; el_class=&#8221;mgb0&#8243;]<\/p>\n<p style=\"text-align: center;\">8 de dezembro<\/p>\n<p>[\/vc_column_text][vc_column_text text_color=&#8221;#ffffff&#8221; font_size=&#8221;50px&#8221; line_height=&#8221;50px&#8221; font_weight=&#8221;bold&#8221; el_class=&#8221;mgt0&#8243;]<\/p>\n<p style=\"text-align: center;\">1936<\/p>\n<p>[\/vc_column_text][\/vc_column_inner][vc_column_inner width=&#8221;1\/2&#8243;][vc_custom_heading text=&#8221;UM LUGAR&#8221; font_container=&#8221;tag:h3|font_size:30px|text_align:center|color:%23ffffff|line_height:36px&#8221; google_fonts=&#8221;font_family:Shadows%20Into%20Light%20Two%3Aregular|font_style:400%20regular%3A400%3Anormal&#8221;][vc_column_text text_color=&#8221;#ffffff&#8221; font_size=&#8221;50px&#8221; line_height=&#8221;50px&#8221; el_class=&#8221;mgb0&#8243;]<\/p>\n<p style=\"text-align: center;\">Mil\u00e3o<\/p>\n<p>[\/vc_column_text][vc_column_text text_color=&#8221;#ffffff&#8221; font_size=&#8221;40px&#8221; line_height=&#8221;44px&#8221; el_class=&#8221;mg0&#8243;]<\/p>\n<p style=\"text-align: center;\">n. 15 de rua<\/p>\n<p>[\/vc_column_text][vc_column_text text_color=&#8221;#ffffff&#8221; font_size=&#8221;30px&#8221; line_height=&#8221;36px&#8221; el_class=&#8221;mgt0&#8243;]<\/p>\n<p style=\"text-align: center;\">Cesare Melloni<\/p>\n<p>[\/vc_column_text][\/vc_column_inner][\/vc_row_inner][vc_column_text text_color=&#8221;#ffffff&#8221; el_class=&#8221;w-link&#8221;]<strong>Um pequeno come\u00e7o:<\/strong> duas mulheres, Ir. Giuseppina Dones e a jovem Giuseppina Rodolfi, come\u00e7am\u00a0na igreja\u00a0uma nova fam\u00edlia religiosa mission\u00e1ria com uma <a class=\"\" href=\"#\" rel=\"noopener noreferrer\" data-toggle=\"modal\" data-container=\"body\" data-target=\"#preghiera\">ORA\u00c7\u00c3O SIMPLES DE CONSAGRA\u00c7\u00c3O<\/a> a Deus para a miss\u00e3o, entregando-se nas m\u00e3os de Maria Imaculata.<\/p>\n<p><strong>Antes daquele momento<\/strong>: 20 anos de busca, espera, sonhos e ora\u00e7\u00f5es. Os protagonistas do projeto que lentamente toma forma no f\u00e9rtil terreno mission\u00e1rio do <a href=\"https:\/\/www.pime.org\/index.php\/pt\/\">Pontif\u00edcio Instituto das Miss\u00f5es Estrangeiras (PIME) <\/a>s\u00e3o: <a href=\"\/?page_id=8881\">Ir. Giuseppina Dones<\/a> (na \u00e9poca Irm\u00e3 da Repara\u00e7\u00e3o), a jo-vem Giuseppina Rodolfi (que depois receber\u00e1 o nome de Ir. Igilda), nossas fundadoras; os padres do PIME: <a href=\"\/?page_id=8869\">Pe. Paolo Manna<\/a> (beatificado no ano 2001) inspirador do Carisma e <a href=\"\/?page_id=8885\">Dom Lorenzo Maria Balconi<\/a>, co-fundador.[\/vc_column_text][\/vc_column][vc_column width=&#8221;1\/2&#8243;][vc_single_image image=&#8221;9145&#8243; img_size=&#8221;full&#8221; alignment=&#8221;center&#8221; css=&#8221;.vc_custom_1507131894027{margin-top: 30px !important;}&#8221;][\/vc_column][\/vc_row][vc_row equal_height=&#8221;yes&#8221;][vc_column width=&#8221;1\/2&#8243;][vc_column_text]<strong>A busca de Me. Dones<\/strong><\/p>\n<p>No ano 1898, Giuseppina Dones tem 18 anos: durante as miss\u00f5es populares na sua par\u00f3quia de Baggio (Mil\u00e3o), decide consagrar-se a Deus na vida mission\u00e1ria. Depois que Ida, sua irm\u00e3 mais velha, entra no Instituto das Irm\u00e3s da Repara\u00e7\u00e3o, Giuseppina a segue reconhecendo o chamado de Deus atrav\u00e9s do convite da formadora.<\/p>\n<p>Em 1916, o Instituto da Repara\u00e7\u00e3o aceita colaborar com o PIME na expedi\u00e7\u00e3o das revistas mission\u00e1rias, e a responsabilidade do trabalho \u00e9 confiada a Ir. Giuseppina Dones. O Diretor do escrit\u00f3rio de anima\u00e7\u00e3o mission\u00e1ria \u00e9 o Pe. Paolo Manna, que Madre Dones encontra pela primeira vez no dia 9 de janeiro de 1917, uma data que ela jamais esquecer\u00e1.[\/vc_column_text][vc_single_image image=&#8221;9137&#8243; img_size=&#8221;full&#8221; alignment=&#8221;center&#8221;][vc_column_text]Madre Dones se dedica ao novo servi\u00e7o com paix\u00e3o, convencida que este \u00e9 um meio para animar todos os crist\u00e3os na participa\u00e7\u00e3o \u00e0 miss\u00e3o. As Irm\u00e3s da Repara\u00e7\u00e3o, ao inv\u00e9s, come\u00e7am logo a consider\u00e1-lo como um compromisso pesado, que empenha pessoal precioso que serviria para outras atividades. Ent\u00e3o surge uma ideia na mente de Madre Dones: n\u00e3o seria melhor ter pessoal que se dedique a esta obra por voca\u00e7\u00e3o? Ela cultiva esta intui\u00e7\u00e3o em segredo por mais de dois anos, at\u00e9 que em 1919 fala sobre isso, pela primeira vez, com o Pe. Manna. As primeiras tentativas de realizar o projeto em 1925 e 1926, n\u00e3o se concretizam.[\/vc_column_text][\/vc_column][vc_column width=&#8221;1\/2&#8243;][vc_column_text]<strong>O caminho de Giuseppina<\/strong><\/p>\n<p>Ao mesmo tempo, vai acontecendo uma hist\u00f3ria paralela. Em 1914, Giuseppina Rodolfi, uma jovem de catorze anos, de Mil\u00e3o, em busca do pr\u00f3prio ideal de vida, encontra o seu caminho: um dia seu pai leva para casa uma revista do PIME e ela, olhando-a diz a si mesma: &#8220;Achei, quero ser mission\u00e1ria&#8221;. Muitos Institutos t\u00eam miss\u00f5es, mas ela n\u00e3o se sente atra\u00edda por nenhum deles. Frequentando o Instituto das Miss\u00f5es Estrangeiras de Mil\u00e3o junto com o seu irm\u00e3o Armando, come\u00e7a a desejar uma congrega\u00e7\u00e3o feminina que tenha o mesmo esp\u00edrito do PIME.<\/p>\n<p><strong>Os protagonistas se encontram<\/strong><\/p>\n<p>Finalmente, em 1927, os caminhos de Madre Dones, Giuseppina e Pe. Manna convergem em uma \u00fanica hist\u00f3ria. Giuseppina Rodolfi durante um Congressinho dos amigos do PIME, encontra Madre Dones que a encaminha ao Pe. Manna. Com o apoio deles, Giuseppina come\u00e7a a reunir em torno dela um primeiro grupo de aspirantes mission\u00e1rias e fazer press\u00e3o sobre o PIME para que fa\u00e7a surgir alguma coisa. Mas durante v\u00e1rios anos e devido a diversas dificuldades, Pe. Manna n\u00e3o se decide. Um outro mission\u00e1rio do PIME, por\u00e9m,\u00a0Pe. Giovanni Battista Tragella, apoia e encoraja Giuseppina nas suas dificuldades de modo que continue a cultivar o seu sonho.[\/vc_column_text][vc_single_image image=&#8221;9141&#8243; img_size=&#8221;full&#8221; alignment=&#8221;center&#8221;][vc_column_text]<strong>A funda\u00e7\u00e3o<\/strong><\/p>\n<p>Em 1934, o PIME celebra em Hong Kong a pr\u00f3pria Assembleia geral, na qual acolhe a proposta &#8220;da funda\u00e7\u00e3o de uma Congrega\u00e7\u00e3o feminina paralela ao Instituto das Miss\u00f5es Estrangeiras&#8221; e confia a realiza\u00e7\u00e3o a Dom Lorenzo Maria Balconi, novo superior geral.<\/p>\n<p>Passaram ainda dois anos at\u00e9 quando, no dia 8\/12\/1936, Madre Dones e Giuseppina Rodolfi deram vida \u00e0 nova congrega\u00e7\u00e3o. A ajuda paterna de Dom Lorenzo Maria Balconi foi preciosa e determinante na realiza\u00e7\u00e3o do sonho das duas fundadoras e nos primeiros passos da nova fam\u00edlia mission\u00e1ria.[\/vc_column_text][\/vc_column][\/vc_row][vc_row text_align=&#8221;center&#8221; padding_top=&#8221;0&#8243; padding_bottom=&#8221;0&#8243; overflow=&#8221;false&#8221;][vc_column][vc_custom_heading text=&#8221;Nossos Fundadores&#8221; font_container=&#8221;tag:h2|font_size:40px|text_align:center|color:%23ff2e2a|line_height:44px&#8221; google_fonts=&#8221;font_family:Shadows%20Into%20Light%20Two%3Aregular|font_style:400%20regular%3A400%3Anormal&#8221;]<div  class=\"kleo-gap\" style=\"height:20px;line-height:20px;\"><\/div>[vc_row_inner][vc_column_inner width=&#8221;1\/4&#8243;][vc_single_image image=&#8221;8322&#8243; img_size=&#8221;full&#8221; alignment=&#8221;center&#8221; onclick=&#8221;custom_link&#8221; animation=&#8221;animate-when-visible&#8221; css_animation=&#8221;bottom-to-top&#8221; link=&#8221;\/missionarie-immacolata\/storia\/madre-giuseppina-dones\/&#8221;][vc_column_text font_size=&#8221;20px&#8221; line_height=&#8221;24px&#8221; el_class=&#8221;mgb0&#8243;]<a href=\"\/?page_id=8881\"><strong>Madre Dones<\/strong><\/a>[\/vc_column_text][vc_column_text el_class=&#8221;mgt0&#8243;]Fundadora[\/vc_column_text][\/vc_column_inner][vc_column_inner width=&#8221;1\/4&#8243;][vc_single_image image=&#8221;8326&#8243; img_size=&#8221;full&#8221; alignment=&#8221;center&#8221; onclick=&#8221;custom_link&#8221; animation=&#8221;animate-when-visible&#8221; css_animation=&#8221;bottom-to-top&#8221; link=&#8221;\/missionarie-immacolata\/storia\/giuseppina-rodolfi\/&#8221;][vc_column_text font_size=&#8221;20px&#8221; line_height=&#8221;24px&#8221; el_class=&#8221;mgb0&#8243;]<a href=\"\/?page_id=8873\"><strong>Madre Igilda<\/strong><\/a>[\/vc_column_text][vc_column_text el_class=&#8221;mgt0&#8243;]Fundadora[\/vc_column_text][\/vc_column_inner][vc_column_inner width=&#8221;1\/4&#8243;][vc_single_image image=&#8221;8330&#8243; img_size=&#8221;full&#8221; alignment=&#8221;center&#8221; onclick=&#8221;custom_link&#8221; animation=&#8221;animate-when-visible&#8221; css_animation=&#8221;bottom-to-top&#8221; link=&#8221;\/missionarie-immacolata\/storia\/beato-paolo-manna\/&#8221;][vc_column_text font_size=&#8221;20px&#8221; line_height=&#8221;24px&#8221; el_class=&#8221;mgb0&#8243;]<a href=\"\/?page_id=8869\"><strong>Padre Paolo Manna<\/strong><\/a>[\/vc_column_text][vc_column_text el_class=&#8221;mgt0&#8243;]Inspirador do carisma[\/vc_column_text][\/vc_column_inner][vc_column_inner width=&#8221;1\/4&#8243;][vc_single_image image=&#8221;8333&#8243; img_size=&#8221;full&#8221; alignment=&#8221;center&#8221; onclick=&#8221;custom_link&#8221; animation=&#8221;animate-when-visible&#8221; css_animation=&#8221;bottom-to-top&#8221; link=&#8221;\/missionarie-immacolata\/storia\/mons-lorenzo-maria-balconi\/&#8221;][vc_column_text font_size=&#8221;20px&#8221; line_height=&#8221;24px&#8221; el_class=&#8221;mgb0&#8243;]<a href=\"\/?page_id=8885\"><strong>Dom Lorenzo M. Balconi<\/strong><\/a>[\/vc_column_text][vc_column_text el_class=&#8221;mgt0&#8243;]Co-fundador[\/vc_column_text][\/vc_column_inner][\/vc_row_inner][\/vc_column][\/vc_row][vc_row padding_bottom=&#8221;100&#8243;][vc_column width=&#8221;1\/3&#8243; css=&#8221;.vc_custom_1498582283456{padding-right: 20% !important;padding-left: 20% !important;}&#8221;][\/vc_column][vc_column width=&#8221;1\/3&#8243;][vc_column_text font_weight=&#8221;bold&#8221; el_class=&#8221;sac-btn&#8221;]<\/p>\n<p style=\"font-size: 20px; line-height: 26px; text-align: center; margin: 0;\"><a href=\"\/?page_id=8877\"><span style=\"font-family: 'Shadows Into Light Two', cursive;\">A hist\u00f3ria continua:<br \/>\ndatas importantes<\/span><\/a><\/p>\n<p>[\/vc_column_text][\/vc_column][vc_column width=&#8221;1\/3&#8243;][\/vc_column][\/vc_row][vc_row][vc_column][vc_column_text]<\/p>\n<div id=\"tragella\" class=\"modal fade\" tabindex=\"-1\">\n<div class=\"modal-dialog\">\n<div class=\"modal-content\">\n<div class=\"modal-header\">\n<p><button class=\"close\" type=\"button\" data-dismiss=\"modal\">\u00d7<\/button><\/p>\n<h4 id=\"myModalLabel1\" class=\"modal-title\"><b>Pe. Giovanni Battista Tragell <\/b><\/h4>\n<\/div>\n<div class=\"modal-body\">\n<p><img decoding=\"async\" src=\"\/wp-content\/uploads\/2017\/07\/padre-giovanni-battista-tragella.jpg\" \/><\/p>\n<blockquote><p>\u201cPobre sacerdote-mission\u00e1rio&#8230; de papel! O Senhor tenha miseric\u00f3rdia de n\u00f3s se ele quiser servir-se do nosso pobre ser, da nossa pequena chama para iluminar um peda\u00e7o do mundo\u201d<\/p><\/blockquote>\n<p><img decoding=\"async\" class=\"size-medium wp-image-8336 alignleft\" src=\"https:\/\/www.mdipime.org\/wp-content\/uploads\/2017\/03\/padre-tragella-179x300.jpg\" alt=\"Padre Giovanni Battista Tragella\" width=\"179\" height=\"300\" srcset=\"https:\/\/mdipime.org\/wp-content\/uploads\/2017\/03\/padre-tragella-179x300.jpg 179w, https:\/\/mdipime.org\/wp-content\/uploads\/2017\/03\/padre-tragella.jpg 600w\" sizes=\"(max-width: 179px) 100vw, 179px\" \/><\/p>\n<p>Pe. Giovanni Battista Tragella nasceu em Mil\u00e3o em 1885 entrou no PIME em 1911 quando j\u00e1 era sacerdote diocesano de Genova. Ap\u00f3s dois breves per\u00edodos como mission\u00e1rio em Hong Kong (China), em 1912 foi obrigado a permanecer definitivamente na It\u00e1lia por motivos de sa\u00fade. \u00a0Homem intelectual \u00e9 considerado o fundador dos estudos de missiologia na It\u00e1lia, titular da primeira C\u00e1tedra de Missiologia na Universidade Urbaniana em Roma e membro da Comiss\u00e3o preparat\u00f3ria do Conc\u00edlio Vaticano II.<\/p>\n<p>A partir de 1916 substituiu o Pe. Manna na dire\u00e7\u00e3o da imprensa e da &#8220;propaganda mission\u00e1ria&#8221; em Mil\u00e3o e colaborou com ele na difus\u00e3o do ideal mission\u00e1rio na It\u00e1lia, n\u00e3o como busca por ajuda financeira e voca\u00e7\u00f5es para seu pr\u00f3prio Instituto, mas para fazer conhecer e amar a miss\u00e3o, a servi\u00e7o de toda a Igreja.<\/p>\n<p>Historiador, jornalista e escritor, em 1922 iniciou a Pequena biblioteca mission\u00e1ria, publicando dez volumes por ano. A &#8220;Pequena biblioteca&#8221; de Tragella foi montada em 24 anos e totaliza 170 volumes. \u00c9 a maior cole\u00e7\u00e3o de livros mission\u00e1rios na hist\u00f3ria da imprensa mission\u00e1ria italiana. Para difundir a \u201cIt\u00e1lia mission\u00e1ria\u201d, revista mission\u00e1ria do PIME para os jovens, Tragella fundou os &#8220;Pequenos amigos do PIME&#8221; cujo primeiro encontro realizou-se no dia 18 de julho de 1926. Em 1928 a iniciativa se expandiu e passou a denominar-se Associa\u00e7\u00e3o amigos do PIME, que continua at\u00e9 hoje, com encontros anuais no Congressinho Mission\u00e1rio do PIME em Mil\u00e3o.<\/p>\n<blockquote><p>\u201cO senhor que lhe inspirou tal obra, tamb\u00e9m lhe dar\u00e1 a coragem e a capacidade de lev\u00e1-la a cumprimento. Quando se trata das obras de Deus, \u00e9 Ele quem faz, n\u00e3o n\u00f3s, n\u00f3s s\u00f3 colaboramos e tamb\u00e9m isso o fazemos por sua infinita miseric\u00f3rdia e com sua gra\u00e7a onipotente\u201d.<\/p><\/blockquote>\n<p>Foi o Pe. Tragella quem inspirou e acompanhou a jovem <a href=\"\/?page_id=8873\">Giuseppina Rodolfi<\/a> para seguir o sonho mission\u00e1rio; quem se interessou pelo projeto da funda\u00e7\u00e3o das Mission\u00e1rias da Imaculada junto ao Pe. Manna em momentos de estagna\u00e7\u00e3o; \u00e9 Ele quem encorajava constantemente as jovens aspirantes para perseverar em seus objetivos e prop\u00f4s a iniciativa de ora\u00e7\u00e3o da &#8220;Semana Mission\u00e1ria&#8221;. \u00a0Ele morreu em Roma em 1968.<\/p>\n<blockquote><p>\u201cComo se percebe que a voca\u00e7\u00e3o mission\u00e1ria \u00e9 verdadeiramente a mais bela, a mais desej\u00e1vel, a mais invej\u00e1vel, a mais extasiante das coisas daqui da terra! Minha querida amiga, voc\u00ea tamb\u00e9m a possui: coragem! N\u00e3o a deixe morrer, leve-a \u00e0 matura\u00e7\u00e3o, fa\u00e7a-a florescer: continue a insistir junto ao Senhor, e procure merec\u00ea-la sempre mais sintonizando-se sempre com o amor Dele, Senhor da messe, Inspirador de todas as iniciativas apost\u00f3licas, o primeiro interessado nesta grande causa\u201d.<\/p><\/blockquote>\n<\/div>\n<\/div>\n<\/div>\n<\/div>\n<p>[\/vc_column_text][\/vc_column][\/vc_row]<\/p>\n<\/div>","protected":false},"excerpt":{"rendered":"<p>[vc_row type=&#8221;color&#8221; bg_color=&#8221;#2c3e50&#8243; padding_top=&#8221;60&#8243; padding_bottom=&#8221;0&#8243;][vc_column][vc_custom_heading text=&#8221;Nossa hist\u00f3ria&#8221; font_container=&#8221;tag:h1|font_size:40px|text_align:left|color:%23ffffff|line_height:44px&#8221; google_fonts=&#8221;font_family:Shadows%20Into%20Light%20Two%3Aregular|font_style:400%20regular%3A400%3Anormal&#8221;][vc_column_text text_color=&#8221;#ffffff&#8221;]AS ORIGENS[\/vc_column_text][vc_column_text] \u00d7 Consagra\u00e7\u00e3o \u00e0 Virgem Imaculada Dignai-vos, \u00f3 Virgem Sant\u00edssima, tomar sob o vosso patroc\u00ednio esta nova Congrega\u00e7\u00e3o: dai-lhe desenvolvimento e vida, para que possa cooperar eficazmente na propaga\u00e7\u00e3o do Reino de Deus sobre a terra e na convers\u00e3o de todos os povos. Tomai-nos sob a vossa prote\u00e7\u00e3o a n\u00f3s, fracos instrumentos desta grande obra. Sede a nossa M\u00e3e e Mestra tende piedade de n\u00f3s e disponde de n\u00f3s segundo o benepl\u00e1cito divino. Dai-nos um cora\u00e7\u00e3o humilde, generoso, pronto a tudo sacrificar pelos interesses da gl\u00f3ria de Deus e para a salva\u00e7\u00e3o dos infi\u00e9is, e obtende-nos o esp\u00edrito de recolhimento, de ora\u00e7\u00e3o, de uni\u00e3o com Deus e de uniformidade com a sua divina vontade. [\/vc_column_text][\/vc_column][\/vc_row][vc_row type=&#8221;color&#8221; bg_color=&#8221;#2c3e50&#8243; padding_top=&#8221;20&#8243; padding_bottom=&#8221;60&#8243;][vc_column width=&#8221;1\/2&#8243;][vc_row_inner][vc_column_inner width=&#8221;1\/2&#8243;][vc_custom_heading text=&#8221;UMA DATA&#8221; font_container=&#8221;tag:h3|font_size:30px|text_align:center|color:%23ffffff|line_height:36px&#8221; google_fonts=&#8221;font_family:Shadows%20Into%20Light%20Two%3Aregular|font_style:400%20regular%3A400%3Anormal&#8221;][vc_column_text text_color=&#8221;#ffffff&#8221; font_size=&#8221;30px&#8221; line_height=&#8221;36px&#8221; font_weight=&#8221;bold&#8221; el_class=&#8221;mgb0&#8243;] 8 de dezembro [\/vc_column_text][vc_column_text text_color=&#8221;#ffffff&#8221; font_size=&#8221;50px&#8221; line_height=&#8221;50px&#8221; font_weight=&#8221;bold&#8221; el_class=&#8221;mgt0&#8243;] 1936 [\/vc_column_text][\/vc_column_inner][vc_column_inner width=&#8221;1\/2&#8243;][vc_custom_heading text=&#8221;UM LUGAR&#8221; font_container=&#8221;tag:h3|font_size:30px|text_align:center|color:%23ffffff|line_height:36px&#8221; google_fonts=&#8221;font_family:Shadows%20Into%20Light%20Two%3Aregular|font_style:400%20regular%3A400%3Anormal&#8221;][vc_column_text text_color=&#8221;#ffffff&#8221; font_size=&#8221;50px&#8221; line_height=&#8221;50px&#8221; el_class=&#8221;mgb0&#8243;] Mil\u00e3o [\/vc_column_text][vc_column_text text_color=&#8221;#ffffff&#8221; font_size=&#8221;40px&#8221; line_height=&#8221;44px&#8221; el_class=&#8221;mg0&#8243;] n. 15 de rua [\/vc_column_text][vc_column_text text_color=&#8221;#ffffff&#8221; font_size=&#8221;30px&#8221; line_height=&#8221;36px&#8221; el_class=&#8221;mgt0&#8243;] Cesare Melloni [\/vc_column_text][\/vc_column_inner][\/vc_row_inner][vc_column_text text_color=&#8221;#ffffff&#8221; el_class=&#8221;w-link&#8221;]Um pequeno come\u00e7o: duas mulheres, Ir. Giuseppina Dones e a jovem Giuseppina Rodolfi, come\u00e7am\u00a0na igreja\u00a0uma nova fam\u00edlia religiosa mission\u00e1ria com uma ORA\u00c7\u00c3O SIMPLES DE CONSAGRA\u00c7\u00c3O a Deus para a miss\u00e3o, entregando-se nas m\u00e3os de Maria Imaculata. Antes daquele momento: 20 anos de busca, espera, sonhos e ora\u00e7\u00f5es. Os protagonistas do projeto que lentamente toma forma no f\u00e9rtil terreno mission\u00e1rio do Pontif\u00edcio Instituto das Miss\u00f5es Estrangeiras (PIME) s\u00e3o: Ir. Giuseppina Dones (na \u00e9poca Irm\u00e3 da Repara\u00e7\u00e3o), a jo-vem Giuseppina Rodolfi (que depois receber\u00e1 o nome de Ir. Igilda), nossas fundadoras; os padres do PIME: Pe. Paolo Manna (beatificado no ano 2001) inspirador do Carisma e Dom Lorenzo Maria Balconi, co-fundador.[\/vc_column_text][\/vc_column][vc_column width=&#8221;1\/2&#8243;][vc_single_image image=&#8221;9145&#8243; img_size=&#8221;full&#8221; alignment=&#8221;center&#8221; css=&#8221;.vc_custom_1507131894027{margin-top: 30px !important;}&#8221;][\/vc_column][\/vc_row][vc_row equal_height=&#8221;yes&#8221;][vc_column width=&#8221;1\/2&#8243;][vc_column_text]A busca de Me. Dones No ano 1898, Giuseppina Dones tem 18 anos: durante as miss\u00f5es populares na sua par\u00f3quia de Baggio (Mil\u00e3o), decide consagrar-se a Deus na vida mission\u00e1ria. Depois que Ida, sua irm\u00e3 mais velha, entra no Instituto das Irm\u00e3s da Repara\u00e7\u00e3o, Giuseppina a segue reconhecendo o chamado de Deus atrav\u00e9s do convite da formadora. Em 1916, o Instituto da Repara\u00e7\u00e3o aceita colaborar com o PIME na expedi\u00e7\u00e3o das revistas mission\u00e1rias, e a responsabilidade do trabalho \u00e9 confiada a Ir. Giuseppina Dones. O Diretor do escrit\u00f3rio de anima\u00e7\u00e3o mission\u00e1ria \u00e9 o Pe. Paolo Manna, que Madre Dones encontra pela primeira vez no dia 9 de janeiro de 1917, uma data que ela jamais esquecer\u00e1.[\/vc_column_text][vc_single_image image=&#8221;9137&#8243; img_size=&#8221;full&#8221; alignment=&#8221;center&#8221;][vc_column_text]Madre Dones se dedica ao novo servi\u00e7o com paix\u00e3o, convencida que este \u00e9 um meio para animar todos os crist\u00e3os na participa\u00e7\u00e3o \u00e0 miss\u00e3o. As Irm\u00e3s da Repara\u00e7\u00e3o, ao inv\u00e9s, come\u00e7am logo a consider\u00e1-lo como um compromisso pesado, que empenha pessoal precioso que serviria para outras atividades. Ent\u00e3o surge uma ideia na mente de Madre Dones: n\u00e3o seria melhor ter pessoal que se dedique a esta obra por voca\u00e7\u00e3o? Ela cultiva esta intui\u00e7\u00e3o em segredo por mais de dois anos, at\u00e9 que em 1919 fala sobre [&hellip;]<\/p>\n","protected":false},"author":14,"featured_media":0,"parent":23997,"menu_order":0,"comment_status":"closed","ping_status":"closed","template":"page-templates\/full-width.php","meta":{"_acf_changed":false,"footnotes":""},"class_list":["post-8714","page","type-page","status-publish","hentry"],"acf":[],"aioseo_notices":[],"jetpack_sharing_enabled":true,"_links":{"self":[{"href":"https:\/\/mdipime.org\/pt-br\/wp-json\/wp\/v2\/pages\/8714","targetHints":{"allow":["GET"]}}],"collection":[{"href":"https:\/\/mdipime.org\/pt-br\/wp-json\/wp\/v2\/pages"}],"about":[{"href":"https:\/\/mdipime.org\/pt-br\/wp-json\/wp\/v2\/types\/page"}],"author":[{"embeddable":true,"href":"https:\/\/mdipime.org\/pt-br\/wp-json\/wp\/v2\/users\/14"}],"replies":[{"embeddable":true,"href":"https:\/\/mdipime.org\/pt-br\/wp-json\/wp\/v2\/comments?post=8714"}],"version-history":[{"count":0,"href":"https:\/\/mdipime.org\/pt-br\/wp-json\/wp\/v2\/pages\/8714\/revisions"}],"up":[{"embeddable":true,"href":"https:\/\/mdipime.org\/pt-br\/wp-json\/wp\/v2\/pages\/23997"}],"wp:attachment":[{"href":"https:\/\/mdipime.org\/pt-br\/wp-json\/wp\/v2\/media?parent=8714"}],"curies":[{"name":"wp","href":"https:\/\/api.w.org\/{rel}","templated":true}]}}