{"id":8720,"date":"2017-03-31T12:18:09","date_gmt":"2017-03-31T10:18:09","guid":{"rendered":"https:\/\/www.mdipime.org\/missionarias-imacolada\/spiritualita\/"},"modified":"2024-03-22T13:52:35","modified_gmt":"2024-03-22T12:52:35","slug":"espiritualidade","status":"publish","type":"page","link":"https:\/\/mdipime.org\/pt-br\/missionarias-imacolada\/espiritualidade\/","title":{"rendered":"Espiritualidade"},"content":{"rendered":"<div class=\"wpb-content-wrapper\"><p>[vc_row padding_top=&#8221;0&#8243;][vc_column][vc_custom_heading text=&#8221;Carisma e Espiritualidade&#8221; font_container=&#8221;tag:h2|font_size:40px|text_align:left|color:%23ed0707|line_height:44px&#8221; google_fonts=&#8221;font_family:Shadows%20Into%20Light%20Two%3Aregular|font_style:400%20regular%3A400%3Anormal&#8221;][vc_column_text]A gra\u00e7a que recebemos de Deus, o nosso carisma na Igreja, \u00e9 a <em>viva paix\u00e3o de anunciar o Reino de <\/em>Deus<em> a todos os povos<\/em>. Acreditamos ter recebido de Deus o dom e a tarefa de colocarmo-nos totalmente a servi\u00e7o da miss\u00e3o de fazer chegar, com as palavras e as obras, a Boa Not\u00edcia do Senhor Jesus a todos, sobretudo a quem ainda n\u00e3o a conhece e a quem mais necessita que algu\u00e9m se \u201ctorne pr\u00f3ximo\u201d, porque Deus \u00e9 nosso Pai.<\/p>\n<p>Pertencemos a uma fam\u00edlia que desde sempre compreendeu a si mesma como <em>uma Congrega\u00e7\u00e3o mission\u00e1ria no sentido mais vasto e mais alto da palavra<\/em>. Assim quiseram as fundadoras, deixando-se tocar pelas palavras inspiradas do <a href=\"\/?page_id=8869\">p. Paolo Manna<\/a>.<\/p>\n<p>A nossa \u00edcone evang\u00e9lica \u00e9 Jesus o enviado, o mission\u00e1rio, o Ap\u00f3stolo do Pai. Ele se apresenta a n\u00f3s no semblante de um bom Semeador e nos interpela como Semente que se deixa colocar na terra.<\/p>\n<p><img decoding=\"async\" class=\"size-medium wp-image-9187 alignleft\" src=\"https:\/\/mdipime.org\/wp-content\/uploads\/2017\/03\/semeador-mdipime-208x300.png\" alt=\"semeador-catedrale di Registro - Claudio Pastro\" width=\"208\" height=\"300\" srcset=\"https:\/\/mdipime.org\/wp-content\/uploads\/2017\/03\/semeador-mdipime-208x300.png 208w, https:\/\/mdipime.org\/wp-content\/uploads\/2017\/03\/semeador-mdipime.png 515w\" sizes=\"(max-width: 208px) 100vw, 208px\" \/><\/p>\n<p>No gesto do Semeador vemos os tra\u00e7os do esp\u00edrito mission\u00e1rio que somos chamadas a viver.<\/p>\n<p>Semeia e n\u00e3o v\u00ea onde a semente vai cair. Semeia com f\u00e9.<br \/>\nSemeia e a semente cai em todo lugar: semeia com amor, com generosidade.<br \/>\nSemeia e n\u00e3o liga para o cansa\u00e7o e a solid\u00e3o: semeia no sacrif\u00edcio.<br \/>\nSemeia e n\u00e3o se preocupa em ver logo os resultados: semeia com fortaleza e esperan\u00e7a.<br \/>\nSemeia sozinho, mas o seu gesto chama e aguarda outros oper\u00e1rios: comunh\u00e3o que nasce, Igreja mission\u00e1ria.<\/p>\n<p><strong>F\u00e9 viva<\/strong>, <strong>amor universal<\/strong>, <strong>esp\u00edrito de sacrif\u00edcio<\/strong> sem reservas, <strong>fortaleza<\/strong> e <strong>esperan\u00e7a<\/strong>, <strong>comunh\u00e3o eclesial<\/strong>: s\u00e3o os tra\u00e7os espirituais do nosso modo de ser mission\u00e1rias <em>ad gentes<\/em>.<\/p>\n<p>A for\u00e7a para este projeto de vida nos vem da Eucaristia e da confian\u00e7a em Maria, a Imaculada, a mulher do sim, a Rainha dos ap\u00f3stolos que nos ensina a cumprir o des\u00edgnio do Pai.<\/p>\n<p>Cada uma de n\u00f3s acolheu em si, como primeiro germe carism\u00e1tico, um desejo ardente e apaixonado de ser mission\u00e1ria, enviada como Jesus Ap\u00f3stolo &#8211; Semeador e Semente &#8211; enviada por Jesus, para continuar no mundo a sua miss\u00e3o.[\/vc_column_text]<div class=\"text-center\"><a class=\"btn sac-btn with-icon no-border-radius btn-custom btn-lg hover-tip\" href=\"https:\/\/www.mdipime.org\/wp-content\/uploads\/2019\/06\/a.LA-SPIRITUALIT\u00c0-DELLE-MdI.pdf\" target=\"_blank\" data-toggle=\"tooltip\" data-original-title=\"Cliccando sul pulsante puoi scaricare il pdf ``La spiritualit\u00e0 MdI`` dove puoi leggere un approfondimento sulla nostra spiritualit\u00e0\" data-placement=\"top\" style=\"font-size: 22px;font-weight: 700;border: none !important;\"><i class=\"icon-download\" ><\/i> Espiritualidade MdI<\/a><\/div>[\/vc_column][\/vc_row]<\/p>\n<\/div>","protected":false},"excerpt":{"rendered":"<p>[vc_row padding_top=&#8221;0&#8243;][vc_column][vc_custom_heading text=&#8221;Carisma e Espiritualidade&#8221; font_container=&#8221;tag:h2|font_size:40px|text_align:left|color:%23ed0707|line_height:44px&#8221; google_fonts=&#8221;font_family:Shadows%20Into%20Light%20Two%3Aregular|font_style:400%20regular%3A400%3Anormal&#8221;][vc_column_text]A gra\u00e7a que recebemos de Deus, o nosso carisma na Igreja, \u00e9 a viva paix\u00e3o de anunciar o Reino de Deus a todos os povos. Acreditamos ter recebido de Deus o dom e a tarefa de colocarmo-nos totalmente a servi\u00e7o da miss\u00e3o de fazer chegar, com as palavras e as obras, a Boa Not\u00edcia do Senhor Jesus a todos, sobretudo a quem ainda n\u00e3o a conhece e a quem mais necessita que algu\u00e9m se \u201ctorne pr\u00f3ximo\u201d, porque Deus \u00e9 nosso Pai. Pertencemos a uma fam\u00edlia que desde sempre compreendeu a si mesma como uma Congrega\u00e7\u00e3o mission\u00e1ria no sentido mais vasto e mais alto da palavra. Assim quiseram as fundadoras, deixando-se tocar pelas palavras inspiradas do p. Paolo Manna. A nossa \u00edcone evang\u00e9lica \u00e9 Jesus o enviado, o mission\u00e1rio, o Ap\u00f3stolo do Pai. Ele se apresenta a n\u00f3s no semblante de um bom Semeador e nos interpela como Semente que se deixa colocar na terra. No gesto do Semeador vemos os tra\u00e7os do esp\u00edrito mission\u00e1rio que somos chamadas a viver. Semeia e n\u00e3o v\u00ea onde a semente vai cair. Semeia com f\u00e9. Semeia e a semente cai em todo lugar: semeia com amor, com generosidade. Semeia e n\u00e3o liga para o cansa\u00e7o e a solid\u00e3o: semeia no sacrif\u00edcio. Semeia e n\u00e3o se preocupa em ver logo os resultados: semeia com fortaleza e esperan\u00e7a. Semeia sozinho, mas o seu gesto chama e aguarda outros oper\u00e1rios: comunh\u00e3o que nasce, Igreja mission\u00e1ria. F\u00e9 viva, amor universal, esp\u00edrito de sacrif\u00edcio sem reservas, fortaleza e esperan\u00e7a, comunh\u00e3o eclesial: s\u00e3o os tra\u00e7os espirituais do nosso modo de ser mission\u00e1rias ad gentes. A for\u00e7a para este projeto de vida nos vem da Eucaristia e da confian\u00e7a em Maria, a Imaculada, a mulher do sim, a Rainha dos ap\u00f3stolos que nos ensina a cumprir o des\u00edgnio do Pai. Cada uma de n\u00f3s acolheu em si, como primeiro germe carism\u00e1tico, um desejo ardente e apaixonado de ser mission\u00e1ria, enviada como Jesus Ap\u00f3stolo &#8211; Semeador e Semente &#8211; enviada por Jesus, para continuar no mundo a sua miss\u00e3o.[\/vc_column_text][\/vc_column][\/vc_row]<\/p>\n","protected":false},"author":14,"featured_media":0,"parent":23997,"menu_order":0,"comment_status":"closed","ping_status":"closed","template":"","meta":{"_acf_changed":false,"footnotes":""},"class_list":["post-8720","page","type-page","status-publish","hentry"],"acf":[],"aioseo_notices":[],"jetpack_sharing_enabled":true,"_links":{"self":[{"href":"https:\/\/mdipime.org\/pt-br\/wp-json\/wp\/v2\/pages\/8720","targetHints":{"allow":["GET"]}}],"collection":[{"href":"https:\/\/mdipime.org\/pt-br\/wp-json\/wp\/v2\/pages"}],"about":[{"href":"https:\/\/mdipime.org\/pt-br\/wp-json\/wp\/v2\/types\/page"}],"author":[{"embeddable":true,"href":"https:\/\/mdipime.org\/pt-br\/wp-json\/wp\/v2\/users\/14"}],"replies":[{"embeddable":true,"href":"https:\/\/mdipime.org\/pt-br\/wp-json\/wp\/v2\/comments?post=8720"}],"version-history":[{"count":0,"href":"https:\/\/mdipime.org\/pt-br\/wp-json\/wp\/v2\/pages\/8720\/revisions"}],"up":[{"embeddable":true,"href":"https:\/\/mdipime.org\/pt-br\/wp-json\/wp\/v2\/pages\/23997"}],"wp:attachment":[{"href":"https:\/\/mdipime.org\/pt-br\/wp-json\/wp\/v2\/media?parent=8720"}],"curies":[{"name":"wp","href":"https:\/\/api.w.org\/{rel}","templated":true}]}}