{"id":8754,"date":"2017-07-10T13:04:07","date_gmt":"2017-07-10T11:04:07","guid":{"rendered":"https:\/\/www.mdipime.org\/missionarias-imacolada\/comunidades\/asia\/"},"modified":"2024-03-22T13:51:43","modified_gmt":"2024-03-22T12:51:43","slug":"asia","status":"publish","type":"page","link":"https:\/\/mdipime.org\/pt-br\/missionarias-imacolada\/comunidades\/asia\/","title":{"rendered":"\u00c1sia"},"content":{"rendered":"<div class=\"wpb-content-wrapper\"><p>[vc_row padding_top=&#8221;20&#8243; padding_bottom=&#8221;20&#8243;][vc_column][vc_accordion active_tab=&#8221;1&#8243; el_class=&#8221;comunitaccord&#8221;][vc_accordion_tab title=&#8221;\u00cdndia &#8211; Vijayawada&#8221; icon=&#8221;minus&#8221; icon_closed=&#8221;plus&#8221; el_id=&#8221;vijayawada-india&#8221;][vc_column_text]<img decoding=\"async\" class=\"size-medium wp-image-18668 alignleft\" src=\"https:\/\/www.mdipime.org\/wp-content\/uploads\/2018\/11\/vija-300x225.jpg\" alt=\"vijaiawada\" width=\"300\" height=\"225\" srcset=\"https:\/\/mdipime.org\/wp-content\/uploads\/2018\/11\/vija-300x225.jpg 300w, https:\/\/mdipime.org\/wp-content\/uploads\/2018\/11\/vija-672x504.jpg 672w, https:\/\/mdipime.org\/wp-content\/uploads\/2018\/11\/vija.jpg 700w\" sizes=\"(max-width: 300px) 100vw, 300px\" \/>A prov\u00edncia de Vijayawada \u00e9 nossa primeira miss\u00e3o fora da It\u00e1lia e teve seu in\u00edcio humilde em 2 de outubro de 1948 com a chegada das primeiras seis irm\u00e3s italianas: Paola Barlassina, Antonia Pisoni, Ida Moiana, Federica Cavenago, Clementina Fico e Teresina Galimberti, que se estabeleceram a Gudivada, diocese de Vijayawada no Andhra Pradesh, a convite de Dom Domenico Grassi, PIME, primeiro Bispo da diocese.<\/p>\n<p>As irm\u00e3s indianas, que, a partir de 1958, entraram em nossa fam\u00edlia mission\u00e1ria deram for\u00e7a e dinamismo \u00e0 nova miss\u00e3o e foram abertas muitas comunidades em diferentes partes da Diocese de Vijayawada. O crescimento da nossa fam\u00edlia colaborou para o surgimento de muitas par\u00f3quias e comunidades crist\u00e3s neste contexto predominantemente hindu.<\/p>\n<p>Sendo a miss\u00e3o ad extra (fora do pa\u00eds de origem) a caracter\u00edstica espec\u00edfica do nosso Instituto, desde 1968 muitas mission\u00e1rias indianas partiram para diferentes miss\u00f5es, em diversos continentes, para difundir o Evangelho.<\/p>\n<p>Atualmente temos mais de 302 irm\u00e3s na prov\u00edncia, a maior parte delas s\u00e3o indianas e algumas italianas. Est\u00e3o envolvidas na atividade pastoral e catequ\u00e9tica, no campo da sa\u00fade (hospitais, centros de sa\u00fade, dispens\u00e1rios, centros para hansenianos e AIDS), o apostolado da educa\u00e7\u00e3o (escolas, casas de acolhida para estudantes) e em atividades de desenvolvimento social.<\/p>\n<p>As irm\u00e3s na \u00cdndia partilham as preocupa\u00e7\u00f5es da igreja local, que considera como principais elementos da miss\u00e3o e evangeliza\u00e7\u00e3o no contexto de hoje: presen\u00e7a e testemunho; compromisso com o desenvolvimento social e promo\u00e7\u00e3o humana; vida lit\u00fargica, ora\u00e7\u00e3o e contempla\u00e7\u00e3o; di\u00e1logo inter-religioso e incultura\u00e7\u00e3o; an\u00fancio e catequese.[\/vc_column_text][\/vc_accordion_tab][vc_accordion_tab title=&#8221;\u00cdndia \u2013 Hyderabad&#8221; icon=&#8221;minus&#8221; icon_closed=&#8221;plus&#8221; el_id=&#8221;\u00cdndia\u2013Hyderabad&#8221;][vc_column_text]<img decoding=\"async\" class=\"size-medium wp-image-18672 alignleft\" src=\"https:\/\/www.mdipime.org\/wp-content\/uploads\/2018\/11\/hyd-300x200.jpg\" alt=\"hyderabad\" width=\"300\" height=\"200\" srcset=\"https:\/\/mdipime.org\/wp-content\/uploads\/2018\/11\/hyd-300x200.jpg 300w, https:\/\/mdipime.org\/wp-content\/uploads\/2018\/11\/hyd-672x447.jpg 672w, https:\/\/mdipime.org\/wp-content\/uploads\/2018\/11\/hyd.jpg 700w\" sizes=\"(max-width: 300px) 100vw, 300px\" \/>Em 1985, nossa miss\u00e3o na \u00cdndia foi dividida em duas prov\u00edncias, estabelecidas, respectivamente, em Vijayawada e Hyderabad.<\/p>\n<p>Como na prov\u00edncia de Vijayawada, as irm\u00e3s est\u00e3o envolvidas na atividade pastoral e catequ\u00e9tica, no campo da sa\u00fade, do desenvolvimento integral e da promo\u00e7\u00e3o humana. At\u00e9 hoje a prov\u00edncia de Hyderabad conta com 188 irm\u00e3s, a maioria s\u00e3o indianas e algumas italianas. Aumenta sempre mais o n\u00famero de irm\u00e3s enviadas para outras partes do mundo onde o Instituto j\u00e1 est\u00e1 presente.[\/vc_column_text][\/vc_accordion_tab][vc_accordion_tab title=&#8221;\u00cdndia &#8211; Siliguri&#8221; icon=&#8221;minus&#8221; icon_closed=&#8221;plus&#8221; el_id=&#8221;\u00cdndia-Siliguri&#8221;][vc_column_text]<img decoding=\"async\" class=\"size-medium wp-image-18675 alignleft\" src=\"https:\/\/www.mdipime.org\/wp-content\/uploads\/2018\/11\/siliguri-web-300x129.jpg\" alt=\"\" width=\"300\" height=\"129\" srcset=\"https:\/\/mdipime.org\/wp-content\/uploads\/2018\/11\/siliguri-web-300x129.jpg 300w, https:\/\/mdipime.org\/wp-content\/uploads\/2018\/11\/siliguri-web-672x289.jpg 672w, https:\/\/mdipime.org\/wp-content\/uploads\/2018\/11\/siliguri-web.jpg 700w\" sizes=\"(max-width: 300px) 100vw, 300px\" \/>A primeira comunidade no norte da \u00cdndia foi aberta a convite do bispo da Diocese de Jalpaiguri, a Kalchini, em 11 de mar\u00e7o de 1984. Assim como no in\u00edcio da miss\u00e3o na \u00cdndia com seis irm\u00e3s italianas, aqui tamb\u00e9m um grupo de seis irm\u00e3s foi enviado para come\u00e7ar nossa presen\u00e7a nas regi\u00f5es do nordeste da \u00cdndia.<\/p>\n<p>No ano de 1996, as comunidades no Bengala Ocidental e Manipur foram constitu\u00eddas em uma Delega\u00e7\u00e3o dependente da Regi\u00e3o de Vijayawada, com a sede da delega\u00e7\u00e3o em Siliguri. No ano de 2005, Siliguri foi erigida em prov\u00edncia e hoje \u00e9 formada por 60 irm\u00e3s.<\/p>\n<p>Nos sete Estados do nordeste h\u00e1 182 comunidades tribais; e \u00e9 principalmente entre elas que as irm\u00e3s realizam atividades educacionais, assist\u00eancia no campo da sa\u00fade e do bem-estar e atividades em favor do desenvolvimento e da promo\u00e7\u00e3o integral do povo.<\/p>\n<p>A evangeliza\u00e7\u00e3o ocorre em um contexto multicultural e multil\u00edngue entre os diversos desafios para as fam\u00edlias como o alcoolismo, a pobreza e o fundamentalismo.[\/vc_column_text][\/vc_accordion_tab][vc_accordion_tab title=&#8221;\u00cdndia &#8211; Delhi&#8221; icon=&#8221;minus&#8221; icon_closed=&#8221;plus&#8221; el_id=&#8221;\u00cdndia-Delhi&#8221;][vc_column_text]<img decoding=\"async\" class=\"size-medium wp-image-18678 alignleft\" src=\"https:\/\/www.mdipime.org\/wp-content\/uploads\/2018\/11\/delhi1-300x161.jpg\" alt=\"Delhi\" width=\"300\" height=\"161\" srcset=\"https:\/\/mdipime.org\/wp-content\/uploads\/2018\/11\/delhi1-300x161.jpg 300w, https:\/\/mdipime.org\/wp-content\/uploads\/2018\/11\/delhi1-672x360.jpg 672w, https:\/\/mdipime.org\/wp-content\/uploads\/2018\/11\/delhi1.jpg 750w\" sizes=\"(max-width: 300px) 100vw, 300px\" \/>A Delega\u00e7\u00e3o de Delhi teve origem da divis\u00e3o da prov\u00edncia de Hyderabad e foi erigida em 25 de mar\u00e7o de 2009, de acordo com as orienta\u00e7\u00f5es do IX Cap\u00edtulo geral de 2006.<\/p>\n<p>As diferen\u00e7as entre o norte e sul da \u00cdndia e as dificuldades devidas \u00e0s grandes dist\u00e2ncias geogr\u00e1ficas das comunidades do noroeste, nos levou a estabelecer essas comunidades como uma Delega\u00e7\u00e3o dependente da prov\u00edncia de Hyderabad. O objetivo \u00e9 facilitar a comunica\u00e7\u00e3o entre as comunidades e o centro da delega\u00e7\u00e3o e ter um melhor conhecimento das realidades e necessidades locais e para coordenar melhor as atividades apost\u00f3licas.<\/p>\n<p>As irm\u00e3s que pertencem a esta delega\u00e7\u00e3o s\u00e3o 38, todas indianas.<\/p>\n<p>As atividades s\u00e3o: trabalho catequ\u00e9tico e pastoral nas par\u00f3quias, o apostolado nos vilarejos, pastoral da sa\u00fade e atendimento hospitalar, educa\u00e7\u00e3o e casas de acolhida para crian\u00e7as. A presen\u00e7a crist\u00e3 no noroeste da \u00cdndia ainda \u00e9 muito reduzida e o an\u00fancio e o testemunho crist\u00e3os s\u00e3o considerados como primeira evangeliza\u00e7\u00e3o.[\/vc_column_text][\/vc_accordion_tab][vc_accordion_tab title=&#8221;Bangladesh&#8221; icon=&#8221;minus&#8221; icon_closed=&#8221;plus&#8221; el_id=&#8221;bangladesh&#8221;][vc_column_text]<img decoding=\"async\" class=\"size-medium wp-image-18605 alignleft\" src=\"https:\/\/www.mdipime.org\/wp-content\/uploads\/2018\/11\/bangladesh-mapicon-247x300.jpg\" alt=\"bangladesh disegno\" width=\"247\" height=\"300\" srcset=\"https:\/\/mdipime.org\/wp-content\/uploads\/2018\/11\/bangladesh-mapicon-247x300.jpg 247w, https:\/\/mdipime.org\/wp-content\/uploads\/2018\/11\/bangladesh-mapicon.jpg 320w\" sizes=\"(max-width: 247px) 100vw, 247px\" \/>A nossa presen\u00e7a no Bangladesh come\u00e7ou em 15 de novembro de 1953, quando as tr\u00eas primeiras Irm\u00e3s, Anunciata Dragoni, Germana Barb\u00e9 e Carmela Corti, chegaram no Paquist\u00e3o Oriental, como era ent\u00e3o chamado o atual Bangladesh.<\/p>\n<p>A pedido de Dom Obert, PIME, Bispo de Dinajpur, foi tomada a decis\u00e3o de abrir esta nova miss\u00e3o.<\/p>\n<p>No in\u00edcio as irm\u00e3s dependiam da prov\u00edncia da \u00cdndia. A partir de 1963 as comunidades foram erigidas em organismo. Atualmente o Bangladesh \u00e9 uma prov\u00edncia com aproximadamente 55 irm\u00e3s, a maioria das quais bangladeshi, algumas italianas e outras nacionalidades: brasileira, indiana e chinesa, que desenvolvem atividades mission\u00e1rias.<\/p>\n<p>As irm\u00e3s desenvolvem atividades de primeira evangeliza\u00e7\u00e3o nos vilarejos, no trabalho pastoral em par\u00f3quias e com os jovens e ensinam na escola. Coordenam casas de acolhida para incentivar a escolariza\u00e7\u00e3o, dispens\u00e1rios para os mais pobres e centros de costura para o desenvolvimento das mulheres. Est\u00e3o envolvidas em projetos de preven\u00e7\u00e3o e tratamento da hansen\u00edase e TB, na gest\u00e3o de um hospital em Khulna e Dhanjuri.<\/p>\n<p>As situa\u00e7\u00f5es que representam um desafio mission\u00e1rio no Bangladesh, al\u00e9m do testemunho e do an\u00fancio da f\u00e9 crist\u00e3 em um pa\u00eds predominantemente mu\u00e7ulmano, \u00e9 lidar com a condi\u00e7\u00e3o social de marginaliza\u00e7\u00e3o das mulheres, responder \u00e0s necessidades do desenvolvimento humano e oferecer um suporte para os problemas que os jovens enfrentam.<\/p>\n<p>As nossas irm\u00e3s do Bangladesh tamb\u00e9m s\u00e3o enviadas para participar da miss\u00e3o universal da igreja em pa\u00edses como Papua-Nova Guin\u00e9, Guin\u00e9 Bissau, Rep\u00fablica dos Camar\u00f5es e Brasil.[\/vc_column_text][\/vc_accordion_tab][vc_accordion_tab title=&#8221;Hong Kong &#8211; Cina&#8221; icon=&#8221;minus&#8221; icon_closed=&#8221;plus&#8221; el_id=&#8221;hong-kong-cina&#8221;][vc_column_text]<img decoding=\"async\" class=\"size-medium wp-image-18663 alignleft\" src=\"https:\/\/www.mdipime.org\/wp-content\/uploads\/2018\/11\/hk-300x225.jpg\" alt=\"\" width=\"300\" height=\"225\" srcset=\"https:\/\/mdipime.org\/wp-content\/uploads\/2018\/11\/hk-300x225.jpg 300w, https:\/\/mdipime.org\/wp-content\/uploads\/2018\/11\/hk-672x504.jpg 672w, https:\/\/mdipime.org\/wp-content\/uploads\/2018\/11\/hk.jpg 700w\" sizes=\"(max-width: 300px) 100vw, 300px\" \/>A presen\u00e7a das Mission\u00e1rias da Imaculada em Hong Kong-China come\u00e7ou em 11 de setembro de 1968.<\/p>\n<p>As primeiras duas Irm\u00e3s que chegaram ad Hong Kong foram: Ir. Maddalena Pirodda (da It\u00e1lia) e Ir. Theresa Pathickal (da \u00cdndia).<\/p>\n<p>Mesmo nesta realidade surgiram voca\u00e7\u00f5es locais, posteriormente destinadas \u00e0 Papua-Nova Guin\u00e9, Brasil e Bangladesh. O primeiro apostolado encaminhado foi no campo da educa\u00e7\u00e3o, com a abertura do Col\u00e9gio Paulo VI (link externo ao https:\/\/www.ppaulvi.edu.hk), primeira escola secund\u00e1ria para mo\u00e7as nos Novos Territ\u00f3rios de Hong Kong, na \u00e9poca ainda em desenvolvimento.<\/p>\n<p>Atualmente, fazem parte da miss\u00e3o de Hong Kong 13 irm\u00e3s: uma chinesa e as outras de tr\u00eas diferentes nacionalidades (italiana, brasileira, indiana). Estamos engajadas a tempo integral no trabalho pastoral nas par\u00f3quias, na escola e nos hospitais, na educa\u00e7\u00e3o e periodicamente desenvolvemos nosso apostolado na China Continental.<\/p>\n<p>A evangeliza\u00e7\u00e3o nesta metr\u00f3pole fren\u00e9tica e movimentada, grande centro financeiro, com abertura para a China continental, \u00e9 o maior desafio que n\u00f3s Mission\u00e1rias da Imaculada encontramos e ao qual queremos responder em comunh\u00e3o com a igreja local.[\/vc_column_text][\/vc_accordion_tab][\/vc_accordion][\/vc_column][\/vc_row][vc_row][vc_column][vc_column_text] <!-- start Fla-shop.com HTML5 Map --> <div class='freeHtmlMapbottom htmlMapResponsive' style='max-width:780px; width: 100%'> <div id='map-container-0' class='freeHtmlMapContainer' data-map-variable='map0'><\/div> <link href='https:\/\/mdipime.org\/wp-content\/plugins\/html5-maps\/static\/css\/map.css' rel='stylesheet'> <style> body .fm-tooltip { color: #000000; font-size: 20px; } <\/style> <script src='\/\/cdn.html5maps.com\/3d_party\/raphael.min.js'><\/script> <script src='https:\/\/mdipime.org\/index.php?freemap_js_data=true&map_id=2&r=90749'><\/script> <script src='\/\/cdn.html5maps.com\/libs\/locator\/2.4.0\/world\/map.js'><\/script> <script> var map0 = new FlaMap(map_cfg); map0.drawOnDomReady('map-container-0'); map0.on('click', function(ev, sid, map) { jQuery('#freeHtmlMapStateInfo0').html(''); var link = map.mapConfig.map_data[sid]['link']; if (link == '#info') { var id = map.mapConfig.map_data[sid]['id']; jQuery('#freeHtmlMapStateInfo0').html('Loading...'); jQuery.ajax({ type: 'POST', url: 'https:\/\/mdipime.org\/index.php?freemap_get_state_info='+id+'&map_id=2', success: function(data, textStatus, jqXHR){ jQuery('#freeHtmlMapStateInfo0').html(data); }, dataType: 'text' }); } }); <\/script> <div id='freeHtmlMapStateInfo0' class='freeHtmlMapStateInfo'><\/div> <\/div> <div style='clear: both'><\/div> <!-- end HTML5 Map --> [\/vc_column_text][\/vc_column][\/vc_row]<\/p>\n<\/div>","protected":false},"excerpt":{"rendered":"<p>[vc_row padding_top=&#8221;20&#8243; padding_bottom=&#8221;20&#8243;][vc_column][vc_accordion active_tab=&#8221;1&#8243; el_class=&#8221;comunitaccord&#8221;][vc_accordion_tab title=&#8221;\u00cdndia &#8211; Vijayawada&#8221; icon=&#8221;minus&#8221; icon_closed=&#8221;plus&#8221; el_id=&#8221;vijayawada-india&#8221;][vc_column_text]A prov\u00edncia de Vijayawada \u00e9 nossa primeira miss\u00e3o fora da It\u00e1lia e teve seu in\u00edcio humilde em 2 de outubro de 1948 com a chegada das primeiras seis irm\u00e3s italianas: Paola Barlassina, Antonia Pisoni, Ida Moiana, Federica Cavenago, Clementina Fico e Teresina Galimberti, que se estabeleceram a Gudivada, diocese de Vijayawada no Andhra Pradesh, a convite de Dom Domenico Grassi, PIME, primeiro Bispo da diocese. As irm\u00e3s indianas, que, a partir de 1958, entraram em nossa fam\u00edlia mission\u00e1ria deram for\u00e7a e dinamismo \u00e0 nova miss\u00e3o e foram abertas muitas comunidades em diferentes partes da Diocese de Vijayawada. O crescimento da nossa fam\u00edlia colaborou para o surgimento de muitas par\u00f3quias e comunidades crist\u00e3s neste contexto predominantemente hindu. Sendo a miss\u00e3o ad extra (fora do pa\u00eds de origem) a caracter\u00edstica espec\u00edfica do nosso Instituto, desde 1968 muitas mission\u00e1rias indianas partiram para diferentes miss\u00f5es, em diversos continentes, para difundir o Evangelho. Atualmente temos mais de 302 irm\u00e3s na prov\u00edncia, a maior parte delas s\u00e3o indianas e algumas italianas. Est\u00e3o envolvidas na atividade pastoral e catequ\u00e9tica, no campo da sa\u00fade (hospitais, centros de sa\u00fade, dispens\u00e1rios, centros para hansenianos e AIDS), o apostolado da educa\u00e7\u00e3o (escolas, casas de acolhida para estudantes) e em atividades de desenvolvimento social. As irm\u00e3s na \u00cdndia partilham as preocupa\u00e7\u00f5es da igreja local, que considera como principais elementos da miss\u00e3o e evangeliza\u00e7\u00e3o no contexto de hoje: presen\u00e7a e testemunho; compromisso com o desenvolvimento social e promo\u00e7\u00e3o humana; vida lit\u00fargica, ora\u00e7\u00e3o e contempla\u00e7\u00e3o; di\u00e1logo inter-religioso e incultura\u00e7\u00e3o; an\u00fancio e catequese.[\/vc_column_text][\/vc_accordion_tab][vc_accordion_tab title=&#8221;\u00cdndia \u2013 Hyderabad&#8221; icon=&#8221;minus&#8221; icon_closed=&#8221;plus&#8221; el_id=&#8221;\u00cdndia\u2013Hyderabad&#8221;][vc_column_text]Em 1985, nossa miss\u00e3o na \u00cdndia foi dividida em duas prov\u00edncias, estabelecidas, respectivamente, em Vijayawada e Hyderabad. Como na prov\u00edncia de Vijayawada, as irm\u00e3s est\u00e3o envolvidas na atividade pastoral e catequ\u00e9tica, no campo da sa\u00fade, do desenvolvimento integral e da promo\u00e7\u00e3o humana. At\u00e9 hoje a prov\u00edncia de Hyderabad conta com 188 irm\u00e3s, a maioria s\u00e3o indianas e algumas italianas. Aumenta sempre mais o n\u00famero de irm\u00e3s enviadas para outras partes do mundo onde o Instituto j\u00e1 est\u00e1 presente.[\/vc_column_text][\/vc_accordion_tab][vc_accordion_tab title=&#8221;\u00cdndia &#8211; Siliguri&#8221; icon=&#8221;minus&#8221; icon_closed=&#8221;plus&#8221; el_id=&#8221;\u00cdndia-Siliguri&#8221;][vc_column_text]A primeira comunidade no norte da \u00cdndia foi aberta a convite do bispo da Diocese de Jalpaiguri, a Kalchini, em 11 de mar\u00e7o de 1984. Assim como no in\u00edcio da miss\u00e3o na \u00cdndia com seis irm\u00e3s italianas, aqui tamb\u00e9m um grupo de seis irm\u00e3s foi enviado para come\u00e7ar nossa presen\u00e7a nas regi\u00f5es do nordeste da \u00cdndia. No ano de 1996, as comunidades no Bengala Ocidental e Manipur foram constitu\u00eddas em uma Delega\u00e7\u00e3o dependente da Regi\u00e3o de Vijayawada, com a sede da delega\u00e7\u00e3o em Siliguri. No ano de 2005, Siliguri foi erigida em prov\u00edncia e hoje \u00e9 formada por 60 irm\u00e3s. Nos sete Estados do nordeste h\u00e1 182 comunidades tribais; e \u00e9 principalmente entre elas que as irm\u00e3s realizam atividades educacionais, assist\u00eancia no campo da sa\u00fade e do bem-estar e atividades em favor do desenvolvimento e da promo\u00e7\u00e3o integral do povo. A evangeliza\u00e7\u00e3o ocorre em um contexto multicultural e multil\u00edngue entre os diversos desafios para [&hellip;]<\/p>\n","protected":false},"author":14,"featured_media":0,"parent":8726,"menu_order":0,"comment_status":"closed","ping_status":"closed","template":"","meta":{"_acf_changed":false,"footnotes":""},"class_list":["post-8754","page","type-page","status-publish","hentry"],"acf":[],"aioseo_notices":[],"jetpack_sharing_enabled":true,"_links":{"self":[{"href":"https:\/\/mdipime.org\/pt-br\/wp-json\/wp\/v2\/pages\/8754","targetHints":{"allow":["GET"]}}],"collection":[{"href":"https:\/\/mdipime.org\/pt-br\/wp-json\/wp\/v2\/pages"}],"about":[{"href":"https:\/\/mdipime.org\/pt-br\/wp-json\/wp\/v2\/types\/page"}],"author":[{"embeddable":true,"href":"https:\/\/mdipime.org\/pt-br\/wp-json\/wp\/v2\/users\/14"}],"replies":[{"embeddable":true,"href":"https:\/\/mdipime.org\/pt-br\/wp-json\/wp\/v2\/comments?post=8754"}],"version-history":[{"count":0,"href":"https:\/\/mdipime.org\/pt-br\/wp-json\/wp\/v2\/pages\/8754\/revisions"}],"up":[{"embeddable":true,"href":"https:\/\/mdipime.org\/pt-br\/wp-json\/wp\/v2\/pages\/8726"}],"wp:attachment":[{"href":"https:\/\/mdipime.org\/pt-br\/wp-json\/wp\/v2\/media?parent=8754"}],"curies":[{"name":"wp","href":"https:\/\/api.w.org\/{rel}","templated":true}]}}