{"id":8766,"date":"2017-03-31T12:32:28","date_gmt":"2017-03-31T10:32:28","guid":{"rendered":"https:\/\/www.mdipime.org\/insieme-a-noi\/"},"modified":"2024-03-22T13:37:58","modified_gmt":"2024-03-22T12:37:58","slug":"juntos-conosco","status":"publish","type":"page","link":"https:\/\/mdipime.org\/pt-br\/juntos-conosco\/","title":{"rendered":"Juntos conosco"},"content":{"rendered":"<div class=\"wpb-content-wrapper\"><p>[vc_row type=&#8221;color&#8221; bg_color=&#8221;#ffffff&#8221; padding_top=&#8221;20&#8243; padding_bottom=&#8221;20&#8243; padding_left=&#8221;20&#8243; padding_right=&#8221;20&#8243; margin_bottom=&#8221;20px&#8221;][vc_column][vc_column_text]A nossa presen\u00e7a mission\u00e1ria em v\u00e1rios pa\u00edses do mundo, atraiu ao longo do caminho, grupos de leigos para partilhar conosco o tempo, habilidades e at\u00e9 mesmo estilo de vida. Formaram-se dois grupos que representam duas modalidades de participa\u00e7\u00e3o na nossa vida mission\u00e1ria: os <strong>Leigos MdI<\/strong> que partilham a nossa espiritualidade na vida di\u00e1ria e a <strong>Associa\u00e7\u00e3o dos Amigos das Mission\u00e1rias da Imaculada<\/strong> que apoiam as nossas atividades mission\u00e1rias atrav\u00e9s de doa\u00e7\u00f5es e, onde poss\u00edvel, com trabalhos volunt\u00e1rios. Esta se\u00e7\u00e3o \u00e9 dedicada a eles e a todos aqueles que desejam conhecer suas atividades.[\/vc_column_text][\/vc_column][\/vc_row][vc_row equal_height=&#8221;yes&#8221; content_placement=&#8221;middle&#8221; type=&#8221;color&#8221; bg_color=&#8221;#ffffff&#8221; padding_top=&#8221;20&#8243; padding_bottom=&#8221;20&#8243; padding_left=&#8221;20&#8243; padding_right=&#8221;20&#8243; margin_bottom=&#8221;20px&#8221;][vc_column width=&#8221;1\/3&#8243;][vc_single_image image=&#8221;8355&#8243; img_size=&#8221;150&#215;150&#8243; alignment=&#8221;center&#8221; onclick=&#8221;custom_link&#8221; link=&#8221;\/pt-br\/insieme-a-noi\/laici-mdi\/&#8221;][\/vc_column][vc_column width=&#8221;2\/3&#8243;][vc_custom_heading text=&#8221;Leigos MdI&#8221; font_container=&#8221;tag:h2|font_size:30px|text_align:center|color:%23ed0707|line_height:36px&#8221; google_fonts=&#8221;font_family:Shadows%20Into%20Light%20Two%3Aregular|font_style:400%20regular%3A400%3Anormal&#8221; link=&#8221;url:%2Fpt-br%2Finsieme-a-noi%2Flaici-mdi%2F|||&#8221;][vc_column_text]O grupo dos Leigos MdI \u00e9 composto por homens e mulheres, casados e solteiros, que levam em seus cora\u00e7\u00f5es uma grande paix\u00e3o mission\u00e1ria e querem viv\u00ea-la de acordo com o estilo e a espiri\u00adtua\u00adlidade das Mission\u00e1rias da Imaculada.[\/vc_column_text]<div class=\"text-right\"><a class=\"btn sac-btn btn-default\" href=\"\/pt-br\/juntos-conosco\/leigos-mdi\/\" style=\"border: none !important;\">Leia mais<\/a><\/div>[\/vc_column][\/vc_row][vc_row equal_height=&#8221;yes&#8221; content_placement=&#8221;middle&#8221; type=&#8221;color&#8221; bg_color=&#8221;#ffffff&#8221; padding_top=&#8221;20&#8243; padding_bottom=&#8221;20&#8243; padding_left=&#8221;20&#8243; padding_right=&#8221;20&#8243; margin_bottom=&#8221;20px&#8221;][vc_column width=&#8221;1\/3&#8243;][vc_single_image image=&#8221;7316&#8243; img_size=&#8221;150&#215;150&#8243; alignment=&#8221;center&#8221; onclick=&#8221;custom_link&#8221; link=&#8221;\/pt-br\/insieme-a-noi\/amici-mdi\/&#8221;][\/vc_column][vc_column width=&#8221;2\/3&#8243;][vc_custom_heading text=&#8221;Amigos MdI&#8221; font_container=&#8221;tag:h2|font_size:30px|text_align:center|color:%23ed0707|line_height:36px&#8221; google_fonts=&#8221;font_family:Shadows%20Into%20Light%20Two%3Aregular|font_style:400%20regular%3A400%3Anormal&#8221; link=&#8221;url:%2Fpt-br%2Finsieme-a-noi%2Famici-mdi%2F|||&#8221;][vc_column_text]A nossa hist\u00f3ria come\u00e7a de modo organizado no dia 3 de novembro de 1997, em Mil\u00e3o, na Rua Masaccio 20, It\u00e1lia, \u00a0junto \u00e0 sede da Prov\u00edncia das Mission\u00e1rias de Imaculada. Na presen\u00e7a de um tabeli\u00e3o, 41 pessoas, participam da Funda\u00e7\u00e3o desta Associa\u00e7\u00e3o de volunt\u00e1rios que se denominou <strong>&#8220;ASSOCIA\u00c7\u00c3O DOS AMIGOS DAS MISSION\u00c1RIAS DA IMACULADA&#8221;<\/strong>.[\/vc_column_text]<div class=\"text-right\"><a class=\"btn sac-btn btn-default\" href=\"\/pt-br\/juntos-conosco\/amigos-das-mdi\/\" style=\"border: none !important;\">Leia mais<\/a><\/div>[\/vc_column][\/vc_row]<\/p>\n<\/div>","protected":false},"excerpt":{"rendered":"<p>[vc_row type=&#8221;color&#8221; bg_color=&#8221;#ffffff&#8221; padding_top=&#8221;20&#8243; padding_bottom=&#8221;20&#8243; padding_left=&#8221;20&#8243; padding_right=&#8221;20&#8243; margin_bottom=&#8221;20px&#8221;][vc_column][vc_column_text]A nossa presen\u00e7a mission\u00e1ria em v\u00e1rios pa\u00edses do mundo, atraiu ao longo do caminho, grupos de leigos para partilhar conosco o tempo, habilidades e at\u00e9 mesmo estilo de vida. Formaram-se dois grupos que representam duas modalidades de participa\u00e7\u00e3o na nossa vida mission\u00e1ria: os Leigos MdI que partilham a nossa espiritualidade na vida di\u00e1ria e a Associa\u00e7\u00e3o dos Amigos das Mission\u00e1rias da Imaculada que apoiam as nossas atividades mission\u00e1rias atrav\u00e9s de doa\u00e7\u00f5es e, onde poss\u00edvel, com trabalhos volunt\u00e1rios. Esta se\u00e7\u00e3o \u00e9 dedicada a eles e a todos aqueles que desejam conhecer suas atividades.[\/vc_column_text][\/vc_column][\/vc_row][vc_row equal_height=&#8221;yes&#8221; content_placement=&#8221;middle&#8221; type=&#8221;color&#8221; bg_color=&#8221;#ffffff&#8221; padding_top=&#8221;20&#8243; padding_bottom=&#8221;20&#8243; padding_left=&#8221;20&#8243; padding_right=&#8221;20&#8243; margin_bottom=&#8221;20px&#8221;][vc_column width=&#8221;1\/3&#8243;][vc_single_image image=&#8221;8355&#8243; img_size=&#8221;150&#215;150&#8243; alignment=&#8221;center&#8221; onclick=&#8221;custom_link&#8221; link=&#8221;\/pt-br\/insieme-a-noi\/laici-mdi\/&#8221;][\/vc_column][vc_column width=&#8221;2\/3&#8243;][vc_custom_heading text=&#8221;Leigos MdI&#8221; font_container=&#8221;tag:h2|font_size:30px|text_align:center|color:%23ed0707|line_height:36px&#8221; google_fonts=&#8221;font_family:Shadows%20Into%20Light%20Two%3Aregular|font_style:400%20regular%3A400%3Anormal&#8221; link=&#8221;url:%2Fpt-br%2Finsieme-a-noi%2Flaici-mdi%2F|||&#8221;][vc_column_text]O grupo dos Leigos MdI \u00e9 composto por homens e mulheres, casados e solteiros, que levam em seus cora\u00e7\u00f5es uma grande paix\u00e3o mission\u00e1ria e querem viv\u00ea-la de acordo com o estilo e a espiri\u00adtua\u00adlidade das Mission\u00e1rias da Imaculada.[\/vc_column_text][\/vc_column][\/vc_row][vc_row equal_height=&#8221;yes&#8221; content_placement=&#8221;middle&#8221; type=&#8221;color&#8221; bg_color=&#8221;#ffffff&#8221; padding_top=&#8221;20&#8243; padding_bottom=&#8221;20&#8243; padding_left=&#8221;20&#8243; padding_right=&#8221;20&#8243; margin_bottom=&#8221;20px&#8221;][vc_column width=&#8221;1\/3&#8243;][vc_single_image image=&#8221;7316&#8243; img_size=&#8221;150&#215;150&#8243; alignment=&#8221;center&#8221; onclick=&#8221;custom_link&#8221; link=&#8221;\/pt-br\/insieme-a-noi\/amici-mdi\/&#8221;][\/vc_column][vc_column width=&#8221;2\/3&#8243;][vc_custom_heading text=&#8221;Amigos MdI&#8221; font_container=&#8221;tag:h2|font_size:30px|text_align:center|color:%23ed0707|line_height:36px&#8221; google_fonts=&#8221;font_family:Shadows%20Into%20Light%20Two%3Aregular|font_style:400%20regular%3A400%3Anormal&#8221; link=&#8221;url:%2Fpt-br%2Finsieme-a-noi%2Famici-mdi%2F|||&#8221;][vc_column_text]A nossa hist\u00f3ria come\u00e7a de modo organizado no dia 3 de novembro de 1997, em Mil\u00e3o, na Rua Masaccio 20, It\u00e1lia, \u00a0junto \u00e0 sede da Prov\u00edncia das Mission\u00e1rias de Imaculada. Na presen\u00e7a de um tabeli\u00e3o, 41 pessoas, participam da Funda\u00e7\u00e3o desta Associa\u00e7\u00e3o de volunt\u00e1rios que se denominou &#8220;ASSOCIA\u00c7\u00c3O DOS AMIGOS DAS MISSION\u00c1RIAS DA IMACULADA&#8221;.[\/vc_column_text][\/vc_column][\/vc_row]<\/p>\n","protected":false},"author":14,"featured_media":0,"parent":0,"menu_order":0,"comment_status":"closed","ping_status":"closed","template":"","meta":{"_acf_changed":false,"footnotes":""},"class_list":["post-8766","page","type-page","status-publish","hentry"],"acf":[],"aioseo_notices":[],"jetpack_sharing_enabled":true,"_links":{"self":[{"href":"https:\/\/mdipime.org\/pt-br\/wp-json\/wp\/v2\/pages\/8766","targetHints":{"allow":["GET"]}}],"collection":[{"href":"https:\/\/mdipime.org\/pt-br\/wp-json\/wp\/v2\/pages"}],"about":[{"href":"https:\/\/mdipime.org\/pt-br\/wp-json\/wp\/v2\/types\/page"}],"author":[{"embeddable":true,"href":"https:\/\/mdipime.org\/pt-br\/wp-json\/wp\/v2\/users\/14"}],"replies":[{"embeddable":true,"href":"https:\/\/mdipime.org\/pt-br\/wp-json\/wp\/v2\/comments?post=8766"}],"version-history":[{"count":0,"href":"https:\/\/mdipime.org\/pt-br\/wp-json\/wp\/v2\/pages\/8766\/revisions"}],"wp:attachment":[{"href":"https:\/\/mdipime.org\/pt-br\/wp-json\/wp\/v2\/media?parent=8766"}],"curies":[{"name":"wp","href":"https:\/\/api.w.org\/{rel}","templated":true}]}}