{"id":8772,"date":"2017-03-31T12:34:11","date_gmt":"2017-03-31T10:34:11","guid":{"rendered":"https:\/\/www.mdipime.org\/juntos-conosco\/amici-mdi\/"},"modified":"2024-03-22T13:38:34","modified_gmt":"2024-03-22T12:38:34","slug":"amigos-das-mdi","status":"publish","type":"page","link":"https:\/\/mdipime.org\/pt-br\/juntos-conosco\/amigos-das-mdi\/","title":{"rendered":"Amigos das MdI"},"content":{"rendered":"<div class=\"wpb-content-wrapper\"><p>[vc_row padding_top=&#8221;20&#8243; padding_bottom=&#8221;20&#8243;][vc_column][vc_custom_heading text=&#8221;Amigos das Mission\u00e1rias da Imaculada&#8221; font_container=&#8221;tag:h2|font_size:30px|text_align:left|color:%23eb0707|line_height:36px&#8221; google_fonts=&#8221;font_family:Shadows%20Into%20Light%20Two%3Aregular|font_style:400%20regular%3A400%3Anormal&#8221;][vc_column_text]A nossa hist\u00f3ria come\u00e7a de modo organizado no dia 3 de novembro de 1997, em Mil\u00e3o, na Rua Masaccio 20, It\u00e1lia, junto \u00e0 sede da Prov\u00edncia das Mission\u00e1rias de Imaculada. Na presen\u00e7a de um tabeli\u00e3o, 41 pessoas, participam da funda\u00e7\u00e3o desta Associa\u00e7\u00e3o de volunt\u00e1rios que se denominou &#8220;<strong>ASSOCIAZIONE DEGLI AMICI DELLE MISSIONARIE DELL\u2019 IMMACOLATA<\/strong>&#8220;.[\/vc_column_text][vc_images_carousel images=&#8221;8391,8394&#8243; img_size=&#8221;360&#215;180&#8243; hide_pagination_control=&#8221;yes&#8221; hide_prev_next_buttons=&#8221;yes&#8221; min_items=&#8221;2&#8243; max_items=&#8221;2&#8243;][vc_column_text]A ASSOCIA\u00c7\u00c3O apoia projetos e atividades em todos os continentes onde as Mission\u00e1rias da Imaculada est\u00e3o presentes e de modo particular na It\u00e1lia, na Guin\u00e9 Bissau, na Rep\u00fablica do Camar\u00f5es, na Arg\u00e9lia, na \u00cdndia, no Bangladesh, na China, no Brasil e finalmente na Papua Nova Guin\u00e9.<\/p>\n<p>A finalidade \u00e9 unicamente a solidariedade social a favor de pessoas desfavorecidas, devido \u00e0s condi\u00e7\u00f5es f\u00edsicas, mentais, econ\u00f4micas, sociais ou familiares.<\/p>\n<p>Os membros da Associa\u00e7\u00e3o realizam e apoiam obras assumidas pelas Mission\u00e1rias da Imaculada, no campo da assist\u00eancia social e da sa\u00fade, da caridade, da forma\u00e7\u00e3o e educa\u00e7\u00e3o, da promo\u00e7\u00e3o da cultura e da arte.<\/p>\n<p><strong>Sede Social:<\/strong><br \/>\nVia Masaccio, 20<br \/>\n20149 &#8211; MIL\u00c3O<\/p>\n<p><strong>Tel:<\/strong>\u00a0<a href=\"tel:0248005105\">(+39) 02 48005105<\/a><\/p>\n<p><strong>E-mail:<\/strong><a href=\"http:\/\/www.amicidellemissionarie.org\/\"> amici.missionarie@mdiprov.it<\/a><\/p>\n<p>Para saber mais sobre os projetos, participar de eventos e conhecer melhor as atividades da Associa\u00e7\u00e3o visite o nosso Web site.[\/vc_column_text]<div class=\"text-center\"><a class=\"btn sac-btn no-border-radius btn-default btn-xl\" href=\"http:\/\/www.amicidellemissionarie.org\/\" target=\"_blank\" style=\"border: none !important;\">VISITE O SITE<\/a><\/div>[\/vc_column][\/vc_row]<\/p>\n<\/div>","protected":false},"excerpt":{"rendered":"<p>[vc_row padding_top=&#8221;20&#8243; padding_bottom=&#8221;20&#8243;][vc_column][vc_custom_heading text=&#8221;Amigos das Mission\u00e1rias da Imaculada&#8221; font_container=&#8221;tag:h2|font_size:30px|text_align:left|color:%23eb0707|line_height:36px&#8221; google_fonts=&#8221;font_family:Shadows%20Into%20Light%20Two%3Aregular|font_style:400%20regular%3A400%3Anormal&#8221;][vc_column_text]A nossa hist\u00f3ria come\u00e7a de modo organizado no dia 3 de novembro de 1997, em Mil\u00e3o, na Rua Masaccio 20, It\u00e1lia, junto \u00e0 sede da Prov\u00edncia das Mission\u00e1rias de Imaculada. Na presen\u00e7a de um tabeli\u00e3o, 41 pessoas, participam da funda\u00e7\u00e3o desta Associa\u00e7\u00e3o de volunt\u00e1rios que se denominou &#8220;ASSOCIAZIONE DEGLI AMICI DELLE MISSIONARIE DELL\u2019 IMMACOLATA&#8220;.[\/vc_column_text][vc_images_carousel images=&#8221;8391,8394&#8243; img_size=&#8221;360&#215;180&#8243; hide_pagination_control=&#8221;yes&#8221; hide_prev_next_buttons=&#8221;yes&#8221; min_items=&#8221;2&#8243; max_items=&#8221;2&#8243;][vc_column_text]A ASSOCIA\u00c7\u00c3O apoia projetos e atividades em todos os continentes onde as Mission\u00e1rias da Imaculada est\u00e3o presentes e de modo particular na It\u00e1lia, na Guin\u00e9 Bissau, na Rep\u00fablica do Camar\u00f5es, na Arg\u00e9lia, na \u00cdndia, no Bangladesh, na China, no Brasil e finalmente na Papua Nova Guin\u00e9. A finalidade \u00e9 unicamente a solidariedade social a favor de pessoas desfavorecidas, devido \u00e0s condi\u00e7\u00f5es f\u00edsicas, mentais, econ\u00f4micas, sociais ou familiares. Os membros da Associa\u00e7\u00e3o realizam e apoiam obras assumidas pelas Mission\u00e1rias da Imaculada, no campo da assist\u00eancia social e da sa\u00fade, da caridade, da forma\u00e7\u00e3o e educa\u00e7\u00e3o, da promo\u00e7\u00e3o da cultura e da arte. Sede Social: Via Masaccio, 20 20149 &#8211; MIL\u00c3O Tel:\u00a0(+39) 02 48005105 E-mail: amici.missionarie@mdiprov.it Para saber mais sobre os projetos, participar de eventos e conhecer melhor as atividades da Associa\u00e7\u00e3o visite o nosso Web site.[\/vc_column_text][\/vc_column][\/vc_row]<\/p>\n","protected":false},"author":14,"featured_media":0,"parent":8766,"menu_order":0,"comment_status":"closed","ping_status":"closed","template":"","meta":{"_acf_changed":false,"footnotes":""},"class_list":["post-8772","page","type-page","status-publish","hentry"],"acf":[],"aioseo_notices":[],"jetpack_sharing_enabled":true,"_links":{"self":[{"href":"https:\/\/mdipime.org\/pt-br\/wp-json\/wp\/v2\/pages\/8772","targetHints":{"allow":["GET"]}}],"collection":[{"href":"https:\/\/mdipime.org\/pt-br\/wp-json\/wp\/v2\/pages"}],"about":[{"href":"https:\/\/mdipime.org\/pt-br\/wp-json\/wp\/v2\/types\/page"}],"author":[{"embeddable":true,"href":"https:\/\/mdipime.org\/pt-br\/wp-json\/wp\/v2\/users\/14"}],"replies":[{"embeddable":true,"href":"https:\/\/mdipime.org\/pt-br\/wp-json\/wp\/v2\/comments?post=8772"}],"version-history":[{"count":0,"href":"https:\/\/mdipime.org\/pt-br\/wp-json\/wp\/v2\/pages\/8772\/revisions"}],"up":[{"embeddable":true,"href":"https:\/\/mdipime.org\/pt-br\/wp-json\/wp\/v2\/pages\/8766"}],"wp:attachment":[{"href":"https:\/\/mdipime.org\/pt-br\/wp-json\/wp\/v2\/media?parent=8772"}],"curies":[{"name":"wp","href":"https:\/\/api.w.org\/{rel}","templated":true}]}}