{"id":8778,"date":"2017-03-31T12:33:46","date_gmt":"2017-03-31T10:33:46","guid":{"rendered":"https:\/\/www.mdipime.org\/juntos-conosco\/laici-mdi\/"},"modified":"2024-03-22T13:38:48","modified_gmt":"2024-03-22T12:38:48","slug":"leigos-mdi","status":"publish","type":"page","link":"https:\/\/mdipime.org\/pt-br\/juntos-conosco\/leigos-mdi\/","title":{"rendered":"Leigos MdI"},"content":{"rendered":"<div class=\"wpb-content-wrapper\"><p>[vc_row padding_top=&#8221;20&#8243; padding_bottom=&#8221;20&#8243;][vc_column][vc_column_text]<strong><a href=\"https:\/\/www.mdipime.org\/wp-content\/uploads\/2017\/03\/Logo-laicimdi.jpg\"><img decoding=\"async\" class=\"alignleft wp-image-8355 size-thumbnail\" src=\"https:\/\/mdipime.org\/wp-content\/uploads\/2017\/03\/Logo-laicimdi-150x150.jpg\" alt=\"Laici Missionarie dell'Immacolata - Logo\" width=\"150\" height=\"150\" srcset=\"https:\/\/mdipime.org\/wp-content\/uploads\/2017\/03\/Logo-laicimdi-150x150.jpg 150w, https:\/\/mdipime.org\/wp-content\/uploads\/2017\/03\/Logo-laicimdi-300x300.jpg 300w, https:\/\/mdipime.org\/wp-content\/uploads\/2017\/03\/Logo-laicimdi-768x767.jpg 768w, https:\/\/mdipime.org\/wp-content\/uploads\/2017\/03\/Logo-laicimdi-672x671.jpg 672w, https:\/\/mdipime.org\/wp-content\/uploads\/2017\/03\/Logo-laicimdi.jpg 800w\" sizes=\"(max-width: 150px) 100vw, 150px\" \/><\/a><\/strong><\/p>\n<p>O <strong>grupo dos Leigos MdI<\/strong> \u00e9 composto por homens e mulheres, casados e solteiros, que tem em seus cora\u00e7\u00f5es uma grande paix\u00e3o mission\u00e1ria e desejam viv\u00ea-la de acordo com o estilo e a espiritualidade das Mission\u00e1rios da Imaculada.<\/p>\n<p>Na vida quotidiana, no seu estado de vida e nas diversas atividades de evangeliza\u00e7\u00e3o que realizam, dentro e fora de suas par\u00f3quias, desejam anunciar o Senhor \u00e0queles que ainda n\u00e3o O conhecem ou do qual se afastaram por v\u00e1rias raz\u00f5es.<\/p>\n<p>A paix\u00e3o mission\u00e1ria n\u00e3o tem limites! Os leigos MdI est\u00e3o dispon\u00edveis para partir para anunciar o Evangelho em outras terras de miss\u00e3o por um per\u00edodo de tempo, de acordo com suas possibilidades e condi\u00e7\u00f5es.<strong><br \/>\n<\/strong><\/p>\n<p><strong>COLONNE SPIRITUALI<\/strong><\/p>\n<p>S\u00e3o leigos, homens e mulheres, animadas pela paix\u00e3o mission\u00e1ria, que se comprometem em sustentar espiritualmente as mission\u00e1rias, os mission\u00e1rios e todas as atividades de evangeliza\u00e7\u00e3o que realizamos, com suas ora\u00e7\u00f5es e com o oferecimento dos sacrif\u00edcios quotidianos.[\/vc_column_text][vc_row_inner equal_height=&#8221;yes&#8221; content_placement=&#8221;middle&#8221;][vc_column_inner width=&#8221;1\/2&#8243;]<div class=\"text-center\"><a class=\"btn sac-btn no-border-radius btn-default btn-xl\" href=\"\/pt-br\/juntos-conosco\/leigos-mdi\/nossos-compromissos\" style=\"border: none !important;\">NOSSOS COMPROMISSOS<\/a><\/div>[\/vc_column_inner][vc_column_inner width=&#8221;1\/2&#8243;][vc_custom_heading text=&#8221;Grupos dos Leigos MdI no mundo&#8221; font_container=&#8221;tag:h2|font_size:20px|text_align:center|line_height:24px&#8221; use_theme_fonts=&#8221;yes&#8221; link=&#8221;url:%2Fpt-br%2Fjuntos-conosco%2Fleigos-mdi%2Fgrupos-dos-leigos-mdi%2F|title:Grupos%20dos%20Leigos%20MdI%20no%20mundo||&#8221;][vc_single_image image=&#8221;8368&#8243; img_size=&#8221;full&#8221; alignment=&#8221;center&#8221; onclick=&#8221;custom_link&#8221; link=&#8221;\/pt-br\/juntos-conosco\/leigos-mdi\/grupos-dos-leigos-mdi\/&#8221;][\/vc_column_inner][\/vc_row_inner][\/vc_column][\/vc_row]<\/p>\n<\/div>","protected":false},"excerpt":{"rendered":"<p>[vc_row padding_top=&#8221;20&#8243; padding_bottom=&#8221;20&#8243;][vc_column][vc_column_text] O grupo dos Leigos MdI \u00e9 composto por homens e mulheres, casados e solteiros, que tem em seus cora\u00e7\u00f5es uma grande paix\u00e3o mission\u00e1ria e desejam viv\u00ea-la de acordo com o estilo e a espiritualidade das Mission\u00e1rios da Imaculada. Na vida quotidiana, no seu estado de vida e nas diversas atividades de evangeliza\u00e7\u00e3o que realizam, dentro e fora de suas par\u00f3quias, desejam anunciar o Senhor \u00e0queles que ainda n\u00e3o O conhecem ou do qual se afastaram por v\u00e1rias raz\u00f5es. A paix\u00e3o mission\u00e1ria n\u00e3o tem limites! Os leigos MdI est\u00e3o dispon\u00edveis para partir para anunciar o Evangelho em outras terras de miss\u00e3o por um per\u00edodo de tempo, de acordo com suas possibilidades e condi\u00e7\u00f5es. COLONNE SPIRITUALI S\u00e3o leigos, homens e mulheres, animadas pela paix\u00e3o mission\u00e1ria, que se comprometem em sustentar espiritualmente as mission\u00e1rias, os mission\u00e1rios e todas as atividades de evangeliza\u00e7\u00e3o que realizamos, com suas ora\u00e7\u00f5es e com o oferecimento dos sacrif\u00edcios quotidianos.[\/vc_column_text][vc_row_inner equal_height=&#8221;yes&#8221; content_placement=&#8221;middle&#8221;][vc_column_inner width=&#8221;1\/2&#8243;][\/vc_column_inner][vc_column_inner width=&#8221;1\/2&#8243;][vc_custom_heading text=&#8221;Grupos dos Leigos MdI no mundo&#8221; font_container=&#8221;tag:h2|font_size:20px|text_align:center|line_height:24px&#8221; use_theme_fonts=&#8221;yes&#8221; link=&#8221;url:%2Fpt-br%2Fjuntos-conosco%2Fleigos-mdi%2Fgrupos-dos-leigos-mdi%2F|title:Grupos%20dos%20Leigos%20MdI%20no%20mundo||&#8221;][vc_single_image image=&#8221;8368&#8243; img_size=&#8221;full&#8221; alignment=&#8221;center&#8221; onclick=&#8221;custom_link&#8221; link=&#8221;\/pt-br\/juntos-conosco\/leigos-mdi\/grupos-dos-leigos-mdi\/&#8221;][\/vc_column_inner][\/vc_row_inner][\/vc_column][\/vc_row]<\/p>\n","protected":false},"author":14,"featured_media":0,"parent":8766,"menu_order":0,"comment_status":"closed","ping_status":"closed","template":"","meta":{"_acf_changed":false,"footnotes":""},"class_list":["post-8778","page","type-page","status-publish","hentry"],"acf":[],"aioseo_notices":[],"jetpack_sharing_enabled":true,"_links":{"self":[{"href":"https:\/\/mdipime.org\/pt-br\/wp-json\/wp\/v2\/pages\/8778","targetHints":{"allow":["GET"]}}],"collection":[{"href":"https:\/\/mdipime.org\/pt-br\/wp-json\/wp\/v2\/pages"}],"about":[{"href":"https:\/\/mdipime.org\/pt-br\/wp-json\/wp\/v2\/types\/page"}],"author":[{"embeddable":true,"href":"https:\/\/mdipime.org\/pt-br\/wp-json\/wp\/v2\/users\/14"}],"replies":[{"embeddable":true,"href":"https:\/\/mdipime.org\/pt-br\/wp-json\/wp\/v2\/comments?post=8778"}],"version-history":[{"count":0,"href":"https:\/\/mdipime.org\/pt-br\/wp-json\/wp\/v2\/pages\/8778\/revisions"}],"up":[{"embeddable":true,"href":"https:\/\/mdipime.org\/pt-br\/wp-json\/wp\/v2\/pages\/8766"}],"wp:attachment":[{"href":"https:\/\/mdipime.org\/pt-br\/wp-json\/wp\/v2\/media?parent=8778"}],"curies":[{"name":"wp","href":"https:\/\/api.w.org\/{rel}","templated":true}]}}