{"id":8784,"date":"2017-03-31T12:39:01","date_gmt":"2017-03-31T10:39:01","guid":{"rendered":"https:\/\/www.mdipime.org\/come-aiutarci\/"},"modified":"2024-02-22T17:40:55","modified_gmt":"2024-02-22T16:40:55","slug":"como-apoiar","status":"publish","type":"page","link":"https:\/\/mdipime.org\/pt-br\/como-apoiar\/","title":{"rendered":"Como Apoiar"},"content":{"rendered":"<div class=\"wpb-content-wrapper\"><p>[vc_row][vc_column][vc_custom_heading text=&#8221;Apoie um dos nossos projetos ou contribua para a forma\u00e7\u00e3o de uma crian\u00e7a ou um jovem&#8221; font_container=&#8221;tag:h2|font_size:40px|text_align:center|line_height:44px&#8221; use_theme_fonts=&#8221;yes&#8221; el_class=&#8221;w300&#8243;]<div  class=\"kleo-gap\" style=\"height:20px;line-height:20px;\"><\/div>[vc_custom_heading text=&#8221;Projetos&#8221; font_container=&#8221;tag:h2|font_size:35px|text_align:center|color:%23ed0707|line_height:40px&#8221; google_fonts=&#8221;font_family:Shadows%20Into%20Light%20Two%3Aregular|font_style:400%20regular%3A400%3Anormal&#8221; link=&#8221;url:%2Fpt-br%2Fcome-aiutarci%2Fsostieni-un-progetto%2F|||&#8221;][vc_separator]<div class=\"wpb_wrapper\"><div class=\"portfolio-data\" style=\"display: none;\"><input type=\"hidden\" id=\"portfolio-security\" name=\"portfolio-security\" value=\"aeda3f4c88\" \/><input type=\"hidden\" name=\"_wp_http_referer\" value=\"\/pt-br\/wp-json\/wp\/v2\/pages\/8784\" \/><input type=\"hidden\" name=\"pitem\" value=\"0\"><input type=\"hidden\" name=\"post_id\" value=\"8784\"><\/div><div class=\"portfolio-wrapper\"><ul class=\"portfolio-items responsive-cols kleo-masonry  default-style hide-excerpt per-row-2\">\n\n<li itemscope itemtype=\"http:\/\/schema.org\/CreativeWork\"\n    id=\"post-74076\" class=\" brasil porto-thumb post-74076 portfolio type-portfolio status-publish has-post-thumbnail hentry portfolio-category-brasil\">\n\n\t<div class=\"portfolio-item-content animated animate-when-almost-visible el-appear\">\t\t\n\t\t<div class=\"portfolio-image\"><a href=\"https:\/\/mdipime.org\/pt-br\/portfolio\/capoeira-arte-revelacao-grande-treino-intensivo-gti\/\" class=\"element-wrap\"><img decoding=\"async\" src=\"https:\/\/mdipime.org\/wp-content\/uploads\/2025\/10\/progetto-capoeira-480x160.jpg\"><span class=\"hover-element\"><i>+<\/i><\/span><\/a><\/div><!--end post-image-->\n\n\t\t<div class=\"portfolio-header\">\n\t\t\t<h3 class=\"post-title\"><a href=\"https:\/\/mdipime.org\/pt-br\/portfolio\/capoeira-arte-revelacao-grande-treino-intensivo-gti\/\">Capoeira Arte Revela\u00e7\u00e3o &#8211; Grande Treino Intensivo (GTI)<\/a><\/h3>\n\t\t<\/div><!--end portfolio-header-->\n\n\t\t\n\t\t\n\t\t\t<div class=\"portfolio-info\">\n\t\t\t\t<p>Capoeira vira ponte cultural: com sua pr\u00e1tica e valores, associa\u00e7\u00e3o Arte Revela\u00e7\u00e3o promove inclus\u00e3o social e cidadania ativa<\/p>\t\t\t<\/div><!--end post-info-->\n\n\t\t\n\t\t\n\t<\/div><!--end post-content-->\n<\/li>\n\n<li itemscope itemtype=\"http:\/\/schema.org\/CreativeWork\"\n    id=\"post-63083\" class=\" brasil porto-thumb post-63083 portfolio type-portfolio status-publish has-post-thumbnail hentry portfolio-category-brasil\">\n\n\t<div class=\"portfolio-item-content animated animate-when-almost-visible el-appear\">\t\t\n\t\t<div class=\"portfolio-image\"><a href=\"https:\/\/mdipime.org\/pt-br\/portfolio\/prevencao-e-luta-contra-a-violencia\/\" class=\"element-wrap\"><img decoding=\"async\" src=\"https:\/\/mdipime.org\/wp-content\/uploads\/2024\/03\/progetto-concluso-porto-480x160.jpg\"><span class=\"hover-element\"><i>+<\/i><\/span><\/a><\/div><!--end post-image-->\n\n\t\t<div class=\"portfolio-header\">\n\t\t\t<h3 class=\"post-title\"><a href=\"https:\/\/mdipime.org\/pt-br\/portfolio\/prevencao-e-luta-contra-a-violencia\/\">Preven\u00e7\u00e3o e luta contra a viol\u00eancia<\/a><\/h3>\n\t\t<\/div><!--end portfolio-header-->\n\n\t\t\n\t\t\n\t\t\t<div class=\"portfolio-info\">\n\t\t\t\t<p>Um projeto da Associa\u00e7\u00e3o Dom Gino Malvestio em Parint\u00edns para combater a viol\u00eancia contra crian\u00e7as e adolescentes atrav\u00e9s diversas express\u00f5es art\u00edsticas.<\/p>\t\t\t<\/div><!--end post-info-->\n\n\t\t\n\t\t\n\t<\/div><!--end post-content-->\n<\/li>\n\n<li itemscope itemtype=\"http:\/\/schema.org\/CreativeWork\"\n    id=\"post-34811\" class=\" brasil porto-thumb post-34811 portfolio type-portfolio status-publish has-post-thumbnail hentry portfolio-category-brasil\">\n\n\t<div class=\"portfolio-item-content animated animate-when-almost-visible el-appear\">\t\t\n\t\t<div class=\"portfolio-image\"><a href=\"https:\/\/mdipime.org\/pt-br\/portfolio\/bibbia-in-mano-e-piedi-in-missione\/\" class=\"element-wrap\"><img decoding=\"async\" src=\"https:\/\/mdipime.org\/wp-content\/uploads\/2020\/12\/projeto-concluido-480x160.jpg\"><span class=\"hover-element\"><i>+<\/i><\/span><\/a><\/div><!--end post-image-->\n\n\t\t<div class=\"portfolio-header\">\n\t\t\t<h3 class=\"post-title\"><a href=\"https:\/\/mdipime.org\/pt-br\/portfolio\/bibbia-in-mano-e-piedi-in-missione\/\">B\u00edblia na m\u00e3o e p\u00e9s na miss\u00e3o<\/a><\/h3>\n\t\t<\/div><!--end portfolio-header-->\n\n\t\t\n\t\t\n\t\t\t<div class=\"portfolio-info\">\n\t\t\t\t<p>O Projeto \u201cB\u00edblia na m\u00e3o e P\u00e9 na Miss\u00e3o, a ser realizado pela Par\u00f3quia de S\u00e3o Paulo Ap\u00f3stolo \/ Co-Catedral do Alto Solim\u00f5es na Cidade de S\u00e3o Paulo de Oliven\u00e7a &#8211; AM quer ser uma oportunidade de express\u00e3o concreta do Discipulado Mission\u00e1rio nas terras Amaz\u00f4nicas.Descrizione del progetto DOAR MIL B\u00cdBLIAS SAGRADAS &#8211; Tradu\u00e7\u00e3o da CNBB, uma vez que evang\u00e9licos e testemunhas...<\/p>\t\t\t<\/div><!--end post-info-->\n\n\t\t\n\t\t\n\t<\/div><!--end post-content-->\n<\/li>\n\n<li itemscope itemtype=\"http:\/\/schema.org\/CreativeWork\"\n    id=\"post-34805\" class=\" bangladesh-pt-br porto-thumb post-34805 portfolio type-portfolio status-publish has-post-thumbnail hentry portfolio-category-bangladesh-pt-br\">\n\n\t<div class=\"portfolio-item-content animated animate-when-almost-visible el-appear\">\t\t\n\t\t<div class=\"portfolio-image\"><a href=\"https:\/\/mdipime.org\/pt-br\/portfolio\/una-scuola-per-i-bambini-di-monipuripara\/\" class=\"element-wrap\"><img decoding=\"async\" src=\"https:\/\/mdipime.org\/wp-content\/uploads\/2020\/12\/progetto-concluso-PT-1-480x160.jpg\"><span class=\"hover-element\"><i>+<\/i><\/span><\/a><\/div><!--end post-image-->\n\n\t\t<div class=\"portfolio-header\">\n\t\t\t<h3 class=\"post-title\"><a href=\"https:\/\/mdipime.org\/pt-br\/portfolio\/una-scuola-per-i-bambini-di-monipuripara\/\">Uma escola para as crian\u00e7as de Monipuripara<\/a><\/h3>\n\t\t<\/div><!--end portfolio-header-->\n\n\t\t\n\t\t\n\t\t\t<div class=\"portfolio-info\">\n\t\t\t\t<p>A Dhaka, le Missionarie dell\u2019Immacolata sono presenti dal 1987, primariamente con attivita\u2019 specificatamente correlate con la vitalit\u00e0 della nostra Provincia: formazione dei nuovi membri, formazione permanente delle suore, amministrazione e gestione della Provincia. Inoltre le suore si inseriscono in diverse attivit\u00e0 pastorali in parrocchia e diocesi. Viste per\u00f2 le necessit\u00e0 e le richieste...<\/p>\t\t\t<\/div><!--end post-info-->\n\n\t\t\n\t\t\n\t<\/div><!--end post-content-->\n<\/li>\n\n<li itemscope itemtype=\"http:\/\/schema.org\/CreativeWork\"\n    id=\"post-34808\" class=\" tunisia-pt-br porto-thumb post-34808 portfolio type-portfolio status-publish has-post-thumbnail hentry portfolio-category-tunisia-pt-br\">\n\n\t<div class=\"portfolio-item-content animated animate-when-almost-visible el-appear\">\t\t\n\t\t<div class=\"portfolio-image\"><a href=\"https:\/\/mdipime.org\/pt-br\/portfolio\/aiuta-le-famiglie-di-hammam-lif-tunisia\/\" class=\"element-wrap\"><img decoding=\"async\" src=\"https:\/\/mdipime.org\/wp-content\/uploads\/2020\/12\/portoghese-480x160.jpg\"><span class=\"hover-element\"><i>+<\/i><\/span><\/a><\/div><!--end post-image-->\n\n\t\t<div class=\"portfolio-header\">\n\t\t\t<h3 class=\"post-title\"><a href=\"https:\/\/mdipime.org\/pt-br\/portfolio\/aiuta-le-famiglie-di-hammam-lif-tunisia\/\">Ajude as fam\u00edlias de Hammam Lif<\/a><\/h3>\n\t\t<\/div><!--end portfolio-header-->\n\n\t\t\n\t\t\n\t\t\t<div class=\"portfolio-info\">\n\t\t\t\t<p>Noi Missionarie dell\u2019Immacolata siamo in Tunisia da poco pi\u00f9 di due anni, ad Hammam Lif, una cittadina di 40.000 abitanti alla periferia di Tunisi, circa 20 km a sud della capitale. Le condizioni di vita della gente, a parte qualche famiglia benestante, sono molto discrete e molti vivono alla giornata con piccoli lavori saltuari e molti altri sono senza lavoro. Nel nostro cammino di inserimento...<\/p>\t\t\t<\/div><!--end post-info-->\n\n\t\t\n\t\t\n\t<\/div><!--end post-content-->\n<\/li>\n\n<li itemscope itemtype=\"http:\/\/schema.org\/CreativeWork\"\n    id=\"post-35111\" class=\" bangladesh-pt-br porto-thumb post-35111 portfolio type-portfolio status-publish has-post-thumbnail hentry portfolio-category-bangladesh-pt-br\">\n\n\t<div class=\"portfolio-item-content animated animate-when-almost-visible el-appear\">\t\t\n\t\t<div class=\"portfolio-image\"><a href=\"https:\/\/mdipime.org\/pt-br\/portfolio\/lotta-alla-lebbra-e-tubercolosi-khulna\/\" class=\"element-wrap\"><img decoding=\"async\" src=\"https:\/\/mdipime.org\/wp-content\/uploads\/2021\/01\/cover-1-480x160.jpg\"><span class=\"hover-element\"><i>+<\/i><\/span><\/a><\/div><!--end post-image-->\n\n\t\t<div class=\"portfolio-header\">\n\t\t\t<h3 class=\"post-title\"><a href=\"https:\/\/mdipime.org\/pt-br\/portfolio\/lotta-alla-lebbra-e-tubercolosi-khulna\/\">Luta contra a lepra e tuberculose &#8211; Khulna<\/a><\/h3>\n\t\t<\/div><!--end portfolio-header-->\n\n\t\t\n\t\t\n\t\t\t<div class=\"portfolio-info\">\n\t\t\t\t<p>Dal 1986 siamo presenti sul territorio metropolitano di Khulna con un progetto per la lotta alla Lebbra. Dal 2001, col netto declinare dei casi di questa malattia, abbiamo iniziato ad occuparci di tubercolosi, una malattia ancora endemica in Bangladesh. La citt\u00e0 di Khulna \u00e8 la terza per importanza nel Paese. Si trova nel sud-ovest del Bangladesh. Ha una popolazione di circa 1 milione e mezzo di ...<\/p>\t\t\t<\/div><!--end post-info-->\n\n\t\t\n\t\t\n\t<\/div><!--end post-content-->\n<\/li>\n\n<li itemscope itemtype=\"http:\/\/schema.org\/CreativeWork\"\n    id=\"post-10091\" class=\" bangladesh-pt-br porto-thumb post-10091 portfolio type-portfolio status-publish has-post-thumbnail hentry portfolio-category-bangladesh-pt-br\">\n\n\t<div class=\"portfolio-item-content animated animate-when-almost-visible el-appear\">\t\t\n\t\t<div class=\"portfolio-image\"><a href=\"https:\/\/mdipime.org\/pt-br\/portfolio\/un-laboratorio-per-la-scuola-di-khalisha\/\" class=\"element-wrap\"><img decoding=\"async\" src=\"https:\/\/mdipime.org\/wp-content\/uploads\/2020\/12\/bambini-480x160.jpg\"><span class=\"hover-element\"><i>+<\/i><\/span><\/a><\/div><!--end post-image-->\n\n\t\t<div class=\"portfolio-header\">\n\t\t\t<h3 class=\"post-title\"><a href=\"https:\/\/mdipime.org\/pt-br\/portfolio\/un-laboratorio-per-la-scuola-di-khalisha\/\">Apoie a escola de Khalisha<\/a><\/h3>\n\t\t<\/div><!--end portfolio-header-->\n\n\t\t\n\t\t\n\t\t\t<div class=\"portfolio-info\">\n\t\t\t\t<p>S\u00e3o aproximadamente 250 as crian\u00e7as que frequentam a nossa escola entre os alunos do jardim de inf\u00e2ncia e da 8\u00b0 s\u00e9rie. Gradualmente, n\u00f3s estamos equipando a escola de uma estrutura e do material necess\u00e1rio para a educa\u00e7\u00e3o dos alunos. Instalamos um pequeno laborat\u00f3rio de ci\u00eancia com a ajuda dos doadores.<\/p>\t\t\t<\/div><!--end post-info-->\n\n\t\t\n\t\t\n\t<\/div><!--end post-content-->\n<\/li>\n\n<li itemscope itemtype=\"http:\/\/schema.org\/CreativeWork\"\n    id=\"post-26238\" class=\" papua-nova-guine porto-thumb post-26238 portfolio type-portfolio status-publish has-post-thumbnail hentry portfolio-category-papua-nova-guine\">\n\n\t<div class=\"portfolio-item-content animated animate-when-almost-visible el-appear\">\t\t\n\t\t<div class=\"portfolio-image\"><a href=\"https:\/\/mdipime.org\/pt-br\/portfolio\/progetto-lumalama\/\" class=\"element-wrap\"><img decoding=\"async\" src=\"https:\/\/mdipime.org\/wp-content\/uploads\/2019\/11\/lumalama-concluso-pt-480x160.jpg\"><span class=\"hover-element\"><i>+<\/i><\/span><\/a><\/div><!--end post-image-->\n\n\t\t<div class=\"portfolio-header\">\n\t\t\t<h3 class=\"post-title\"><a href=\"https:\/\/mdipime.org\/pt-br\/portfolio\/progetto-lumalama\/\">Projeto &#8220;Lumalama&#8221;<\/a><\/h3>\n\t\t<\/div><!--end portfolio-header-->\n\n\t\t\n\t\t\n\t\t\t<div class=\"portfolio-info\">\n\t\t\t\t<p>Dona e installa un lampione solare Il progetto &#8220;Lumalama&#8221; nasce come frutto di una ricerca antropologica realizzata grazie al contributo della popolazione delle comunit\u00e0 cattoliche dell&#8217;isola di Kiriwina, dove una comunit\u00e0 delle Missionarie dell&#8217;Immacolata opera dal 2000. Dopo un analisi e studio del territorio e delle esigenze primarie necessarie per un maggior sviluppo ...<\/p>\t\t\t<\/div><!--end post-info-->\n\n\t\t\n\t\t\n\t<\/div><!--end post-content-->\n<\/li>\n\n<li itemscope itemtype=\"http:\/\/schema.org\/CreativeWork\"\n    id=\"post-26122\" class=\" brasil porto-thumb post-26122 portfolio type-portfolio status-publish has-post-thumbnail hentry portfolio-category-brasil\">\n\n\t<div class=\"portfolio-item-content animated animate-when-almost-visible el-appear\">\t\t\n\t\t<div class=\"portfolio-image\"><a href=\"https:\/\/mdipime.org\/pt-br\/portfolio\/progetto-olhar-jovem\/\" class=\"element-wrap\"><img decoding=\"async\" src=\"https:\/\/mdipime.org\/wp-content\/uploads\/2020\/12\/progetto-concluso-PT-480x160.jpg\"><span class=\"hover-element\"><i>+<\/i><\/span><\/a><\/div><!--end post-image-->\n\n\t\t<div class=\"portfolio-header\">\n\t\t\t<h3 class=\"post-title\"><a href=\"https:\/\/mdipime.org\/pt-br\/portfolio\/progetto-olhar-jovem\/\">Projeto &#8220;Olhar Jovem&#8221;<\/a><\/h3>\n\t\t<\/div><!--end portfolio-header-->\n\n\t\t\n\t\t\n\t\t\t<div class=\"portfolio-info\">\n\t\t\t\t<p>O Centro de Forma\u00e7\u00e3o Ir. Rita Cavenaghi (CENFIRC), est\u00e1 localizado em uma realidade de vulnerabilidade social, onde se encontram v\u00e1rias comunidades carentes da periferia de S\u00e3o Paulo, nos bairros de Vila Missionaria, Jardim Selma, Parque Primavera e Cidade Julia. A maioria das crian\u00e7as e adolescentes que frequentam o nosso Centro \u2013 CENFIRC, vivem em um conjunto de casas populares, constru?...<\/p>\t\t\t<\/div><!--end post-info-->\n\n\t\t\n\t\t\n\t<\/div><!--end post-content-->\n<\/li>\n\n<li itemscope itemtype=\"http:\/\/schema.org\/CreativeWork\"\n    id=\"post-22752\" class=\" bangladesh-pt-br porto-thumb post-22752 portfolio type-portfolio status-publish has-post-thumbnail hentry portfolio-category-bangladesh-pt-br\">\n\n\t<div class=\"portfolio-item-content animated animate-when-almost-visible el-appear\">\t\t\n\t\t<div class=\"portfolio-image\"><a href=\"https:\/\/mdipime.org\/pt-br\/portfolio\/riparazioni-docce-boarding-di-dhanjuri\/\" class=\"element-wrap\"><img decoding=\"async\" src=\"https:\/\/mdipime.org\/wp-content\/uploads\/2019\/06\/bangla-progetto-ita-480x160.jpg\"><span class=\"hover-element\"><i>+<\/i><\/span><\/a><\/div><!--end post-image-->\n\n\t\t<div class=\"portfolio-header\">\n\t\t\t<h3 class=\"post-title\"><a href=\"https:\/\/mdipime.org\/pt-br\/portfolio\/riparazioni-docce-boarding-di-dhanjuri\/\">Repara\u00e7\u00e3o dos chuveiros &#8211; boarding de Dhanjuri<\/a><\/h3>\n\t\t<\/div><!--end portfolio-header-->\n\n\t\t\n\t\t\n\t\t\t<div class=\"portfolio-info\">\n\t\t\t\t<p>Ostello situato a Dhanjuri che ospita 130 ragazze appartenenti alle minoranze Santal e Orao ha bisogno di riparazioni alle tubature intasate per permettere alle ragazze di continuare ad usare le docce aperte. <\/p>\t\t\t<\/div><!--end post-info-->\n\n\t\t\n\t\t\n\t<\/div><!--end post-content-->\n<\/li>\n<\/ul>\n<\/div><\/div><div  class=\"kleo-gap\" style=\"height:20px;line-height:20px;\"><\/div>[vc_row_inner][vc_column_inner width=&#8221;1\/3&#8243;][\/vc_column_inner][vc_column_inner width=&#8221;1\/3&#8243;][vc_column_text el_class=&#8221;sac-btn&#8221;]<\/p>\n<p style=\"font-size: 20px; line-height: 26px; text-align: center; margin: 0;\"><a href=\"\/?page_id=8790\"><span style=\"font-family: 'Shadows Into Light Two', cursive;\">Apoie um<\/span><br \/>\nPROJETO<\/a><\/p>\n<p>[\/vc_column_text][\/vc_column_inner][vc_column_inner width=&#8221;1\/3&#8243;][\/vc_column_inner][\/vc_row_inner][\/vc_column][\/vc_row][vc_row][vc_column][vc_custom_heading text=&#8221;Ado\u00e7\u00f5es a dist\u00e2ncia&#8221; font_container=&#8221;tag:h2|font_size:35px|text_align:center|color:%23ed0707|line_height:40px&#8221; google_fonts=&#8221;font_family:Shadows%20Into%20Light%20Two%3Aregular|font_style:400%20regular%3A400%3Anormal&#8221; link=&#8221;url:%2Fpt-br%2Fcome-aiutarci%2Fsostegno-a-distanza%2F|||&#8221;][vc_separator][vc_single_image image=&#8221;7707&#8243; img_size=&#8221;full&#8221; alignment=&#8221;center&#8221; onclick=&#8221;custom_link&#8221; link=&#8221;\/come-aiutarci\/sostegno-a-distanza\/&#8221;][vc_column_text]A sua contribui\u00e7\u00e3o ser\u00e1 de ajuda \u00e0s crian\u00e7as e aos jovens dos quais nos ocupamos nos v\u00e1rios pa\u00edses onde estamos presente.<\/p>\n<p>Este valor anual ser\u00e1 utilizado para garantir \u00e0s crian\u00e7as uma <strong>adequada educa\u00e7\u00e3o<\/strong>, uma <strong>alimenta\u00e7\u00e3o correta<\/strong> e os <strong>cuidados necess\u00e1rios<\/strong> <strong>para um desenvolvimento justo e harmonioso<\/strong>.<\/p>\n<p>Aos jovens dar\u00e1 a oportunidade de continuar os estudos superiores ou de completar a educa\u00e7\u00e3o b\u00e1sica.[\/vc_column_text][vc_row_inner][vc_column_inner width=&#8221;1\/3&#8243;][\/vc_column_inner][vc_column_inner width=&#8221;1\/3&#8243;][vc_column_text el_class=&#8221;sac-btn&#8221;]<\/p>\n<p style=\"font-size: 20px; line-height: 26px; text-align: center; margin: 0;\"><a href=\"\/?page_id=8795\"><span style=\"font-family: 'Shadows Into Light Two', cursive;\">Preencha o<\/span><br \/>\nFORMUL\u00c1RIO<\/a><\/p>\n<p>[\/vc_column_text][\/vc_column_inner][vc_column_inner width=&#8221;1\/3&#8243;][\/vc_column_inner][\/vc_row_inner][\/vc_column][\/vc_row]<\/p>\n<\/div>","protected":false},"excerpt":{"rendered":"<p>[vc_row][vc_column][vc_custom_heading text=&#8221;Apoie um dos nossos projetos ou contribua para a forma\u00e7\u00e3o de uma crian\u00e7a ou um jovem&#8221; font_container=&#8221;tag:h2|font_size:40px|text_align:center|line_height:44px&#8221; use_theme_fonts=&#8221;yes&#8221; el_class=&#8221;w300&#8243;][vc_custom_heading text=&#8221;Projetos&#8221; font_container=&#8221;tag:h2|font_size:35px|text_align:center|color:%23ed0707|line_height:40px&#8221; google_fonts=&#8221;font_family:Shadows%20Into%20Light%20Two%3Aregular|font_style:400%20regular%3A400%3Anormal&#8221; link=&#8221;url:%2Fpt-br%2Fcome-aiutarci%2Fsostieni-un-progetto%2F|||&#8221;][vc_separator][vc_row_inner][vc_column_inner width=&#8221;1\/3&#8243;][\/vc_column_inner][vc_column_inner width=&#8221;1\/3&#8243;][vc_column_text el_class=&#8221;sac-btn&#8221;] Apoie um PROJETO [\/vc_column_text][\/vc_column_inner][vc_column_inner width=&#8221;1\/3&#8243;][\/vc_column_inner][\/vc_row_inner][\/vc_column][\/vc_row][vc_row][vc_column][vc_custom_heading text=&#8221;Ado\u00e7\u00f5es a dist\u00e2ncia&#8221; font_container=&#8221;tag:h2|font_size:35px|text_align:center|color:%23ed0707|line_height:40px&#8221; google_fonts=&#8221;font_family:Shadows%20Into%20Light%20Two%3Aregular|font_style:400%20regular%3A400%3Anormal&#8221; link=&#8221;url:%2Fpt-br%2Fcome-aiutarci%2Fsostegno-a-distanza%2F|||&#8221;][vc_separator][vc_single_image image=&#8221;7707&#8243; img_size=&#8221;full&#8221; alignment=&#8221;center&#8221; onclick=&#8221;custom_link&#8221; link=&#8221;\/come-aiutarci\/sostegno-a-distanza\/&#8221;][vc_column_text]A sua contribui\u00e7\u00e3o ser\u00e1 de ajuda \u00e0s crian\u00e7as e aos jovens dos quais nos ocupamos nos v\u00e1rios pa\u00edses onde estamos presente. Este valor anual ser\u00e1 utilizado para garantir \u00e0s crian\u00e7as uma adequada educa\u00e7\u00e3o, uma alimenta\u00e7\u00e3o correta e os cuidados necess\u00e1rios para um desenvolvimento justo e harmonioso. Aos jovens dar\u00e1 a oportunidade de continuar os estudos superiores ou de completar a educa\u00e7\u00e3o b\u00e1sica.[\/vc_column_text][vc_row_inner][vc_column_inner width=&#8221;1\/3&#8243;][\/vc_column_inner][vc_column_inner width=&#8221;1\/3&#8243;][vc_column_text el_class=&#8221;sac-btn&#8221;] Preencha o FORMUL\u00c1RIO [\/vc_column_text][\/vc_column_inner][vc_column_inner width=&#8221;1\/3&#8243;][\/vc_column_inner][\/vc_row_inner][\/vc_column][\/vc_row]<\/p>\n","protected":false},"author":14,"featured_media":0,"parent":0,"menu_order":0,"comment_status":"closed","ping_status":"closed","template":"","meta":{"_acf_changed":false,"footnotes":""},"class_list":["post-8784","page","type-page","status-publish","hentry"],"acf":[],"aioseo_notices":[],"jetpack_sharing_enabled":true,"_links":{"self":[{"href":"https:\/\/mdipime.org\/pt-br\/wp-json\/wp\/v2\/pages\/8784","targetHints":{"allow":["GET"]}}],"collection":[{"href":"https:\/\/mdipime.org\/pt-br\/wp-json\/wp\/v2\/pages"}],"about":[{"href":"https:\/\/mdipime.org\/pt-br\/wp-json\/wp\/v2\/types\/page"}],"author":[{"embeddable":true,"href":"https:\/\/mdipime.org\/pt-br\/wp-json\/wp\/v2\/users\/14"}],"replies":[{"embeddable":true,"href":"https:\/\/mdipime.org\/pt-br\/wp-json\/wp\/v2\/comments?post=8784"}],"version-history":[{"count":0,"href":"https:\/\/mdipime.org\/pt-br\/wp-json\/wp\/v2\/pages\/8784\/revisions"}],"wp:attachment":[{"href":"https:\/\/mdipime.org\/pt-br\/wp-json\/wp\/v2\/media?parent=8784"}],"curies":[{"name":"wp","href":"https:\/\/api.w.org\/{rel}","templated":true}]}}