{"id":8820,"date":"2017-07-10T13:12:10","date_gmt":"2017-07-10T11:12:10","guid":{"rendered":"https:\/\/www.mdipime.org\/link\/"},"modified":"2024-03-22T13:41:25","modified_gmt":"2024-03-22T12:41:25","slug":"links","status":"publish","type":"page","link":"https:\/\/mdipime.org\/pt-br\/links\/","title":{"rendered":"Links"},"content":{"rendered":"<div class=\"wpb-content-wrapper\"><p>[vc_row][vc_column width=&#8221;1\/4&#8243;][vc_single_image image=&#8221;9194&#8243; img_size=&#8221;100X100&#8243; alignment=&#8221;right&#8221; onclick=&#8221;custom_link&#8221; img_link_target=&#8221;_blank&#8221; link=&#8221;https:\/\/www.asianews.it\/&#8221;][\/vc_column][vc_column width=&#8221;3\/4&#8243;][vc_column_text]<strong><a href=\"http:\/\/www.asianews.it\" target=\"_blank\" rel=\"noopener noreferrer\">Asia News<\/a><\/strong><\/p>\n<p>Vers\u00e3o online da Ag\u00eancia de informa\u00e7\u00f5es, no continente asi\u00e1tico (sociedades, culturas e religi\u00f5es), fundada pelo PIME em 1986.[\/vc_column_text][\/vc_column][\/vc_row][vc_row][vc_column width=&#8221;1\/4&#8243;][vc_single_image image=&#8221;9198&#8243; img_size=&#8221;100X100&#8243; alignment=&#8221;right&#8221; onclick=&#8221;custom_link&#8221; img_link_target=&#8221;_blank&#8221; link=&#8221;https:\/\/www.scuolainfanziavillaboschetto.it\/&#8221;][\/vc_column][vc_column width=&#8221;3\/4&#8243;][vc_column_text]<a href=\"http:\/\/www.scuolainfanziavillaboschetto.it\/\" target=\"_blank\" rel=\"noopener noreferrer\"><strong>Escola para Inf\u00e2ncia Maria Imaculada<\/strong><\/a><\/p>\n<p style=\"background: #F7F7F7; margin: 10.2pt 0cm 10.2pt 0cm;\"><span style=\"font-size: 13.5pt; font-family: 'PT Sans','serif'; color: #333333;\">Escola para Inf\u00e2ncia gerida pelas Mission\u00e1rias da Imaculada a Monza.<\/span><\/p>\n<p>[\/vc_column_text][\/vc_column][\/vc_row][vc_row][vc_column width=&#8221;1\/4&#8243;][vc_single_image image=&#8221;9201&#8243; img_size=&#8221;100X100&#8243; alignment=&#8221;right&#8221; onclick=&#8221;custom_link&#8221; img_link_target=&#8221;_blank&#8221; link=&#8221;https:\/\/www.ppaulvi.edu.hk\/&#8221;][\/vc_column][vc_column width=&#8221;3\/4&#8243;][vc_column_text]<a href=\"https:\/\/www.ppaulvi.edu.hk\/\" target=\"_blank\" rel=\"noopener noreferrer\"><strong>Escola Paulo VI a Hong Kong- China<\/strong><\/a><br \/>\nEscola superior cat\u00f3lica aberta no ano de 1969 e gerida pelas Mission\u00e1rias da Imaculada.[\/vc_column_text][\/vc_column][\/vc_row][vc_row][vc_column width=&#8221;1\/4&#8243;][vc_single_image image=&#8221;9205&#8243; img_size=&#8221;100X100&#8243; alignment=&#8221;right&#8221; onclick=&#8221;custom_link&#8221; img_link_target=&#8221;_blank&#8221; link=&#8221;https:\/\/pimegiovani.it\/&#8221;][\/vc_column][vc_column width=&#8221;3\/4&#8243;][vc_column_text]<a href=\"http:\/\/pimegiovani.it\/\" target=\"_blank\" rel=\"noopener noreferrer\"><b>PIME jovens<\/b><\/a><br \/>\nSite dedicado aos jovens que participam aos caminhos formativos do PIME ou que desejam melhor conhecer as propostas do PIME e das Mission\u00e1rias da Imaculada para os jovens.[\/vc_column_text][\/vc_column][\/vc_row][vc_row][vc_column width=&#8221;1\/4&#8243;][vc_single_image image=&#8221;9212&#8243; img_size=&#8221;100X100&#8243; alignment=&#8221;right&#8221; onclick=&#8221;custom_link&#8221; img_link_target=&#8221;_blank&#8221; link=&#8221;https:\/\/santamariamaggiore.newgenerationhostel.it&#8221;][\/vc_column][vc_column width=&#8221;3\/4&#8243;][vc_column_text]<a href=\"https:\/\/santamariamaggiore.newgenerationhostel.it\/\" target=\"_blank\" rel=\"noopener noreferrer\"><strong>Casa de acolhida <em>Santa Maria Maggiore<\/em><\/strong><\/a><\/p>\n<p>Casa das Mission\u00e1rias da Imaculada e transformada em Casa de acolhida pela empresa New Generation Hostel. A casa \u00e9 localizada no centro de Roma, a poucos minutos da Bas\u00edlica de Santa Maria Maggiore.[\/vc_column_text][\/vc_column][\/vc_row][vc_row][vc_column width=&#8221;1\/4&#8243;][vc_single_image image=&#8221;11024&#8243; img_size=&#8221;100X100&#8243; alignment=&#8221;right&#8221; onclick=&#8221;custom_link&#8221; img_link_target=&#8221;_blank&#8221; link=&#8221;https:\/\/www.facebook.com\/queenpeace.immaculate.9&#8243;][\/vc_column][vc_column width=&#8221;3\/4&#8243;][vc_column_text]<a href=\"https:\/\/www.facebook.com\/queenpeace.immaculate.9\" target=\"_blank\" rel=\"noopener noreferrer\">\u00a0<strong>Escola para Inf\u00e2ncia <em>Queenpeace Immaculate<\/em> \u2013 Londres<\/strong><\/a><\/p>\n<p>Escola para Inf\u00e2ncia das Mission\u00e1rias da Imaculada localizada a Londres no bairro <em>Chiswick<\/em>.[\/vc_column_text][\/vc_column][\/vc_row]<\/p>\n<\/div>","protected":false},"excerpt":{"rendered":"<p>[vc_row][vc_column width=&#8221;1\/4&#8243;][vc_single_image image=&#8221;9194&#8243; img_size=&#8221;100X100&#8243; alignment=&#8221;right&#8221; onclick=&#8221;custom_link&#8221; img_link_target=&#8221;_blank&#8221; link=&#8221;https:\/\/www.asianews.it\/&#8221;][\/vc_column][vc_column width=&#8221;3\/4&#8243;][vc_column_text]Asia News Vers\u00e3o online da Ag\u00eancia de informa\u00e7\u00f5es, no continente asi\u00e1tico (sociedades, culturas e religi\u00f5es), fundada pelo PIME em 1986.[\/vc_column_text][\/vc_column][\/vc_row][vc_row][vc_column width=&#8221;1\/4&#8243;][vc_single_image image=&#8221;9198&#8243; img_size=&#8221;100X100&#8243; alignment=&#8221;right&#8221; onclick=&#8221;custom_link&#8221; img_link_target=&#8221;_blank&#8221; link=&#8221;https:\/\/www.scuolainfanziavillaboschetto.it\/&#8221;][\/vc_column][vc_column width=&#8221;3\/4&#8243;][vc_column_text]Escola para Inf\u00e2ncia Maria Imaculada Escola para Inf\u00e2ncia gerida pelas Mission\u00e1rias da Imaculada a Monza. [\/vc_column_text][\/vc_column][\/vc_row][vc_row][vc_column width=&#8221;1\/4&#8243;][vc_single_image image=&#8221;9201&#8243; img_size=&#8221;100X100&#8243; alignment=&#8221;right&#8221; onclick=&#8221;custom_link&#8221; img_link_target=&#8221;_blank&#8221; link=&#8221;https:\/\/www.ppaulvi.edu.hk\/&#8221;][\/vc_column][vc_column width=&#8221;3\/4&#8243;][vc_column_text]Escola Paulo VI a Hong Kong- China Escola superior cat\u00f3lica aberta no ano de 1969 e gerida pelas Mission\u00e1rias da Imaculada.[\/vc_column_text][\/vc_column][\/vc_row][vc_row][vc_column width=&#8221;1\/4&#8243;][vc_single_image image=&#8221;9205&#8243; img_size=&#8221;100X100&#8243; alignment=&#8221;right&#8221; onclick=&#8221;custom_link&#8221; img_link_target=&#8221;_blank&#8221; link=&#8221;https:\/\/pimegiovani.it\/&#8221;][\/vc_column][vc_column width=&#8221;3\/4&#8243;][vc_column_text]PIME jovens Site dedicado aos jovens que participam aos caminhos formativos do PIME ou que desejam melhor conhecer as propostas do PIME e das Mission\u00e1rias da Imaculada para os jovens.[\/vc_column_text][\/vc_column][\/vc_row][vc_row][vc_column width=&#8221;1\/4&#8243;][vc_single_image image=&#8221;9212&#8243; img_size=&#8221;100X100&#8243; alignment=&#8221;right&#8221; onclick=&#8221;custom_link&#8221; img_link_target=&#8221;_blank&#8221; link=&#8221;https:\/\/santamariamaggiore.newgenerationhostel.it&#8221;][\/vc_column][vc_column width=&#8221;3\/4&#8243;][vc_column_text]Casa de acolhida Santa Maria Maggiore Casa das Mission\u00e1rias da Imaculada e transformada em Casa de acolhida pela empresa New Generation Hostel. A casa \u00e9 localizada no centro de Roma, a poucos minutos da Bas\u00edlica de Santa Maria Maggiore.[\/vc_column_text][\/vc_column][\/vc_row][vc_row][vc_column width=&#8221;1\/4&#8243;][vc_single_image image=&#8221;11024&#8243; img_size=&#8221;100X100&#8243; alignment=&#8221;right&#8221; onclick=&#8221;custom_link&#8221; img_link_target=&#8221;_blank&#8221; link=&#8221;https:\/\/www.facebook.com\/queenpeace.immaculate.9&#8243;][\/vc_column][vc_column width=&#8221;3\/4&#8243;][vc_column_text]\u00a0Escola para Inf\u00e2ncia Queenpeace Immaculate \u2013 Londres Escola para Inf\u00e2ncia das Mission\u00e1rias da Imaculada localizada a Londres no bairro Chiswick.[\/vc_column_text][\/vc_column][\/vc_row]<\/p>\n","protected":false},"author":14,"featured_media":0,"parent":0,"menu_order":0,"comment_status":"closed","ping_status":"closed","template":"","meta":{"_acf_changed":false,"footnotes":""},"class_list":["post-8820","page","type-page","status-publish","hentry"],"acf":[],"aioseo_notices":[],"jetpack_sharing_enabled":true,"_links":{"self":[{"href":"https:\/\/mdipime.org\/pt-br\/wp-json\/wp\/v2\/pages\/8820","targetHints":{"allow":["GET"]}}],"collection":[{"href":"https:\/\/mdipime.org\/pt-br\/wp-json\/wp\/v2\/pages"}],"about":[{"href":"https:\/\/mdipime.org\/pt-br\/wp-json\/wp\/v2\/types\/page"}],"author":[{"embeddable":true,"href":"https:\/\/mdipime.org\/pt-br\/wp-json\/wp\/v2\/users\/14"}],"replies":[{"embeddable":true,"href":"https:\/\/mdipime.org\/pt-br\/wp-json\/wp\/v2\/comments?post=8820"}],"version-history":[{"count":0,"href":"https:\/\/mdipime.org\/pt-br\/wp-json\/wp\/v2\/pages\/8820\/revisions"}],"wp:attachment":[{"href":"https:\/\/mdipime.org\/pt-br\/wp-json\/wp\/v2\/media?parent=8820"}],"curies":[{"name":"wp","href":"https:\/\/api.w.org\/{rel}","templated":true}]}}