{"id":8824,"date":"2017-03-31T12:38:15","date_gmt":"2017-03-31T10:38:15","guid":{"rendered":"https:\/\/www.mdipime.org\/media\/"},"modified":"2024-03-22T13:55:30","modified_gmt":"2024-03-22T12:55:30","slug":"midias","status":"publish","type":"page","link":"https:\/\/mdipime.org\/pt-br\/midias\/","title":{"rendered":"M\u00eddias"},"content":{"rendered":"<div class=\"wpb-content-wrapper\"><p>[vc_row padding_top=&#8221;20&#8243; padding_bottom=&#8221;20&#8243;][vc_column][vc_custom_heading text=&#8221;Revista MdI&#8221; font_container=&#8221;tag:h2|font_size:30px|text_align:center|color:%23eb0707|line_height:36px&#8221; google_fonts=&#8221;font_family:Shadows%20Into%20Light%20Two%3Aregular|font_style:400%20regular%3A400%3Anormal&#8221; link=&#8221;url:%2Fpt-br%2Fcategoria%2Fmedia%2Frivista-mdi%2F|||&#8221;][vc_separator][vc_column_text]<strong><img decoding=\"async\" class=\"wp-image-28149 size-medium alignleft\" src=\"https:\/\/www.mdipime.org\/wp-content\/uploads\/2020\/03\/riviste-276x300.jpg\" alt=\"mdi su mondo e missione\" width=\"276\" height=\"300\" srcset=\"https:\/\/mdipime.org\/wp-content\/uploads\/2020\/03\/riviste-276x300.jpg 276w, https:\/\/mdipime.org\/wp-content\/uploads\/2020\/03\/riviste-768x834.jpg 768w, https:\/\/mdipime.org\/wp-content\/uploads\/2020\/03\/riviste-943x1024.jpg 943w, https:\/\/mdipime.org\/wp-content\/uploads\/2020\/03\/riviste-672x730.jpg 672w, https:\/\/mdipime.org\/wp-content\/uploads\/2020\/03\/riviste-1038x1127.jpg 1038w, https:\/\/mdipime.org\/wp-content\/uploads\/2020\/03\/riviste.jpg 1300w\" sizes=\"(max-width: 276px) 100vw, 276px\" \/><\/strong>A revista Missionarie dell&#8217;Immacolata, um canal de anima\u00e7\u00e3o mission\u00e1rio ativo por 34 anos, encerra suas atividades em 2019. Voc\u00ea pode encontrar o arquivo parcial das \u00faltimas edi\u00e7\u00f5es publicadas <a href=\"\/?cat_ID=106\">neste site<\/a>. A partir de janeiro de 2020, a revista MdI assume outra forma e continua a falar sobre n\u00f3s e nossa paix\u00e3o pelo an\u00fancio nas p\u00e1ginas de <a href=\"https:\/\/www.mondoemissione.it\/\" target=\"_blank\" rel=\"noopener noreferrer\">Mondo e Missione<\/a>, a revista dos mission\u00e1rios do PIME, com a qual compartilhamos os ideais e o carisma mission\u00e1rio.<\/p>\n<p>Deseja assinar Mondo e Missione? Veja a p\u00e1gina dedicada \u00e0s <a href=\"https:\/\/www.mondoemissione.it\/abbonamenti\/\" target=\"_blank\" rel=\"noopener noreferrer\">assinaturas no site Mondo e Missione<\/a>.[\/vc_column_text]<div class=\"text-right\"><a class=\"btn sac-btn no-border-radius btn-default btn-xl\" href=\"\/categoria\/media\/rivista-mdi\/\" style=\"border: none !important;\">Leia os artigos<\/a><\/div>[\/vc_column][\/vc_row][vc_row][vc_column width=&#8221;1\/2&#8243;][vc_custom_heading text=&#8221;Fotos&#8221; font_container=&#8221;tag:h2|font_size:30px|text_align:center|color:%23eb0707|line_height:36px&#8221; google_fonts=&#8221;font_family:Shadows%20Into%20Light%20Two%3Aregular|font_style:400%20regular%3A400%3Anormal&#8221; link=&#8221;url:%2Fpt-br%2Fcategoria%2Fmedia-pt-br%2Ffotos%2F|||&#8221;][vc_separator]\n\t<div class=\"news-highlight\"><div class=\"posts-listing standard-listing with-meta inline-meta\">\n            <article id=\"post-34366\" class=\"post-34366 post type-post status-publish format-standard has-post-thumbnail hentry category-fotos category-midias category-historia-fotografica tag-india-pt-br\">\n                <div class=\"post-content animated animate-when-almost-visible el-appear\">\n\n                    <div class=\"article-media clearfix\">\n                                                <div class=\"post-image\"><a href=\"https:\/\/mdipime.org\/pt-br\/midias\/i-bambini-del-vimala-dermatological-center\/\" class=\"element-wrap\"><img decoding=\"async\" src=\"https:\/\/mdipime.org\/wp-content\/uploads\/2020\/12\/Bertilla-con-i-bambini-480x270.jpg\" alt=\"As crian\u00e7as do Vimala Dermatological Center\"><span class=\"hover-element\"><i>+<\/i><\/span><\/a><\/div><!--end post-image-->                    <\/div>\n\n                    <h3 class=\"post-title entry-title\"><a href=\"https:\/\/mdipime.org\/pt-br\/midias\/i-bambini-del-vimala-dermatological-center\/\" >As crian\u00e7as do Vimala Dermatological Center<\/a><\/h3>\n\n                    <div class=\"article-meta\">\n                        <span class=\"post-meta\">\n                            <small><a href=\"https:\/\/mdipime.org\/pt-br\/midias\/i-bambini-del-vimala-dermatological-center\/\" rel=\"bookmark\" class=\"post-time\"><time class=\"entry-date\" datetime=\"2021-10-08T09:18:40+02:00\">08\/10\/2021<\/time><time class=\"modify-date hide hidden updated\" datetime=\"2023-02-27T16:09:29+01:00\">27\/02\/2023<\/time><\/a><\/small>, <small class=\"meta-category\"><a href=\"https:\/\/mdipime.org\/pt-br\/categoria\/midias\/fotos\/\" rel=\"category tag\">Fotos<\/a>, <a href=\"https:\/\/mdipime.org\/pt-br\/categoria\/midias\/\" rel=\"category tag\">M\u00eddias<\/a>, <a href=\"https:\/\/mdipime.org\/pt-br\/categoria\/midias\/historia-fotografica\/\" rel=\"category tag\">Photostory<\/a>, <a href=\"https:\/\/mdipime.org\/pt-br\/tag\/india-pt-br\/\" rel=\"tag\">\u00cdndia<\/a><\/small>                        <\/span>\n                    <\/div>\n\n                    <div class=\"entry-summary\">\n                                                    <p>Sr. Bertilla conta: \"A alegria de estar com crian\u00e7as frag\u00e9is e inocentes, que gostam da paz e se tornam fazedores da paz. Quando jovem mission\u00e1ria, no meio das crian\u00e7as do Vimala em Mumbai, comecei a subir alto no c\u00e9u porque   meu amor e  meu entusiasmo  pela  miss\u00e3o na India, n\u00e3o tinham limites. No meio deles aprendi a ser sempre alegre e a espalhar sorrisos\".<\/p>                                            <\/div><!-- .entry-summary -->\n\n                <\/div>\n            <\/article>\n\n            \n            <\/div> <!-- .posts-listing -->\n            <div class=\"posts-listing left-thumb-listing\">\n\n            \n            <\/div><!-- .posts-listing --><\/div><div class=\"text-center\"><a class=\"btn sac-btn no-border-radius btn-default btn-xl\" href=\"\/pt-br\/categoria\/midia\/fotos\/\" style=\"border: none !important;\">Todas<\/a><\/div>[\/vc_column][vc_column width=&#8221;1\/2&#8243;][vc_custom_heading text=&#8221;V\u00eddeos&#8221; font_container=&#8221;tag:h2|font_size:30px|text_align:center|color:%23eb0707|line_height:36px&#8221; google_fonts=&#8221;font_family:Shadows%20Into%20Light%20Two%3Aregular|font_style:400%20regular%3A400%3Anormal&#8221; link=&#8221;url:%2Fpt-br%2Fcategoria%2Fmedia%2Fvideo%2F|||&#8221;][vc_separator]\n\t<div class=\"news-highlight\"><div class=\"posts-listing standard-listing with-meta inline-meta\">\n            <article id=\"post-34374\" class=\"post-34374 post type-post status-publish format-video hentry category-videos post_format-post-format-video\">\n                <div class=\"post-content animated animate-when-almost-visible el-appear\">\n\n                    <div class=\"article-media clearfix\">\n                                                <iframe loading=\"lazy\" title=\"Professione perpetua di Sr Vivian Bok\" width=\"1200\" height=\"675\" src=\"https:\/\/www.youtube.com\/embed\/JOThCl8CgPU?feature=oembed&amp;wmode=opaque&amp;showinfo=0\" style=\"border: none\" allow=\"accelerometer; autoplay; clipboard-write; encrypted-media; gyroscope; picture-in-picture; web-share\" referrerpolicy=\"strict-origin-when-cross-origin\" allowfullscreen><\/iframe>                    <\/div>\n\n                    <h3 class=\"post-title entry-title\"><a href=\"https:\/\/mdipime.org\/pt-br\/midias\/videos\/profissao-perpetua-de-ir-vivian\/\" >Profiss\u00e3o Perpetua de Ir. Vivian<\/a><\/h3>\n\n                    <div class=\"article-meta\">\n                        <span class=\"post-meta\">\n                            <small><a href=\"https:\/\/mdipime.org\/pt-br\/midias\/videos\/profissao-perpetua-de-ir-vivian\/\" rel=\"bookmark\" class=\"post-time\"><time class=\"entry-date\" datetime=\"2020-12-23T15:54:52+01:00\">23\/12\/2020<\/time><time class=\"modify-date hide hidden updated\" datetime=\"2020-12-23T15:55:49+01:00\">23\/12\/2020<\/time><\/a><\/small>, <small class=\"meta-category\"><a href=\"https:\/\/mdipime.org\/pt-br\/categoria\/midias\/videos\/\" rel=\"category tag\">V\u00eddeos<\/a><\/small>                        <\/span>\n                    <\/div>\n\n                    <div class=\"entry-summary\">\n                                                    <p>Em 6 de dezembro de 2020 sr. Vivian diz seu sim definitivo ao Senhor entre as Mission\u00e1rias da Imaculada.<\/p>                                            <\/div><!-- .entry-summary -->\n\n                <\/div>\n            <\/article>\n\n            \n            <\/div> <!-- .posts-listing -->\n            <div class=\"posts-listing left-thumb-listing\">\n\n            \n            <\/div><!-- .posts-listing --><\/div><div class=\"text-center\"><a class=\"btn sac-btn no-border-radius btn-default btn-xl\" href=\"\/pt-br\/categoria\/media\/video\/\" style=\"border: none !important;\">Todos<\/a><\/div>[\/vc_column][\/vc_row]<\/p>\n<\/div>","protected":false},"excerpt":{"rendered":"<p>[vc_row padding_top=&#8221;20&#8243; padding_bottom=&#8221;20&#8243;][vc_column][vc_custom_heading text=&#8221;Revista MdI&#8221; font_container=&#8221;tag:h2|font_size:30px|text_align:center|color:%23eb0707|line_height:36px&#8221; google_fonts=&#8221;font_family:Shadows%20Into%20Light%20Two%3Aregular|font_style:400%20regular%3A400%3Anormal&#8221; link=&#8221;url:%2Fpt-br%2Fcategoria%2Fmedia%2Frivista-mdi%2F|||&#8221;][vc_separator][vc_column_text]A revista Missionarie dell&#8217;Immacolata, um canal de anima\u00e7\u00e3o mission\u00e1rio ativo por 34 anos, encerra suas atividades em 2019. Voc\u00ea pode encontrar o arquivo parcial das \u00faltimas edi\u00e7\u00f5es publicadas neste site. A partir de janeiro de 2020, a revista MdI assume outra forma e continua a falar sobre n\u00f3s e nossa paix\u00e3o pelo an\u00fancio nas p\u00e1ginas de Mondo e Missione, a revista dos mission\u00e1rios do PIME, com a qual compartilhamos os ideais e o carisma mission\u00e1rio. Deseja assinar Mondo e Missione? Veja a p\u00e1gina dedicada \u00e0s assinaturas no site Mondo e Missione.[\/vc_column_text][\/vc_column][\/vc_row][vc_row][vc_column width=&#8221;1\/2&#8243;][vc_custom_heading text=&#8221;Fotos&#8221; font_container=&#8221;tag:h2|font_size:30px|text_align:center|color:%23eb0707|line_height:36px&#8221; google_fonts=&#8221;font_family:Shadows%20Into%20Light%20Two%3Aregular|font_style:400%20regular%3A400%3Anormal&#8221; link=&#8221;url:%2Fpt-br%2Fcategoria%2Fmedia-pt-br%2Ffotos%2F|||&#8221;][vc_separator][\/vc_column][vc_column width=&#8221;1\/2&#8243;][vc_custom_heading text=&#8221;V\u00eddeos&#8221; font_container=&#8221;tag:h2|font_size:30px|text_align:center|color:%23eb0707|line_height:36px&#8221; google_fonts=&#8221;font_family:Shadows%20Into%20Light%20Two%3Aregular|font_style:400%20regular%3A400%3Anormal&#8221; link=&#8221;url:%2Fpt-br%2Fcategoria%2Fmedia%2Fvideo%2F|||&#8221;][vc_separator][\/vc_column][\/vc_row]<\/p>\n","protected":false},"author":14,"featured_media":0,"parent":0,"menu_order":0,"comment_status":"closed","ping_status":"closed","template":"","meta":{"_acf_changed":false,"footnotes":""},"class_list":["post-8824","page","type-page","status-publish","hentry"],"acf":[],"aioseo_notices":[],"jetpack_sharing_enabled":true,"_links":{"self":[{"href":"https:\/\/mdipime.org\/pt-br\/wp-json\/wp\/v2\/pages\/8824","targetHints":{"allow":["GET"]}}],"collection":[{"href":"https:\/\/mdipime.org\/pt-br\/wp-json\/wp\/v2\/pages"}],"about":[{"href":"https:\/\/mdipime.org\/pt-br\/wp-json\/wp\/v2\/types\/page"}],"author":[{"embeddable":true,"href":"https:\/\/mdipime.org\/pt-br\/wp-json\/wp\/v2\/users\/14"}],"replies":[{"embeddable":true,"href":"https:\/\/mdipime.org\/pt-br\/wp-json\/wp\/v2\/comments?post=8824"}],"version-history":[{"count":0,"href":"https:\/\/mdipime.org\/pt-br\/wp-json\/wp\/v2\/pages\/8824\/revisions"}],"wp:attachment":[{"href":"https:\/\/mdipime.org\/pt-br\/wp-json\/wp\/v2\/media?parent=8824"}],"curies":[{"name":"wp","href":"https:\/\/api.w.org\/{rel}","templated":true}]}}