{"id":8833,"date":"2017-03-31T12:36:05","date_gmt":"2017-03-31T10:36:05","guid":{"rendered":"https:\/\/www.mdipime.org\/vocazione-missionaria\/"},"modified":"2025-05-23T12:19:46","modified_gmt":"2025-05-23T10:19:46","slug":"vocacao-missionaria","status":"publish","type":"page","link":"https:\/\/mdipime.org\/pt-br\/vocacao-missionaria\/","title":{"rendered":"Voca\u00e7\u00e3o mission\u00e1ria"},"content":{"rendered":"<div class=\"wpb-content-wrapper\"><p>[vc_row padding_top=&#8221;20&#8243; padding_bottom=&#8221;20&#8243;][vc_column][vc_column_text]<\/p>\n<blockquote><p>Mission\u00e1ria! Palavra misteriosa que teve o poder m\u00e1gico de afugentar toda incerteza, de despertar melhores esperan\u00e7as.<\/p>\n<p>Giuseppina Rodolfi<\/p><\/blockquote>\n<p><strong><em>Este \u00e9 o segredo de cada voca\u00e7\u00e3o: uma semente que cai em terra boa e produz fruto em abund\u00e2ncia.<\/em><\/strong><\/p>\n<p><strong><img decoding=\"async\" class=\"alignleft wp-image-9256\" src=\"https:\/\/mdipime.org\/wp-content\/uploads\/2017\/03\/piccolo-seme-300x150.png\" alt=\"piccolo seme\" width=\"100\" height=\"50\" srcset=\"https:\/\/mdipime.org\/wp-content\/uploads\/2017\/03\/piccolo-seme-300x150.png 300w, https:\/\/mdipime.org\/wp-content\/uploads\/2017\/03\/piccolo-seme-768x383.png 768w, https:\/\/mdipime.org\/wp-content\/uploads\/2017\/03\/piccolo-seme-672x335.png 672w, https:\/\/mdipime.org\/wp-content\/uploads\/2017\/03\/piccolo-seme.png 936w\" sizes=\"(max-width: 100px) 100vw, 100px\" \/>UMA SEMENTE<\/strong>, ou seja, uma pequena hist\u00f3ria particular, \u00fanica, que j\u00e1 traz em si tudo aquilo que ser\u00e1 necess\u00e1rio, que servir\u00e1 para toda a vida da planta. Igual \u00e0 hist\u00f3ria de cada Mission\u00e1ria da Imaculada que traz em si todos os talentos e os recursos amadurecidos em seu territ\u00f3rio de origem: da It\u00e1lia para a \u00c1sia, a Am\u00e9rica, a \u00c1frica, a Oceania&#8230; Riquezas culturais diferentes, mas todas reunidas pelo mesmo chamado para cair na terra e produzir frutos!<\/p>\n<p><strong><img decoding=\"async\" class=\"alignleft wp-image-9259\" src=\"https:\/\/mdipime.org\/wp-content\/uploads\/2017\/03\/terra-buona-249x300.png\" alt=\"seme che cade in terra buona\" width=\"83\" height=\"100\" srcset=\"https:\/\/mdipime.org\/wp-content\/uploads\/2017\/03\/terra-buona-249x300.png 249w, https:\/\/mdipime.org\/wp-content\/uploads\/2017\/03\/terra-buona-768x926.png 768w, https:\/\/mdipime.org\/wp-content\/uploads\/2017\/03\/terra-buona-850x1024.png 850w, https:\/\/mdipime.org\/wp-content\/uploads\/2017\/03\/terra-buona-672x810.png 672w, https:\/\/mdipime.org\/wp-content\/uploads\/2017\/03\/terra-buona.png 906w\" sizes=\"(max-width: 83px) 100vw, 83px\" \/>QUE CAI EM TERRA BOA<\/strong>, ou seja, uma semente que consegue encontrar todas as condi\u00e7\u00f5es adequadas para crescer, um terreno que n\u00e3o seja \u00e1rido e sem terra, mas capaz de acolher as ra\u00edzes, sem espinhos, que ao contr\u00e1rio sufocariam a plantinha&#8230; Uma semente que encontre aquilo que na vida de cada Mission\u00e1ria da Imaculada \u00e9 o \u00fanico terreno bom: o terreno da Palavra de Deus e do encontro vivo com Jesus presente na vida cotidiana. \u00c9 a proximidade com a Palavra de Deus que permite a cada Mission\u00e1ria da Imaculada, em todas as partes do mundo, de conhecer-se mais profundamente, de intuir o pr\u00f3prio chamado, de trabalhar e crescer preparando-se para o dom da pr\u00f3pria vida!<\/p>\n<p><strong><img decoding=\"async\" class=\"alignleft wp-image-9262\" src=\"https:\/\/mdipime.org\/wp-content\/uploads\/2017\/03\/frutto-pienezza-275x300.png\" alt=\"frutti in pienezza\" width=\"92\" height=\"100\" srcset=\"https:\/\/mdipime.org\/wp-content\/uploads\/2017\/03\/frutto-pienezza-275x300.png 275w, https:\/\/mdipime.org\/wp-content\/uploads\/2017\/03\/frutto-pienezza-768x837.png 768w, https:\/\/mdipime.org\/wp-content\/uploads\/2017\/03\/frutto-pienezza-939x1024.png 939w, https:\/\/mdipime.org\/wp-content\/uploads\/2017\/03\/frutto-pienezza-672x733.png 672w, https:\/\/mdipime.org\/wp-content\/uploads\/2017\/03\/frutto-pienezza-1038x1132.png 1038w, https:\/\/mdipime.org\/wp-content\/uploads\/2017\/03\/frutto-pienezza.png 1139w\" sizes=\"(max-width: 92px) 100vw, 92px\" \/>E PRODUZ FRUTO EM ABUND\u00c2NCIA<\/strong>. A Mission\u00e1ria da Imaculada encontra-se, de fato, por chamada e por escolha, &#8216;para toda a vida, com toda a vida&#8217; em territ\u00f3rios distantes de seu pa\u00eds de origem, para levar o an\u00fancio do Evangelho com o desejo em seu cora\u00e7\u00e3o de revelar Jesus Cristo \u00e0queles que ainda n\u00e3o O conhecem. Cada Mission\u00e1ria da Imaculada, nos cinco continentes, experimenta a despropor\u00e7\u00e3o no modo de produzir frutos (trinta, sessenta, cem por um&#8230;) na anima\u00e7\u00e3o mission\u00e1ria, na pastoral, na Igreja local, na evangeliza\u00e7\u00e3o nos vilarejos, nas escolas, nos centros de costura e bordado, nos hospitais, na aproxima\u00e7\u00e3o aos povos ind\u00edgenas&#8230;<\/p>\n<blockquote><p>Deus \u00e9 tudo e tudo est\u00e1 nas suas m\u00e3os. Se Ele quiser abrir\u00e1 o caminho, afastar\u00e1 todas as dificuldades, ou melhor, dar\u00e1 a for\u00e7a para enfrent\u00e1-las sem recuar.<\/p>\n<p>Madre Giuseppina Dones<\/p><\/blockquote>\n<p><strong>Queres conhecer mais alguma coisa da hist\u00f3ria das Mission\u00e1rias da Imaculada nas diversas partes do mundo? Gostaria de entender algo da sua voca\u00e7\u00e3o? Eis aqui, abaixo, algumas delas&#8230;<\/strong>[\/vc_column_text][vc_custom_heading text=&#8221;Hist\u00f3rias Vocacionais&#8221; font_container=&#8221;tag:h4|font_size:30px|text_align:center|color:%23eb0707|line_height:36px&#8221; google_fonts=&#8221;font_family:Shadows%20Into%20Light%20Two%3Aregular|font_style:400%20regular%3A400%3Anormal&#8221;][vc_separator]\n\t<div class=\"kleo-carousel-container home-box-news\">\n\t\t<div class=\"kleo-carousel-items kleo-carousel-post\" data-min-items=\"2\" data-max-items=\"2\" data-autoplay=\"true\">\n\t\t\t<ul class=\"kleo-carousel\">\n\n\t\t\t\t\n<li id=\"post-37488\" class=\"post-item col-sm-4 post-37488 post type-post status-publish format-video hentry category-testemunhos-missionarios post_format-post-format-video\">\n    <article>\n\n\t\t\t\t\t\t\t<div class=\"kleo-video-embed\">\n\t\t\t\t\t\t<iframe loading=\"lazy\" title=\"Ir. Basilia, mission\u00e1ria no Brasil Norte\" width=\"1200\" height=\"675\" src=\"https:\/\/www.youtube.com\/embed\/nb8pgw9dT9c?feature=oembed&amp;wmode=opaque&amp;showinfo=0\" style=\"border: none\" allow=\"accelerometer; autoplay; clipboard-write; encrypted-media; gyroscope; picture-in-picture; web-share\" referrerpolicy=\"strict-origin-when-cross-origin\" allowfullscreen><\/iframe>\t\t\t\t\t<\/div>\n\t\t\t\t\t\n        <div class=\"entry-content\">\n            <h4 class=\"post-title entry-title\"><a href=\"https:\/\/mdipime.org\/pt-br\/testemunhos-missionarios\/ir-basilia-missionaria-no-norte-do-brasil\/\">Ir. Basilia, mission\u00e1ria no Norte do Brasil<\/a><\/h4>\n\n            <span class=\"post-meta hidden hide\">\n                <small><a href=\"https:\/\/mdipime.org\/pt-br\/testemunhos-missionarios\/ir-basilia-missionaria-no-norte-do-brasil\/\" rel=\"bookmark\" class=\"post-time\"><time class=\"entry-date\" datetime=\"2021-06-03T20:46:07+02:00\">03\/06\/2021<\/time><time class=\"modify-date hide hidden updated\" datetime=\"2021-06-03T20:46:07+02:00\">03\/06\/2021<\/time><\/a><\/small>, <small class=\"meta-category\"><a href=\"https:\/\/mdipime.org\/pt-br\/categoria\/testemunhos-missionarios\/\" rel=\"category tag\">Testemunhos mission\u00e1rios<\/a><\/small>            <\/span>\n\n\t\t\t                <hr>\n                <div class=\"entry-summary\">\n\t\t\t\t\t<p>Testemunho de Ir. Basilia, que veio da Papua Nova Guin\u00e9 para ser Mission\u00e1ria no Brasil Norte.<\/p>                <\/div><!-- .entry-summary -->\n\t\t\t        <\/div><!--end post-info-->\n\n    <\/article>\n<\/li>\n<li id=\"post-15510\" class=\"post-item col-sm-4 post-15510 post type-post status-publish format-standard has-post-thumbnail hentry category-testemunhos-missionarios tag-papua-nuova-guinea-pt-br\">\n    <article>\n\n\t\t<div class=\"post-image\"><a href=\"https:\/\/mdipime.org\/pt-br\/testemunhos-missionarios\/sr-elsie-isikeli\/\" class=\"element-wrap\"><img decoding=\"async\" width=\"405\" height=\"270\" src=\"https:\/\/mdipime.org\/wp-content\/uploads\/2018\/06\/elsie-foto2.jpg\" class=\"attachment-kleo-post-gallery size-kleo-post-gallery wp-post-image\" alt=\"\" srcset=\"https:\/\/mdipime.org\/wp-content\/uploads\/2018\/06\/elsie-foto2.jpg 1920w, https:\/\/mdipime.org\/wp-content\/uploads\/2018\/06\/elsie-foto2-300x200.jpg 300w, https:\/\/mdipime.org\/wp-content\/uploads\/2018\/06\/elsie-foto2-768x512.jpg 768w, https:\/\/mdipime.org\/wp-content\/uploads\/2018\/06\/elsie-foto2-1024x683.jpg 1024w, https:\/\/mdipime.org\/wp-content\/uploads\/2018\/06\/elsie-foto2-672x448.jpg 672w, https:\/\/mdipime.org\/wp-content\/uploads\/2018\/06\/elsie-foto2-1038x692.jpg 1038w\" sizes=\"(max-width: 405px) 100vw, 405px\" \/><span class=\"hover-element\"><i>+<\/i><\/span><\/a><\/div><!--end post-image-->\n        <div class=\"entry-content\">\n            <h4 class=\"post-title entry-title\"><a href=\"https:\/\/mdipime.org\/pt-br\/testemunhos-missionarios\/sr-elsie-isikeli\/\">ir. Elsie Isikeli<\/a><\/h4>\n\n            <span class=\"post-meta hidden hide\">\n                <small><a href=\"https:\/\/mdipime.org\/pt-br\/testemunhos-missionarios\/sr-elsie-isikeli\/\" rel=\"bookmark\" class=\"post-time\"><time class=\"entry-date\" datetime=\"2018-07-20T15:11:25+02:00\">20\/07\/2018<\/time><time class=\"modify-date hide hidden updated\" datetime=\"2018-12-06T14:19:25+01:00\">06\/12\/2018<\/time><\/a><\/small>, <small class=\"meta-category\"><a href=\"https:\/\/mdipime.org\/pt-br\/categoria\/testemunhos-missionarios\/\" rel=\"category tag\">Testemunhos mission\u00e1rios<\/a>, <a href=\"https:\/\/mdipime.org\/pt-br\/tag\/papua-nuova-guinea-pt-br\/\" rel=\"tag\">Papua Nova Guin\u00e9<\/a><\/small>            <\/span>\n\n\t\t\t                <hr>\n                <div class=\"entry-summary\">\n\t\t\t\t\t<p>Ir. Elsie, origin\u00e1ria de Alotau, Papua Nova Guin\u00e9, nos fala sobre paix\u00f5es e dificul\u00acda-des do in\u00edcio de sua voca\u00e7\u00e3o.... Uma hist\u00f3-ria onde a ora\u00e7\u00e3o e a devo\u00e7\u00e3o \u00e0 Virgem Maria desataram at\u00e9 mesmo os n\u00f3s mais dif\u00edceis! E agora? Destina\u00e7\u00e3o: Bangladesh!<\/p>                <\/div><!-- .entry-summary -->\n\t\t\t        <\/div><!--end post-info-->\n\n    <\/article>\n<\/li>\n<li id=\"post-12678\" class=\"post-item col-sm-4 post-12678 post type-post status-publish format-standard has-post-thumbnail hentry category-testemunhos-missionarios category-vida-missionaria tag-hong-kong-pt-br\">\n    <article>\n\n\t\t<div class=\"post-image\"><a href=\"https:\/\/mdipime.org\/pt-br\/vida-missionaria\/cantones-uma-jornada-de-paciencia-e-dedicacao\/\" class=\"element-wrap\"><img decoding=\"async\" width=\"360\" height=\"270\" src=\"https:\/\/mdipime.org\/wp-content\/uploads\/2018\/04\/22815198_10154958575967409_7612586096846379520_n.jpg\" class=\"attachment-kleo-post-gallery size-kleo-post-gallery wp-post-image\" alt=\"\" srcset=\"https:\/\/mdipime.org\/wp-content\/uploads\/2018\/04\/22815198_10154958575967409_7612586096846379520_n.jpg 960w, https:\/\/mdipime.org\/wp-content\/uploads\/2018\/04\/22815198_10154958575967409_7612586096846379520_n-300x225.jpg 300w, https:\/\/mdipime.org\/wp-content\/uploads\/2018\/04\/22815198_10154958575967409_7612586096846379520_n-768x576.jpg 768w, https:\/\/mdipime.org\/wp-content\/uploads\/2018\/04\/22815198_10154958575967409_7612586096846379520_n-672x504.jpg 672w, https:\/\/mdipime.org\/wp-content\/uploads\/2018\/04\/22815198_10154958575967409_7612586096846379520_n-480x360.jpg 480w\" sizes=\"(max-width: 360px) 100vw, 360px\" \/><span class=\"hover-element\"><i>+<\/i><\/span><\/a><\/div><!--end post-image-->\n        <div class=\"entry-content\">\n            <h4 class=\"post-title entry-title\"><a href=\"https:\/\/mdipime.org\/pt-br\/vida-missionaria\/cantones-uma-jornada-de-paciencia-e-dedicacao\/\">Canton\u00eas: uma jornada de paci\u00eancia e dedica\u00e7\u00e3o<\/a><\/h4>\n\n            <span class=\"post-meta hidden hide\">\n                <small><a href=\"https:\/\/mdipime.org\/pt-br\/vida-missionaria\/cantones-uma-jornada-de-paciencia-e-dedicacao\/\" rel=\"bookmark\" class=\"post-time\"><time class=\"entry-date\" datetime=\"2018-06-28T09:50:37+02:00\">28\/06\/2018<\/time><time class=\"modify-date hide hidden updated\" datetime=\"2018-06-15T16:52:32+02:00\">15\/06\/2018<\/time><\/a><\/small>, <small class=\"meta-category\"><a href=\"https:\/\/mdipime.org\/pt-br\/categoria\/testemunhos-missionarios\/\" rel=\"category tag\">Testemunhos mission\u00e1rios<\/a>, <a href=\"https:\/\/mdipime.org\/pt-br\/categoria\/vida-missionaria\/\" rel=\"category tag\">Vida mission\u00e1ria<\/a>, <a href=\"https:\/\/mdipime.org\/pt-br\/tag\/hong-kong-pt-br\/\" rel=\"tag\">Hong Kong<\/a><\/small>            <\/span>\n\n\t\t\t                <hr>\n                <div class=\"entry-summary\">\n\t\t\t\t\t<p>Ser pacientes n\u00e3o\u00a0significa ser fr\u00e1geis, mas ter descoberto una nova for\u00e7a interior. Durante dois anos em Hong Kong eu dediquei o meu tempo ao estudo do dialeto local &#8211; o Canton\u00eas, o qual \u00e9 muito dif\u00edcil e exigiu de mim muita dedica\u00e7\u00e3o, paci\u00eancia e for\u00e7a de vontade para aprend\u00ea-lo, pois aprender canton\u00eas foi o primeiro desafio que encontrei aqui e n\u00e3o tinha outra alternativa a ...<\/p>                <\/div><!-- .entry-summary -->\n\t\t\t        <\/div><!--end post-info-->\n\n    <\/article>\n<\/li>\n<li id=\"post-14143\" class=\"post-item col-sm-4 post-14143 post type-post status-publish format-standard has-post-thumbnail hentry category-testemunhos-missionarios tag-brasil\">\n    <article>\n\n\t\t<div class=\"post-image\"><a href=\"https:\/\/mdipime.org\/pt-br\/testemunhos-missionarios\/ir-maria-clara-pires\/\" class=\"element-wrap\"><img decoding=\"async\" width=\"325\" height=\"270\" src=\"https:\/\/mdipime.org\/wp-content\/uploads\/2018\/06\/m-clara-HK.jpg\" class=\"attachment-kleo-post-gallery size-kleo-post-gallery wp-post-image\" alt=\"\" srcset=\"https:\/\/mdipime.org\/wp-content\/uploads\/2018\/06\/m-clara-HK.jpg 520w, https:\/\/mdipime.org\/wp-content\/uploads\/2018\/06\/m-clara-HK-300x249.jpg 300w\" sizes=\"(max-width: 325px) 100vw, 325px\" \/><span class=\"hover-element\"><i>+<\/i><\/span><\/a><\/div><!--end post-image-->\n        <div class=\"entry-content\">\n            <h4 class=\"post-title entry-title\"><a href=\"https:\/\/mdipime.org\/pt-br\/testemunhos-missionarios\/ir-maria-clara-pires\/\">ir. Maria Clara Pires<\/a><\/h4>\n\n            <span class=\"post-meta hidden hide\">\n                <small><a href=\"https:\/\/mdipime.org\/pt-br\/testemunhos-missionarios\/ir-maria-clara-pires\/\" rel=\"bookmark\" class=\"post-time\"><time class=\"entry-date\" datetime=\"2018-06-16T17:15:46+02:00\">16\/06\/2018<\/time><time class=\"modify-date hide hidden updated\" datetime=\"2019-09-23T12:54:06+02:00\">23\/09\/2019<\/time><\/a><\/small>, <small class=\"meta-category\"><a href=\"https:\/\/mdipime.org\/pt-br\/categoria\/testemunhos-missionarios\/\" rel=\"category tag\">Testemunhos mission\u00e1rios<\/a>, <a href=\"https:\/\/mdipime.org\/pt-br\/tag\/brasil\/\" rel=\"tag\">Brasil<\/a><\/small>            <\/span>\n\n\t\t\t                <hr>\n                <div class=\"entry-summary\">\n\t\t\t\t\t<p>N\u00e3o tenhais medo de deixar tudo e partir, para ser mission\u00e1rios! Eis os votos que faz para todos os jovens a Ir. Maria Clara nascida em Parintins, Amazonas. Agora ela \u00e9 mission\u00e1ria em Hong Kong-China, e se debru\u00e7a no estudo do canton\u00eas... Fronteiras e terras inesperadas esperam por aqueles que se confiam ao Senhor!<\/p>                <\/div><!-- .entry-summary -->\n\t\t\t        <\/div><!--end post-info-->\n\n    <\/article>\n<\/li>\n\t\t\t<\/ul>\n\t\t<\/div>\n\t\t<div class=\"carousel-arrow\">\n\t\t\t<a class=\"carousel-prev\" href=\"#\"><i class=\"icon-angle-left\"><\/i><\/a>\n\t\t\t<a class=\"carousel-next\" href=\"#\"><i class=\"icon-angle-right\"><\/i><\/a>\n\t\t<\/div>\n\t\t<div class=\"kleo-carousel-post-pager carousel-pager\"><\/div>\n\t<\/div><!--end carousel-container-->\n\n<div class=\"text-center\"><a class=\"btn sac-btn no-border-radius btn-default btn-xl\" href=\"\/pt-br\/categoria\/testemunhos-missionarios\/\" style=\"border: none !important;\">Todas<\/a><\/div>[\/vc_column][\/vc_row]<\/p>\n<\/div>","protected":false},"excerpt":{"rendered":"<p>[vc_row padding_top=&#8221;20&#8243; padding_bottom=&#8221;20&#8243;][vc_column][vc_column_text] Mission\u00e1ria! Palavra misteriosa que teve o poder m\u00e1gico de afugentar toda incerteza, de despertar melhores esperan\u00e7as. Giuseppina Rodolfi Este \u00e9 o segredo de cada voca\u00e7\u00e3o: uma semente que cai em terra boa e produz fruto em abund\u00e2ncia. UMA SEMENTE, ou seja, uma pequena hist\u00f3ria particular, \u00fanica, que j\u00e1 traz em si tudo aquilo que ser\u00e1 necess\u00e1rio, que servir\u00e1 para toda a vida da planta. Igual \u00e0 hist\u00f3ria de cada Mission\u00e1ria da Imaculada que traz em si todos os talentos e os recursos amadurecidos em seu territ\u00f3rio de origem: da It\u00e1lia para a \u00c1sia, a Am\u00e9rica, a \u00c1frica, a Oceania&#8230; Riquezas culturais diferentes, mas todas reunidas pelo mesmo chamado para cair na terra e produzir frutos! QUE CAI EM TERRA BOA, ou seja, uma semente que consegue encontrar todas as condi\u00e7\u00f5es adequadas para crescer, um terreno que n\u00e3o seja \u00e1rido e sem terra, mas capaz de acolher as ra\u00edzes, sem espinhos, que ao contr\u00e1rio sufocariam a plantinha&#8230; Uma semente que encontre aquilo que na vida de cada Mission\u00e1ria da Imaculada \u00e9 o \u00fanico terreno bom: o terreno da Palavra de Deus e do encontro vivo com Jesus presente na vida cotidiana. \u00c9 a proximidade com a Palavra de Deus que permite a cada Mission\u00e1ria da Imaculada, em todas as partes do mundo, de conhecer-se mais profundamente, de intuir o pr\u00f3prio chamado, de trabalhar e crescer preparando-se para o dom da pr\u00f3pria vida! E PRODUZ FRUTO EM ABUND\u00c2NCIA. A Mission\u00e1ria da Imaculada encontra-se, de fato, por chamada e por escolha, &#8216;para toda a vida, com toda a vida&#8217; em territ\u00f3rios distantes de seu pa\u00eds de origem, para levar o an\u00fancio do Evangelho com o desejo em seu cora\u00e7\u00e3o de revelar Jesus Cristo \u00e0queles que ainda n\u00e3o O conhecem. Cada Mission\u00e1ria da Imaculada, nos cinco continentes, experimenta a despropor\u00e7\u00e3o no modo de produzir frutos (trinta, sessenta, cem por um&#8230;) na anima\u00e7\u00e3o mission\u00e1ria, na pastoral, na Igreja local, na evangeliza\u00e7\u00e3o nos vilarejos, nas escolas, nos centros de costura e bordado, nos hospitais, na aproxima\u00e7\u00e3o aos povos ind\u00edgenas&#8230; Deus \u00e9 tudo e tudo est\u00e1 nas suas m\u00e3os. Se Ele quiser abrir\u00e1 o caminho, afastar\u00e1 todas as dificuldades, ou melhor, dar\u00e1 a for\u00e7a para enfrent\u00e1-las sem recuar. Madre Giuseppina Dones Queres conhecer mais alguma coisa da hist\u00f3ria das Mission\u00e1rias da Imaculada nas diversas partes do mundo? Gostaria de entender algo da sua voca\u00e7\u00e3o? Eis aqui, abaixo, algumas delas&#8230;[\/vc_column_text][vc_custom_heading text=&#8221;Hist\u00f3rias Vocacionais&#8221; font_container=&#8221;tag:h4|font_size:30px|text_align:center|color:%23eb0707|line_height:36px&#8221; google_fonts=&#8221;font_family:Shadows%20Into%20Light%20Two%3Aregular|font_style:400%20regular%3A400%3Anormal&#8221;][vc_separator][\/vc_column][\/vc_row]<\/p>\n","protected":false},"author":14,"featured_media":0,"parent":0,"menu_order":0,"comment_status":"closed","ping_status":"closed","template":"","meta":{"_acf_changed":false,"footnotes":""},"class_list":["post-8833","page","type-page","status-publish","hentry"],"acf":[],"aioseo_notices":[],"jetpack_sharing_enabled":true,"_links":{"self":[{"href":"https:\/\/mdipime.org\/pt-br\/wp-json\/wp\/v2\/pages\/8833","targetHints":{"allow":["GET"]}}],"collection":[{"href":"https:\/\/mdipime.org\/pt-br\/wp-json\/wp\/v2\/pages"}],"about":[{"href":"https:\/\/mdipime.org\/pt-br\/wp-json\/wp\/v2\/types\/page"}],"author":[{"embeddable":true,"href":"https:\/\/mdipime.org\/pt-br\/wp-json\/wp\/v2\/users\/14"}],"replies":[{"embeddable":true,"href":"https:\/\/mdipime.org\/pt-br\/wp-json\/wp\/v2\/comments?post=8833"}],"version-history":[{"count":0,"href":"https:\/\/mdipime.org\/pt-br\/wp-json\/wp\/v2\/pages\/8833\/revisions"}],"wp:attachment":[{"href":"https:\/\/mdipime.org\/pt-br\/wp-json\/wp\/v2\/media?parent=8833"}],"curies":[{"name":"wp","href":"https:\/\/api.w.org\/{rel}","templated":true}]}}