{"id":8838,"date":"2017-07-06T12:39:49","date_gmt":"2017-07-06T10:39:49","guid":{"rendered":"https:\/\/www.mdipime.org\/vocacao-missionaria\/faq-vocazione-missionaria\/"},"modified":"2024-03-22T13:57:42","modified_gmt":"2024-03-22T12:57:42","slug":"faq-vocacao-missionaria","status":"publish","type":"page","link":"https:\/\/mdipime.org\/pt-br\/vocacao-missionaria\/faq-vocacao-missionaria\/","title":{"rendered":"FAQ Voca\u00e7\u00e3o mission\u00e1ria"},"content":{"rendered":"<div class=\"wpb-content-wrapper\"><p>[vc_row padding_top=&#8221;20&#8243; padding_bottom=&#8221;20&#8243;][vc_column][vc_column_text]<strong>O que \u00e9 a p\u00e1gina FAQ?<\/strong><\/p>\n<p>\u00c9 uma s\u00e9rie de perguntas que sempre n\u00f3s recebemos quando falamos da nossa voca\u00e7\u00e3o. Neste espa\u00e7o, acess\u00edvel a todos, as nossas respostas s\u00e3o sint\u00e9ticas de prop\u00f3sito, para dar informa\u00e7\u00f5es simples e claras, que possam dar uma ideia ou estimular para um maior aprofundamento.[\/vc_column_text][vc_accordion][vc_accordion_tab title=&#8221;O que eu devo fazer se sinto o desejo de ser Irm\u00e3 mission\u00e1ria?&#8221; icon=&#8221;minus&#8221; icon_closed=&#8221;plus&#8221; el_id=&#8221;cosa-devo-fare-se-sento-il-desiderio-di-essere-suora-missionaria&#8221;][vc_column_text]Para conhecer mais a nossa vida e aprofundar a tua voca\u00e7\u00e3o entra em contato com <a href=\"\/?page_id=8726\">a comunidade das Mission\u00e1rias da Imaculada<\/a> mais pr\u00f3xima ou escreve aqui <a href=\"\/?page_id=8843\">suas perguntas<\/a>: algu\u00e9m responder\u00e1 a voc\u00ea![\/vc_column_text][\/vc_accordion_tab][vc_accordion_tab title=&#8221;Qual \u00e9 o percurso para tornar-se Mission\u00e1ria da Imaculada?&#8221; icon=&#8221;minus&#8221; icon_closed=&#8221;plus&#8221; el_id=&#8221;qual-e-il-percorso-per-diventare-missionaria-dell-immacolata&#8221;][vc_column_text]A jovem vivencia diversas etapas no caminho formativo:<\/p>\n<p><strong>Aspirantado:<\/strong> Primeiro per\u00edodo de discernimento vocacional para verificar a autenticidade da voca\u00e7\u00e3o e a capacidade de corresponder-lhe.<\/p>\n<p><strong>Postulado:<\/strong> Per\u00edodo imediatamente precedente ao noviciado, que tem por finalidade levar a jovem a fazer livremente a escolha de seguir o Senhor, de acordo com o novo projeto de vida.<\/p>\n<p><strong>Noviciado:<\/strong> Etapa privilegiada da forma\u00e7\u00e3o, que tem por finalidade iniciar a jovem na viv\u00eancia dos compro\u00admis\u00adsos da consagra\u00e7\u00e3o mission\u00e1ria e na assimila\u00e7\u00e3o pessoal dos valores do carisma, para provar mais claramente a pr\u00f3pria idoneidade em vista do completo dom de si a Deus na miss\u00e3o ad gentes.<\/p>\n<p><strong>Juniorato:<\/strong> \u00c9 um per\u00edodo que inicia com a Profiss\u00e3o Religiosa e normalmente dura seis anos durante os quais a jovem Mission\u00e1ria da Imaculada continua o pr\u00f3prio processo de matura\u00e7\u00e3o humana, religiosa e apost\u00f3lica atrav\u00e9s dos empenhos no estudo e na pastoral para preparar-se \u00e0 Profiss\u00e3o Perp\u00e9tua.<\/p>\n<p>Com a <strong>Profiss\u00e3o Perp\u00e9tua<\/strong> a Mission\u00e1ria da Imaculada se doa totalmente a Deus para a miss\u00e3o e \u00e9 incorporada definitivamente \u00e0 Congrega\u00e7\u00e3o.[\/vc_column_text][\/vc_accordion_tab][vc_accordion_tab title=&#8221;O que significam os tr\u00eas votos: pobreza, castidade e obedi\u00eancia?&#8221; icon=&#8221;minus&#8221; icon_closed=&#8221;plus&#8221; el_id=&#8221;cosa-significano-i-tre-voti-povert\u00e0-castit\u00e0-e-obbedienza&#8221;][vc_column_text]Os tr\u00eas votos s\u00e3o caracter\u00edsticos da vida de consagra\u00e7\u00e3o e exprimem a exig\u00eancia de viver em plenitude o pr\u00f3prio batismo atrav\u00e9s de uma doa\u00e7\u00e3o incondicionada ao Senhor e ao Seu Reino.<\/p>\n<p><strong>Pobreza<\/strong>: Exprime a disponibilidade da Mission\u00e1ria da Imaculada para cumprir o projeto do Pai, renunciando a toda a seguran\u00e7a humana e abandonando-se com confian\u00e7a na Provid\u00eancia, a exemplo de Cristo que se fez pobre por n\u00f3s.<\/p>\n<p><strong>Castidade<\/strong>: Exprime a escolha preferencial de Deus, para quem a Mission\u00e1ria da Imaculada quer viver, colocando tudo de si ao seu servi\u00e7o, um amor que se realiza na caridade aberta a todos, sem distin\u00e7\u00e3o, a exemplo do amor de Jesus ao Pai.<\/p>\n<p><strong>Obedi\u00eancia<\/strong>: Exprime a escolha de colocar-se totalmente nas m\u00e3os de Deus, a exemplo de Cristo, para participar \u00e0 sua obra de salva\u00e7\u00e3o e chegar a uma profunda comunh\u00e3o com a sua vontade.[\/vc_column_text][\/vc_accordion_tab][vc_accordion_tab title=&#8221;Qual \u00e9 o significado da sigla PIME?&#8221; icon=&#8221;minus&#8221; icon_closed=&#8221;plus&#8221; el_id=&#8221;qual-e-il-significato-di-pime&#8221;][vc_column_text]\u00c9 a sigla do <strong>Pontif\u00edcio Instituto das Miss\u00f5es Estrangeiras<\/strong>, fundado em 1850 para reunir sacerdotes que se preparavam para partir para a miss\u00e3o e oferecer toda a sua vida por esta finalidade.[\/vc_column_text][\/vc_accordion_tab][vc_accordion_tab title=&#8221;Qual \u00e9 o relacionamento entre o PIME e as Mission\u00e1rias da Imaculada?&#8221; icon=&#8221;minus&#8221; icon_closed=&#8221;plus&#8221; el_id=&#8221;che-rapporto-ce-fra-listituto-del-pime-e-le-missionarie-dell-immacolata&#8221;][vc_column_text]As Mission\u00e1rias da Imaculada, tamb\u00e9m s\u00e3o chamadas de Irm\u00e3s do PIME, porque compartilham com o PIME a mesma espiritualidade mission\u00e1ria, tendo como prioridade o an\u00fancio do Evangelho, preferencialmente aos n\u00e3o crist\u00e3os e fora do pr\u00f3prio pa\u00eds de proveni\u00eancia. Nas origens da Congrega\u00e7\u00e3o das Mission\u00e1rias da Imaculada em 1936 encontramos dois membros do PIME: <a href=\"\/?page_id=8869\">p. Paolo Manna<\/a>, inspirador do carisma, e <a href=\"\/?page_id=8885\">Dom Lorenzo Maria Balconi<\/a>, cofundador\u00a0junto com as nossas duas fundadoras <a href=\"\/?page_id=8881\">Me. Giuseppina Dones<\/a> e <a href=\"\/?page_id=8873\">Giuseppina Rodolfi<\/a>. Hoje os padres e as Irm\u00e3s do PIME, presentes nos v\u00e1rios continentes, compartilham atividades de evangeliza\u00e7\u00e3o e anima\u00e7\u00e3o mission\u00e1ria da Igreja local.[\/vc_column_text][\/vc_accordion_tab][vc_accordion_tab title=&#8221;Onde as Mission\u00e1rias da Imaculada est\u00e3o presentes?&#8221; icon=&#8221;minus&#8221; icon_closed=&#8221;plus&#8221; el_id=&#8221;dove-sono-presenti-le-missionarie-dell-immacolata&#8221;][vc_column_text]Est\u00e3o presentes nos cinco continentes: Europa: na It\u00e1lia e Reino Unido; \u00c1sia: na \u00cdndia, Bangladesh e Hong Kong &#8211; China; Am\u00e9rica: no Brasil; \u00c1frica: no Camar\u00f5es, na Guin\u00e9 Bissau e na Arg\u00e9lia; Oceania: na Papua Nova Guin\u00e9.[\/vc_column_text][\/vc_accordion_tab][vc_accordion_tab title=&#8221;O que significam as tr\u00eas caracter\u00edsticas: ad gentes, ad extra, ad vitam?&#8221; icon=&#8221;minus&#8221; icon_closed=&#8221;plus&#8221; el_id=&#8221;cosa-significano-le-tre-caratteristiche-ad-gentes-ad-extra-ad-vitam&#8221;][vc_column_text]Ad gentes, ad extra, ad vitam, s\u00e3o as tr\u00eas particularidades que definem a nossa escolha mission\u00e1ria: ad gentes, significa dirigir-se principalmente aos n\u00e3o crist\u00e3os, \u00e0queles que ainda n\u00e3o ouviram falar de Jesus Cristo; ad extra, significa viver a pr\u00f3pria vida mission\u00e1ria fora do pr\u00f3prio pa\u00eds de origem; ad vitam, significa que n\u00e3o \u00e9 por um tempo determinado, mas por toda a vida.[\/vc_column_text][\/vc_accordion_tab][vc_accordion_tab title=&#8221;Todas as Mission\u00e1rias devem partir para as miss\u00f5es?&#8221; icon=&#8221;minus&#8221; icon_closed=&#8221;plus&#8221; el_id=&#8221;e-necessario-per-tutte-partire-per-la-missione&#8221;][vc_column_text]<strong>Sim.<\/strong> \u00a0As Mission\u00e1rias da Imaculada s\u00e3o exclusivamente mission\u00e1rias, e todas as Irm\u00e3s s\u00e3o destinadas a passar um per\u00edodo na miss\u00e3o fora do pr\u00f3prio pa\u00eds de origem, que para a maior parte das Irm\u00e3s representa muitos anos de sua vida.[\/vc_column_text][\/vc_accordion_tab][vc_accordion_tab title=&#8221;O que significa o lema da Congrega\u00e7\u00e3o \u201cVenha a n\u00f3s o teu Reino\u201d?&#8221; icon=&#8221;minus&#8221; icon_closed=&#8221;plus&#8221; el_id=&#8221;cosa-vuol-dire-il-motto-dell-istituto-venga-il-tuo-regno&#8221;][vc_column_text]Entregando este lema para a Me. Giuseppina Dones no in\u00edcio da Congrega\u00e7\u00e3o, Pe. Paolo Manna \u2013 PIME, o acompanhou com estas palavras: \u201c\u00c9 um programa e uma ora\u00e7\u00e3o!\u201d. Representa o dom que une todas as Mission\u00e1rias da Imaculada ao consagrar a pr\u00f3pria vida a Deus e \u00e0 difus\u00e3o do Seu Reino, que \u201c<em>n\u00e3o \u00e9 quest\u00e3o de comida ou bebida, mas \u00e9 justi\u00e7a, paz e alegria no Esp\u00edrito Santo<\/em>\u201d (Rm 14,17) para todos os povos.[\/vc_column_text][\/vc_accordion_tab][vc_accordion_tab title=&#8221;Como s\u00e3o compostas as comunidades das Mission\u00e1rias da Imaculada?&#8221; icon=&#8221;minus&#8221; icon_closed=&#8221;plus&#8221; el_id=&#8221;come-sono-composte-le-comunita-delle-missionarie-dell-immacolata&#8221;][vc_column_text]A Congrega\u00e7\u00e3o das Mission\u00e1rias da Imaculada \u00e9 internacional; as suas comunidades s\u00e3o, portanto, caracterizadas pela conviv\u00eancia de irm\u00e3s das diversas nacionalidades: italianas, indianas, bangladeshi, brasileiras, chinesas, camaronesas, guineenses, papuanas.[\/vc_column_text][\/vc_accordion_tab][vc_accordion_tab title=&#8221;As Mission\u00e1rias da Imaculada trabalham tamb\u00e9m com os Leigos?&#8221; icon=&#8221;minus&#8221; icon_closed=&#8221;plus&#8221; el_id=&#8221;le-missionarie-dell-immacolata-lavorano-anche-con-laici&#8221;][vc_column_text]Sim, as Mission\u00e1rias da Imaculada s\u00e3o acompanhadas e ajudadas por <a href=\"\/?page_id=8778\">leigos<\/a> que participam do mesmo carisma, e pelos <a href=\"\/?page_id=8772\">Amigos das Mission\u00e1rias da Imaculada<\/a>\u00a0que ajudam a manter suas atividades.[\/vc_column_text][\/vc_accordion_tab][\/vc_accordion][\/vc_column][\/vc_row]<\/p>\n<\/div>","protected":false},"excerpt":{"rendered":"<p>[vc_row padding_top=&#8221;20&#8243; padding_bottom=&#8221;20&#8243;][vc_column][vc_column_text]O que \u00e9 a p\u00e1gina FAQ? \u00c9 uma s\u00e9rie de perguntas que sempre n\u00f3s recebemos quando falamos da nossa voca\u00e7\u00e3o. Neste espa\u00e7o, acess\u00edvel a todos, as nossas respostas s\u00e3o sint\u00e9ticas de prop\u00f3sito, para dar informa\u00e7\u00f5es simples e claras, que possam dar uma ideia ou estimular para um maior aprofundamento.[\/vc_column_text][vc_accordion][vc_accordion_tab title=&#8221;O que eu devo fazer se sinto o desejo de ser Irm\u00e3 mission\u00e1ria?&#8221; icon=&#8221;minus&#8221; icon_closed=&#8221;plus&#8221; el_id=&#8221;cosa-devo-fare-se-sento-il-desiderio-di-essere-suora-missionaria&#8221;][vc_column_text]Para conhecer mais a nossa vida e aprofundar a tua voca\u00e7\u00e3o entra em contato com a comunidade das Mission\u00e1rias da Imaculada mais pr\u00f3xima ou escreve aqui suas perguntas: algu\u00e9m responder\u00e1 a voc\u00ea![\/vc_column_text][\/vc_accordion_tab][vc_accordion_tab title=&#8221;Qual \u00e9 o percurso para tornar-se Mission\u00e1ria da Imaculada?&#8221; icon=&#8221;minus&#8221; icon_closed=&#8221;plus&#8221; el_id=&#8221;qual-e-il-percorso-per-diventare-missionaria-dell-immacolata&#8221;][vc_column_text]A jovem vivencia diversas etapas no caminho formativo: Aspirantado: Primeiro per\u00edodo de discernimento vocacional para verificar a autenticidade da voca\u00e7\u00e3o e a capacidade de corresponder-lhe. Postulado: Per\u00edodo imediatamente precedente ao noviciado, que tem por finalidade levar a jovem a fazer livremente a escolha de seguir o Senhor, de acordo com o novo projeto de vida. Noviciado: Etapa privilegiada da forma\u00e7\u00e3o, que tem por finalidade iniciar a jovem na viv\u00eancia dos compro\u00admis\u00adsos da consagra\u00e7\u00e3o mission\u00e1ria e na assimila\u00e7\u00e3o pessoal dos valores do carisma, para provar mais claramente a pr\u00f3pria idoneidade em vista do completo dom de si a Deus na miss\u00e3o ad gentes. Juniorato: \u00c9 um per\u00edodo que inicia com a Profiss\u00e3o Religiosa e normalmente dura seis anos durante os quais a jovem Mission\u00e1ria da Imaculada continua o pr\u00f3prio processo de matura\u00e7\u00e3o humana, religiosa e apost\u00f3lica atrav\u00e9s dos empenhos no estudo e na pastoral para preparar-se \u00e0 Profiss\u00e3o Perp\u00e9tua. Com a Profiss\u00e3o Perp\u00e9tua a Mission\u00e1ria da Imaculada se doa totalmente a Deus para a miss\u00e3o e \u00e9 incorporada definitivamente \u00e0 Congrega\u00e7\u00e3o.[\/vc_column_text][\/vc_accordion_tab][vc_accordion_tab title=&#8221;O que significam os tr\u00eas votos: pobreza, castidade e obedi\u00eancia?&#8221; icon=&#8221;minus&#8221; icon_closed=&#8221;plus&#8221; el_id=&#8221;cosa-significano-i-tre-voti-povert\u00e0-castit\u00e0-e-obbedienza&#8221;][vc_column_text]Os tr\u00eas votos s\u00e3o caracter\u00edsticos da vida de consagra\u00e7\u00e3o e exprimem a exig\u00eancia de viver em plenitude o pr\u00f3prio batismo atrav\u00e9s de uma doa\u00e7\u00e3o incondicionada ao Senhor e ao Seu Reino. Pobreza: Exprime a disponibilidade da Mission\u00e1ria da Imaculada para cumprir o projeto do Pai, renunciando a toda a seguran\u00e7a humana e abandonando-se com confian\u00e7a na Provid\u00eancia, a exemplo de Cristo que se fez pobre por n\u00f3s. Castidade: Exprime a escolha preferencial de Deus, para quem a Mission\u00e1ria da Imaculada quer viver, colocando tudo de si ao seu servi\u00e7o, um amor que se realiza na caridade aberta a todos, sem distin\u00e7\u00e3o, a exemplo do amor de Jesus ao Pai. Obedi\u00eancia: Exprime a escolha de colocar-se totalmente nas m\u00e3os de Deus, a exemplo de Cristo, para participar \u00e0 sua obra de salva\u00e7\u00e3o e chegar a uma profunda comunh\u00e3o com a sua vontade.[\/vc_column_text][\/vc_accordion_tab][vc_accordion_tab title=&#8221;Qual \u00e9 o significado da sigla PIME?&#8221; icon=&#8221;minus&#8221; icon_closed=&#8221;plus&#8221; el_id=&#8221;qual-e-il-significato-di-pime&#8221;][vc_column_text]\u00c9 a sigla do Pontif\u00edcio Instituto das Miss\u00f5es Estrangeiras, fundado em 1850 para reunir sacerdotes que se preparavam para partir para a miss\u00e3o e oferecer toda a sua vida por esta finalidade.[\/vc_column_text][\/vc_accordion_tab][vc_accordion_tab title=&#8221;Qual \u00e9 o relacionamento entre o PIME e as Mission\u00e1rias da Imaculada?&#8221; icon=&#8221;minus&#8221; icon_closed=&#8221;plus&#8221; el_id=&#8221;che-rapporto-ce-fra-listituto-del-pime-e-le-missionarie-dell-immacolata&#8221;][vc_column_text]As Mission\u00e1rias da Imaculada, tamb\u00e9m s\u00e3o chamadas de Irm\u00e3s do PIME, porque compartilham [&hellip;]<\/p>\n","protected":false},"author":14,"featured_media":0,"parent":8833,"menu_order":0,"comment_status":"closed","ping_status":"closed","template":"","meta":{"_acf_changed":false,"footnotes":""},"class_list":["post-8838","page","type-page","status-publish","hentry"],"acf":[],"aioseo_notices":[],"jetpack_sharing_enabled":true,"_links":{"self":[{"href":"https:\/\/mdipime.org\/pt-br\/wp-json\/wp\/v2\/pages\/8838","targetHints":{"allow":["GET"]}}],"collection":[{"href":"https:\/\/mdipime.org\/pt-br\/wp-json\/wp\/v2\/pages"}],"about":[{"href":"https:\/\/mdipime.org\/pt-br\/wp-json\/wp\/v2\/types\/page"}],"author":[{"embeddable":true,"href":"https:\/\/mdipime.org\/pt-br\/wp-json\/wp\/v2\/users\/14"}],"replies":[{"embeddable":true,"href":"https:\/\/mdipime.org\/pt-br\/wp-json\/wp\/v2\/comments?post=8838"}],"version-history":[{"count":0,"href":"https:\/\/mdipime.org\/pt-br\/wp-json\/wp\/v2\/pages\/8838\/revisions"}],"up":[{"embeddable":true,"href":"https:\/\/mdipime.org\/pt-br\/wp-json\/wp\/v2\/pages\/8833"}],"wp:attachment":[{"href":"https:\/\/mdipime.org\/pt-br\/wp-json\/wp\/v2\/media?parent=8838"}],"curies":[{"name":"wp","href":"https:\/\/api.w.org\/{rel}","templated":true}]}}