{"id":8843,"date":"2017-07-13T12:53:54","date_gmt":"2017-07-13T10:53:54","guid":{"rendered":"https:\/\/www.mdipime.org\/vocacao-missionaria\/scrivi-le-tue-domande\/"},"modified":"2024-03-22T13:57:23","modified_gmt":"2024-03-22T12:57:23","slug":"escreva-suas-perguntas","status":"publish","type":"page","link":"https:\/\/mdipime.org\/pt-br\/vocacao-missionaria\/escreva-suas-perguntas\/","title":{"rendered":"Escreva suas perguntas"},"content":{"rendered":"<div class=\"wpb-content-wrapper\"><p>[vc_row padding_top=&#8221;20&#8243; padding_bottom=&#8221;20&#8243;][vc_column width=&#8221;1\/2&#8243;][vc_custom_heading text=&#8221;Preencha este formul\u00e1rio&#8221; font_container=&#8221;tag:h2|font_size:30px|text_align:center|color:%23eb0707|line_height:36px&#8221; google_fonts=&#8221;font_family:Shadows%20Into%20Light%20Two%3Aregular|font_style:400%20regular%3A400%3Anormal&#8221;][vc_separator][vc_column_text font_size=&#8221;22px&#8221; line_height=&#8221;28px&#8221;]<\/p>\n<p style=\"text-align: center;\">Sinta-se livre de escrever qualquer pergunta, d\u00favida ou curiosidade sobre a voca\u00e7\u00e3o missio\u00ad\u00ad\u00adn\u00e1\u00adria completando este m\u00f3dulo.<\/p>\n<p style=\"text-align: center;\">N\u00f3s responderemos atrav\u00e9s de e-mail ou at\u00e9 mesmo por tele\u00adfone e ficaremos contentes de lhe ajudar de alguma maneira na sua busca vocacional.<\/p>\n<p>[\/vc_column_text][\/vc_column][vc_column width=&#8221;1\/2&#8243;]\n<div class=\"wpcf7 no-js\" id=\"wpcf7-f9608-o1\" lang=\"it-IT\" dir=\"ltr\" data-wpcf7-id=\"9608\">\n<div class=\"screen-reader-response\"><p role=\"status\" aria-live=\"polite\" aria-atomic=\"true\"><\/p> <ul><\/ul><\/div>\n<form action=\"\/pt-br\/wp-json\/wp\/v2\/pages\/8843#wpcf7-f9608-o1\" method=\"post\" class=\"wpcf7-form init\" aria-label=\"Modulo di contatto\" novalidate=\"novalidate\" data-status=\"init\">\n<fieldset class=\"hidden-fields-container\"><input type=\"hidden\" name=\"_wpcf7\" value=\"9608\" \/><input type=\"hidden\" name=\"_wpcf7_version\" value=\"6.1.5\" \/><input type=\"hidden\" name=\"_wpcf7_locale\" value=\"it_IT\" \/><input type=\"hidden\" name=\"_wpcf7_unit_tag\" value=\"wpcf7-f9608-o1\" \/><input type=\"hidden\" name=\"_wpcf7_container_post\" value=\"0\" \/><input type=\"hidden\" name=\"_wpcf7_posted_data_hash\" value=\"\" \/><input type=\"hidden\" name=\"_wpcf7cf_hidden_group_fields\" value=\"[]\" \/><input type=\"hidden\" name=\"_wpcf7cf_hidden_groups\" value=\"[]\" \/><input type=\"hidden\" name=\"_wpcf7cf_visible_groups\" value=\"[]\" \/><input type=\"hidden\" name=\"_wpcf7cf_repeaters\" value=\"[]\" \/><input type=\"hidden\" name=\"_wpcf7cf_steps\" value=\"{}\" \/><input type=\"hidden\" name=\"_wpcf7cf_options\" value=\"{&quot;form_id&quot;:9608,&quot;conditions&quot;:[],&quot;settings&quot;:{&quot;animation&quot;:&quot;yes&quot;,&quot;animation_intime&quot;:200,&quot;animation_outtime&quot;:200,&quot;conditions_ui&quot;:&quot;normal&quot;,&quot;notice_dismissed&quot;:true,&quot;wpcf7cf_settings_saved&quot;:1,&quot;notice_dismissed_rollback-cf7-5.9.5&quot;:true,&quot;notice_dismissed_rollback-cf7-5.9.7&quot;:true,&quot;notice_dismissed_rollback-cf7-6.0&quot;:true,&quot;notice_dismissed_rollback-cf7-6.0.3&quot;:true,&quot;notice_dismissed_rollback-cf7-6.1.1&quot;:true}}\" \/><input type=\"hidden\" name=\"_wpcf7_recaptcha_response\" value=\"\" \/>\n<\/fieldset>\n<p><span class=\"wpcf7-form-control-wrap\" data-name=\"nome\"><input size=\"40\" maxlength=\"400\" class=\"wpcf7-form-control wpcf7-text wpcf7-validates-as-required\" aria-required=\"true\" aria-invalid=\"false\" placeholder=\"Nome *\" value=\"\" type=\"text\" name=\"nome\" \/><\/span><span class=\"wpcf7-form-control-wrap\" data-name=\"cognome\"><input size=\"40\" maxlength=\"400\" class=\"wpcf7-form-control wpcf7-text wpcf7-validates-as-required\" aria-required=\"true\" aria-invalid=\"false\" placeholder=\"Sobrenome *\" value=\"\" type=\"text\" name=\"cognome\" \/><\/span><span class=\"wpcf7-form-control-wrap\" data-name=\"email\"><input size=\"40\" maxlength=\"400\" class=\"wpcf7-form-control wpcf7-email wpcf7-validates-as-required wpcf7-text wpcf7-validates-as-email\" aria-required=\"true\" aria-invalid=\"false\" placeholder=\"E-mail *\" value=\"\" type=\"email\" name=\"email\" \/><\/span><span class=\"wpcf7-form-control-wrap\" data-name=\"tel\"><input size=\"40\" maxlength=\"400\" class=\"wpcf7-form-control wpcf7-tel wpcf7-text wpcf7-validates-as-tel\" aria-invalid=\"false\" placeholder=\"Telefone\" value=\"\" type=\"tel\" name=\"tel\" \/><\/span>\n<\/p>\n<p style=\"overflow:hidden; margin:20px 0\">Como nos conheceu?<br \/>\n<span class=\"wpcf7-form-control-wrap\" data-name=\"conoscenza\"><select class=\"wpcf7-form-control wpcf7-select\" aria-invalid=\"false\" name=\"conoscenza\"><option value=\"\">&#8212;Seleziona un&#039;opzione&#8212;<\/option><option value=\"Pela internet\">Pela internet<\/option><option value=\"Por meio de uma pessoa que eu conhe\u00e7o\">Por meio de uma pessoa que eu conhe\u00e7o<\/option><option value=\"Encontrei uma Mission\u00e1ria da Imaculada\">Encontrei uma Mission\u00e1ria da Imaculada<\/option><option value=\"Participei de um encontro no qual falaram sobre as Mission\u00e1rias da Imaculada\">Participei de um encontro no qual falaram sobre as Mission\u00e1rias da Imaculada<\/option><option value=\"Estou fazendo ou j\u00e1 fiz um curso do PIME\">Estou fazendo ou j\u00e1 fiz um curso do PIME<\/option><\/select><\/span>\n<\/p>\n<p><span class=\"wpcf7-form-control-wrap\" data-name=\"messaggio\"><textarea cols=\"40\" rows=\"10\" maxlength=\"2000\" class=\"wpcf7-form-control wpcf7-textarea\" aria-invalid=\"false\" placeholder=\"Mensagem\" name=\"messaggio\"><\/textarea><\/span>\n<\/p>\n<p class=\"col-md-12\" style=\"margin-top:20px; margin-bottom:20px;\">\n\n<\/p>\n<p class=\"col-md-12\" style=\"font-size:12px;\"><span class=\"wpcf7-form-control-wrap\" data-name=\"trattamento\"><span class=\"wpcf7-form-control wpcf7-acceptance\"><span class=\"wpcf7-list-item\"><input type=\"checkbox\" name=\"trattamento\" value=\"1\" aria-invalid=\"false\" \/><\/span><\/span><\/span> Aceito o tratamento dos meus dados de acordo com as regras estabelecidas pela legisla\u00e7\u00e3o sobre privacidade e conforme o documento <a href=\"\/privacy-policy\/\" target=\"_blank\">Informa\u00e7\u00f5es sobre tratamento de dados pessoais<\/a> que eu li (precisa selecionar este ponto para enviar a mensagem)\n<\/p>\n<p style=\"text-align:center;\"><input class=\"wpcf7-form-control wpcf7-submit has-spinner\" type=\"submit\" value=\"Enviar\" \/>\n<\/p><p style=\"display: none !important;\" class=\"akismet-fields-container\" data-prefix=\"_wpcf7_ak_\"><label>&#916;<textarea name=\"_wpcf7_ak_hp_textarea\" cols=\"45\" rows=\"8\" maxlength=\"100\"><\/textarea><\/label><input type=\"hidden\" id=\"ak_js_1\" name=\"_wpcf7_ak_js\" value=\"204\"\/><script>document.getElementById( \"ak_js_1\" ).setAttribute( \"value\", ( new Date() ).getTime() );<\/script><\/p><div class=\"wpcf7-response-output\" aria-hidden=\"true\"><\/div>\n<\/form>\n<\/div>\n[\/vc_column][\/vc_row]<\/p>\n<\/div>","protected":false},"excerpt":{"rendered":"<p>[vc_row padding_top=&#8221;20&#8243; padding_bottom=&#8221;20&#8243;][vc_column width=&#8221;1\/2&#8243;][vc_custom_heading text=&#8221;Preencha este formul\u00e1rio&#8221; font_container=&#8221;tag:h2|font_size:30px|text_align:center|color:%23eb0707|line_height:36px&#8221; google_fonts=&#8221;font_family:Shadows%20Into%20Light%20Two%3Aregular|font_style:400%20regular%3A400%3Anormal&#8221;][vc_separator][vc_column_text font_size=&#8221;22px&#8221; line_height=&#8221;28px&#8221;] Sinta-se livre de escrever qualquer pergunta, d\u00favida ou curiosidade sobre a voca\u00e7\u00e3o missio\u00ad\u00ad\u00adn\u00e1\u00adria completando este m\u00f3dulo. N\u00f3s responderemos atrav\u00e9s de e-mail ou at\u00e9 mesmo por tele\u00adfone e ficaremos contentes de lhe ajudar de alguma maneira na sua busca vocacional. [\/vc_column_text][\/vc_column][vc_column width=&#8221;1\/2&#8243;][\/vc_column][\/vc_row]<\/p>\n","protected":false},"author":14,"featured_media":0,"parent":8833,"menu_order":0,"comment_status":"closed","ping_status":"closed","template":"","meta":{"_acf_changed":false,"googlesitekit_rrm_CAow8ovLDA:productID":"","footnotes":""},"class_list":["post-8843","page","type-page","status-publish","hentry"],"acf":[],"aioseo_notices":[],"jetpack_sharing_enabled":true,"_links":{"self":[{"href":"https:\/\/mdipime.org\/pt-br\/wp-json\/wp\/v2\/pages\/8843","targetHints":{"allow":["GET"]}}],"collection":[{"href":"https:\/\/mdipime.org\/pt-br\/wp-json\/wp\/v2\/pages"}],"about":[{"href":"https:\/\/mdipime.org\/pt-br\/wp-json\/wp\/v2\/types\/page"}],"author":[{"embeddable":true,"href":"https:\/\/mdipime.org\/pt-br\/wp-json\/wp\/v2\/users\/14"}],"replies":[{"embeddable":true,"href":"https:\/\/mdipime.org\/pt-br\/wp-json\/wp\/v2\/comments?post=8843"}],"version-history":[{"count":0,"href":"https:\/\/mdipime.org\/pt-br\/wp-json\/wp\/v2\/pages\/8843\/revisions"}],"up":[{"embeddable":true,"href":"https:\/\/mdipime.org\/pt-br\/wp-json\/wp\/v2\/pages\/8833"}],"wp:attachment":[{"href":"https:\/\/mdipime.org\/pt-br\/wp-json\/wp\/v2\/media?parent=8843"}],"curies":[{"name":"wp","href":"https:\/\/api.w.org\/{rel}","templated":true}]}}