{"id":8869,"date":"2017-06-30T17:03:19","date_gmt":"2017-06-30T15:03:19","guid":{"rendered":"https:\/\/www.mdipime.org\/missionarias-imacolada\/historia\/beato-paolo-manna\/"},"modified":"2024-03-22T13:53:28","modified_gmt":"2024-03-22T12:53:28","slug":"bem-aventurado-paolo-manna","status":"publish","type":"page","link":"https:\/\/mdipime.org\/pt-br\/missionarias-imacolada\/historia\/bem-aventurado-paolo-manna\/","title":{"rendered":"Bem-aventurado Pe. Paolo Manna"},"content":{"rendered":"<div class=\"wpb-content-wrapper\"><p>[vc_row][vc_column][vc_single_image image=&#8221;9052&#8243; img_size=&#8221;full&#8221; add_caption=&#8221;yes&#8221; alignment=&#8221;center&#8221;][vc_column_text]<\/p>\n<blockquote><p>\u201cIde por um chamado divino, ide onde a obedi\u00eancia vos destinou. Ide por amor de Jesus, pelos interesses de Jesus e Jesus estar\u00e1 sempre ao vosso lado, sempre no vosso cora\u00e7\u00e3o.\u201d<\/p>\n<p>\u201cN\u00f3s somos ap\u00f3stolos! N\u00f3s somos ap\u00f3stolos e fixamos nosso olhar, longe, nos divinos horizontes, trabalhamos generosamente, com afinco, s\u00f3 para as almas, s\u00f3 para a Igreja, s\u00f3 para o C\u00e9u!\u201d<\/p><\/blockquote>\n<p>Paulo Manna nasceu em Avellino em 1872, entrou no Instituto para as Miss\u00f5es Estrangeiras em 1891. Foi ordenado sacerdote em Mil\u00e3o no dia 19 de maio de 1894.<\/p>\n<div id=\"attachment_9054\" style=\"width: 310px\" class=\"wp-caption alignleft\"><img decoding=\"async\" aria-describedby=\"caption-attachment-9054\" class=\"wp-image-9054 size-medium\" src=\"https:\/\/www.mdipime.org\/wp-content\/uploads\/2017\/06\/partente-birmania-300x191.jpg\" alt=\"Padre Paolo Manna recebe o mandato mission\u00e1rio para a Birmania\" width=\"300\" height=\"191\" srcset=\"https:\/\/mdipime.org\/wp-content\/uploads\/2017\/06\/partente-birmania-300x191.jpg 300w, https:\/\/mdipime.org\/wp-content\/uploads\/2017\/06\/partente-birmania-768x489.jpg 768w, https:\/\/mdipime.org\/wp-content\/uploads\/2017\/06\/partente-birmania-672x428.jpg 672w, https:\/\/mdipime.org\/wp-content\/uploads\/2017\/06\/partente-birmania.jpg 1017w\" sizes=\"(max-width: 300px) 100vw, 300px\" \/><p id=\"caption-attachment-9054\" class=\"wp-caption-text\">Padre Paolo Manna recebe o mandato mission\u00e1rio para a Birmania<\/p><\/div>\n<p>Em 1895 partiu para a Birm\u00e2nia onde trabalhou, por tr\u00eas per\u00edodos, durante uma d\u00e9cada at\u00e9 que, em 1907, teve que retornar \u00e0 sua p\u00e1tria por causa de uma doen\u00e7a grave.<\/p>\n<p>De 1909 em diante, por mais de quarenta anos, dedicou-se com todas as for\u00e7as, atrav\u00e9s de escritos e obras, a difundir o ideal Mission\u00e1rio entre o clero e o povo. Em 1916, fundou a Uni\u00e3o Mission\u00e1ria do clero que em 1956 foi elevada pelo Papa Pio XII ao t\u00edtulo de &#8220;Pontif\u00edcia&#8221;. Desde 1909 foi Diretor da revista mission\u00e1ria do PIME &#8220;Le Missioni Cattoliche&#8221;; fundou tamb\u00e9m &#8220;Propaganda Mission\u00e1ria&#8221; e &#8220;It\u00e1lia Mission\u00e1ria&#8221; para a juventude. Escreveu obras que expressam a sua grande paix\u00e3o evang\u00e9lica e mission\u00e1ria, como &#8220;Operarii autem pauci&#8221;, \u201cEsci dalla tua terra\u201d, &#8220;I Fratelli separati e noi&#8221;, &#8220;Observa\u00e7\u00f5es sobre o m\u00e9todo moderno de evangeliza\u00e7\u00e3o&#8221; e &#8220;Virtudes Apost\u00f3licas&#8221;. Alma ardente e apaixonada pelo an\u00fancio do Reino, acende em todos os lugares a chama do compromisso mission\u00e1rio.<\/p>\n<blockquote><p>\u201cUma Congrega\u00e7\u00e3o mission\u00e1ria no sentido mais amplo e mais alto da palavra\u201d<\/p><\/blockquote>\n<p>O encontro, primeiro com Madre Dones, sua colaboradora na difus\u00e3o da imprensa mission\u00e1ria e, em seguida, com Giuseppina Rodolfi, o levam a apoiar, em modo particular com a reflex\u00e3o, o conselho e a ora\u00e7\u00e3o, a realiza\u00e7\u00e3o do projeto da nova funda\u00e7\u00e3o Mission\u00e1rias da Imaculada, que prop\u00f5e \u00e0 assembleia geral do PIME em 1934.<br \/>\nDe1924 a 1934 foi superior geral do PIME e a partir de 1934 primeiro superior regional do Sul da It\u00e1lia em Ducenta. Ele morreu em N\u00e1poles, no dia 5 de setembro de 1952.<\/p>\n<p>No ano de 2001 o Papa Jo\u00e3o Paulo II o proclamou Bem-aventurado.<br \/>\nNo dia 14\/10\/2006, foi declarado inspirador do Carisma da nossa Congrega\u00e7\u00e3o, pelo IX Cap\u00edtulo geral.<\/p>\n<blockquote><p>\u201cToda a Igreja para o mundo inteiro!\u201d<\/p><\/blockquote>\n<p>[\/vc_column_text][\/vc_column][\/vc_row][vc_row][vc_column][vc_gallery images=&#8221;9060,9063,9066,9069,9072&#8243; show_caption=&#8221;yes&#8221;][\/vc_column][\/vc_row][vc_row][vc_column][\/vc_column][\/vc_row]<\/p>\n<\/div>","protected":false},"excerpt":{"rendered":"<p>[vc_row][vc_column][vc_single_image image=&#8221;9052&#8243; img_size=&#8221;full&#8221; add_caption=&#8221;yes&#8221; alignment=&#8221;center&#8221;][vc_column_text] \u201cIde por um chamado divino, ide onde a obedi\u00eancia vos destinou. Ide por amor de Jesus, pelos interesses de Jesus e Jesus estar\u00e1 sempre ao vosso lado, sempre no vosso cora\u00e7\u00e3o.\u201d \u201cN\u00f3s somos ap\u00f3stolos! N\u00f3s somos ap\u00f3stolos e fixamos nosso olhar, longe, nos divinos horizontes, trabalhamos generosamente, com afinco, s\u00f3 para as almas, s\u00f3 para a Igreja, s\u00f3 para o C\u00e9u!\u201d Paulo Manna nasceu em Avellino em 1872, entrou no Instituto para as Miss\u00f5es Estrangeiras em 1891. Foi ordenado sacerdote em Mil\u00e3o no dia 19 de maio de 1894. Em 1895 partiu para a Birm\u00e2nia onde trabalhou, por tr\u00eas per\u00edodos, durante uma d\u00e9cada at\u00e9 que, em 1907, teve que retornar \u00e0 sua p\u00e1tria por causa de uma doen\u00e7a grave. De 1909 em diante, por mais de quarenta anos, dedicou-se com todas as for\u00e7as, atrav\u00e9s de escritos e obras, a difundir o ideal Mission\u00e1rio entre o clero e o povo. Em 1916, fundou a Uni\u00e3o Mission\u00e1ria do clero que em 1956 foi elevada pelo Papa Pio XII ao t\u00edtulo de &#8220;Pontif\u00edcia&#8221;. Desde 1909 foi Diretor da revista mission\u00e1ria do PIME &#8220;Le Missioni Cattoliche&#8221;; fundou tamb\u00e9m &#8220;Propaganda Mission\u00e1ria&#8221; e &#8220;It\u00e1lia Mission\u00e1ria&#8221; para a juventude. Escreveu obras que expressam a sua grande paix\u00e3o evang\u00e9lica e mission\u00e1ria, como &#8220;Operarii autem pauci&#8221;, \u201cEsci dalla tua terra\u201d, &#8220;I Fratelli separati e noi&#8221;, &#8220;Observa\u00e7\u00f5es sobre o m\u00e9todo moderno de evangeliza\u00e7\u00e3o&#8221; e &#8220;Virtudes Apost\u00f3licas&#8221;. Alma ardente e apaixonada pelo an\u00fancio do Reino, acende em todos os lugares a chama do compromisso mission\u00e1rio. \u201cUma Congrega\u00e7\u00e3o mission\u00e1ria no sentido mais amplo e mais alto da palavra\u201d O encontro, primeiro com Madre Dones, sua colaboradora na difus\u00e3o da imprensa mission\u00e1ria e, em seguida, com Giuseppina Rodolfi, o levam a apoiar, em modo particular com a reflex\u00e3o, o conselho e a ora\u00e7\u00e3o, a realiza\u00e7\u00e3o do projeto da nova funda\u00e7\u00e3o Mission\u00e1rias da Imaculada, que prop\u00f5e \u00e0 assembleia geral do PIME em 1934. De1924 a 1934 foi superior geral do PIME e a partir de 1934 primeiro superior regional do Sul da It\u00e1lia em Ducenta. Ele morreu em N\u00e1poles, no dia 5 de setembro de 1952. No ano de 2001 o Papa Jo\u00e3o Paulo II o proclamou Bem-aventurado. No dia 14\/10\/2006, foi declarado inspirador do Carisma da nossa Congrega\u00e7\u00e3o, pelo IX Cap\u00edtulo geral. \u201cToda a Igreja para o mundo inteiro!\u201d [\/vc_column_text][\/vc_column][\/vc_row][vc_row][vc_column][vc_gallery images=&#8221;9060,9063,9066,9069,9072&#8243; show_caption=&#8221;yes&#8221;][\/vc_column][\/vc_row][vc_row][vc_column][\/vc_column][\/vc_row]<\/p>\n","protected":false},"author":14,"featured_media":0,"parent":8714,"menu_order":0,"comment_status":"closed","ping_status":"closed","template":"","meta":{"_acf_changed":false,"footnotes":""},"class_list":["post-8869","page","type-page","status-publish","hentry"],"acf":[],"aioseo_notices":[],"jetpack_sharing_enabled":true,"_links":{"self":[{"href":"https:\/\/mdipime.org\/pt-br\/wp-json\/wp\/v2\/pages\/8869","targetHints":{"allow":["GET"]}}],"collection":[{"href":"https:\/\/mdipime.org\/pt-br\/wp-json\/wp\/v2\/pages"}],"about":[{"href":"https:\/\/mdipime.org\/pt-br\/wp-json\/wp\/v2\/types\/page"}],"author":[{"embeddable":true,"href":"https:\/\/mdipime.org\/pt-br\/wp-json\/wp\/v2\/users\/14"}],"replies":[{"embeddable":true,"href":"https:\/\/mdipime.org\/pt-br\/wp-json\/wp\/v2\/comments?post=8869"}],"version-history":[{"count":0,"href":"https:\/\/mdipime.org\/pt-br\/wp-json\/wp\/v2\/pages\/8869\/revisions"}],"up":[{"embeddable":true,"href":"https:\/\/mdipime.org\/pt-br\/wp-json\/wp\/v2\/pages\/8714"}],"wp:attachment":[{"href":"https:\/\/mdipime.org\/pt-br\/wp-json\/wp\/v2\/media?parent=8869"}],"curies":[{"name":"wp","href":"https:\/\/api.w.org\/{rel}","templated":true}]}}