{"id":8873,"date":"2017-06-30T16:55:49","date_gmt":"2017-06-30T14:55:49","guid":{"rendered":"https:\/\/www.mdipime.org\/missionarias-imacolada\/historia\/giuseppina-rodolfi\/"},"modified":"2024-03-22T13:54:05","modified_gmt":"2024-03-22T12:54:05","slug":"giuseppina-rodolfi","status":"publish","type":"page","link":"https:\/\/mdipime.org\/pt-br\/missionarias-imacolada\/historia\/giuseppina-rodolfi\/","title":{"rendered":"Giuseppina Rodolfi"},"content":{"rendered":"<div class=\"wpb-content-wrapper\"><p>[vc_row][vc_column][vc_column_text]<img decoding=\"async\" class=\"aligncenter wp-image-9174\" src=\"https:\/\/www.mdipime.org\/wp-content\/uploads\/2017\/06\/voglio-essere-missionaria.jpg\" alt=\"voglio essere missionaria\" width=\"469\" height=\"646\" srcset=\"https:\/\/mdipime.org\/wp-content\/uploads\/2017\/06\/voglio-essere-missionaria.jpg 614w, https:\/\/mdipime.org\/wp-content\/uploads\/2017\/06\/voglio-essere-missionaria-218x300.jpg 218w\" sizes=\"(max-width: 469px) 100vw, 469px\" \/><\/p>\n<p style=\"text-align: center; font-family: 'Shadows Into Light Two', cursive; font-size: 30px;\">\u201cAchei! Quero ser mission\u00e1ria\u201d<\/p>\n<p>Giuseppina Rodolfi nasce em Mil\u00e3o no dia 22 de dezembro de 1899, filha de Federico Rodolfi e Rosa Fontana. Os pais s\u00e3o os primeiros a transmitirem os valores evang\u00e9licos e a paix\u00e3o mission\u00e1ria para os filhos. Giuseppina descobre a pr\u00f3pria voca\u00e7\u00e3o desde a sua juventude e a cultiva em contato com os mission\u00e1rios do PIME, dos quais ap\u00f3ia ativamente as iniciativas de anima\u00e7\u00e3o mission\u00e1ria. H\u00e1 anos espera e age intensamente para realizar o projeto de fundar uma Congrega\u00e7\u00e3o mission\u00e1ria feminina com o mesmo esp\u00edrito mission\u00e1rio do PIME, preparando-se para a sonhada partida em dire\u00e7\u00e3o \u00e0 long\u00ednqua China.<\/p>\n<blockquote><p>\u201cA vida apost\u00f3lica! O que existe de mais belo sobre a terra? H\u00e1 algo maior e mais sublime?\u201d<\/p><\/blockquote>\n<div id=\"attachment_9100\" style=\"width: 202px\" class=\"wp-caption alignleft\"><img decoding=\"async\" aria-describedby=\"caption-attachment-9100\" class=\"wp-image-9100 size-medium\" src=\"https:\/\/www.mdipime.org\/wp-content\/uploads\/2017\/06\/con-madre-teresa-192x300.jpg\" alt=\"Madre Igilda com Madre Teresa\" width=\"192\" height=\"300\" srcset=\"https:\/\/mdipime.org\/wp-content\/uploads\/2017\/06\/con-madre-teresa-192x300.jpg 192w, https:\/\/mdipime.org\/wp-content\/uploads\/2017\/06\/con-madre-teresa.jpg 642w\" sizes=\"(max-width: 192px) 100vw, 192px\" \/><p id=\"caption-attachment-9100\" class=\"wp-caption-text\">Madre Igilda con Madre Teresa<\/p><\/div>\n<p>No dia 8 de dezembro de 1936, superando todos os obst\u00e1culos, juntamente com Madre Giuseppina Dones, deu in\u00edcio \u00e0 Congrega\u00e7\u00e3o das Mission\u00e1rias da Imaculada em Mil\u00e3o.<\/p>\n<p>Fez a primeira profiss\u00e3o religiosa no dia 3 de outubro de 1940 recebendo o nome de Ir. Igilda e a profiss\u00e3o perp\u00e9tua no dia 12 de setembro de 1946. Est\u00e1 sempre ao lado da Me. Dones nas responsabilidades do governo e na forma\u00e7\u00e3o da Congrega\u00e7\u00e3o com grande generosidade e dedica\u00e7\u00e3o para dar bases s\u00f3lidas para a jovem Congrega\u00e7\u00e3o. Por muitos anos ela viveu humildemente e de modo oculto a import\u00e2ncia de seu papel na Funda\u00e7\u00e3o das Mission\u00e1rias da Imaculada, irradiando sua espiritualidade profunda e a grande paix\u00e3o pelo crescimento do Reino. Em 1971, teve a alegria de visitar as miss\u00f5es na \u00cdndia.<\/p>\n<p>Faleceu em Mil\u00e3o no dia 21 de setembro de 1989.<\/p>\n<p>No dia 14\/10\/2006, durante o IX Cap\u00edtulo Geral, Giuseppina Rodolfi foi proclamada fundadora da nossa Congrega\u00e7\u00e3o, juntamente com Madre Giuseppina Dones.<\/p>\n<blockquote><p>\u201cO &#8216;obrigada&#8217; seja a doce, repetida express\u00e3o da alma v\u00e1rias vezes durante o dia\u201d.<\/p>\n<p>\u201cSenhor, conduze-nos pelo mundo onde tu queres, onde o grito das almas a procura de Ti \u00e9 insistente e comovente\u201d.<\/p><\/blockquote>\n<p>[\/vc_column_text][\/vc_column][\/vc_row][vc_row][vc_column][vc_video link=&#8221;https:\/\/www.youtube.com\/watch?v=AiezexhQAC4&#8243;][\/vc_column][\/vc_row]<\/p>\n<\/div>","protected":false},"excerpt":{"rendered":"<p>[vc_row][vc_column][vc_column_text] \u201cAchei! Quero ser mission\u00e1ria\u201d Giuseppina Rodolfi nasce em Mil\u00e3o no dia 22 de dezembro de 1899, filha de Federico Rodolfi e Rosa Fontana. Os pais s\u00e3o os primeiros a transmitirem os valores evang\u00e9licos e a paix\u00e3o mission\u00e1ria para os filhos. Giuseppina descobre a pr\u00f3pria voca\u00e7\u00e3o desde a sua juventude e a cultiva em contato com os mission\u00e1rios do PIME, dos quais ap\u00f3ia ativamente as iniciativas de anima\u00e7\u00e3o mission\u00e1ria. H\u00e1 anos espera e age intensamente para realizar o projeto de fundar uma Congrega\u00e7\u00e3o mission\u00e1ria feminina com o mesmo esp\u00edrito mission\u00e1rio do PIME, preparando-se para a sonhada partida em dire\u00e7\u00e3o \u00e0 long\u00ednqua China. \u201cA vida apost\u00f3lica! O que existe de mais belo sobre a terra? H\u00e1 algo maior e mais sublime?\u201d No dia 8 de dezembro de 1936, superando todos os obst\u00e1culos, juntamente com Madre Giuseppina Dones, deu in\u00edcio \u00e0 Congrega\u00e7\u00e3o das Mission\u00e1rias da Imaculada em Mil\u00e3o. Fez a primeira profiss\u00e3o religiosa no dia 3 de outubro de 1940 recebendo o nome de Ir. Igilda e a profiss\u00e3o perp\u00e9tua no dia 12 de setembro de 1946. Est\u00e1 sempre ao lado da Me. Dones nas responsabilidades do governo e na forma\u00e7\u00e3o da Congrega\u00e7\u00e3o com grande generosidade e dedica\u00e7\u00e3o para dar bases s\u00f3lidas para a jovem Congrega\u00e7\u00e3o. Por muitos anos ela viveu humildemente e de modo oculto a import\u00e2ncia de seu papel na Funda\u00e7\u00e3o das Mission\u00e1rias da Imaculada, irradiando sua espiritualidade profunda e a grande paix\u00e3o pelo crescimento do Reino. Em 1971, teve a alegria de visitar as miss\u00f5es na \u00cdndia. Faleceu em Mil\u00e3o no dia 21 de setembro de 1989. No dia 14\/10\/2006, durante o IX Cap\u00edtulo Geral, Giuseppina Rodolfi foi proclamada fundadora da nossa Congrega\u00e7\u00e3o, juntamente com Madre Giuseppina Dones. \u201cO &#8216;obrigada&#8217; seja a doce, repetida express\u00e3o da alma v\u00e1rias vezes durante o dia\u201d. \u201cSenhor, conduze-nos pelo mundo onde tu queres, onde o grito das almas a procura de Ti \u00e9 insistente e comovente\u201d. [\/vc_column_text][\/vc_column][\/vc_row][vc_row][vc_column][vc_video link=&#8221;https:\/\/www.youtube.com\/watch?v=AiezexhQAC4&#8243;][\/vc_column][\/vc_row]<\/p>\n","protected":false},"author":14,"featured_media":0,"parent":8714,"menu_order":0,"comment_status":"closed","ping_status":"closed","template":"","meta":{"_acf_changed":false,"footnotes":""},"class_list":["post-8873","page","type-page","status-publish","hentry"],"acf":[],"aioseo_notices":[],"jetpack_sharing_enabled":true,"_links":{"self":[{"href":"https:\/\/mdipime.org\/pt-br\/wp-json\/wp\/v2\/pages\/8873","targetHints":{"allow":["GET"]}}],"collection":[{"href":"https:\/\/mdipime.org\/pt-br\/wp-json\/wp\/v2\/pages"}],"about":[{"href":"https:\/\/mdipime.org\/pt-br\/wp-json\/wp\/v2\/types\/page"}],"author":[{"embeddable":true,"href":"https:\/\/mdipime.org\/pt-br\/wp-json\/wp\/v2\/users\/14"}],"replies":[{"embeddable":true,"href":"https:\/\/mdipime.org\/pt-br\/wp-json\/wp\/v2\/comments?post=8873"}],"version-history":[{"count":0,"href":"https:\/\/mdipime.org\/pt-br\/wp-json\/wp\/v2\/pages\/8873\/revisions"}],"up":[{"embeddable":true,"href":"https:\/\/mdipime.org\/pt-br\/wp-json\/wp\/v2\/pages\/8714"}],"wp:attachment":[{"href":"https:\/\/mdipime.org\/pt-br\/wp-json\/wp\/v2\/media?parent=8873"}],"curies":[{"name":"wp","href":"https:\/\/api.w.org\/{rel}","templated":true}]}}