{"id":8877,"date":"2017-06-30T11:36:21","date_gmt":"2017-06-30T09:36:21","guid":{"rendered":"https:\/\/www.mdipime.org\/missionarias-imacolada\/historia\/la-storia-continua-date-importanti\/"},"modified":"2025-02-20T17:39:17","modified_gmt":"2025-02-20T16:39:17","slug":"a-historia-continua-datas-importantes","status":"publish","type":"page","link":"https:\/\/mdipime.org\/pt-br\/missionarias-imacolada\/historia\/a-historia-continua-datas-importantes\/","title":{"rendered":"A hist\u00f3ria continua: datas importantes"},"content":{"rendered":"<div class=\"wpb-content-wrapper\"><p>[vc_row][vc_column][vc_column_text css=&#8221;&#8221;][\/vc_column_text]<div class=\"text-center\"><a class=\"btn sac-btn with-icon no-border-radius btn-custom btn-lg hover-tip\" href=\"\/wp-content\/uploads\/2017\/10\/75_ANOS_De_gracas_DIVINAS.pdf\" target=\"_blank\" data-toggle=\"tooltip\" data-original-title=\"Clique no bo\u00e3o para baixar o pdf ``75 ano de gra\u00e7as`` onde pode encontrar estas e outras datas importantes da nossa congrega\u00e7\u00e3o\" data-placement=\"top\" style=\"font-size: 22px;font-weight: 700;border: none !important;\"><i class=\"icon-download\" ><\/i> 75 anos de gra\u00e7as<\/a><\/div>[\/vc_column][\/vc_row]<\/p>\n<\/div>","protected":false},"excerpt":{"rendered":"<p>[vc_row][vc_column][vc_column_text css=&#8221;&#8221;][\/vc_column_text][\/vc_column][\/vc_row]<\/p>\n","protected":false},"author":14,"featured_media":0,"parent":8714,"menu_order":0,"comment_status":"closed","ping_status":"closed","template":"","meta":{"_acf_changed":false,"footnotes":""},"class_list":["post-8877","page","type-page","status-publish","hentry"],"acf":[],"aioseo_notices":[],"jetpack_sharing_enabled":true,"_links":{"self":[{"href":"https:\/\/mdipime.org\/pt-br\/wp-json\/wp\/v2\/pages\/8877","targetHints":{"allow":["GET"]}}],"collection":[{"href":"https:\/\/mdipime.org\/pt-br\/wp-json\/wp\/v2\/pages"}],"about":[{"href":"https:\/\/mdipime.org\/pt-br\/wp-json\/wp\/v2\/types\/page"}],"author":[{"embeddable":true,"href":"https:\/\/mdipime.org\/pt-br\/wp-json\/wp\/v2\/users\/14"}],"replies":[{"embeddable":true,"href":"https:\/\/mdipime.org\/pt-br\/wp-json\/wp\/v2\/comments?post=8877"}],"version-history":[{"count":0,"href":"https:\/\/mdipime.org\/pt-br\/wp-json\/wp\/v2\/pages\/8877\/revisions"}],"up":[{"embeddable":true,"href":"https:\/\/mdipime.org\/pt-br\/wp-json\/wp\/v2\/pages\/8714"}],"wp:attachment":[{"href":"https:\/\/mdipime.org\/pt-br\/wp-json\/wp\/v2\/media?parent=8877"}],"curies":[{"name":"wp","href":"https:\/\/api.w.org\/{rel}","templated":true}]}}