{"id":8881,"date":"2017-06-30T16:13:38","date_gmt":"2017-06-30T14:13:38","guid":{"rendered":"https:\/\/www.mdipime.org\/missionarias-imacolada\/historia\/madre-giuseppina-dones\/"},"modified":"2024-03-22T13:54:21","modified_gmt":"2024-03-22T12:54:21","slug":"madre-giuseppina-dones","status":"publish","type":"page","link":"https:\/\/mdipime.org\/pt-br\/missionarias-imacolada\/historia\/madre-giuseppina-dones\/","title":{"rendered":"Madre Giuseppina Dones"},"content":{"rendered":"<div class=\"wpb-content-wrapper\"><p>[vc_row][vc_column][vc_column_text]<\/p>\n<blockquote><p>&#8220;Santas Miss\u00f5es na Par\u00f3quia&#8230; Resolu\u00e7\u00e3o firme de fazer-me religiosa e religiosa mission\u00e1ria&#8221;<\/p><\/blockquote>\n<div id=\"attachment_9089\" style=\"width: 360px\" class=\"wp-caption alignleft\"><img decoding=\"async\" aria-describedby=\"caption-attachment-9089\" class=\"wp-image-9089\" src=\"https:\/\/www.mdipime.org\/wp-content\/uploads\/2017\/07\/a-Gudivada1951-300x203.jpg\" alt=\"madre Dones a Gudivada, 1951\" width=\"350\" height=\"237\" srcset=\"https:\/\/mdipime.org\/wp-content\/uploads\/2017\/07\/a-Gudivada1951-300x203.jpg 300w, https:\/\/mdipime.org\/wp-content\/uploads\/2017\/07\/a-Gudivada1951-768x519.jpg 768w, https:\/\/mdipime.org\/wp-content\/uploads\/2017\/07\/a-Gudivada1951-1024x692.jpg 1024w, https:\/\/mdipime.org\/wp-content\/uploads\/2017\/07\/a-Gudivada1951-672x454.jpg 672w, https:\/\/mdipime.org\/wp-content\/uploads\/2017\/07\/a-Gudivada1951-1038x702.jpg 1038w, https:\/\/mdipime.org\/wp-content\/uploads\/2017\/07\/a-Gudivada1951.jpg 1540w\" sizes=\"(max-width: 350px) 100vw, 350px\" \/><p id=\"caption-attachment-9089\" class=\"wp-caption-text\">Madre Dones em Gudivada, na \u00cdndia, em 1951<\/p><\/div>\n<p>Giuseppina Dones nasceu em Seguro di Settimo Milanese no dia 8 de janeiro de 1880. Ela era a s\u00e9tima entre os dez filhos de Dionigi e Gerolama Vall\u00e8. Com 18 anos de idade decidiu tornar-se irm\u00e3 mission\u00e1ria e no dia 16 de julho de 1899 entrou no Instituto das Irm\u00e3s da Repara\u00e7\u00e3o (fundado por Pe. Salerio, PIME), no qual f\u00eaz a profiss\u00e3o religiosa no dia 28 de outubro de 1902. At\u00e9 o ano de 1916 trabalhou em diversas comunidades da sua congrega\u00e7\u00e3o com crian\u00e7as e mo\u00e7as em dificuldade, at\u00e9 que no ano de1917 foi destinada a trabalhar na expedi\u00e7\u00e3o da imprensa mission\u00e1ria do Instituto das Miss\u00f5es Estrangeiras de Mil\u00e3o. Foi neste servi\u00e7o que teve a primeira intui\u00e7\u00e3o a respeito da necessidade de pessoal pr\u00f3prio para a anima\u00e7\u00e3o mission\u00e1ria. Durante dois anos ela guardou no cora\u00e7\u00e3o o sonho de uma nova fam\u00edlia religiosa feminina animada pela mesma paix\u00e3o mission\u00e1ria do PIME, at\u00e9 quando compartilhou o seu desejo, primeiramente com o Pe. Paolo Manna, PIME, em 1919, e depois com a jovem Giuseppina Rodolfi, em 1927. Ela acompanhou durante v\u00e1rios anos, com sabedoria e discri\u00e7\u00e3o as diversas etapas da realiza\u00e7\u00e3o do projeto, procurando que se cumprisse em tudo somente a Vontade de Deus.<\/p>\n<blockquote><p>\u201cSe Deus quiser, se for esta sua vontade&#8230; ser\u00e1 feito. Abandonar-se em Deus, ficar no pr\u00f3prio lugar com muita calma. Se Deus quiser abrir\u00e1 o caminho e providenciar\u00e1 os meios para a atua\u00e7\u00e3o\u201d<\/p><\/blockquote>\n<div id=\"attachment_9085\" style=\"width: 360px\" class=\"wp-caption alignright\"><img decoding=\"async\" aria-describedby=\"caption-attachment-9085\" class=\"wp-image-9085\" src=\"https:\/\/www.mdipime.org\/wp-content\/uploads\/2017\/07\/scolari-web-300x195.jpg\" alt=\"madre dones\" width=\"350\" height=\"228\" srcset=\"https:\/\/mdipime.org\/wp-content\/uploads\/2017\/07\/scolari-web-300x195.jpg 300w, https:\/\/mdipime.org\/wp-content\/uploads\/2017\/07\/scolari-web-768x500.jpg 768w, https:\/\/mdipime.org\/wp-content\/uploads\/2017\/07\/scolari-web-1024x666.jpg 1024w, https:\/\/mdipime.org\/wp-content\/uploads\/2017\/07\/scolari-web-672x437.jpg 672w, https:\/\/mdipime.org\/wp-content\/uploads\/2017\/07\/scolari-web-1038x675.jpg 1038w, https:\/\/mdipime.org\/wp-content\/uploads\/2017\/07\/scolari-web.jpg 1085w\" sizes=\"(max-width: 350px) 100vw, 350px\" \/><p id=\"caption-attachment-9085\" class=\"wp-caption-text\">Madre Dones em visita no Brasil em 1958<\/p><\/div>\n<p>Quando, em 1934, o Cap\u00edtulo geral do PIME aprovou a funda\u00e7\u00e3o, Dom Lorenzo Maria Balconi, o novo Superior geral, pediu oficialmente \u00e0s irm\u00e3s da Repara\u00e7\u00e3o para colocar \u00e0 disposi\u00e7\u00e3o a Madre Dones para ajudar nos primeiros passos da nova Congrega\u00e7\u00e3o mission\u00e1ria. No dia 8 de dezembro de 1936, Madre Dones, d\u00e1 vida, oficialmente, \u00e0s Mission\u00e1rias da Imaculada, juntamente com Giuseppina Rodolfi, e logo acolhe e se dedica \u00e0 forma\u00e7\u00e3o de outras jovens que compartilham a mesma paix\u00e3o mission\u00e1ria e se preparam para partir para as miss\u00f5es.<\/p>\n<p>No dia 10 de janeiro de 1948 Madre Dones deixou definitivamente o Instituto das Irm\u00e3s da Repara\u00e7\u00e3o e tornou-se membro da nova Congrega\u00e7\u00e3o mission\u00e1ria, que guiou, como Superiora geral, de 1948 a 1963. Em 1951 visitou as primeiras miss\u00f5es abertas na \u00cdndia e em 1958 as miss\u00f5es do Brasil.<\/p>\n<p>Faleceu em Mil\u00e3o no dia 8 de maio de 1967.<\/p>\n<p>No dia 14\/10\/2006, o IX Capitulo geral a proclamou fundadora da nossa Congrega\u00e7\u00e3o, juntamente com a Me. Igilda Rodolfi.<\/p>\n<blockquote><p>\u201cTornemo-nos santas, car\u00edssimas irm\u00e3s: nada existe na terra que se possa comparar com a alegria de uma pessoa totalmente consagrada a Deus, de uma pessoa que reza, trabalha e se sacrifica para o advento do Reino de Deus\u201d<\/p><\/blockquote>\n<p>[\/vc_column_text][vc_video link=&#8221;https:\/\/www.youtube.com\/watch?v=oFuk5hjJ2Sc&#8221;][\/vc_column][\/vc_row]<\/p>\n<\/div>","protected":false},"excerpt":{"rendered":"<p>[vc_row][vc_column][vc_column_text] &#8220;Santas Miss\u00f5es na Par\u00f3quia&#8230; Resolu\u00e7\u00e3o firme de fazer-me religiosa e religiosa mission\u00e1ria&#8221; Giuseppina Dones nasceu em Seguro di Settimo Milanese no dia 8 de janeiro de 1880. Ela era a s\u00e9tima entre os dez filhos de Dionigi e Gerolama Vall\u00e8. Com 18 anos de idade decidiu tornar-se irm\u00e3 mission\u00e1ria e no dia 16 de julho de 1899 entrou no Instituto das Irm\u00e3s da Repara\u00e7\u00e3o (fundado por Pe. Salerio, PIME), no qual f\u00eaz a profiss\u00e3o religiosa no dia 28 de outubro de 1902. At\u00e9 o ano de 1916 trabalhou em diversas comunidades da sua congrega\u00e7\u00e3o com crian\u00e7as e mo\u00e7as em dificuldade, at\u00e9 que no ano de1917 foi destinada a trabalhar na expedi\u00e7\u00e3o da imprensa mission\u00e1ria do Instituto das Miss\u00f5es Estrangeiras de Mil\u00e3o. Foi neste servi\u00e7o que teve a primeira intui\u00e7\u00e3o a respeito da necessidade de pessoal pr\u00f3prio para a anima\u00e7\u00e3o mission\u00e1ria. Durante dois anos ela guardou no cora\u00e7\u00e3o o sonho de uma nova fam\u00edlia religiosa feminina animada pela mesma paix\u00e3o mission\u00e1ria do PIME, at\u00e9 quando compartilhou o seu desejo, primeiramente com o Pe. Paolo Manna, PIME, em 1919, e depois com a jovem Giuseppina Rodolfi, em 1927. Ela acompanhou durante v\u00e1rios anos, com sabedoria e discri\u00e7\u00e3o as diversas etapas da realiza\u00e7\u00e3o do projeto, procurando que se cumprisse em tudo somente a Vontade de Deus. \u201cSe Deus quiser, se for esta sua vontade&#8230; ser\u00e1 feito. Abandonar-se em Deus, ficar no pr\u00f3prio lugar com muita calma. Se Deus quiser abrir\u00e1 o caminho e providenciar\u00e1 os meios para a atua\u00e7\u00e3o\u201d Quando, em 1934, o Cap\u00edtulo geral do PIME aprovou a funda\u00e7\u00e3o, Dom Lorenzo Maria Balconi, o novo Superior geral, pediu oficialmente \u00e0s irm\u00e3s da Repara\u00e7\u00e3o para colocar \u00e0 disposi\u00e7\u00e3o a Madre Dones para ajudar nos primeiros passos da nova Congrega\u00e7\u00e3o mission\u00e1ria. No dia 8 de dezembro de 1936, Madre Dones, d\u00e1 vida, oficialmente, \u00e0s Mission\u00e1rias da Imaculada, juntamente com Giuseppina Rodolfi, e logo acolhe e se dedica \u00e0 forma\u00e7\u00e3o de outras jovens que compartilham a mesma paix\u00e3o mission\u00e1ria e se preparam para partir para as miss\u00f5es. No dia 10 de janeiro de 1948 Madre Dones deixou definitivamente o Instituto das Irm\u00e3s da Repara\u00e7\u00e3o e tornou-se membro da nova Congrega\u00e7\u00e3o mission\u00e1ria, que guiou, como Superiora geral, de 1948 a 1963. Em 1951 visitou as primeiras miss\u00f5es abertas na \u00cdndia e em 1958 as miss\u00f5es do Brasil. Faleceu em Mil\u00e3o no dia 8 de maio de 1967. No dia 14\/10\/2006, o IX Capitulo geral a proclamou fundadora da nossa Congrega\u00e7\u00e3o, juntamente com a Me. Igilda Rodolfi. \u201cTornemo-nos santas, car\u00edssimas irm\u00e3s: nada existe na terra que se possa comparar com a alegria de uma pessoa totalmente consagrada a Deus, de uma pessoa que reza, trabalha e se sacrifica para o advento do Reino de Deus\u201d [\/vc_column_text][vc_video link=&#8221;https:\/\/www.youtube.com\/watch?v=oFuk5hjJ2Sc&#8221;][\/vc_column][\/vc_row]<\/p>\n","protected":false},"author":14,"featured_media":0,"parent":8714,"menu_order":0,"comment_status":"closed","ping_status":"closed","template":"","meta":{"_acf_changed":false,"footnotes":""},"class_list":["post-8881","page","type-page","status-publish","hentry"],"acf":[],"aioseo_notices":[],"jetpack_sharing_enabled":true,"_links":{"self":[{"href":"https:\/\/mdipime.org\/pt-br\/wp-json\/wp\/v2\/pages\/8881","targetHints":{"allow":["GET"]}}],"collection":[{"href":"https:\/\/mdipime.org\/pt-br\/wp-json\/wp\/v2\/pages"}],"about":[{"href":"https:\/\/mdipime.org\/pt-br\/wp-json\/wp\/v2\/types\/page"}],"author":[{"embeddable":true,"href":"https:\/\/mdipime.org\/pt-br\/wp-json\/wp\/v2\/users\/14"}],"replies":[{"embeddable":true,"href":"https:\/\/mdipime.org\/pt-br\/wp-json\/wp\/v2\/comments?post=8881"}],"version-history":[{"count":0,"href":"https:\/\/mdipime.org\/pt-br\/wp-json\/wp\/v2\/pages\/8881\/revisions"}],"up":[{"embeddable":true,"href":"https:\/\/mdipime.org\/pt-br\/wp-json\/wp\/v2\/pages\/8714"}],"wp:attachment":[{"href":"https:\/\/mdipime.org\/pt-br\/wp-json\/wp\/v2\/media?parent=8881"}],"curies":[{"name":"wp","href":"https:\/\/api.w.org\/{rel}","templated":true}]}}