{"id":8885,"date":"2017-06-30T17:14:05","date_gmt":"2017-06-30T15:14:05","guid":{"rendered":"https:\/\/www.mdipime.org\/missionarias-imacolada\/historia\/mons-lorenzo-maria-balconi\/"},"modified":"2024-03-22T13:53:50","modified_gmt":"2024-03-22T12:53:50","slug":"dom-lorenzo-maria-balconi","status":"publish","type":"page","link":"https:\/\/mdipime.org\/pt-br\/missionarias-imacolada\/historia\/dom-lorenzo-maria-balconi\/","title":{"rendered":"Dom Lorenzo Maria Balconi"},"content":{"rendered":"<div class=\"wpb-content-wrapper\"><p>[vc_row padding_top=&#8221;20&#8243; padding_bottom=&#8221;20&#8243;][vc_column][vc_column_text]<\/p>\n<blockquote><p>\u201cUm programa vasto como o mundo, grande como Deus\u201d<\/p><\/blockquote>\n<div id=\"attachment_9126\" style=\"width: 310px\" class=\"wp-caption alignleft\"><img decoding=\"async\" aria-describedby=\"caption-attachment-9126\" class=\"wp-image-9126 size-medium\" src=\"https:\/\/www.mdipime.org\/wp-content\/uploads\/2017\/06\/balconi-shulster1953-300x218.jpg\" alt=\"balconi con shulster nel 1953\" width=\"300\" height=\"218\" srcset=\"https:\/\/mdipime.org\/wp-content\/uploads\/2017\/06\/balconi-shulster1953-300x218.jpg 300w, https:\/\/mdipime.org\/wp-content\/uploads\/2017\/06\/balconi-shulster1953-768x558.jpg 768w, https:\/\/mdipime.org\/wp-content\/uploads\/2017\/06\/balconi-shulster1953-1024x744.jpg 1024w, https:\/\/mdipime.org\/wp-content\/uploads\/2017\/06\/balconi-shulster1953-672x489.jpg 672w, https:\/\/mdipime.org\/wp-content\/uploads\/2017\/06\/balconi-shulster1953-1038x755.jpg 1038w, https:\/\/mdipime.org\/wp-content\/uploads\/2017\/06\/balconi-shulster1953.jpg 1044w\" sizes=\"(max-width: 300px) 100vw, 300px\" \/><p id=\"caption-attachment-9126\" class=\"wp-caption-text\">Mons. Balconi con il Card. Shulster nel 1953<\/p><\/div>\n<p>Lorenzo Maria Balconi nasceu em Mil\u00e3o, em 1878, entrou no Instituto das Miss\u00f5es Estrangeiras de Mil\u00e3o em 1898, foi ordenado sacerdote em 22 de dezembro de 1890. Em 1901 partiu para a miss\u00e3o de Nanyang (Honan, China do Sul). Em 1905, foi assaltado na resid\u00eancia da miss\u00e3o por pessoas armadas, deixando-o num banho de sangue. As les\u00f5es graves na cabe\u00e7a e no bra\u00e7o esquerdo causam-lhe uma paralisia permanente em todo o lado esquerdo do corpo. Ap\u00f3s tratamento na It\u00e1lia, ele retornou para a China em 1907, e foi destinado ao Semin\u00e1rio de Honan e, em 1928, foi nomeado Bispo do Vicariato Apost\u00f3lico de Hanchung.<\/p>\n<blockquote><p>\u201cQuanta vida, energia, for\u00e7as \u00e0 disposi\u00e7\u00e3o da Igreja!\u201d<\/p><\/blockquote>\n<p>Durante o Cap\u00edtulo do PIME, celebrado em Hong Kong, em 1934, foi eleito Superior General do Instituto e, como tal, recebeu a responsabilidade de realizar o projeto da funda\u00e7\u00e3o das Mission\u00e1rias da Imaculada. Dom Balconi acompanhou com paternal preocupa\u00e7\u00e3o as duas fundadoras e, em seguida, as novas voca\u00e7\u00f5es, apoiando-as nas v\u00e1rias necessidades espirituais e materiais. Mesmo ap\u00f3s o final de seu mandato, em 1947, continuou a acompanhar a vida da Congrega\u00e7\u00e3o com interesse e carinho e visitou as miss\u00f5es do Brasil, \u00cdndia e Paquist\u00e3o Oriental. \u00a0Ap\u00f3s ter participado das duas primeiras sess\u00f5es do Conc\u00edlio Vaticano II, faleceu em Mil\u00e3o em 10 de abril de 1969. Em 14\/10\/2006, durante o IX Cap\u00edtulo geral foi proclamado co-fundador da nossa Congrega\u00e7\u00e3o.<\/p>\n<blockquote><p>\u201cVoc\u00eas s\u00e3o mission\u00e1rias e esta palavra abrange toda a vossa voca\u00e7\u00e3o e diz como deve ser a vossa vida\u201d<\/p><\/blockquote>\n<p>[\/vc_column_text][\/vc_column][\/vc_row][vc_row][vc_column][vc_video link=&#8221;https:\/\/youtu.be\/vYeFKwLR6X8&#8243;][\/vc_column][\/vc_row]<\/p>\n<\/div>","protected":false},"excerpt":{"rendered":"<p>[vc_row padding_top=&#8221;20&#8243; padding_bottom=&#8221;20&#8243;][vc_column][vc_column_text] \u201cUm programa vasto como o mundo, grande como Deus\u201d Lorenzo Maria Balconi nasceu em Mil\u00e3o, em 1878, entrou no Instituto das Miss\u00f5es Estrangeiras de Mil\u00e3o em 1898, foi ordenado sacerdote em 22 de dezembro de 1890. Em 1901 partiu para a miss\u00e3o de Nanyang (Honan, China do Sul). Em 1905, foi assaltado na resid\u00eancia da miss\u00e3o por pessoas armadas, deixando-o num banho de sangue. As les\u00f5es graves na cabe\u00e7a e no bra\u00e7o esquerdo causam-lhe uma paralisia permanente em todo o lado esquerdo do corpo. Ap\u00f3s tratamento na It\u00e1lia, ele retornou para a China em 1907, e foi destinado ao Semin\u00e1rio de Honan e, em 1928, foi nomeado Bispo do Vicariato Apost\u00f3lico de Hanchung. \u201cQuanta vida, energia, for\u00e7as \u00e0 disposi\u00e7\u00e3o da Igreja!\u201d Durante o Cap\u00edtulo do PIME, celebrado em Hong Kong, em 1934, foi eleito Superior General do Instituto e, como tal, recebeu a responsabilidade de realizar o projeto da funda\u00e7\u00e3o das Mission\u00e1rias da Imaculada. Dom Balconi acompanhou com paternal preocupa\u00e7\u00e3o as duas fundadoras e, em seguida, as novas voca\u00e7\u00f5es, apoiando-as nas v\u00e1rias necessidades espirituais e materiais. Mesmo ap\u00f3s o final de seu mandato, em 1947, continuou a acompanhar a vida da Congrega\u00e7\u00e3o com interesse e carinho e visitou as miss\u00f5es do Brasil, \u00cdndia e Paquist\u00e3o Oriental. \u00a0Ap\u00f3s ter participado das duas primeiras sess\u00f5es do Conc\u00edlio Vaticano II, faleceu em Mil\u00e3o em 10 de abril de 1969. Em 14\/10\/2006, durante o IX Cap\u00edtulo geral foi proclamado co-fundador da nossa Congrega\u00e7\u00e3o. \u201cVoc\u00eas s\u00e3o mission\u00e1rias e esta palavra abrange toda a vossa voca\u00e7\u00e3o e diz como deve ser a vossa vida\u201d [\/vc_column_text][\/vc_column][\/vc_row][vc_row][vc_column][vc_video link=&#8221;https:\/\/youtu.be\/vYeFKwLR6X8&#8243;][\/vc_column][\/vc_row]<\/p>\n","protected":false},"author":14,"featured_media":0,"parent":8714,"menu_order":0,"comment_status":"closed","ping_status":"closed","template":"","meta":{"_acf_changed":false,"footnotes":""},"class_list":["post-8885","page","type-page","status-publish","hentry"],"acf":[],"aioseo_notices":[],"jetpack_sharing_enabled":true,"_links":{"self":[{"href":"https:\/\/mdipime.org\/pt-br\/wp-json\/wp\/v2\/pages\/8885","targetHints":{"allow":["GET"]}}],"collection":[{"href":"https:\/\/mdipime.org\/pt-br\/wp-json\/wp\/v2\/pages"}],"about":[{"href":"https:\/\/mdipime.org\/pt-br\/wp-json\/wp\/v2\/types\/page"}],"author":[{"embeddable":true,"href":"https:\/\/mdipime.org\/pt-br\/wp-json\/wp\/v2\/users\/14"}],"replies":[{"embeddable":true,"href":"https:\/\/mdipime.org\/pt-br\/wp-json\/wp\/v2\/comments?post=8885"}],"version-history":[{"count":0,"href":"https:\/\/mdipime.org\/pt-br\/wp-json\/wp\/v2\/pages\/8885\/revisions"}],"up":[{"embeddable":true,"href":"https:\/\/mdipime.org\/pt-br\/wp-json\/wp\/v2\/pages\/8714"}],"wp:attachment":[{"href":"https:\/\/mdipime.org\/pt-br\/wp-json\/wp\/v2\/media?parent=8885"}],"curies":[{"name":"wp","href":"https:\/\/api.w.org\/{rel}","templated":true}]}}