{"id":8893,"date":"2017-07-05T12:05:49","date_gmt":"2017-07-05T10:05:49","guid":{"rendered":"https:\/\/www.mdipime.org\/juntos-conosco\/leigos-mdi\/i-nostri-impegni\/"},"modified":"2024-03-22T13:40:49","modified_gmt":"2024-03-22T12:40:49","slug":"nossos-compromissos","status":"publish","type":"page","link":"https:\/\/mdipime.org\/pt-br\/juntos-conosco\/leigos-mdi\/nossos-compromissos\/","title":{"rendered":"Nossos compromissos"},"content":{"rendered":"<div class=\"wpb-content-wrapper\"><p>[vc_row padding_top=&#8221;20&#8243; padding_bottom=&#8221;20&#8243;][vc_column][vc_custom_heading text=&#8221;Quais s\u00e3o os nossos compromissos para viver a espiritualidade das MdI? &#8221; font_container=&#8221;tag:h2|font_size:30px|text_align:left|color:%23eb0707|line_height:36px&#8221; google_fonts=&#8221;font_family:Shadows%20Into%20Light%20Two%3Aregular|font_style:400%20regular%3A400%3Anormal&#8221;][\/vc_column][\/vc_row][vc_row][vc_column width=&#8221;1\/2&#8243;]<div class=\"text-center\" ><i class=\"icon-sun icon-4x\"style=\"color: #b8884e\"><\/i> <\/div>[vc_column_text]<\/p>\n<p style=\"text-align: center;\">Oferecemos a <strong>ora\u00e7\u00e3o<\/strong> e os <strong>sacrif\u00edcios<\/strong> di\u00e1rios pelos mission\u00e1rios e pelas miss\u00f5es do mundo inteiro. Temos uma devo\u00e7\u00e3o especial a Maria Imaculada, Rainha dos Ap\u00f3stolos. N\u00f3s participamos da novena em prepara\u00e7\u00e3o \u00e0 solenidade da Imaculada e a celebramos com um carinho especial pois neste dia celebramos tamb\u00e9m o anivers\u00e1rio de funda\u00e7\u00e3o da Congrega\u00e7\u00e3o das Mission\u00e1rias da Imaculada.<\/p>\n<p>[\/vc_column_text][\/vc_column][vc_column width=&#8221;1\/2&#8243;]<div class=\"text-center\" ><i class=\"icon-group icon-4x\"style=\"color: #b8884e\"><\/i> <\/div>[vc_column_text]<\/p>\n<p style=\"text-align: center;\">Como comunidade de Leigos MdI nos <strong>encontramos mensalmente<\/strong> para as forma\u00e7\u00f5es. Temos momentos de fraternidade e de partilha entre n\u00f3s e com as Mission\u00e1rias da Imaculada que nos acompanham mais de perto. Participamos das alegrias e tristezas desta fam\u00edlia mission\u00e1ria com a presen\u00e7a discreta e a ora\u00e7\u00e3o. Somos convidados a compartilhar com as Irm\u00e3s alguns momentos importantes de encontro e de forma\u00e7\u00e3o da Congrega\u00e7\u00e3o.<\/p>\n<p>[\/vc_column_text][\/vc_column][\/vc_row][vc_row][vc_column width=&#8221;1\/2&#8243;]<div class=\"text-center\" ><i class=\"icon-streamline-group-chat icon-4x\"style=\"color: #b8884e\"><\/i> <\/div>[vc_column_text]<\/p>\n<p style=\"text-align: center;\">Realizamos <strong>atividades apost\u00f3licas<\/strong> nas par\u00f3quias, privilegiando os contextos onde \u00e9 mais urgente o an\u00fancio do Evangelho ou a nova evangeliza\u00e7\u00e3o. Colaboramos na anima\u00e7\u00e3o mission\u00e1ria. Promovemos a vida e damos uma aten\u00e7\u00e3o particular aos mais pobres e exclu\u00eddos da sociedade.<\/p>\n<p>[\/vc_column_text][\/vc_column][vc_column width=&#8221;1\/2&#8243;]<div class=\"text-center\" ><i class=\"icon-globe icon-4x\"style=\"color: #b8884e\"><\/i> <\/div>[vc_column_text]<\/p>\n<p style=\"text-align: center;\">Aqueles que desejam e tem possibilidade, podem <strong>partir<\/strong> e permanecer algum tempo nos pa\u00edses de miss\u00e3o, de acordo com um plano estabelecido com as respons\u00e1veis da Congrega\u00e7\u00e3o.<\/p>\n<p>[\/vc_column_text][\/vc_column][\/vc_row]<\/p>\n<\/div>","protected":false},"excerpt":{"rendered":"<p>[vc_row padding_top=&#8221;20&#8243; padding_bottom=&#8221;20&#8243;][vc_column][vc_custom_heading text=&#8221;Quais s\u00e3o os nossos compromissos para viver a espiritualidade das MdI? &#8221; font_container=&#8221;tag:h2|font_size:30px|text_align:left|color:%23eb0707|line_height:36px&#8221; google_fonts=&#8221;font_family:Shadows%20Into%20Light%20Two%3Aregular|font_style:400%20regular%3A400%3Anormal&#8221;][\/vc_column][\/vc_row][vc_row][vc_column width=&#8221;1\/2&#8243;][vc_column_text] Oferecemos a ora\u00e7\u00e3o e os sacrif\u00edcios di\u00e1rios pelos mission\u00e1rios e pelas miss\u00f5es do mundo inteiro. Temos uma devo\u00e7\u00e3o especial a Maria Imaculada, Rainha dos Ap\u00f3stolos. N\u00f3s participamos da novena em prepara\u00e7\u00e3o \u00e0 solenidade da Imaculada e a celebramos com um carinho especial pois neste dia celebramos tamb\u00e9m o anivers\u00e1rio de funda\u00e7\u00e3o da Congrega\u00e7\u00e3o das Mission\u00e1rias da Imaculada. [\/vc_column_text][\/vc_column][vc_column width=&#8221;1\/2&#8243;][vc_column_text] Como comunidade de Leigos MdI nos encontramos mensalmente para as forma\u00e7\u00f5es. Temos momentos de fraternidade e de partilha entre n\u00f3s e com as Mission\u00e1rias da Imaculada que nos acompanham mais de perto. Participamos das alegrias e tristezas desta fam\u00edlia mission\u00e1ria com a presen\u00e7a discreta e a ora\u00e7\u00e3o. Somos convidados a compartilhar com as Irm\u00e3s alguns momentos importantes de encontro e de forma\u00e7\u00e3o da Congrega\u00e7\u00e3o. [\/vc_column_text][\/vc_column][\/vc_row][vc_row][vc_column width=&#8221;1\/2&#8243;][vc_column_text] Realizamos atividades apost\u00f3licas nas par\u00f3quias, privilegiando os contextos onde \u00e9 mais urgente o an\u00fancio do Evangelho ou a nova evangeliza\u00e7\u00e3o. Colaboramos na anima\u00e7\u00e3o mission\u00e1ria. Promovemos a vida e damos uma aten\u00e7\u00e3o particular aos mais pobres e exclu\u00eddos da sociedade. [\/vc_column_text][\/vc_column][vc_column width=&#8221;1\/2&#8243;][vc_column_text] Aqueles que desejam e tem possibilidade, podem partir e permanecer algum tempo nos pa\u00edses de miss\u00e3o, de acordo com um plano estabelecido com as respons\u00e1veis da Congrega\u00e7\u00e3o. [\/vc_column_text][\/vc_column][\/vc_row]<\/p>\n","protected":false},"author":14,"featured_media":0,"parent":8778,"menu_order":0,"comment_status":"closed","ping_status":"closed","template":"","meta":{"_acf_changed":false,"footnotes":""},"class_list":["post-8893","page","type-page","status-publish","hentry"],"acf":[],"aioseo_notices":[],"jetpack_sharing_enabled":true,"_links":{"self":[{"href":"https:\/\/mdipime.org\/pt-br\/wp-json\/wp\/v2\/pages\/8893","targetHints":{"allow":["GET"]}}],"collection":[{"href":"https:\/\/mdipime.org\/pt-br\/wp-json\/wp\/v2\/pages"}],"about":[{"href":"https:\/\/mdipime.org\/pt-br\/wp-json\/wp\/v2\/types\/page"}],"author":[{"embeddable":true,"href":"https:\/\/mdipime.org\/pt-br\/wp-json\/wp\/v2\/users\/14"}],"replies":[{"embeddable":true,"href":"https:\/\/mdipime.org\/pt-br\/wp-json\/wp\/v2\/comments?post=8893"}],"version-history":[{"count":0,"href":"https:\/\/mdipime.org\/pt-br\/wp-json\/wp\/v2\/pages\/8893\/revisions"}],"up":[{"embeddable":true,"href":"https:\/\/mdipime.org\/pt-br\/wp-json\/wp\/v2\/pages\/8778"}],"wp:attachment":[{"href":"https:\/\/mdipime.org\/pt-br\/wp-json\/wp\/v2\/media?parent=8893"}],"curies":[{"name":"wp","href":"https:\/\/api.w.org\/{rel}","templated":true}]}}